{"id":11162,"date":"2023-08-26T06:52:46","date_gmt":"2023-08-26T07:52:46","guid":{"rendered":"https:\/\/www.psychedelicare.eu\/politica-de-privacitat\/"},"modified":"2025-09-24T08:11:57","modified_gmt":"2025-09-24T09:11:57","slug":"politica-de-privacitat","status":"publish","type":"page","link":"https:\/\/psychedelicare.eu\/ca\/politica-de-privacitat\/","title":{"rendered":"Pol\u00edtica de privacitat"},"content":{"rendered":"\t\t<div data-elementor-type=\"wp-page\" data-elementor-id=\"11162\" class=\"elementor elementor-11162 elementor-1413\" data-elementor-post-type=\"page\">\n\t\t\t\t<div class=\"elementor-element elementor-element-1da536a9 e-flex e-con-boxed e-con e-parent\" data-id=\"1da536a9\" data-element_type=\"container\">\n\t\t\t\t\t<div class=\"e-con-inner\">\n\t\t\t\t<div class=\"elementor-element elementor-element-4f5ad5a3 elementor-widget elementor-widget-heading\" data-id=\"4f5ad5a3\" data-element_type=\"widget\" data-widget_type=\"heading.default\">\n\t\t\t\t<div class=\"elementor-widget-container\">\n\t\t\t\t\t<h2 class=\"elementor-heading-title elementor-size-default\">POL\u00cdTICA DE PRIVACITAT<\/h2>\t\t\t\t<\/div>\n\t\t\t\t<\/div>\n\t\t\t\t\t<\/div>\n\t\t\t\t<\/div>\n\t\t<div class=\"elementor-element elementor-element-052287f e-flex e-con-boxed e-con e-parent\" data-id=\"052287f\" data-element_type=\"container\">\n\t\t\t\t\t<div class=\"e-con-inner\">\n\t\t\t\t<div class=\"elementor-element elementor-element-fb64b53 elementor-widget elementor-widget-text-editor\" data-id=\"fb64b53\" data-element_type=\"widget\" data-widget_type=\"text-editor.default\">\n\t\t\t\t<div class=\"elementor-widget-container\">\n\t\t\t\t\t\t\t\t\t<div><div><h3>Introducci\u00f3<\/h3><\/div><p>Aquesta Pol\u00edtica de privacitat explica com psychedelicare.eu recopila, utilitza i protegeix les dades personals que ens proporcioneu a trav\u00e9s del nostre formulari de contacte. Ens comprometem a salvaguardar la vostra privacitat i a complir amb les lleis de protecci\u00f3 de dades aplicables, incl\u00f2s el Reglament general de protecci\u00f3 de dades (RGPD). <\/p><\/div><div><div><h3>Com utilitzem les vostres dades personals<\/h3><\/div><p>Fem servir les dades personals que ens proporcioneu a trav\u00e9s del formulari de contacte amb la finalitat de contactar amb v\u00f3s i respondre a la vostra consulta o pregunta. No les fem servir amb finalitats comercials ni altres activitats de m\u00e0rqueting sense el vostre consentiment expl\u00edcit. <\/p><h3>Consentiment<\/h3><\/div><div><p>En utilitzar el nostre formulari de contacte i proporcionar les vostres dades personals, ens doneu el vostre consentiment perqu\u00e8 les utilitzem per a les finalitats descrites en aquesta Pol\u00edtica de privacitat.<\/p><\/div><div><div><h3>Compartir dades personals<\/h3><\/div><p>No compartim les vostres dades personals amb tercers, tret que sigui necessari per respondre a la vostra sol\u00b7licitud o si estem legalment obligats a fer-ho.<\/p><\/div><div><div><h3>Seguretat de dades<\/h3><\/div><p>Prenem mesures raonables per protegir les vostres dades personals contra l&#8217;\u00fas, la p\u00e8rdua, l&#8217;acc\u00e9s, la divulgaci\u00f3, l&#8217;alteraci\u00f3 o la destrucci\u00f3 no autoritzats. Tanmateix, tingueu en compte que la seguretat de la informaci\u00f3 transmesa per Internet no es pot garantir al 100%. <\/p><\/div><div><div><h3>Els vostres drets<\/h3><\/div><p>D&#8217;acord amb el RGPD, teniu dret a accedir, rectificar, suprimir o oposar-vos al tractament de les vostres dades personals. Si voleu exercir qualsevol d&#8217;aquests drets, poseu-vos en contacte amb nosaltres a info@psychedelicare.eu. Respondrem a la vostra sol\u00b7licitud dins dels terminis legalment establerts.  <\/p><\/div><div><div><h3>Canvis a la pol\u00edtica de privacitat<\/h3><\/div><p>Ens reservem el dret d&#8217;actualitzar aquesta Pol\u00edtica de privacitat en qualsevol moment. Els canvis es publicaran en aquesta p\u00e0gina i la data de l&#8217;\u00faltima actualitzaci\u00f3 s&#8217;indicar\u00e0 a la part superior d&#8217;aquesta p\u00e0gina. <\/p><\/div><div><div><h3>Contacta amb nosaltres<\/h3><\/div><p>Si teniu cap pregunta o dubte sobre la nostra Pol\u00edtica de privacitat, poseu-vos en contacte amb nosaltres a la seg\u00fcent adre\u00e7a de correu electr\u00f2nic: info@psychedelicare.eu<\/p><\/div>\t\t\t\t\t\t\t\t<\/div>\n\t\t\t\t<\/div>\n\t\t\t\t\t<\/div>\n\t\t\t\t<\/div>\n\t\t\t\t<\/div>\n\t\t","protected":false},"excerpt":{"rendered":"<p>POL\u00cdTICA DE PRIVACITAT Introducci\u00f3 Aquesta Pol\u00edtica de privacitat explica com psychedelicare.eu recopila, utilitza i protegeix les dades personals que ens proporcioneu a trav\u00e9s del nostre formulari de contacte. Ens comprometem a salvaguardar la vostra privacitat i a complir amb les lleis de protecci\u00f3 de dades aplicables, incl\u00f2s el Reglament general de protecci\u00f3 de dades (RGPD). [&hellip;]<\/p>\n","protected":false},"author":4,"featured_media":0,"parent":0,"menu_order":0,"comment_status":"closed","ping_status":"closed","template":"","meta":{"footnotes":""},"class_list":["post-11162","page","type-page","status-publish","hentry"],"_links":{"self":[{"href":"https:\/\/psychedelicare.eu\/ca\/wp-json\/wp\/v2\/pages\/11162","targetHints":{"allow":["GET"]}}],"collection":[{"href":"https:\/\/psychedelicare.eu\/ca\/wp-json\/wp\/v2\/pages"}],"about":[{"href":"https:\/\/psychedelicare.eu\/ca\/wp-json\/wp\/v2\/types\/page"}],"author":[{"embeddable":true,"href":"https:\/\/psychedelicare.eu\/ca\/wp-json\/wp\/v2\/users\/4"}],"replies":[{"embeddable":true,"href":"https:\/\/psychedelicare.eu\/ca\/wp-json\/wp\/v2\/comments?post=11162"}],"version-history":[{"count":1,"href":"https:\/\/psychedelicare.eu\/ca\/wp-json\/wp\/v2\/pages\/11162\/revisions"}],"predecessor-version":[{"id":11164,"href":"https:\/\/psychedelicare.eu\/ca\/wp-json\/wp\/v2\/pages\/11162\/revisions\/11164"}],"wp:attachment":[{"href":"https:\/\/psychedelicare.eu\/ca\/wp-json\/wp\/v2\/media?parent=11162"}],"curies":[{"name":"wp","href":"https:\/\/api.w.org\/{rel}","templated":true}]}}