{"id":11168,"date":"2024-05-07T15:24:25","date_gmt":"2024-05-07T16:24:25","guid":{"rendered":"https:\/\/www.psychedelicare.eu\/legal\/"},"modified":"2025-10-24T09:19:41","modified_gmt":"2025-10-24T10:19:41","slug":"legal","status":"publish","type":"page","link":"https:\/\/psychedelicare.eu\/ca\/legal\/","title":{"rendered":"Legal"},"content":{"rendered":"\t\t<div data-elementor-type=\"wp-page\" data-elementor-id=\"11168\" class=\"elementor elementor-11168 elementor-2530\" data-elementor-post-type=\"page\">\n\t\t\t\t<div class=\"elementor-element elementor-element-5b424d42 e-flex e-con-boxed e-con e-parent\" data-id=\"5b424d42\" data-element_type=\"container\">\n\t\t\t\t\t<div class=\"e-con-inner\">\n\t\t\t\t<div class=\"elementor-element elementor-element-4e6298e7 elementor-widget elementor-widget-heading\" data-id=\"4e6298e7\" data-element_type=\"widget\" data-widget_type=\"heading.default\">\n\t\t\t\t<div class=\"elementor-widget-container\">\n\t\t\t\t\t<h2 class=\"elementor-heading-title elementor-size-default\">LEGAL<\/h2>\t\t\t\t<\/div>\n\t\t\t\t<\/div>\n\t\t\t\t\t<\/div>\n\t\t\t\t<\/div>\n\t\t<div class=\"elementor-element elementor-element-6698f418 e-flex e-con-boxed e-con e-parent\" data-id=\"6698f418\" data-element_type=\"container\">\n\t\t\t\t\t<div class=\"e-con-inner\">\n\t\t\t\t<div class=\"elementor-element elementor-element-0ab67b8 elementor-widget elementor-widget-text-editor\" data-id=\"0ab67b8\" data-element_type=\"widget\" data-widget_type=\"text-editor.default\">\n\t\t\t\t<div class=\"elementor-widget-container\">\n\t\t\t\t\t\t\t\t\t<div><h3>Responsabilitat pel contingut<\/h3><\/div><p>d&#8217;acord amb l&#8217;article 5 de la Llei de TMG<\/p><h2>PsychedeliCare eV<\/h2><p>President del Consell: Th\u00e9o Giubilei<br> Vicepresident del Consell: Johannes Rohr (dimissi\u00f3 a partir del 20 de novembre de 2025)<\/p><p>Tribunal de registre: Tribunal de districte de Potsdam<br> N\u00famero de registre: VR 9731<\/p><p>Adre\u00e7a postal:<br> PsychedeliCare eV<br> Carrer Luisen, 17B<br> 14542 Werder (Havel)<br> Alemanya <\/p><p>Correu electr\u00f2nic: <a href=\"mailto:info@psychedelicare.eu\">info@psychedelicare.eu<\/a><\/p><p class=\"ds-markdown-paragraph\"><strong>Disseny i implementaci\u00f3 t\u00e8cnica<\/strong><br> Lloc web desenvolupat segons les especificacions del client, amb el suport de consultoria estrat\u00e8gica de Gerhard Peilst\u00f6cker.<\/p><p class=\"ds-markdown-paragraph\"><strong><a href=\"http:\/\/it-service-peilstoecker.de\" target=\"_blank\" rel=\"noopener noreferrer\">www.it-service-peilstoecker.de<\/a><\/strong><\/p>\t\t\t\t\t\t\t\t<\/div>\n\t\t\t\t<\/div>\n\t\t\t\t\t<\/div>\n\t\t\t\t<\/div>\n\t\t\t\t<\/div>\n\t\t","protected":false},"excerpt":{"rendered":"<p>LEGAL Responsabilitat pel contingut d&#8217;acord amb l&#8217;article 5 de la Llei de TMG PsychedeliCare eV President del Consell: Th\u00e9o Giubilei Vicepresident del Consell: Johannes Rohr (dimissi\u00f3 a partir del 20 de novembre de 2025) Tribunal de registre: Tribunal de districte de Potsdam N\u00famero de registre: VR 9731 Adre\u00e7a postal: PsychedeliCare eV Carrer Luisen, 17B 14542 [&hellip;]<\/p>\n","protected":false},"author":8,"featured_media":0,"parent":0,"menu_order":0,"comment_status":"closed","ping_status":"closed","template":"","meta":{"footnotes":""},"class_list":["post-11168","page","type-page","status-publish","hentry"],"_links":{"self":[{"href":"https:\/\/psychedelicare.eu\/ca\/wp-json\/wp\/v2\/pages\/11168","targetHints":{"allow":["GET"]}}],"collection":[{"href":"https:\/\/psychedelicare.eu\/ca\/wp-json\/wp\/v2\/pages"}],"about":[{"href":"https:\/\/psychedelicare.eu\/ca\/wp-json\/wp\/v2\/types\/page"}],"author":[{"embeddable":true,"href":"https:\/\/psychedelicare.eu\/ca\/wp-json\/wp\/v2\/users\/8"}],"replies":[{"embeddable":true,"href":"https:\/\/psychedelicare.eu\/ca\/wp-json\/wp\/v2\/comments?post=11168"}],"version-history":[{"count":2,"href":"https:\/\/psychedelicare.eu\/ca\/wp-json\/wp\/v2\/pages\/11168\/revisions"}],"predecessor-version":[{"id":16869,"href":"https:\/\/psychedelicare.eu\/ca\/wp-json\/wp\/v2\/pages\/11168\/revisions\/16869"}],"wp:attachment":[{"href":"https:\/\/psychedelicare.eu\/ca\/wp-json\/wp\/v2\/media?parent=11168"}],"curies":[{"name":"wp","href":"https:\/\/api.w.org\/{rel}","templated":true}]}}