{"id":11386,"date":"2025-08-27T08:33:27","date_gmt":"2025-08-27T09:33:27","guid":{"rendered":"https:\/\/www.psychedelicare.eu\/dret-i-historia\/"},"modified":"2025-09-24T08:19:42","modified_gmt":"2025-09-24T09:19:42","slug":"dret-i-historia","status":"publish","type":"page","link":"https:\/\/psychedelicare.eu\/ca\/dret-i-historia\/","title":{"rendered":"Dret i Hist\u00f2ria"},"content":{"rendered":"\t\t<div data-elementor-type=\"wp-page\" data-elementor-id=\"11386\" class=\"elementor elementor-11386 elementor-9253\" data-elementor-post-type=\"page\">\n\t\t\t\t<div class=\"elementor-element elementor-element-1553548a e-flex e-con-boxed e-con e-parent\" data-id=\"1553548a\" data-element_type=\"container\">\n\t\t\t\t\t<div class=\"e-con-inner\">\n\t\t\t\t<div class=\"elementor-element elementor-element-4d4cbcf5 elementor-widget elementor-widget-heading\" data-id=\"4d4cbcf5\" data-element_type=\"widget\" data-widget_type=\"heading.default\">\n\t\t\t\t<div class=\"elementor-widget-container\">\n\t\t\t\t\t<h2 class=\"elementor-heading-title elementor-size-default\">DRET I HIST\u00d2RIA<\/h2>\t\t\t\t<\/div>\n\t\t\t\t<\/div>\n\t\t\t\t\t<\/div>\n\t\t\t\t<\/div>\n\t\t<div class=\"elementor-element elementor-element-a018e89 e-flex e-con-boxed e-con e-parent\" data-id=\"a018e89\" data-element_type=\"container\" id=\"legal\" data-settings=\"{&quot;background_background&quot;:&quot;classic&quot;}\">\n\t\t\t\t\t<div class=\"e-con-inner\">\n\t\t<div class=\"elementor-element elementor-element-e69fb58 e-con-full e-flex e-con e-child\" data-id=\"e69fb58\" data-element_type=\"container\">\n\t\t\t\t<div class=\"elementor-element elementor-element-ae5ee47 elementor-widget elementor-widget-heading\" data-id=\"ae5ee47\" data-element_type=\"widget\" data-widget_type=\"heading.default\">\n\t\t\t\t<div class=\"elementor-widget-container\">\n\t\t\t\t\t<h3 class=\"elementor-heading-title elementor-size-default\">Estatus legal i subst\u00e0ncies psicod\u00e8liques<\/h3>\t\t\t\t<\/div>\n\t\t\t\t<\/div>\n\t\t\t\t<div class=\"elementor-element elementor-element-c24cfc0 elementor-widget elementor-widget-text-editor\" data-id=\"c24cfc0\" data-element_type=\"widget\" data-widget_type=\"text-editor.default\">\n\t\t\t\t<div class=\"elementor-widget-container\">\n\t\t\t\t\t\t\t\t\t<p class=\"has-medium-font-size\">Despr\u00e9s de la prohibici\u00f3 de les activitats sense llic\u00e8ncia\/no autoritzades amb psicod\u00e8lics designats com a &#8220;drogues controlades&#8221; durant les d\u00e8cades del 1970 i del 1980, la investigaci\u00f3 sobre els riscos i beneficis percebuts de l&#8217;experi\u00e8ncia de subst\u00e0ncies psicod\u00e8liques com l&#8217;LSD, la psilocibina i l&#8217;MDMA (comunament conegut com a &#8220;\u00e8xtasi&#8221;) ha estat \u00e0rdua, com a m\u00ednim.<\/p><p class=\"has-medium-font-size\">Tanmateix, les \u00faltimes d\u00e8cades han donat lloc al renaixement de la recerca sobre l&#8217;aplicaci\u00f3 terap\u00e8utica d&#8217;aquests medicaments. El proc\u00e9s ha estat lent, per\u00f2 resilient, i aix\u00f2 ha fomentat una certa liberalitzaci\u00f3 de les lleis de drogues en algunes jurisdiccions, cosa que ha portat a la despenalitzaci\u00f3 de la possessi\u00f3 de moltes drogues i, en alguns casos, a una legalitzaci\u00f3 m\u00e9s \u00e0mplia de certes activitats que abans eren delictes. <\/p>\t\t\t\t\t\t\t\t<\/div>\n\t\t\t\t<\/div>\n\t\t\t\t<\/div>\n\t\t<div class=\"elementor-element elementor-element-8e49099 e-con-full e-flex e-con e-child\" data-id=\"8e49099\" data-element_type=\"container\">\n\t\t\t\t<div class=\"elementor-element elementor-element-81f674b elementor-widget elementor-widget-text-editor\" data-id=\"81f674b\" data-element_type=\"widget\" data-widget_type=\"text-editor.default\">\n\t\t\t\t<div class=\"elementor-widget-container\">\n\t\t\t\t\t\t\t\t\t<p>Aquest canvi s&#8217;anomena Renaixement Psicod\u00e8lic. Nombrosos estudis de recerca i assajos cl\u00ednics han proporcionat proves de suport a la utilitzaci\u00f3 de psicod\u00e8lics quan s&#8217;administren conjuntament amb psicoter\u00e0pia. Per exemple, Spravato o Esketamina, que \u00e9s un derivat de la psicod\u00e8lica\/anest\u00e8sica ketamina, va ser aprovat el 2019 per la FDA (EUA) per al tractament de la depressi\u00f3, i s&#8217;ha d&#8217;administrar juntament amb psicoter\u00e0pia, altres antidepressius o tots dos. Molts investigadors i cl\u00ednics respectats reconeixen els psicod\u00e8lics com a eines terap\u00e8utiques prometedores per a trastorns de salut mental, com ara la depressi\u00f3, el trastorn d&#8217;estr\u00e8s posttraum\u00e0tic i els trastorns per \u00fas de subst\u00e0ncies com l&#8217;alcoholisme.<\/p><p>El cam\u00ed cap a la legalitzaci\u00f3 de la ter\u00e0pia assistida per psicod\u00e8lics continua sent llarg, i no hi falten obstacles. No obstant aix\u00f2, malgrat nombrosos obstacles, el renaixement psicod\u00e8lic est\u00e0 florint i, en fer-ho, est\u00e0 ajudant a alleujar el dolor i el sofriment de persones a tot el m\u00f3n.  Recomanem fermament adoptar un discurs centrat en la persona quan es parli d&#8217;aquestes restriccions, ja que mitjan\u00e7ant l&#8217;\u00fas d&#8217;un llenguatge legalment coherent i centrat en les persones, podem obrir una porta a un espai regulador on la recerca i el tractament m\u00e8dic puguin prosperar.<\/p>\t\t\t\t\t\t\t\t<\/div>\n\t\t\t\t<\/div>\n\t\t\t\t<div class=\"elementor-element elementor-element-75b61ff elementor-widget elementor-widget-eael-adv-accordion\" data-id=\"75b61ff\" data-element_type=\"widget\" data-widget_type=\"eael-adv-accordion.default\">\n\t\t\t\t<div class=\"elementor-widget-container\">\n\t\t\t\t\t        <div class=\"eael-adv-accordion\" id=\"eael-adv-accordion-75b61ff\" data-scroll-on-click=\"\" data-scroll-speed=\"300\" data-accordion-id=\"75b61ff\" data-accordion-type=\"toggle\" 300>\n    <div class=\"eael-accordion-list\">\n                <div id=\"llegeix-ne-ms\" class=\"elementor-tab-title eael-accordion-header\" tabindex=\"0\" data-tab=\"1\" aria-controls=\"elementor-tab-content-1231\"><span class=\"eael-advanced-accordion-icon-closed\"><\/span><span class=\"eael-advanced-accordion-icon-opened\"><\/span><span class=\"eael-accordion-tab-title\">LLEGEIX-NE M\u00c9S<\/span><svg aria-hidden=\"true\" class=\"fa-toggle e-font-icon-svg e-fas-plus\" viewBox=\"0 0 448 512\" xmlns=\"http:\/\/www.w3.org\/2000\/svg\"><path d=\"M416 208H272V64c0-17.67-14.33-32-32-32h-32c-17.67 0-32 14.33-32 32v144H32c-17.67 0-32 14.33-32 32v32c0 17.67 14.33 32 32 32h144v144c0 17.67 14.33 32 32 32h32c17.67 0 32-14.33 32-32V304h144c17.67 0 32-14.33 32-32v-32c0-17.67-14.33-32-32-32z\"><\/path><\/svg><\/div><div id=\"elementor-tab-content-1231\" class=\"eael-accordion-content clearfix\" data-tab=\"1\" aria-labelledby=\"llegeix-ne-ms\"><h3 class=\"wp-block-heading\"><strong>Uni\u00f3 Europea i Regne Unit<\/strong><\/h3>\n<p>Malgrat les nombroses institucions acad\u00e8miques, empreses i organitzacions que proporcionen proves de l&#8217;efic\u00e0cia de la ter\u00e0pia assistida per psicod\u00e8lics per al tractament dels trastorns de salut mental, aquestes continuen classificades com a subst\u00e0ncies de la Llista I, sense cap \u00fas m\u00e8dic actualment acceptat i amb un alt potencial d&#8217;ab\u00fas. La legislaci\u00f3 nacional sovint inclou possibles disposicions reguladores, per\u00f2 aquestes generalment no s&#8217;implementen a causa de la determinaci\u00f3 de mantenir una idea d'&#8221;il\u00b7legalitat&#8221; de la subst\u00e0ncia (en lloc d&#8217;un model regulador proporcional basat en els resultats). <\/p>\n<p>No obstant aix\u00f2, hi ha algunes excepcions. A partir del juliol de 2025, Alemanya s&#8217;ha convertit en el primer estat membre de la UE a permetre l&#8217;acc\u00e9s legal a la psilocibina en el marc d&#8217;un programa d&#8217;\u00fas compassiu limitat. Una decisi\u00f3 recent del parlament txec va m\u00e9s enll\u00e0: a partir del gener de 2026, quan entri en vigor la nova legislaci\u00f3, es tractar\u00e0 de manera similar al c\u00e0nnabis medicinal. Als Pa\u00efsos Baixos, les t\u00f2fones de psilocibina (la part del subs\u00f2l d&#8217;un bolet) es venen i es posseeixen legalment. Tot i que les t\u00f2fones de psilocibina ara estan disponibles legalment, quan s&#8217;utilitzen amb terap\u00e8utica o en el context d&#8217;un retir, les afirmacions m\u00e8diques relatives al tractament de malalties continuen sent il\u00b7legals. A m\u00e9s, els delictes de baix nivell amb drogues a Espanya i Portugal han estat despenalitzats. L&#8217;\u00fas terap\u00e8utic d&#8217;alguns psicod\u00e8lics tamb\u00e9 ha estat despenalitzat a Su\u00efssa, i l&#8217;\u00fas m\u00e8dic de certs psicod\u00e8lics est\u00e0 aprovat en el context de la psicoter\u00e0pia per un nombre limitat de metges certificats.      <\/p>\n<h3 class=\"wp-block-heading\"><strong>Estats Units<\/strong><\/h3>\n<p>Els psicod\u00e8lics continuen classificats com a subst\u00e0ncies de la Llista I, excepte en alguns estats, com ara Oregon, Colorado i Washington DC, que van despenalitzar la possessi\u00f3 de psicod\u00e8lics especificats, per\u00f2 no van legalitzar totes les activitats relacionades amb aquests. La despenalitzaci\u00f3 (d&#8217;activitats amb drogues), a difer\u00e8ncia de la legalitzaci\u00f3 (d&#8217;activitats amb drogues), nom\u00e9s permet la possessi\u00f3 i l&#8217;\u00fas personal de petites quantitats de la subst\u00e0ncia i especifica un requisit d&#8217;edat m\u00ednima. Tanmateix, els assajos cl\u00ednics que utilitzen psicoter\u00e0pia assistida amb MDMA per al TEPT han estat for\u00e7a prometedors, cosa que ha portat la FDA a designar la psicoter\u00e0pia assistida amb MDMA com una &#8220;ter\u00e0pia innovadora&#8221; el 2017. El desembre de 2023, es va presentar a la FDA una nova sol\u00b7licitud de f\u00e0rmac per a l&#8217;MDMA, per\u00f2 <a href=\"https:\/\/www.nature.com\/articles\/d41586-024-01622-3\" target=\"_blank\" rel=\"noreferrer noopener\">malauradament va ser rebutjada<\/a> .   <\/p>\n<h3 class=\"wp-block-heading\"><strong>Canad\u00e0<\/strong><\/h3>\n<p>Tot i que els psicod\u00e8lics encara es classifiquen a nivell federal com a &#8220;drogues controlades&#8221;, un Programa d&#8217;Acc\u00e9s Especial permet als metges administrar-los en certs casos d&#8217;emerg\u00e8ncia, mentre que es permet l&#8217;\u00fas personal i la possessi\u00f3 de la subst\u00e0ncia psicod\u00e8lica 5-MeO-DMT. El 2023, la prov\u00edncia canadenca d&#8217;Alberta es va convertir en la primera a regular l&#8217;acc\u00e9s a la ter\u00e0pia assistida per psicod\u00e8lics per tractar trastorns de salut mental, per\u00f2 nom\u00e9s per a certes institucions acreditades. Tamb\u00e9 hi ha hagut una liberalitzaci\u00f3 molt m\u00e9s \u00e0mplia a la Col\u00fambia Brit\u00e0nica.  <\/p>\n<h3 class=\"wp-block-heading\"><strong>Austr\u00e0lia<\/strong><\/h3>\n<p>Alguns psicod\u00e8lics es poden utilitzar m\u00e8dicament juntament amb la ter\u00e0pia amb la recepta de psiquiatres autoritzats, com ara l&#8217;MDMA per a persones afectades per trastorn d&#8217;estr\u00e8s posttraum\u00e0tic (TEPT) i la psilocibina (continguda en forma natural en &#8220;bolets m\u00e0gics&#8221;) per a persones que pateixen depressi\u00f3 resistent al tractament. En el cas de trastorns addictius, els psiquiatres poden receptar iboga\u00efna, la subst\u00e0ncia psicoactiva que es troba en un arbust de l&#8217;\u00c0frica Occidental. <\/p>\n<\/div>\n                <\/div><\/div>\t\t\t\t<\/div>\n\t\t\t\t<\/div>\n\t\t\t\t<\/div>\n\t\t\t\t\t<\/div>\n\t\t\t\t<\/div>\n\t\t<div class=\"elementor-element elementor-element-45c49a8 e-flex e-con-boxed e-con e-parent\" data-id=\"45c49a8\" data-element_type=\"container\" id=\"history\" data-settings=\"{&quot;background_background&quot;:&quot;classic&quot;}\">\n\t\t\t\t\t<div class=\"e-con-inner\">\n\t\t<div class=\"elementor-element elementor-element-9da00e5 e-con-full e-flex e-con e-child\" data-id=\"9da00e5\" data-element_type=\"container\">\n\t\t\t\t<div class=\"elementor-element elementor-element-c3e18a3 elementor-widget elementor-widget-heading\" data-id=\"c3e18a3\" data-element_type=\"widget\" data-widget_type=\"heading.default\">\n\t\t\t\t<div class=\"elementor-widget-container\">\n\t\t\t\t\t<h3 class=\"elementor-heading-title elementor-size-default\">Hist\u00f2ria de l'\u00fas de plantes psicod\u00e8liques a Europa<\/h3>\t\t\t\t<\/div>\n\t\t\t\t<\/div>\n\t\t\t\t<div class=\"elementor-element elementor-element-417b723 elementor-widget-mobile__width-inherit elementor-widget elementor-widget-text-editor\" data-id=\"417b723\" data-element_type=\"widget\" data-widget_type=\"text-editor.default\">\n\t\t\t\t<div class=\"elementor-widget-container\">\n\t\t\t\t\t\t\t\t\t<p class=\"has-medium-font-size\">Diversos estudis cl\u00e0ssics d&#8217;etnobot\u00e0nica investiguen l&#8217;\u00fas de fongs, cactus i plantes que es troben a l&#8217;Am\u00e8rica Central i del Sud, i han contribu\u00eft enormement a la comprensi\u00f3 dels rituals xam\u00e0nics i les t\u00e8cniques utilitzades per fer que el &#8220;d\u00e9u&#8221; o l'&#8221;\u00e0nima&#8221; es manifesti. Mentre que l&#8217;\u00fas d&#8217;ente\u00f2gens a l&#8217;Am\u00e8rica del Nord, Central i del Sud est\u00e0 profundament documentat i estudiat, se sap menys sobre el continent europeu. <\/p><p class=\"has-medium-font-size\">Sabem que els antics grecs utilitzaven c\u00e0nnabis i bolets psicod\u00e8lics, per\u00f2 se sap molt poc sobre els compostos utilitzats en els rituals grecs antics. Wasson et al. (1978), en un informe sobre els &#8220;Misteris d&#8217;Eleusis&#8221;, van proposar que no un sol ingredient, sin\u00f3 una barreja de compostos psicoactius, era la clau de la barreja intoxicant, de la composici\u00f3 de la qual no estem segurs (probablement era una barreja de c\u00e0nnabis, resina de P. Somniferum o &#8220;opi&#8221; i algun tipus d&#8217;inhibidor enzim\u00e0tic com l&#8217;harmalina extreta del Peganum Harmala). <\/p><p class=\"has-medium-font-size\">Se sap que el fil\u00f2sof grec Plat\u00f3 va participar en els Misteris d&#8217;Eleusis, i els esmenta en el seu fam\u00f3s di\u00e0leg sobre la immortalitat de l&#8217;\u00e0nima, el <em>Fed\u00f3<\/em> . I aix\u00ed ho van fer molts altres pensadors i fil\u00f2sofs del m\u00f3n antic. <\/p><p class=\"has-medium-font-size\"><a href=\"https:\/\/psychedelicmagazine.net\/insight\/history-of-psychedelic-use\/\">Llegiu m\u00e9s sobre la hist\u00f2ria del consum de psicod\u00e8lics.<\/a><\/p>\t\t\t\t\t\t\t\t<\/div>\n\t\t\t\t<\/div>\n\t\t\t\t<\/div>\n\t\t<div class=\"elementor-element elementor-element-596d29b e-con-full e-flex e-con e-child\" data-id=\"596d29b\" data-element_type=\"container\">\n\t\t\t\t<div class=\"elementor-element elementor-element-86a2656 elementor-widget elementor-widget-image\" data-id=\"86a2656\" data-element_type=\"widget\" data-widget_type=\"image.default\">\n\t\t\t\t<div class=\"elementor-widget-container\">\n\t\t\t\t\t\t\t\t\t\t\t\t\t\t\t<img fetchpriority=\"high\" decoding=\"async\" width=\"2185\" height=\"2560\" src=\"https:\/\/psychedelicare.eu\/wp-content\/uploads\/2024\/09\/druido-ammaccato-con-manici-scaled.jpg\" class=\"attachment-full size-full wp-image-16465\" alt=\"\" srcset=\"https:\/\/psychedelicare.eu\/wp-content\/uploads\/2024\/09\/druido-ammaccato-con-manici-scaled.jpg 2185w, https:\/\/psychedelicare.eu\/wp-content\/uploads\/2024\/09\/druido-ammaccato-con-manici-256x300.jpg 256w, https:\/\/psychedelicare.eu\/wp-content\/uploads\/2024\/09\/druido-ammaccato-con-manici-874x1024.jpg 874w, https:\/\/psychedelicare.eu\/wp-content\/uploads\/2024\/09\/druido-ammaccato-con-manici-768x900.jpg 768w, https:\/\/psychedelicare.eu\/wp-content\/uploads\/2024\/09\/druido-ammaccato-con-manici-1311x1536.jpg 1311w, https:\/\/psychedelicare.eu\/wp-content\/uploads\/2024\/09\/druido-ammaccato-con-manici-1748x2048.jpg 1748w\" sizes=\"(max-width: 2185px) 100vw, 2185px\" \/>\t\t\t\t\t\t\t\t\t\t\t\t\t\t\t<\/div>\n\t\t\t\t<\/div>\n\t\t\t\t<\/div>\n\t\t\t\t\t<\/div>\n\t\t\t\t<\/div>\n\t\t<div class=\"elementor-element elementor-element-a14aed0 e-flex e-con-boxed e-con e-parent\" data-id=\"a14aed0\" data-element_type=\"container\" id=\"organisations\" data-settings=\"{&quot;background_background&quot;:&quot;classic&quot;}\">\n\t\t\t\t\t<div class=\"e-con-inner\">\n\t\t\t\t<div class=\"elementor-element elementor-element-ca3021e elementor-widget elementor-widget-heading\" data-id=\"ca3021e\" data-element_type=\"widget\" data-widget_type=\"heading.default\">\n\t\t\t\t<div class=\"elementor-widget-container\">\n\t\t\t\t\t<h2 class=\"elementor-heading-title elementor-size-default\">Organitzacions, Comunitats, Iniciatives<\/h2>\t\t\t\t<\/div>\n\t\t\t\t<\/div>\n\t\t\t\t<div class=\"elementor-element elementor-element-befb48c elementor-widget elementor-widget-text-editor\" data-id=\"befb48c\" data-element_type=\"widget\" data-widget_type=\"text-editor.default\">\n\t\t\t\t<div class=\"elementor-widget-container\">\n\t\t\t\t\t\t\t\t\t<p class=\"has-medium-font-size\">Aqu\u00ed teniu una llista no exhaustiva d&#8217;organitzacions, empreses i comunitats d&#8217;arreu del m\u00f3n que generen coneixement i eduquen el p\u00fablic sobre les subst\u00e0ncies psicod\u00e8liques. Consulteu tamb\u00e9 els nostres <a href=\"https:\/\/psychedelicare.eu\/partners\/\">socis<\/a> ! <\/p><div class=\"wp-block-uagb-advanced-heading uagb-block-f8122fca\"><h3 class=\"uagb-heading-text\">Universitats i instituts que investiguen subst\u00e0ncies psicod\u00e8liques<\/h3><\/div><p class=\"has-medium-font-size\"><a href=\"https:\/\/www.iceers.org\/research\/\" target=\"_blank\" rel=\"noreferrer noopener\">GEL<\/a><br><a href=\"https:\/\/www.heffter.org\/study-publications\/\" target=\"_blank\" rel=\"noreferrer noopener\">Institut de Recerca Heffter<\/a><br><a href=\"https:\/\/hopkinspsychedelic.org\/\" target=\"_blank\" rel=\"noreferrer noopener\">Centre Johns Hopkins per a la Recerca Psicod\u00e8lica i de la Consci\u00e8ncia<\/a><br><a href=\"https:\/\/www.usonainstitute.org\/\" target=\"_blank\" rel=\"noreferrer noopener\">Institut EUA<\/a><br><a href=\"https:\/\/www.imperial.ac.uk\/psychedelic-research-centre\/research\/publications\/\" target=\"_blank\" rel=\"noreferrer noopener\">Imperial College London, Centre de Recerca Psicod\u00e8lica<\/a><br><a href=\"https:\/\/medicine.yale.edu\/psychiatry\/education\/residency\/interest\/psychedelic_science_group\/\" target=\"_blank\" rel=\"noreferrer noopener\">Grup de Ci\u00e8ncia Psicod\u00e8lica de Yale<\/a><br><a href=\"https:\/\/psychedelics.berkeley.edu\/\" target=\"_blank\" rel=\"noreferrer noopener\">Centre de Ci\u00e8ncia dels Psicod\u00e8lics de la UC Berkeley<\/a><br><a href=\"https:\/\/med.nyu.edu\/departments-institutes\/psychiatry\/research\/center-psychedelic-medicine\" target=\"_blank\" rel=\"noreferrer noopener\">Centre Langone de Medicina Psicod\u00e8lica de la Universitat de Nova York<\/a><br><a href=\"https:\/\/www.columbiapsychiatry.org\/news\/topics\/mental-health\/psychedelics\" target=\"_blank\" rel=\"noreferrer noopener\">Departament de Psiquiatria de la Universitat de Columbia<\/a><\/p><div class=\"wp-block-uagb-advanced-heading uagb-block-ae6585af\"><h3 class=\"uagb-heading-text\">Organitzacions que defensen i eduquen sobre subst\u00e0ncies<\/h3><\/div><p class=\"has-medium-font-size\"><a href=\"https:\/\/www.erowid.org\/splash.php\" target=\"_blank\" rel=\"noreferrer noopener\">Erowid<\/a><br> <a href=\"https:\/\/open-foundation.org\/\" target=\"_blank\" rel=\"noreferrer noopener\">Fundaci\u00f3 Oberta<\/a><br> <a href=\"https:\/\/www.mind-foundation.org\/\" target=\"_blank\" rel=\"noreferrer noopener\">Fundaci\u00f3 de la Ment<\/a><br> <a href=\"https:\/\/www.psychedelicsociety.org.au\/\" target=\"_blank\" rel=\"noreferrer noopener\">Societat Psicod\u00e8lica Australiana<\/a><br> <a href=\"https:\/\/www.drugscience.org.uk\/\" target=\"_blank\" rel=\"noreferrer noopener\">Ci\u00e8ncia de les drogues<\/a><br> <a href=\"https:\/\/blossomanalysis.com\/\" target=\"_blank\" rel=\"noreferrer noopener\">Base de dades Blossom sobre recerca psicod\u00e8lica<\/a><br> <a href=\"https:\/\/parea.eu\/\" target=\"_blank\" rel=\"noreferrer noopener\">Alian\u00e7a Europea per a l&#8217;Acc\u00e9s i la Recerca Psicod\u00e8lica (PAREA)<\/a><\/p><div class=\"wp-block-uagb-advanced-heading uagb-block-edec5e3f\"><h3 class=\"uagb-heading-text\">Comunitats i iniciatives de psiconautes<\/h3><\/div><p class=\"has-medium-font-size\"><a href=\"https:\/\/www.heroicheartsuk.com\/testimonials\" target=\"_blank\" rel=\"noreferrer noopener\">Cors heroics<\/a><br> <a href=\"https:\/\/m.psychonautwiki.org\/wiki\/Main_Page\" target=\"_blank\" rel=\"noreferrer noopener\">Wiki del Psiconauta<\/a><br> <a href=\"https:\/\/www.bluelight.org\/community\/forums\/\" target=\"_blank\" rel=\"noreferrer noopener\">Comunitat Bluelight<\/a><br> <a href=\"https:\/\/www.shroomery.org\/\" target=\"_blank\" rel=\"noreferrer noopener\">Shroomery<\/a><br> <a href=\"https:\/\/doubleblindmag.com\/\" target=\"_blank\" rel=\"noreferrer noopener\">Revista Double Blind<\/a><\/p>\t\t\t\t\t\t\t\t<\/div>\n\t\t\t\t<\/div>\n\t\t\t\t\t<\/div>\n\t\t\t\t<\/div>\n\t\t\t\t<\/div>\n\t\t","protected":false},"excerpt":{"rendered":"<p>DRET I HIST\u00d2RIA Estatus legal i subst\u00e0ncies psicod\u00e8liques Despr\u00e9s de la prohibici\u00f3 de les activitats sense llic\u00e8ncia\/no autoritzades amb psicod\u00e8lics designats com a &#8220;drogues controlades&#8221; durant les d\u00e8cades del 1970 i del 1980, la investigaci\u00f3 sobre els riscos i beneficis percebuts de l&#8217;experi\u00e8ncia de subst\u00e0ncies psicod\u00e8liques com l&#8217;LSD, la psilocibina i l&#8217;MDMA (comunament conegut com [&hellip;]<\/p>\n","protected":false},"author":8,"featured_media":0,"parent":0,"menu_order":0,"comment_status":"closed","ping_status":"closed","template":"","meta":{"footnotes":""},"class_list":["post-11386","page","type-page","status-publish","hentry"],"_links":{"self":[{"href":"https:\/\/psychedelicare.eu\/ca\/wp-json\/wp\/v2\/pages\/11386","targetHints":{"allow":["GET"]}}],"collection":[{"href":"https:\/\/psychedelicare.eu\/ca\/wp-json\/wp\/v2\/pages"}],"about":[{"href":"https:\/\/psychedelicare.eu\/ca\/wp-json\/wp\/v2\/types\/page"}],"author":[{"embeddable":true,"href":"https:\/\/psychedelicare.eu\/ca\/wp-json\/wp\/v2\/users\/8"}],"replies":[{"embeddable":true,"href":"https:\/\/psychedelicare.eu\/ca\/wp-json\/wp\/v2\/comments?post=11386"}],"version-history":[{"count":1,"href":"https:\/\/psychedelicare.eu\/ca\/wp-json\/wp\/v2\/pages\/11386\/revisions"}],"predecessor-version":[{"id":11387,"href":"https:\/\/psychedelicare.eu\/ca\/wp-json\/wp\/v2\/pages\/11386\/revisions\/11387"}],"wp:attachment":[{"href":"https:\/\/psychedelicare.eu\/ca\/wp-json\/wp\/v2\/media?parent=11386"}],"curies":[{"name":"wp","href":"https:\/\/api.w.org\/{rel}","templated":true}]}}