{"id":11398,"date":"2025-05-15T17:14:40","date_gmt":"2025-05-15T18:14:40","guid":{"rendered":"https:\/\/www.psychedelicare.eu\/mitjans-de-comunicacio\/"},"modified":"2025-10-03T18:22:45","modified_gmt":"2025-10-03T19:22:45","slug":"mitjans-de-comunicacio","status":"publish","type":"page","link":"https:\/\/psychedelicare.eu\/ca\/mitjans-de-comunicacio\/","title":{"rendered":"Mitjans de comunicaci\u00f3"},"content":{"rendered":"\t\t<div data-elementor-type=\"wp-page\" data-elementor-id=\"11398\" class=\"elementor elementor-11398 elementor-7070\" data-elementor-post-type=\"page\">\n\t\t\t\t<div class=\"elementor-element elementor-element-e59cf30 e-flex e-con-boxed e-con e-parent\" data-id=\"e59cf30\" data-element_type=\"container\">\n\t\t\t\t\t<div class=\"e-con-inner\">\n\t\t\t\t<div class=\"elementor-element elementor-element-43f59f6 elementor-widget elementor-widget-heading\" data-id=\"43f59f6\" data-element_type=\"widget\" data-widget_type=\"heading.default\">\n\t\t\t\t<div class=\"elementor-widget-container\">\n\t\t\t\t\t<h2 class=\"elementor-heading-title elementor-size-default\">MITJANS DE COMUNICACI\u00d3<\/h2>\t\t\t\t<\/div>\n\t\t\t\t<\/div>\n\t\t\t\t\t<\/div>\n\t\t\t\t<\/div>\n\t\t<div class=\"elementor-element elementor-element-ed5fe67 e-flex e-con-boxed e-con e-parent\" data-id=\"ed5fe67\" data-element_type=\"container\">\n\t\t\t\t\t<div class=\"e-con-inner\">\n\t\t\t\t<div class=\"elementor-element elementor-element-2173d14 elementor-widget elementor-widget-text-editor\" data-id=\"2173d14\" data-element_type=\"widget\" data-widget_type=\"text-editor.default\">\n\t\t\t\t<div class=\"elementor-widget-container\">\n\t\t\t\t\t\t\t\t\t<div class=\"wp-block-uagb-container uagb-block-6a1ba7b0\"><div class=\"wp-block-uagb-advanced-heading uagb-block-e71bc163\"><h3 class=\"uagb-heading-text\">Contactes<\/h3><\/div><p class=\"has-medium-font-size\"><strong>CONSULTES EUROPEES I RELACIONADES AMB LA CI\u00c8NCIA<\/strong><br> <a href=\"mailto:press@psychedelicare.eu\">press@psychedelicare.eu<\/a><\/p><p class=\"has-medium-font-size\"><strong>INQUISICIONS NACIONALS<\/strong><br> Si us plau, poseu-vos en contacte amb la <a href=\"https:\/\/psychedelicare.eu\/ca\/about-us\/#national-teams\">selecci\u00f3 nacional<\/a> corresponent.<\/p><\/div><div class=\"wp-block-uagb-container uagb-block-253d4f51\"><div class=\"wp-block-uagb-advanced-heading uagb-block-c0406deb\"><h3 class=\"uagb-heading-text\">Dossier de premsa<\/h3><\/div><p class=\"has-medium-font-size\">Descarregueu <strong>\n  <a href=\"https:\/\/psychedelicare.eu\/wp-content\/uploads\/2025\/01\/Press-kit.zip\">el nostre dossier de premsa<\/a>\n<\/strong> , que cont\u00e9:<\/p><p class=\"has-medium-font-size\">\u2013 Una p\u00e0gina amb un resum de la nostra iniciativa;<\/p><p class=\"has-medium-font-size\">\u2013 El nostre logotip i les nostres directrius visuals;<\/p><p class=\"has-medium-font-size\">\u2013 Imatges i il\u00b7lustracions.<\/p><\/div><div class=\"wp-block-uagb-container uagb-block-cd35ce69\"><div class=\"wp-block-uagb-advanced-heading uagb-block-ec224799\"><h3 class=\"uagb-heading-text\">M\u00e9s informaci\u00f3 i not\u00edcies<\/h3><\/div><p class=\"has-medium-font-size\">M\u00e9s informaci\u00f3 <a href=\"https:\/\/citizens-initiative.europa.eu\/initiatives\/details\/2024\/000011_en\" target=\"_blank\" rel=\"noreferrer noopener\">sobre la Iniciativa, el seu objectiu i les nostres sol\u00b7licituds a la Comissi\u00f3 Europea<\/a> .<\/p><p class=\"has-medium-font-size\">Descobreix m\u00e9s sobre les nostres <a href=\"https:\/\/psychedelicare.eu\/ca\/news\/\">darreres not\u00edcies<\/a> .<\/p><\/div><div class=\"wp-block-spacer\" style=\"height: 100px;\" aria-hidden=\"true\"> <\/div><p>  re<\/p>\t\t\t\t\t\t\t\t<\/div>\n\t\t\t\t<\/div>\n\t\t\t\t\t<\/div>\n\t\t\t\t<\/div>\n\t\t\t\t<\/div>\n\t\t","protected":false},"excerpt":{"rendered":"<p>MITJANS DE COMUNICACI\u00d3 Contactes CONSULTES EUROPEES I RELACIONADES AMB LA CI\u00c8NCIA press@psychedelicare.eu INQUISICIONS NACIONALS Si us plau, poseu-vos en contacte amb la selecci\u00f3 nacional corresponent. Dossier de premsa Descarregueu el nostre dossier de premsa , que cont\u00e9: \u2013 Una p\u00e0gina amb un resum de la nostra iniciativa; \u2013 El nostre logotip i les nostres directrius [&hellip;]<\/p>\n","protected":false},"author":1,"featured_media":0,"parent":0,"menu_order":0,"comment_status":"closed","ping_status":"closed","template":"","meta":{"footnotes":""},"class_list":["post-11398","page","type-page","status-publish","hentry"],"_links":{"self":[{"href":"https:\/\/psychedelicare.eu\/ca\/wp-json\/wp\/v2\/pages\/11398","targetHints":{"allow":["GET"]}}],"collection":[{"href":"https:\/\/psychedelicare.eu\/ca\/wp-json\/wp\/v2\/pages"}],"about":[{"href":"https:\/\/psychedelicare.eu\/ca\/wp-json\/wp\/v2\/types\/page"}],"author":[{"embeddable":true,"href":"https:\/\/psychedelicare.eu\/ca\/wp-json\/wp\/v2\/users\/1"}],"replies":[{"embeddable":true,"href":"https:\/\/psychedelicare.eu\/ca\/wp-json\/wp\/v2\/comments?post=11398"}],"version-history":[{"count":4,"href":"https:\/\/psychedelicare.eu\/ca\/wp-json\/wp\/v2\/pages\/11398\/revisions"}],"predecessor-version":[{"id":14246,"href":"https:\/\/psychedelicare.eu\/ca\/wp-json\/wp\/v2\/pages\/11398\/revisions\/14246"}],"wp:attachment":[{"href":"https:\/\/psychedelicare.eu\/ca\/wp-json\/wp\/v2\/media?parent=11398"}],"curies":[{"name":"wp","href":"https:\/\/api.w.org\/{rel}","templated":true}]}}