{"id":12663,"date":"2025-09-30T10:29:59","date_gmt":"2025-09-30T11:29:59","guid":{"rendered":"https:\/\/www.psychedelicare.eu\/join-the-psychedelicare-association\/"},"modified":"2025-10-04T08:18:12","modified_gmt":"2025-10-04T09:18:12","slug":"join-the-psychedelicare-association","status":"publish","type":"page","link":"https:\/\/psychedelicare.eu\/ca\/join-the-psychedelicare-association\/","title":{"rendered":"Uneix-te a l&#8217;associaci\u00f3 PsychedeliCare"},"content":{"rendered":"\t\t<div data-elementor-type=\"wp-page\" data-elementor-id=\"12663\" class=\"elementor elementor-12663 elementor-12607\" data-elementor-post-type=\"page\">\n\t\t\t\t<div class=\"elementor-element elementor-element-af7ab68 e-flex e-con-boxed e-con e-parent\" data-id=\"af7ab68\" data-element_type=\"container\">\n\t\t\t\t\t<div class=\"e-con-inner\">\n\t\t\t\t<div class=\"elementor-element elementor-element-fe2ee81 elementor-widget elementor-widget-text-editor\" data-id=\"fe2ee81\" data-element_type=\"widget\" data-widget_type=\"text-editor.default\">\n\t\t\t\t<div class=\"elementor-widget-container\">\n\t\t\t\t\t\t\t\t\t<div class=\"crm-public-form-item crm-section intro_text-section\"><p>Uneix-te a <strong>PsychedeliCare eV<\/strong> , l&#8217;organitzaci\u00f3 sense \u00e0nim de lucre que hi ha darrere de la <strong>Iniciativa Ciutadana Europea (ICE) PsychedeliCare.EU<\/strong> ! En fer-te membre, dones suport activament a la nostra missi\u00f3 de promoure <strong>la reforma de les pol\u00edtiques de drogues basades en l&#8217;evid\u00e8ncia, la reducci\u00f3 de danys i l&#8217;acc\u00e9s equitatiu a les ter\u00e0pies psicod\u00e8liques<\/strong> a Europa.<\/p><h3><strong>Per qu\u00e8 fer-se membre?<\/strong><\/h3><ul><li><strong>D\u00f3na forma al futur<\/strong> : Ajuda a impulsar el canvi pol\u00edtic a la UE donant suport a la nostra tasca de sensibilitzaci\u00f3.<\/li><li><strong>Mantingueu-vos informats<\/strong> : Rebeu actualitzacions sobre les nostres campanyes, esdeveniments i desenvolupaments cient\u00edfics.<\/li><li><strong>Crea xarxa i col\u00b7labora<\/strong> : Connecta amb persones i organitzacions amb idees afins en l&amp;#39;\u00e0mbit de les pol\u00edtiques de drogues i la recerca psicod\u00e8lica.<\/li><li><strong>Enfortir la nostra veu<\/strong> : com m\u00e9s membres tinguem, m\u00e9s gran ser\u00e0 la nostra influ\u00e8ncia en l&#8217;elaboraci\u00f3 de pol\u00edtiques de la UE.<\/li><\/ul><p><strong>Junts, podem crear un enfocament m\u00e9s racional, compassiu i basat en la ci\u00e8ncia envers els psicod\u00e8lics a Europa!<\/strong><\/p><p><em>Empleneu el formulari seg\u00fcent per unir-vos a nosaltres avui mateix.<\/em><\/p><p><strong>Per cancel\u00b7lar la vostra afiliaci\u00f3, notifiqueu-ho per escrit a la junta ( <a href=\"mailto:info@psychedelicare.eu?subject=Renunciaci\u00f3%20a%20PsychedeliCare%20e.V.\" data-cke-saved-href=\"mailto:info@psychedelicare.eu?subject=Resignation%20from%20PsychedeliCare%20e.V.\">info@psychedelicare.eu<\/a> ) com a molt tard un mes abans del final de l&#8217;exercici econ\u00f2mic. Consulteu els <a href=\"https:\/\/psychedelicare.eu\/wp-content\/uploads\/2025\/06\/Statutes_PsychedeliCare.pdf\" data-cke-saved-href=\"https:\/\/psychedelicare.eu\/wp-content\/uploads\/2025\/06\/Statutes_PsychedeliCare.pdf\">estatuts<\/a> per obtenir m\u00e9s informaci\u00f3 (secci\u00f3 &#8220;cancel\u00b7laci\u00f3 de la afiliaci\u00f3&#8221;) <\/strong><\/p><\/div>\t\t\t\t\t\t\t\t<\/div>\n\t\t\t\t<\/div>\n\t\t\t\t<div class=\"elementor-element elementor-element-7267b56 elementor-widget elementor-widget-shortcode\" data-id=\"7267b56\" data-element_type=\"widget\" data-widget_type=\"shortcode.default\">\n\t\t\t\t<div class=\"elementor-widget-container\">\n\t\t\t\t\t\t\t<div class=\"elementor-shortcode\">[civicrm component=\"contribution\" id=\"7\"]<\/div>\n\t\t\t\t\t\t<\/div>\n\t\t\t\t<\/div>\n\t\t\t\t\t<\/div>\n\t\t\t\t<\/div>\n\t\t\t\t<\/div>\n\t\t","protected":false},"excerpt":{"rendered":"<p>Uneix-te a PsychedeliCare eV , l&#8217;organitzaci\u00f3 sense \u00e0nim de lucre que hi ha darrere de la Iniciativa Ciutadana Europea (ICE) PsychedeliCare.EU ! En fer-te membre, dones suport activament a la nostra missi\u00f3 de promoure la reforma de les pol\u00edtiques de drogues basades en l&#8217;evid\u00e8ncia, la reducci\u00f3 de danys i l&#8217;acc\u00e9s equitatiu a les ter\u00e0pies psicod\u00e8liques [&hellip;]<\/p>\n","protected":false},"author":1,"featured_media":0,"parent":0,"menu_order":0,"comment_status":"closed","ping_status":"closed","template":"","meta":{"footnotes":""},"class_list":["post-12663","page","type-page","status-publish","hentry"],"_links":{"self":[{"href":"https:\/\/psychedelicare.eu\/ca\/wp-json\/wp\/v2\/pages\/12663","targetHints":{"allow":["GET"]}}],"collection":[{"href":"https:\/\/psychedelicare.eu\/ca\/wp-json\/wp\/v2\/pages"}],"about":[{"href":"https:\/\/psychedelicare.eu\/ca\/wp-json\/wp\/v2\/types\/page"}],"author":[{"embeddable":true,"href":"https:\/\/psychedelicare.eu\/ca\/wp-json\/wp\/v2\/users\/1"}],"replies":[{"embeddable":true,"href":"https:\/\/psychedelicare.eu\/ca\/wp-json\/wp\/v2\/comments?post=12663"}],"version-history":[{"count":2,"href":"https:\/\/psychedelicare.eu\/ca\/wp-json\/wp\/v2\/pages\/12663\/revisions"}],"predecessor-version":[{"id":14266,"href":"https:\/\/psychedelicare.eu\/ca\/wp-json\/wp\/v2\/pages\/12663\/revisions\/14266"}],"wp:attachment":[{"href":"https:\/\/psychedelicare.eu\/ca\/wp-json\/wp\/v2\/media?parent=12663"}],"curies":[{"name":"wp","href":"https:\/\/api.w.org\/{rel}","templated":true}]}}