{"id":11005,"date":"2025-08-27T08:33:27","date_gmt":"2025-08-27T09:33:27","guid":{"rendered":"https:\/\/www.psychedelicare.eu\/rechtslage-und-geschichte\/"},"modified":"2025-10-06T05:45:34","modified_gmt":"2025-10-06T06:45:34","slug":"rechtslage-und-geschichte","status":"publish","type":"page","link":"https:\/\/psychedelicare.eu\/de\/rechtslage-und-geschichte\/","title":{"rendered":"Rechtslage und Geschichte"},"content":{"rendered":"\t\t<div data-elementor-type=\"wp-page\" data-elementor-id=\"11005\" class=\"elementor elementor-11005 elementor-9253\" data-elementor-post-type=\"page\">\n\t\t\t\t<div class=\"elementor-element elementor-element-1553548a e-flex e-con-boxed e-con e-parent\" data-id=\"1553548a\" data-element_type=\"container\">\n\t\t\t\t\t<div class=\"e-con-inner\">\n\t\t\t\t<div class=\"elementor-element elementor-element-4d4cbcf5 elementor-widget elementor-widget-heading\" data-id=\"4d4cbcf5\" data-element_type=\"widget\" data-widget_type=\"heading.default\">\n\t\t\t\t<div class=\"elementor-widget-container\">\n\t\t\t\t\t<h2 class=\"elementor-heading-title elementor-size-default\">RECHT UND GESCHICHTE<\/h2>\t\t\t\t<\/div>\n\t\t\t\t<\/div>\n\t\t\t\t\t<\/div>\n\t\t\t\t<\/div>\n\t\t<div class=\"elementor-element elementor-element-a018e89 e-flex e-con-boxed e-con e-parent\" data-id=\"a018e89\" data-element_type=\"container\" id=\"legal\" data-settings=\"{&quot;background_background&quot;:&quot;classic&quot;}\">\n\t\t\t\t\t<div class=\"e-con-inner\">\n\t\t<div class=\"elementor-element elementor-element-e69fb58 e-con-full e-flex e-con e-child\" data-id=\"e69fb58\" data-element_type=\"container\">\n\t\t\t\t<div class=\"elementor-element elementor-element-ae5ee47 elementor-widget elementor-widget-heading\" data-id=\"ae5ee47\" data-element_type=\"widget\" data-widget_type=\"heading.default\">\n\t\t\t\t<div class=\"elementor-widget-container\">\n\t\t\t\t\t<h3 class=\"elementor-heading-title elementor-size-default\">Rechtlicher Status und psychedelische Substanzen<\/h3>\t\t\t\t<\/div>\n\t\t\t\t<\/div>\n\t\t\t\t<div class=\"elementor-element elementor-element-c24cfc0 elementor-widget elementor-widget-text-editor\" data-id=\"c24cfc0\" data-element_type=\"widget\" data-widget_type=\"text-editor.default\">\n\t\t\t\t<div class=\"elementor-widget-container\">\n\t\t\t\t\t\t\t\t\t<p class=\"has-medium-font-size\">Nach dem Verbot von nicht genehmigten Aktivit\u00e4ten mit psychedelischen Substanzen, die in den 1970er bis 1980er Jahren als &#8222;kontrollierte Drogen&#8220; bezeichnet wurden, war die Erforschung der wahrgenommenen Risiken und Vorteile des Konsums von psychedelischen Substanzen wie LSD, Psilocybin und MDMA (allgemein als &#8222;Ecstasy&#8220; bekannt) gelinde gesagt m\u00fchsam.<\/p><p class=\"has-medium-font-size\">In den letzten Jahrzehnten hat die Forschung \u00fcber die therapeutische Anwendung dieser Medikamente jedoch eine Wiedergeburt erlebt. Dieser langsame, aber best\u00e4ndige Prozess hat in einigen L\u00e4ndern zu einer gewissen Liberalisierung der Drogengesetze gef\u00fchrt. So wurde der Besitz vieler Drogen entkriminalisiert und in einigen wenigen F\u00e4llen wurden bestimmte Aktivit\u00e4ten, die fr\u00fcher strafbar waren, in gr\u00f6\u00dferem Umfang legalisiert. <\/p>\t\t\t\t\t\t\t\t<\/div>\n\t\t\t\t<\/div>\n\t\t\t\t<\/div>\n\t\t<div class=\"elementor-element elementor-element-8e49099 e-con-full e-flex e-con e-child\" data-id=\"8e49099\" data-element_type=\"container\">\n\t\t\t\t<div class=\"elementor-element elementor-element-81f674b elementor-widget elementor-widget-text-editor\" data-id=\"81f674b\" data-element_type=\"widget\" data-widget_type=\"text-editor.default\">\n\t\t\t\t<div class=\"elementor-widget-container\">\n\t\t\t\t\t\t\t\t\t<p>Dieser Wandel wird als die psychedelische Renaissance bezeichnet. Zahlreiche Forschungsstudien und klinische Versuche haben unterst\u00fctzende Evidenz f\u00fcr den Einsatz von Psychedelika geliefert, wenn sie in Verbindung mit Psychotherapie verabreicht werden. So wurde beispielsweise Spravato oder Esketamin, ein Derivat des Psychedelikums\/An\u00e4sthetikums Ketamin, 2019 von der FDA (USA) f\u00fcr die Behandlung von Depressionen zugelassen und sollte in Verbindung mit Psychotherapie, anderen Antidepressiva oder beidem verabreicht werden. Viele angesehene Forscher und Kliniker erkennen Psychedelika als vielversprechende therapeutische Hilfsmittel f\u00fcr psychische Erkrankungen wie Depressionen, PTBS und Substanzkonsumst\u00f6rungen wie Alkoholismus an.   <\/p><p>Der Weg zur Legalisierung der psychedelisch unterst\u00fctzten Therapie ist noch lang und es mangelt nicht an Hindernissen. Doch trotz zahlreicher H\u00fcrden floriert die Renaissance der Psychedelika und hilft dabei, den Schmerz und das Leiden von Menschen auf der ganzen Welt zu lindern.  Wir empfehlen nachdr\u00fccklich, bei der Diskussion \u00fcber solche Verbote einen personenzentrierten Diskurs zu f\u00fchren, denn durch eine rechtlich koh\u00e4rente und menschenzentrierte Sprache k\u00f6nnen wir eine T\u00fcr zu einer regulatorischen Praxis \u00f6ffnen, in der Forschung und medizinische Behandlung gedeihen k\u00f6nnen.<\/p>\t\t\t\t\t\t\t\t<\/div>\n\t\t\t\t<\/div>\n\t\t\t\t<div class=\"elementor-element elementor-element-75b61ff elementor-widget elementor-widget-eael-adv-accordion\" data-id=\"75b61ff\" data-element_type=\"widget\" data-widget_type=\"eael-adv-accordion.default\">\n\t\t\t\t<div class=\"elementor-widget-container\">\n\t\t\t\t\t        <div class=\"eael-adv-accordion\" id=\"eael-adv-accordion-75b61ff\" data-scroll-on-click=\"\" data-scroll-speed=\"300\" data-accordion-id=\"75b61ff\" data-accordion-type=\"toggle\" 300>\n    <div class=\"eael-accordion-list\">\n                <div id=\"lesen-sie-mehr\" class=\"elementor-tab-title eael-accordion-header\" tabindex=\"0\" data-tab=\"1\" aria-controls=\"elementor-tab-content-1231\"><span class=\"eael-advanced-accordion-icon-closed\"><\/span><span class=\"eael-advanced-accordion-icon-opened\"><\/span><span class=\"eael-accordion-tab-title\">LESEN SIE MEHR<\/span><svg aria-hidden=\"true\" class=\"fa-toggle e-font-icon-svg e-fas-plus\" viewBox=\"0 0 448 512\" xmlns=\"http:\/\/www.w3.org\/2000\/svg\"><path d=\"M416 208H272V64c0-17.67-14.33-32-32-32h-32c-17.67 0-32 14.33-32 32v144H32c-17.67 0-32 14.33-32 32v32c0 17.67 14.33 32 32 32h144v144c0 17.67 14.33 32 32 32h32c17.67 0 32-14.33 32-32V304h144c17.67 0 32-14.33 32-32v-32c0-17.67-14.33-32-32-32z\"><\/path><\/svg><\/div><div id=\"elementor-tab-content-1231\" class=\"eael-accordion-content clearfix\" data-tab=\"1\" aria-labelledby=\"lesen-sie-mehr\"><h3 class=\"wp-block-heading\"><strong>Europ\u00e4ische Union und Vereinigtes K\u00f6nigreich<\/strong><\/h3>\n<p>Trotz der zahlreichen akademischen Einrichtungen, Unternehmen und Organisationen, die unter Evidenz die Wirksamkeit der psychedelisch unterst\u00fctzten Therapie bei der Behandlung psychischer St\u00f6rungen belegen, werden sie nach wie vor als Substanzen nach Liste I eingestuft, f\u00fcr die es derzeit keine anerkannte medizinische Verwendung gibt und die ein hohes Missbrauchspotenzial aufweisen. Die nationale Gesetzgebung enth\u00e4lt h\u00e4ufig m\u00f6gliche Regulierungsbestimmungen, die jedoch im Allgemeinen nicht angewendet werden, da man entschlossen ist, die Vorstellung von der &#8218;Illegalit\u00e4t&#8216; der Substanzen aufrechtzuerhalten (und nicht ein verh\u00e4ltnism\u00e4\u00dfiges Regulierungsmodell, das auf den Ergebnissen basiert). <\/p>\n<p>Allerdings gibt es ein paar Ausnahmen. Seit Juli 2025 ist Deutschland der erste EU-Mitgliedstaat, der den legalen Zugang zu Psilocybin im Rahmen eines begrenzten &#8222;compassionate use&#8220;-Programms erlaubt. Eine k\u00fcrzlich getroffene Entscheidung des tschechischen Parlaments geht noch weiter: Ab Januar 2026, wenn die neue Gesetzgebung in Kraft tritt, wird Psilocybin \u00e4hnlich behandelt wie medizinisches Cannabis. In den Niederlanden werden Psilocybin-Tr\u00fcffel (der unterirdische Teil eines Pilzes) legal verkauft und besessen. Auch wenn Psilocybin-Tr\u00fcffel jetzt legal erh\u00e4ltlich sind, ist die therapeutische Verwendung oder die Verwendung im Rahmen eines Retreats nach wie vor nicht erlaubt, wenn es um die Behandlung von Krankheiten geht. Au\u00dferdem wurden in Spanien und Portugal geringf\u00fcgige Straftaten mit Drogen entkriminalisiert. Auch in der Schweiz wurde die therapeutische Verwendung einiger Psychedelika entkriminalisiert und die medizinische Verwendung bestimmter Psychedelika wird im Rahmen einer Psychotherapie von einer begrenzten Anzahl von zertifizierten \u00c4rzten genehmigt.      <\/p>\n<h3 class=\"wp-block-heading\"><strong>Vereinigte Staaten<\/strong><\/h3>\n<p>Psychedelika sind nach wie vor als Substanzen der strengsten Verbotsstufe (&#8222;schedule 1&#8220;) eingestuft, mit Ausnahme einiger weniger Staaten, darunter Oregon, Colorado und Washington DC, die den Besitz entkriminalisiert, aber nicht alle Aktivit\u00e4ten mit den genannten Psychedelika legalisiert haben. Die Entkriminalisierung (von Aktivit\u00e4ten mit Drogen) erlaubt im Gegensatz zur Legalisierung (von Aktivit\u00e4ten mit Drogen) nur den Besitz und den pers\u00f6nlichen Gebrauch kleiner Mengen der Substanz und schreibt ein Mindestalter vor. Klinische Studien zur MDMA-unterst\u00fctzten Psychotherapie bei PTBS waren jedoch recht vielversprechend, was die FDA dazu veranlasste, die MDMA-unterst\u00fctzte Psychotherapie 2017 als &#8222;bahnbrechende Therapie&#8220; einzustufen. Im Dezember 2023 wurde ein Antrag auf ein neues Medikament f\u00fcr MDMA bei der FDA eingereicht, aber <a href=\"https:\/\/www.nature.com\/articles\/d41586-024-01622-3\" target=\"_blank\" rel=\"noreferrer noopener\">leider abgelehnt<\/a>.   <\/p>\n<h3 class=\"wp-block-heading\"><strong>Kanada<\/strong><\/h3>\n<p>Obwohl Psychedelika immer noch als &#8218;kontrollierte Drogen&#8216; eingestuft sind, erlaubt ein Special Access Program \u00c4rzten, sie in bestimmten Notf\u00e4llen zu verabreichen, w\u00e4hrend der pers\u00f6nliche Gebrauch und Besitz der psychedelischen Substanz 5-MeO-DMT erlaubt ist. Die kanadische Provinz Alberta war 2023 die erste, die den Zugang zur psychedelisch unterst\u00fctzten Therapie zur Behandlung psychischer Erkrankungen regelte, allerdings nur f\u00fcr bestimmte akkreditierte Einrichtungen. Auch in British Columbia ist die Liberalisierung viel weiter gediehen.  <\/p>\n<h3 class=\"wp-block-heading\"><strong>Australien<\/strong><\/h3>\n<p>Bestimmte Psychedelika k\u00f6nnen auf Verschreibung von zugelassenen Psychiatern in Verbindung mit einer Therapie medizinisch eingesetzt werden. Dazu geh\u00f6ren MDMA f\u00fcr Personen, die an einer posttraumatischen Belastungsst\u00f6rung (PTSD) leiden, und Psilocybin (in nat\u00fcrlicher Form in &#8222;Zauberpilzen&#8220; enthalten) f\u00fcr Personen, die an einer behandlungsresistenten Depression leiden. Bei Suchterkrankungen k\u00f6nnen Psychiater Ibogain verschreiben, eine psychoaktive Substanz, die in einem westafrikanischen Strauch vorkommt.&#8220; <\/p>\n<\/div>\n                <\/div><\/div>\t\t\t\t<\/div>\n\t\t\t\t<\/div>\n\t\t\t\t<\/div>\n\t\t\t\t\t<\/div>\n\t\t\t\t<\/div>\n\t\t<div class=\"elementor-element elementor-element-45c49a8 e-flex e-con-boxed e-con e-parent\" data-id=\"45c49a8\" data-element_type=\"container\" id=\"history\" data-settings=\"{&quot;background_background&quot;:&quot;classic&quot;}\">\n\t\t\t\t\t<div class=\"e-con-inner\">\n\t\t<div class=\"elementor-element elementor-element-9da00e5 e-con-full e-flex e-con e-child\" data-id=\"9da00e5\" data-element_type=\"container\">\n\t\t\t\t<div class=\"elementor-element elementor-element-c3e18a3 elementor-widget elementor-widget-heading\" data-id=\"c3e18a3\" data-element_type=\"widget\" data-widget_type=\"heading.default\">\n\t\t\t\t<div class=\"elementor-widget-container\">\n\t\t\t\t\t<h3 class=\"elementor-heading-title elementor-size-default\">Geschichte der Verwendung psychedelischer Pflanzen in Europa<\/h3>\t\t\t\t<\/div>\n\t\t\t\t<\/div>\n\t\t\t\t<div class=\"elementor-element elementor-element-417b723 elementor-widget-mobile__width-inherit elementor-widget elementor-widget-text-editor\" data-id=\"417b723\" data-element_type=\"widget\" data-widget_type=\"text-editor.default\">\n\t\t\t\t<div class=\"elementor-widget-container\">\n\t\t\t\t\t\t\t\t\t<p class=\"has-medium-font-size\">Mehrere klassische ethnobotanische Studien untersuchen die Verwendung von Pilzen, Kakteen und Pflanzen in Mittel- und S\u00fcdamerika und haben wesentlich zum Verst\u00e4ndnis schamanischer Rituale und der Techniken beigetragen, die verwendet werden, um den &#8222;Gott&#8220; oder die &#8222;Seele&#8220; zu manifestieren. W\u00e4hrend die Verwendung von Entheogenen in Nord-, Mittel- und S\u00fcdamerika umfassend dokumentiert und erforscht ist, ist \u00fcber den europ\u00e4ischen Kontinent weniger bekannt. <\/p><p class=\"has-medium-font-size\">Wir wissen, dass die alten Griechen Cannabis und psychedelische Pilze verwendet haben, aber \u00fcber die in den griechischen Ritualen verwendeten Substanzen ist nur sehr wenig bekannt. Wasson et al. (1978) schlugen in ihrem Bericht \u00fcber die &#8222;Eleusinischen Mysterien&#8220; vor, dass nicht eine einzelne Zutat, sondern eine Mischung psychoaktiver Substanzen der Schl\u00fcssel zu dem berauschenden Gebr\u00e4u war, dessen Zusammensetzung wir nicht genau kennen (wahrscheinlich war es eine Mischung aus Cannabis, P. Somniferum-Harz oder &#8222;Opium&#8220; und einer Art Enzymhemmer wie Harmalin, das aus Peganum Harmala gewonnen wurde). <\/p><p class=\"has-medium-font-size\">Von dem griechischen Philosophen Platon ist bekannt, dass er an den Eleusinischen Mysterien teilgenommen hat. Er erw\u00e4hnt sie in seinem ber\u00fchmten Dialog \u00fcber die Unsterblichkeit der Seele, gegen\u00fcber <em>Phaedon<\/em>. Und \u00e4hnliches taten auch viele andere Denker*nnen und Philosoph*innen der antiken Welt. <\/p><p class=\"has-medium-font-size\"><a href=\"https:\/\/psychedelicmagazine.net\/insight\/history-of-psychedelic-use\/\">Lies mehr \u00fcber die Geschichte des psychedelischen Konsums.<\/a><\/p>\t\t\t\t\t\t\t\t<\/div>\n\t\t\t\t<\/div>\n\t\t\t\t<\/div>\n\t\t<div class=\"elementor-element elementor-element-596d29b e-con-full e-flex e-con e-child\" data-id=\"596d29b\" data-element_type=\"container\">\n\t\t\t\t<div class=\"elementor-element elementor-element-86a2656 elementor-widget elementor-widget-image\" data-id=\"86a2656\" data-element_type=\"widget\" data-widget_type=\"image.default\">\n\t\t\t\t<div class=\"elementor-widget-container\">\n\t\t\t\t\t\t\t\t\t\t\t\t\t\t\t<img fetchpriority=\"high\" decoding=\"async\" width=\"2185\" height=\"2560\" src=\"https:\/\/psychedelicare.eu\/wp-content\/uploads\/2024\/09\/druido-ammaccato-con-manici-scaled.jpg\" class=\"attachment-full size-full wp-image-16468\" alt=\"\" srcset=\"https:\/\/psychedelicare.eu\/wp-content\/uploads\/2024\/09\/druido-ammaccato-con-manici-scaled.jpg 2185w, https:\/\/psychedelicare.eu\/wp-content\/uploads\/2024\/09\/druido-ammaccato-con-manici-256x300.jpg 256w, https:\/\/psychedelicare.eu\/wp-content\/uploads\/2024\/09\/druido-ammaccato-con-manici-874x1024.jpg 874w, https:\/\/psychedelicare.eu\/wp-content\/uploads\/2024\/09\/druido-ammaccato-con-manici-768x900.jpg 768w, https:\/\/psychedelicare.eu\/wp-content\/uploads\/2024\/09\/druido-ammaccato-con-manici-1311x1536.jpg 1311w, https:\/\/psychedelicare.eu\/wp-content\/uploads\/2024\/09\/druido-ammaccato-con-manici-1748x2048.jpg 1748w\" sizes=\"(max-width: 2185px) 100vw, 2185px\" \/>\t\t\t\t\t\t\t\t\t\t\t\t\t\t\t<\/div>\n\t\t\t\t<\/div>\n\t\t\t\t<\/div>\n\t\t\t\t\t<\/div>\n\t\t\t\t<\/div>\n\t\t<div class=\"elementor-element elementor-element-a14aed0 e-flex e-con-boxed e-con e-parent\" data-id=\"a14aed0\" data-element_type=\"container\" id=\"organisations\" data-settings=\"{&quot;background_background&quot;:&quot;classic&quot;}\">\n\t\t\t\t\t<div class=\"e-con-inner\">\n\t\t\t\t<div class=\"elementor-element elementor-element-ca3021e elementor-widget elementor-widget-heading\" data-id=\"ca3021e\" data-element_type=\"widget\" data-widget_type=\"heading.default\">\n\t\t\t\t<div class=\"elementor-widget-container\">\n\t\t\t\t\t<h2 class=\"elementor-heading-title elementor-size-default\">Organisationen, Gemeinschaften, Initiativen<\/h2>\t\t\t\t<\/div>\n\t\t\t\t<\/div>\n\t\t\t\t<div class=\"elementor-element elementor-element-befb48c elementor-widget elementor-widget-text-editor\" data-id=\"befb48c\" data-element_type=\"widget\" data-widget_type=\"text-editor.default\">\n\t\t\t\t<div class=\"elementor-widget-container\">\n\t\t\t\t\t\t\t\t\t<p class=\"has-medium-font-size\">Hier finden Sie eine nicht ersch\u00f6pfende Liste von Organisationen, Unternehmen und Gemeinschaften auf der ganzen Welt, die Wissen aufbauen und die \u00d6ffentlichkeit \u00fcber psychedelische Substanzen aufkl\u00e4ren. Sehen Sie sich auch unsere <a href=\"https:\/\/psychedelicare.eu\/de\/partners\/\">Partner<\/a> an! <\/p><div class=\"wp-block-uagb-advanced-heading uagb-block-f8122fca\"><h3 class=\"uagb-heading-text\">Universit\u00e4ten &amp; Institute, die Psychedelika erforschen<\/h3><\/div><p class=\"has-medium-font-size\"><a href=\"https:\/\/www.iceers.org\/research\/\" target=\"_blank\" rel=\"noreferrer noopener\">EISER<\/a><br><a href=\"https:\/\/www.heffter.org\/study-publications\/\" target=\"_blank\" rel=\"noreferrer noopener\">Heffter Research Institute<\/a><br><a href=\"https:\/\/hopkinspsychedelic.org\/\" target=\"_blank\" rel=\"noreferrer noopener\">Johns Hopkins Center for Psychedelic &amp; Consciousness Research<\/a><br><a href=\"https:\/\/www.usonainstitute.org\/\" target=\"_blank\" rel=\"noreferrer noopener\">Usona Institute<\/a><br><a href=\"https:\/\/www.imperial.ac.uk\/psychedelic-research-centre\/research\/publications\/\" target=\"_blank\" rel=\"noreferrer noopener\">Imperial College London, Center for Psychedelic Research<\/a><br><a href=\"https:\/\/medicine.yale.edu\/psychiatry\/education\/residency\/interest\/psychedelic_science_group\/\" target=\"_blank\" rel=\"noreferrer noopener\">Yale Psychedelic Science Group<\/a><br><a href=\"https:\/\/psychedelics.berkeley.edu\/\" target=\"_blank\" rel=\"noreferrer noopener\">UC Berkeley Center for the Science of Psychedelics<\/a><br><a href=\"https:\/\/med.nyu.edu\/departments-institutes\/psychiatry\/research\/center-psychedelic-medicine\" target=\"_blank\" rel=\"noreferrer noopener\">NYU Langone Center for Psychedelic Medicine<\/a><br><a href=\"https:\/\/www.columbiapsychiatry.org\/news\/topics\/mental-health\/psychedelics\" target=\"_blank\" rel=\"noreferrer noopener\">Columbia University Department of Psychiatry<\/a><\/p><div class=\"wp-block-uagb-advanced-heading uagb-block-ae6585af\"><h3 class=\"uagb-heading-text\">Organisationen, die sich f\u00fcr Substanzen einsetzen und dar\u00fcber aufkl\u00e4ren<\/h3><\/div><p class=\"has-medium-font-size\"><a href=\"https:\/\/www.erowid.org\/splash.php\" target=\"_blank\" rel=\"noreferrer noopener\">Erowid<\/a><br>\n  <a href=\"https:\/\/open-foundation.org\/\" target=\"_blank\" rel=\"noreferrer noopener\">Open Foundation<\/a>\n  <br>\n    <a href=\"https:\/\/www.mind-foundation.org\/\" target=\"_blank\" rel=\"noreferrer noopener\">Mind Foundation<\/a>\n    <br>\n      <a href=\"https:\/\/www.psychedelicsociety.org.au\/\" target=\"_blank\" rel=\"noreferrer noopener\">Australian Psychedelic Society<\/a>\n      <br>\n        <a href=\"https:\/\/www.drugscience.org.uk\/\" target=\"_blank\" rel=\"noreferrer noopener\">Drug Science<\/a>\n        <br>\n          <a href=\"https:\/\/blossomanalysis.com\/\" target=\"_blank\" rel=\"noreferrer noopener\">Blossom Database on Psychedelic Research<\/a>\n          <br>\n            <a href=\"https:\/\/parea.eu\/\" target=\"_blank\" rel=\"noreferrer noopener\">Psychedelic Access and Research European Alliance (PAREA)<\/a>\n          \n        \n      \n    \n  \n<\/p><div class=\"wp-block-uagb-advanced-heading uagb-block-edec5e3f\"><h3 class=\"uagb-heading-text\">Gemeinschaften &amp; Psychonaut-Initiativen<\/h3><\/div><p class=\"has-medium-font-size\"><a href=\"https:\/\/www.heroicheartsuk.com\/testimonials\" target=\"_blank\" rel=\"noreferrer noopener\">Heroic Hearts\u2028<\/a><br>\n  <a href=\"https:\/\/m.psychonautwiki.org\/wiki\/Main_Page\" target=\"_blank\" rel=\"noreferrer noopener\">Psychonaut Wiki<\/a>\n  <br>\n    <a href=\"https:\/\/www.bluelight.org\/community\/forums\/\" target=\"_blank\" rel=\"noreferrer noopener\">Bluelight Community<\/a>\n    <br>\n      <a href=\"https:\/\/www.shroomery.org\/\" target=\"_blank\" rel=\"noreferrer noopener\">Shroomery<\/a>\n      <br>\n        <a href=\"https:\/\/doubleblindmag.com\/\" target=\"_blank\" rel=\"noreferrer noopener\">Double Blind Magazine<\/a>\n      \n    \n  \n<\/p>\t\t\t\t\t\t\t\t<\/div>\n\t\t\t\t<\/div>\n\t\t\t\t\t<\/div>\n\t\t\t\t<\/div>\n\t\t\t\t<\/div>\n\t\t","protected":false},"excerpt":{"rendered":"<p>RECHT UND GESCHICHTE Rechtlicher Status und psychedelische Substanzen Nach dem Verbot von nicht genehmigten Aktivit\u00e4ten mit psychedelischen Substanzen, die in den 1970er bis 1980er Jahren als &#8222;kontrollierte Drogen&#8220; bezeichnet wurden, war die Erforschung der wahrgenommenen Risiken und Vorteile des Konsums von psychedelischen Substanzen wie LSD, Psilocybin und MDMA (allgemein als &#8222;Ecstasy&#8220; bekannt) gelinde gesagt m\u00fchsam. [&hellip;]<\/p>\n","protected":false},"author":8,"featured_media":0,"parent":0,"menu_order":0,"comment_status":"closed","ping_status":"closed","template":"","meta":{"footnotes":""},"class_list":["post-11005","page","type-page","status-publish","hentry"],"_links":{"self":[{"href":"https:\/\/psychedelicare.eu\/de\/wp-json\/wp\/v2\/pages\/11005","targetHints":{"allow":["GET"]}}],"collection":[{"href":"https:\/\/psychedelicare.eu\/de\/wp-json\/wp\/v2\/pages"}],"about":[{"href":"https:\/\/psychedelicare.eu\/de\/wp-json\/wp\/v2\/types\/page"}],"author":[{"embeddable":true,"href":"https:\/\/psychedelicare.eu\/de\/wp-json\/wp\/v2\/users\/8"}],"replies":[{"embeddable":true,"href":"https:\/\/psychedelicare.eu\/de\/wp-json\/wp\/v2\/comments?post=11005"}],"version-history":[{"count":6,"href":"https:\/\/psychedelicare.eu\/de\/wp-json\/wp\/v2\/pages\/11005\/revisions"}],"predecessor-version":[{"id":14293,"href":"https:\/\/psychedelicare.eu\/de\/wp-json\/wp\/v2\/pages\/11005\/revisions\/14293"}],"wp:attachment":[{"href":"https:\/\/psychedelicare.eu\/de\/wp-json\/wp\/v2\/media?parent=11005"}],"curies":[{"name":"wp","href":"https:\/\/api.w.org\/{rel}","templated":true}]}}