{"id":11522,"date":"2025-09-24T15:00:22","date_gmt":"2025-09-24T16:00:22","guid":{"rendered":"https:\/\/www.psychedelicare.eu\/spenden\/"},"modified":"2025-09-30T13:28:00","modified_gmt":"2025-09-30T14:28:00","slug":"donate","status":"publish","type":"page","link":"https:\/\/psychedelicare.eu\/de\/donate\/","title":{"rendered":"Spenden Sie"},"content":{"rendered":"\t\t<div data-elementor-type=\"wp-page\" data-elementor-id=\"11522\" class=\"elementor elementor-11522 elementor-11509\" data-elementor-post-type=\"page\">\n\t\t\t\t<div class=\"elementor-element elementor-element-ee3c2ee e-flex e-con-boxed e-con e-parent\" data-id=\"ee3c2ee\" data-element_type=\"container\">\n\t\t\t\t\t<div class=\"e-con-inner\">\n\t\t<div class=\"elementor-element elementor-element-a0ef854 e-con-full e-flex e-con e-child\" data-id=\"a0ef854\" data-element_type=\"container\">\n\t\t\t\t<div class=\"elementor-element elementor-element-573db51 elementor-widget-mobile__width-initial elementor-widget elementor-widget-heading\" data-id=\"573db51\" data-element_type=\"widget\" data-widget_type=\"heading.default\">\n\t\t\t\t<div class=\"elementor-widget-container\">\n\t\t\t\t\t<h2 class=\"elementor-heading-title elementor-size-default\">SPENDEN SIE F\u00dcR DIE INITIATIVE<\/h2>\t\t\t\t<\/div>\n\t\t\t\t<\/div>\n\t\t\t\t<div class=\"elementor-element elementor-element-5ad31b1 elementor-widget elementor-widget-heading\" data-id=\"5ad31b1\" data-element_type=\"widget\" data-widget_type=\"heading.default\">\n\t\t\t\t<div class=\"elementor-widget-container\">\n\t\t\t\t\t<h2 class=\"elementor-heading-title elementor-size-default\">Ihre Unterst\u00fctzung ist wichtig!<\/h2>\t\t\t\t<\/div>\n\t\t\t\t<\/div>\n\t\t\t\t<div class=\"elementor-element elementor-element-3da318a elementor-widget elementor-widget-text-editor\" data-id=\"3da318a\" data-element_type=\"widget\" data-widget_type=\"text-editor.default\">\n\t\t\t\t<div class=\"elementor-widget-container\">\n\t\t\t\t\t\t\t\t\t<p>Unterst\u00fctzen Sie unsere Initiative durch Ihre Spende und helfen Sie uns, das Bewusstsein f\u00fcr die Vorteile der psychedelisch unterst\u00fctzten Therapie zu sch\u00e4rfen, die Krise der psychischen Gesundheit in Europa anzugehen und eine demokratische B\u00fcrgerbewegung anzusto\u00dfen.<\/p><p>Ihre Spende hilft uns vor allem in zweierlei Hinsicht: beim Druck von Kommunikationsmitteln wie Flyern und anderen Materialien, um das Bewusstsein f\u00fcr die Initiative zu sch\u00e4rfen, und bei der Organisation von unterst\u00fctzenden Veranstaltungen und Aktivit\u00e4ten.  <\/p><p>F\u00fcr uns sind Spenden per SEPA-Lastschrift oder SEPA-\u00dcberweisung am vorteilhaftesten, weil sie kommerzielle Zahlungsabwickler und deren Geb\u00fchren umgehen.<\/p>\t\t\t\t\t\t\t\t<\/div>\n\t\t\t\t<\/div>\n\t\t\t\t<\/div>\n\t\t\t\t\t<\/div>\n\t\t\t\t<\/div>\n\t\t<div class=\"elementor-element elementor-element-f253128 e-flex e-con-boxed e-con e-parent\" data-id=\"f253128\" data-element_type=\"container\">\n\t\t\t\t\t<div class=\"e-con-inner\">\n\t\t\t\t<div class=\"elementor-element elementor-element-5dffdfb elementor-widget elementor-widget-shortcode\" data-id=\"5dffdfb\" data-element_type=\"widget\" data-widget_type=\"shortcode.default\">\n\t\t\t\t<div class=\"elementor-widget-container\">\n\t\t\t\t\t\t\t<div class=\"elementor-shortcode\"><script type=\"text\/javascript\">\n            (function() {\n                var u=\"https:\/\/spenden.twingle.de\/embed\/genericorganisation\/genericproject\/tw66bb695836805\/widget\";\n                var id = '_' + Math.random().toString(36).substr(2, 9);\n                var d=document, g=d.createElement('script'), s=d.getElementsByTagName('script')[0], t=d.createElement('div');\n                t.id = 'twingle-public-embed-' + id;\n                document.currentScript.after(t);\n                g.type='text\/javascript'; g.async=true; g.defer=true; g.src=u+'\/'+id; s.parentNode.insertBefore(g,s);\n            })();\n        <\/script><\/div>\n\t\t\t\t\t\t<\/div>\n\t\t\t\t<\/div>\n\t\t\t\t\t<\/div>\n\t\t\t\t<\/div>\n\t\t<div class=\"elementor-element elementor-element-8bcf504 e-flex e-con-boxed e-con e-parent\" data-id=\"8bcf504\" data-element_type=\"container\">\n\t\t\t\t\t<div class=\"e-con-inner\">\n\t\t\t\t\t<\/div>\n\t\t\t\t<\/div>\n\t\t<div class=\"elementor-element elementor-element-2fe5d7f e-flex e-con-boxed e-con e-parent\" data-id=\"2fe5d7f\" data-element_type=\"container\">\n\t\t\t\t\t<div class=\"e-con-inner\">\n\t\t<div class=\"elementor-element elementor-element-8ca603a e-con-full e-flex e-con e-child\" data-id=\"8ca603a\" data-element_type=\"container\">\n\t\t\t\t<div class=\"elementor-element elementor-element-6414b63 elementor-widget elementor-widget-text-editor\" data-id=\"6414b63\" data-element_type=\"widget\" data-widget_type=\"text-editor.default\">\n\t\t\t\t<div class=\"elementor-widget-container\">\n\t\t\t\t\t\t\t\t\t<p>Ihre Spende wird von PsychedeliCare e.V. abgewickelt, einem gemeinn\u00fctzigen Verein mit Sitz in Potsdam, Deutschland. PsychedeliCare e.V. ist von den Finanzbeh\u00f6rden als gemeinn\u00fctziger Verein anerkannt. Daher sind Spenden in Deutschland steuerlich absetzbar. Ob sie auch in anderen EU-L\u00e4ndern steuerlich absetzbar sind, h\u00e4ngt von den lokalen Bestimmungen ab, da es derzeit keine EU-weit einheitliche Regelung gibt.   <\/p><p><strong>Wenn Ihnen dieses Thema wirklich am Herzen liegt, k\u00f6nnen Sie auch <a href=\"https:\/\/psychedelicare.eu\/de\/join-the-psychedelicare-association\/\">Mitglied bei PsychedeliCare e.V. werden.<\/a><\/strong><\/p>\t\t\t\t\t\t\t\t<\/div>\n\t\t\t\t<\/div>\n\t\t\t\t<\/div>\n\t\t\t\t\t<\/div>\n\t\t\t\t<\/div>\n\t\t\t\t<\/div>\n\t\t","protected":false},"excerpt":{"rendered":"<p>SPENDEN SIE F\u00dcR DIE INITIATIVE Ihre Unterst\u00fctzung ist wichtig! Unterst\u00fctzen Sie unsere Initiative durch Ihre Spende und helfen Sie uns, das Bewusstsein f\u00fcr die Vorteile der psychedelisch unterst\u00fctzten Therapie zu sch\u00e4rfen, die Krise der psychischen Gesundheit in Europa anzugehen und eine demokratische B\u00fcrgerbewegung anzusto\u00dfen. Ihre Spende hilft uns vor allem in zweierlei Hinsicht: beim Druck [&hellip;]<\/p>\n","protected":false},"author":1,"featured_media":0,"parent":0,"menu_order":0,"comment_status":"closed","ping_status":"closed","template":"","meta":{"footnotes":""},"class_list":["post-11522","page","type-page","status-publish","hentry"],"_links":{"self":[{"href":"https:\/\/psychedelicare.eu\/de\/wp-json\/wp\/v2\/pages\/11522","targetHints":{"allow":["GET"]}}],"collection":[{"href":"https:\/\/psychedelicare.eu\/de\/wp-json\/wp\/v2\/pages"}],"about":[{"href":"https:\/\/psychedelicare.eu\/de\/wp-json\/wp\/v2\/types\/page"}],"author":[{"embeddable":true,"href":"https:\/\/psychedelicare.eu\/de\/wp-json\/wp\/v2\/users\/1"}],"replies":[{"embeddable":true,"href":"https:\/\/psychedelicare.eu\/de\/wp-json\/wp\/v2\/comments?post=11522"}],"version-history":[{"count":8,"href":"https:\/\/psychedelicare.eu\/de\/wp-json\/wp\/v2\/pages\/11522\/revisions"}],"predecessor-version":[{"id":13266,"href":"https:\/\/psychedelicare.eu\/de\/wp-json\/wp\/v2\/pages\/11522\/revisions\/13266"}],"wp:attachment":[{"href":"https:\/\/psychedelicare.eu\/de\/wp-json\/wp\/v2\/media?parent=11522"}],"curies":[{"name":"wp","href":"https:\/\/api.w.org\/{rel}","templated":true}]}}