{"id":12657,"date":"2025-09-30T10:29:59","date_gmt":"2025-09-30T11:29:59","guid":{"rendered":"https:\/\/www.psychedelicare.eu\/join-the-psychedelicare-association\/"},"modified":"2025-10-06T11:03:27","modified_gmt":"2025-10-06T12:03:27","slug":"join-the-psychedelicare-association","status":"publish","type":"page","link":"https:\/\/psychedelicare.eu\/de\/join-the-psychedelicare-association\/","title":{"rendered":"Werden Sie Mitglied der PsychedeliCare Vereinigung"},"content":{"rendered":"\t\t<div data-elementor-type=\"wp-page\" data-elementor-id=\"12657\" class=\"elementor elementor-12657 elementor-12607\" data-elementor-post-type=\"page\">\n\t\t\t\t<div class=\"elementor-element elementor-element-af7ab68 e-flex e-con-boxed e-con e-parent\" data-id=\"af7ab68\" data-element_type=\"container\">\n\t\t\t\t\t<div class=\"e-con-inner\">\n\t\t\t\t<div class=\"elementor-element elementor-element-fe2ee81 elementor-widget elementor-widget-text-editor\" data-id=\"fe2ee81\" data-element_type=\"widget\" data-widget_type=\"text-editor.default\">\n\t\t\t\t<div class=\"elementor-widget-container\">\n\t\t\t\t\t\t\t\t\t<div class=\"crm-public-form-item crm-section intro_text-section\"><p>Werden Sie Mitglied bei <strong>PsychedeliCare e.V.<\/strong>, der gemeinn\u00fctzigen Organisation hinter der <strong>Europ\u00e4ischen B\u00fcrgerinitiative (EBI) PsychedeliCare.EU<\/strong>! Indem Sie Mitglied werden, unterst\u00fctzen Sie aktiv unsere Mission, eine <strong>evidenzbasierte Reform der Drogenpolitik, Schadensbegrenzung und einen gerechten Zugang zu psychedelischen Therapien<\/strong> in Europa zu f\u00f6rdern.<\/p><h3><strong>Warum Mitglied werden?<\/strong><\/h3><ul><li><strong>Gestalten Sie die Zukunft<\/strong>: Helfen Sie mit, den politischen Wandel in der EU voranzutreiben, indem Sie unsere Lobbyarbeit unterst\u00fctzen.<\/li><li><strong>Bleiben Sie auf dem Laufenden<\/strong>: Erhalten Sie Updates zu unseren Kampagnen, Veranstaltungen und wissenschaftlichen Entwicklungen.<\/li><li><strong>Netzwerk &amp; Zusammenarbeit<\/strong>: Vernetzen Sie sich mit gleichgesinnten Personen und Organisationen im Bereich der Drogenpolitik und der psychedelischen Forschung.<\/li><li><strong>St\u00e4rken Sie unsere Stimme<\/strong>: Je mehr Mitglieder wir haben, desto gr\u00f6\u00dfer ist unser Einfluss auf die Politikgestaltung der EU.<\/li><\/ul><p><strong>Gemeinsam k\u00f6nnen wir einen rationaleren, mitf\u00fchlenderen und wissenschaftlich fundierten Ansatz f\u00fcr Psychedelika in Europa schaffen!<\/strong><\/p><p><em>F\u00fcllen Sie das untenstehende Formular aus, um noch heute mitzumachen.<\/em><\/p><p><strong>Um Ihre Mitgliedschaft zu beenden, informieren Sie den Vorstand bitte schriftlich<a href=\"mailto:info@psychedelicare.eu?subject=Resignation%20from%20PsychedeliCare%20e.V.\" data-cke-saved-href=\"mailto:info@psychedelicare.eu?subject=Resignation%20from%20PsychedeliCare%20e.V.\">(info@psychedelicare.eu)<\/a> sp\u00e4testens einen Monat vor Ende des Gesch\u00e4ftsjahres. Alle Einzelheiten entnehmen Sie bitte der <a href=\"https:\/\/psychedelicare.eu\/wp-content\/uploads\/2025\/06\/Statutes_PsychedeliCare.pdf\" data-cke-saved-href=\"https:\/\/psychedelicare.eu\/wp-content\/uploads\/2025\/06\/Statutes_PsychedeliCare.pdf\">Satzung<\/a> (Abschnitt &#8222;Beendigung der Mitgliedschaft&#8220;) <\/strong><\/p><\/div>\t\t\t\t\t\t\t\t<\/div>\n\t\t\t\t<\/div>\n\t\t\t\t<div class=\"elementor-element elementor-element-7267b56 elementor-widget elementor-widget-shortcode\" data-id=\"7267b56\" data-element_type=\"widget\" data-widget_type=\"shortcode.default\">\n\t\t\t\t<div class=\"elementor-widget-container\">\n\t\t\t\t\t\t\t<div class=\"elementor-shortcode\">[civicrm component=\"contribution\" id=\"7\"]<\/div>\n\t\t\t\t\t\t<\/div>\n\t\t\t\t<\/div>\n\t\t\t\t\t<\/div>\n\t\t\t\t<\/div>\n\t\t\t\t<\/div>\n\t\t","protected":false},"excerpt":{"rendered":"<p>Werden Sie Mitglied bei PsychedeliCare e.V., der gemeinn\u00fctzigen Organisation hinter der Europ\u00e4ischen B\u00fcrgerinitiative (EBI) PsychedeliCare.EU! Indem Sie Mitglied werden, unterst\u00fctzen Sie aktiv unsere Mission, eine evidenzbasierte Reform der Drogenpolitik, Schadensbegrenzung und einen gerechten Zugang zu psychedelischen Therapien in Europa zu f\u00f6rdern. Warum Mitglied werden? Gestalten Sie die Zukunft: Helfen Sie mit, den politischen Wandel in [&hellip;]<\/p>\n","protected":false},"author":1,"featured_media":0,"parent":0,"menu_order":0,"comment_status":"closed","ping_status":"closed","template":"","meta":{"footnotes":""},"class_list":["post-12657","page","type-page","status-publish","hentry"],"_links":{"self":[{"href":"https:\/\/psychedelicare.eu\/de\/wp-json\/wp\/v2\/pages\/12657","targetHints":{"allow":["GET"]}}],"collection":[{"href":"https:\/\/psychedelicare.eu\/de\/wp-json\/wp\/v2\/pages"}],"about":[{"href":"https:\/\/psychedelicare.eu\/de\/wp-json\/wp\/v2\/types\/page"}],"author":[{"embeddable":true,"href":"https:\/\/psychedelicare.eu\/de\/wp-json\/wp\/v2\/users\/1"}],"replies":[{"embeddable":true,"href":"https:\/\/psychedelicare.eu\/de\/wp-json\/wp\/v2\/comments?post=12657"}],"version-history":[{"count":4,"href":"https:\/\/psychedelicare.eu\/de\/wp-json\/wp\/v2\/pages\/12657\/revisions"}],"predecessor-version":[{"id":14270,"href":"https:\/\/psychedelicare.eu\/de\/wp-json\/wp\/v2\/pages\/12657\/revisions\/14270"}],"wp:attachment":[{"href":"https:\/\/psychedelicare.eu\/de\/wp-json\/wp\/v2\/media?parent=12657"}],"curies":[{"name":"wp","href":"https:\/\/api.w.org\/{rel}","templated":true}]}}