{"id":5437,"date":"2024-05-07T15:24:25","date_gmt":"2024-05-07T16:24:25","guid":{"rendered":"https:\/\/www.psychedelicare.eu\/legal\/"},"modified":"2025-10-29T09:00:39","modified_gmt":"2025-10-29T10:00:39","slug":"legal","status":"publish","type":"page","link":"https:\/\/psychedelicare.eu\/de\/legal\/","title":{"rendered":"Legal"},"content":{"rendered":"\t\t<div data-elementor-type=\"wp-page\" data-elementor-id=\"5437\" class=\"elementor elementor-5437 elementor-2530\" data-elementor-post-type=\"page\">\n\t\t\t\t<div class=\"elementor-element elementor-element-5b424d42 e-flex e-con-boxed e-con e-parent\" data-id=\"5b424d42\" data-element_type=\"container\">\n\t\t\t\t\t<div class=\"e-con-inner\">\n\t\t\t\t<div class=\"elementor-element elementor-element-4e6298e7 elementor-widget elementor-widget-heading\" data-id=\"4e6298e7\" data-element_type=\"widget\" data-widget_type=\"heading.default\">\n\t\t\t\t<div class=\"elementor-widget-container\">\n\t\t\t\t\t<h2 class=\"elementor-heading-title elementor-size-default\">LEGAL<\/h2>\t\t\t\t<\/div>\n\t\t\t\t<\/div>\n\t\t\t\t\t<\/div>\n\t\t\t\t<\/div>\n\t\t<div class=\"elementor-element elementor-element-6698f418 e-flex e-con-boxed e-con e-parent\" data-id=\"6698f418\" data-element_type=\"container\">\n\t\t\t\t\t<div class=\"e-con-inner\">\n\t\t\t\t<div class=\"elementor-element elementor-element-0ab67b8 elementor-widget elementor-widget-text-editor\" data-id=\"0ab67b8\" data-element_type=\"widget\" data-widget_type=\"text-editor.default\">\n\t\t\t\t<div class=\"elementor-widget-container\">\n\t\t\t\t\t\t\t\t\t<div><h3>Haftung f\u00fcr Inhalte<\/h3><\/div><p>gem\u00e4\u00df \u00a7 5 TMG<\/p><h2>PsychedeliCare e.V.<\/h2><p>Vorsitzender des Verwaltungsrats: Th\u00e9o Giubilei<br>Stellvertretender Vorsitzender des Verwaltungsrats: Johannes Rohr (zur\u00fcckgetreten zum 20. November 2025)<\/p><p>Registergericht: Landgericht Potsdam<br>Registernummer: VR 9731<\/p><p>Postanschrift:<br>PsychedeliCare e.V.<br>Luisenstr. 17B<br>14542 Werder (Havel)<br>Deutschland <\/p><p>E-Mail: <a href=\"mailto:info@psychedelicare.eu\">info@psychedelicare.eu<\/a><\/p><p class=\"ds-markdown-paragraph\"><strong>Design &amp; Technische Umsetzung<\/strong><br>Die Website wurde nach den Vorgaben des Kunden entwickelt, mit strategischer Beratung durch Gerhard Peilst\u00f6cker.<\/p><p class=\"ds-markdown-paragraph\"><strong><a href=\"http:\/\/it-service-peilstoecker.de\" target=\"_blank\" rel=\"noopener noreferrer\">www.it-service-peilstoecker.de<\/a><\/strong><\/p>\t\t\t\t\t\t\t\t<\/div>\n\t\t\t\t<\/div>\n\t\t\t\t\t<\/div>\n\t\t\t\t<\/div>\n\t\t\t\t<\/div>\n\t\t","protected":false},"excerpt":{"rendered":"<p>LEGAL Haftung f\u00fcr Inhalte gem\u00e4\u00df \u00a7 5 TMG PsychedeliCare e.V. Vorsitzender des Verwaltungsrats: Th\u00e9o GiubileiStellvertretender Vorsitzender des Verwaltungsrats: Johannes Rohr (zur\u00fcckgetreten zum 20. November 2025) Registergericht: Landgericht PotsdamRegisternummer: VR 9731 Postanschrift:PsychedeliCare e.V.Luisenstr. 17B14542 Werder (Havel)Deutschland E-Mail: info@psychedelicare.eu Design &amp; Technische UmsetzungDie Website wurde nach den Vorgaben des Kunden entwickelt, mit strategischer Beratung durch Gerhard Peilst\u00f6cker. [&hellip;]<\/p>\n","protected":false},"author":8,"featured_media":0,"parent":0,"menu_order":0,"comment_status":"closed","ping_status":"closed","template":"","meta":{"footnotes":""},"class_list":["post-5437","page","type-page","status-publish","hentry"],"_links":{"self":[{"href":"https:\/\/psychedelicare.eu\/de\/wp-json\/wp\/v2\/pages\/5437","targetHints":{"allow":["GET"]}}],"collection":[{"href":"https:\/\/psychedelicare.eu\/de\/wp-json\/wp\/v2\/pages"}],"about":[{"href":"https:\/\/psychedelicare.eu\/de\/wp-json\/wp\/v2\/types\/page"}],"author":[{"embeddable":true,"href":"https:\/\/psychedelicare.eu\/de\/wp-json\/wp\/v2\/users\/8"}],"replies":[{"embeddable":true,"href":"https:\/\/psychedelicare.eu\/de\/wp-json\/wp\/v2\/comments?post=5437"}],"version-history":[{"count":6,"href":"https:\/\/psychedelicare.eu\/de\/wp-json\/wp\/v2\/pages\/5437\/revisions"}],"predecessor-version":[{"id":16933,"href":"https:\/\/psychedelicare.eu\/de\/wp-json\/wp\/v2\/pages\/5437\/revisions\/16933"}],"wp:attachment":[{"href":"https:\/\/psychedelicare.eu\/de\/wp-json\/wp\/v2\/media?parent=5437"}],"curies":[{"name":"wp","href":"https:\/\/api.w.org\/{rel}","templated":true}]}}