{"id":10013,"date":"2024-05-07T15:24:25","date_gmt":"2024-05-07T16:24:25","guid":{"rendered":"https:\/\/www.psychedelicare.eu\/legal\/"},"modified":"2025-10-24T09:19:47","modified_gmt":"2025-10-24T10:19:47","slug":"legal","status":"publish","type":"page","link":"https:\/\/psychedelicare.eu\/es\/legal\/","title":{"rendered":"Legal"},"content":{"rendered":"\t\t<div data-elementor-type=\"wp-page\" data-elementor-id=\"10013\" class=\"elementor elementor-10013 elementor-2530\" data-elementor-post-type=\"page\">\n\t\t\t\t<div class=\"elementor-element elementor-element-5b424d42 e-flex e-con-boxed e-con e-parent\" data-id=\"5b424d42\" data-element_type=\"container\">\n\t\t\t\t\t<div class=\"e-con-inner\">\n\t\t\t\t<div class=\"elementor-element elementor-element-4e6298e7 elementor-widget elementor-widget-heading\" data-id=\"4e6298e7\" data-element_type=\"widget\" data-widget_type=\"heading.default\">\n\t\t\t\t<div class=\"elementor-widget-container\">\n\t\t\t\t\t<h2 class=\"elementor-heading-title elementor-size-default\">LEGAL<\/h2>\t\t\t\t<\/div>\n\t\t\t\t<\/div>\n\t\t\t\t\t<\/div>\n\t\t\t\t<\/div>\n\t\t<div class=\"elementor-element elementor-element-6698f418 e-flex e-con-boxed e-con e-parent\" data-id=\"6698f418\" data-element_type=\"container\">\n\t\t\t\t\t<div class=\"e-con-inner\">\n\t\t\t\t<div class=\"elementor-element elementor-element-0ab67b8 elementor-widget elementor-widget-text-editor\" data-id=\"0ab67b8\" data-element_type=\"widget\" data-widget_type=\"text-editor.default\">\n\t\t\t\t<div class=\"elementor-widget-container\">\n\t\t\t\t\t\t\t\t\t<div><h3>Responsabilidad por el contenido<\/h3><\/div><p>de acuerdo con el \u00a7 5 TMG<\/p><h2>PsychedeliCare e.V.<\/h2><p>Presidente del Consejo: Th\u00e9o Giubilei<br>Vicepresidente del Consejo: Johannes Rohr (dimiti\u00f3 el 20 de noviembre de 2025)<\/p><p>Tribunal de registro: Tribunal del distrito de Potsdam<br>N\u00famero de registro: VR 9731<\/p><p>Direcci\u00f3n postal:<br>PsychedeliCare e.V.<br>Luisenstr. 17B<br>14542 Werder (Havel)<br>Alemania <\/p><p>Correo electr\u00f3nico: <a href=\"mailto:info@psychedelicare.eu\">info@psychedelicare.eu<\/a><\/p><p class=\"ds-markdown-paragraph\"><strong>Dise\u00f1o e implementaci\u00f3n t\u00e9cnica<\/strong><br>P\u00e1gina web desarrollada seg\u00fan las especificaciones del cliente, con el apoyo de Gerhard Peilst\u00f6cker en consultor\u00eda estrat\u00e9gica.<\/p><p class=\"ds-markdown-paragraph\"><strong><a href=\"http:\/\/it-service-peilstoecker.de\" target=\"_blank\" rel=\"noopener noreferrer\">www.it-service-peilstoecker.de<\/a><\/strong><\/p>\t\t\t\t\t\t\t\t<\/div>\n\t\t\t\t<\/div>\n\t\t\t\t\t<\/div>\n\t\t\t\t<\/div>\n\t\t\t\t<\/div>\n\t\t","protected":false},"excerpt":{"rendered":"<p>LEGAL Responsabilidad por el contenido de acuerdo con el \u00a7 5 TMG PsychedeliCare e.V. Presidente del Consejo: Th\u00e9o GiubileiVicepresidente del Consejo: Johannes Rohr (dimiti\u00f3 el 20 de noviembre de 2025) Tribunal de registro: Tribunal del distrito de PotsdamN\u00famero de registro: VR 9731 Direcci\u00f3n postal:PsychedeliCare e.V.Luisenstr. 17B14542 Werder (Havel)Alemania Correo electr\u00f3nico: info@psychedelicare.eu Dise\u00f1o e implementaci\u00f3n t\u00e9cnicaP\u00e1gina [&hellip;]<\/p>\n","protected":false},"author":8,"featured_media":0,"parent":0,"menu_order":0,"comment_status":"closed","ping_status":"closed","template":"","meta":{"footnotes":""},"class_list":["post-10013","page","type-page","status-publish","hentry"],"_links":{"self":[{"href":"https:\/\/psychedelicare.eu\/es\/wp-json\/wp\/v2\/pages\/10013","targetHints":{"allow":["GET"]}}],"collection":[{"href":"https:\/\/psychedelicare.eu\/es\/wp-json\/wp\/v2\/pages"}],"about":[{"href":"https:\/\/psychedelicare.eu\/es\/wp-json\/wp\/v2\/types\/page"}],"author":[{"embeddable":true,"href":"https:\/\/psychedelicare.eu\/es\/wp-json\/wp\/v2\/users\/8"}],"replies":[{"embeddable":true,"href":"https:\/\/psychedelicare.eu\/es\/wp-json\/wp\/v2\/comments?post=10013"}],"version-history":[{"count":2,"href":"https:\/\/psychedelicare.eu\/es\/wp-json\/wp\/v2\/pages\/10013\/revisions"}],"predecessor-version":[{"id":16871,"href":"https:\/\/psychedelicare.eu\/es\/wp-json\/wp\/v2\/pages\/10013\/revisions\/16871"}],"wp:attachment":[{"href":"https:\/\/psychedelicare.eu\/es\/wp-json\/wp\/v2\/media?parent=10013"}],"curies":[{"name":"wp","href":"https:\/\/api.w.org\/{rel}","templated":true}]}}