{"id":10144,"date":"2023-08-26T06:52:46","date_gmt":"2023-08-26T07:52:46","guid":{"rendered":"https:\/\/www.psychedelicare.eu\/politica-de-privacidad\/"},"modified":"2025-09-19T19:28:05","modified_gmt":"2025-09-19T20:28:05","slug":"politica-de-privacidad","status":"publish","type":"page","link":"https:\/\/psychedelicare.eu\/es\/politica-de-privacidad\/","title":{"rendered":"Pol\u00edtica de privacidad"},"content":{"rendered":"\t\t<div data-elementor-type=\"wp-page\" data-elementor-id=\"10144\" class=\"elementor elementor-10144 elementor-1413\" data-elementor-post-type=\"page\">\n\t\t\t\t<div class=\"elementor-element elementor-element-1da536a9 e-flex e-con-boxed e-con e-parent\" data-id=\"1da536a9\" data-element_type=\"container\">\n\t\t\t\t\t<div class=\"e-con-inner\">\n\t\t\t\t<div class=\"elementor-element elementor-element-4f5ad5a3 elementor-widget elementor-widget-heading\" data-id=\"4f5ad5a3\" data-element_type=\"widget\" data-widget_type=\"heading.default\">\n\t\t\t\t<div class=\"elementor-widget-container\">\n\t\t\t\t\t<h2 class=\"elementor-heading-title elementor-size-default\">POL\u00cdTICA DE PRIVACIDAD<\/h2>\t\t\t\t<\/div>\n\t\t\t\t<\/div>\n\t\t\t\t\t<\/div>\n\t\t\t\t<\/div>\n\t\t<div class=\"elementor-element elementor-element-052287f e-flex e-con-boxed e-con e-parent\" data-id=\"052287f\" data-element_type=\"container\">\n\t\t\t\t\t<div class=\"e-con-inner\">\n\t\t\t\t<div class=\"elementor-element elementor-element-fb64b53 elementor-widget elementor-widget-text-editor\" data-id=\"fb64b53\" data-element_type=\"widget\" data-widget_type=\"text-editor.default\">\n\t\t\t\t<div class=\"elementor-widget-container\">\n\t\t\t\t\t\t\t\t\t<div><div><h3>Introducci\u00f3n<\/h3><\/div><p>Esta Pol\u00edtica de Privacidad explica c\u00f3mo psychedelicare.eu recoge, utiliza y protege los datos personales que nos proporcionas a trav\u00e9s de nuestro formulario de contacto. Nos comprometemos a salvaguardar tu privacidad y a cumplir las leyes de protecci\u00f3n de datos aplicables, incluido el Reglamento General de Protecci\u00f3n de Datos (RGPD). <\/p><\/div><div><div><h3>C\u00f3mo utilizamos tus datos personales<\/h3><\/div><p>Utilizamos los datos personales que nos proporcionas a trav\u00e9s del formulario de contacto con el fin de ponernos en contacto contigo y responder a tu consulta o dudas. No los utilizamos con fines comerciales u otras actividades de marketing sin tu consentimiento expl\u00edcito. <\/p><h3>Consentimiento<\/h3><\/div><div><p>Al utilizar nuestro formulario de contacto y facilitarnos tus datos personales, das tu consentimiento para que los utilicemos para los fines indicados en esta Pol\u00edtica de privacidad.<\/p><\/div><div><div><h3>Compartir datos personales<\/h3><\/div><p>No compartimos tus datos personales con terceros a menos que sea necesario para responder a tu solicitud o si estamos legalmente obligados a hacerlo.<\/p><\/div><div><div><h3>Seguridad de los datos<\/h3><\/div><p>Tomamos medidas razonables para proteger tus datos personales de usos no autorizados, p\u00e9rdida, acceso, divulgaci\u00f3n, alteraci\u00f3n o destrucci\u00f3n. Sin embargo, ten en cuenta que la seguridad de la informaci\u00f3n transmitida por Internet no puede garantizarse al 100%. <\/p><\/div><div><div><h3>Tus derechos<\/h3><\/div><p>De acuerdo con el GDPR, tienes derecho a acceder, rectificar, suprimir u oponerte al tratamiento de tus datos personales. Si deseas ejercer alguno de estos derechos, ponte en contacto con nosotros en info@psychedelicare.eu. Responderemos a tu solicitud dentro de los plazos exigidos por la ley.  <\/p><\/div><div><div><h3>Cambios en la Pol\u00edtica de Privacidad<\/h3><\/div><p>Nos reservamos el derecho a actualizar esta Pol\u00edtica de Privacidad en cualquier momento. Los cambios se publicar\u00e1n en esta p\u00e1gina, y la fecha de la \u00faltima actualizaci\u00f3n se indicar\u00e1 en la parte superior de la misma. <\/p><\/div><div><div><h3>Contacta con nosotros<\/h3><\/div><p>Si tienes alguna pregunta o duda sobre nuestra Pol\u00edtica de Privacidad, ponte en contacto con nosotros en la siguiente direcci\u00f3n de correo electr\u00f3nico: info@psychedelicare.eu<\/p><\/div>\t\t\t\t\t\t\t\t<\/div>\n\t\t\t\t<\/div>\n\t\t\t\t\t<\/div>\n\t\t\t\t<\/div>\n\t\t\t\t<\/div>\n\t\t","protected":false},"excerpt":{"rendered":"<p>POL\u00cdTICA DE PRIVACIDAD Introducci\u00f3n Esta Pol\u00edtica de Privacidad explica c\u00f3mo psychedelicare.eu recoge, utiliza y protege los datos personales que nos proporcionas a trav\u00e9s de nuestro formulario de contacto. Nos comprometemos a salvaguardar tu privacidad y a cumplir las leyes de protecci\u00f3n de datos aplicables, incluido el Reglamento General de Protecci\u00f3n de Datos (RGPD). C\u00f3mo utilizamos [&hellip;]<\/p>\n","protected":false},"author":4,"featured_media":0,"parent":0,"menu_order":0,"comment_status":"closed","ping_status":"closed","template":"","meta":{"footnotes":""},"class_list":["post-10144","page","type-page","status-publish","hentry"],"_links":{"self":[{"href":"https:\/\/psychedelicare.eu\/es\/wp-json\/wp\/v2\/pages\/10144","targetHints":{"allow":["GET"]}}],"collection":[{"href":"https:\/\/psychedelicare.eu\/es\/wp-json\/wp\/v2\/pages"}],"about":[{"href":"https:\/\/psychedelicare.eu\/es\/wp-json\/wp\/v2\/types\/page"}],"author":[{"embeddable":true,"href":"https:\/\/psychedelicare.eu\/es\/wp-json\/wp\/v2\/users\/4"}],"replies":[{"embeddable":true,"href":"https:\/\/psychedelicare.eu\/es\/wp-json\/wp\/v2\/comments?post=10144"}],"version-history":[{"count":1,"href":"https:\/\/psychedelicare.eu\/es\/wp-json\/wp\/v2\/pages\/10144\/revisions"}],"predecessor-version":[{"id":10145,"href":"https:\/\/psychedelicare.eu\/es\/wp-json\/wp\/v2\/pages\/10144\/revisions\/10145"}],"wp:attachment":[{"href":"https:\/\/psychedelicare.eu\/es\/wp-json\/wp\/v2\/media?parent=10144"}],"curies":[{"name":"wp","href":"https:\/\/api.w.org\/{rel}","templated":true}]}}