{"id":11530,"date":"2025-09-24T15:00:22","date_gmt":"2025-09-24T16:00:22","guid":{"rendered":"https:\/\/www.psychedelicare.eu\/dona\/"},"modified":"2025-09-30T13:27:54","modified_gmt":"2025-09-30T14:27:54","slug":"donate","status":"publish","type":"page","link":"https:\/\/psychedelicare.eu\/es\/donate\/","title":{"rendered":"Dona"},"content":{"rendered":"\t\t<div data-elementor-type=\"wp-page\" data-elementor-id=\"11530\" class=\"elementor elementor-11530 elementor-11509\" data-elementor-post-type=\"page\">\n\t\t\t\t<div class=\"elementor-element elementor-element-ee3c2ee e-flex e-con-boxed e-con e-parent\" data-id=\"ee3c2ee\" data-element_type=\"container\">\n\t\t\t\t\t<div class=\"e-con-inner\">\n\t\t<div class=\"elementor-element elementor-element-a0ef854 e-con-full e-flex e-con e-child\" data-id=\"a0ef854\" data-element_type=\"container\">\n\t\t\t\t<div class=\"elementor-element elementor-element-573db51 elementor-widget-mobile__width-initial elementor-widget elementor-widget-heading\" data-id=\"573db51\" data-element_type=\"widget\" data-widget_type=\"heading.default\">\n\t\t\t\t<div class=\"elementor-widget-container\">\n\t\t\t\t\t<h2 class=\"elementor-heading-title elementor-size-default\">DONA A LA INICIATIVA<\/h2>\t\t\t\t<\/div>\n\t\t\t\t<\/div>\n\t\t\t\t<div class=\"elementor-element elementor-element-5ad31b1 elementor-widget elementor-widget-heading\" data-id=\"5ad31b1\" data-element_type=\"widget\" data-widget_type=\"heading.default\">\n\t\t\t\t<div class=\"elementor-widget-container\">\n\t\t\t\t\t<h2 class=\"elementor-heading-title elementor-size-default\">\u00a1Tu apoyo importa!<\/h2>\t\t\t\t<\/div>\n\t\t\t\t<\/div>\n\t\t\t\t<div class=\"elementor-element elementor-element-3da318a elementor-widget elementor-widget-text-editor\" data-id=\"3da318a\" data-element_type=\"widget\" data-widget_type=\"text-editor.default\">\n\t\t\t\t<div class=\"elementor-widget-container\">\n\t\t\t\t\t\t\t\t\t<p>Apoya nuestra iniciativa mediante tu donaci\u00f3n ben\u00e9fica y ay\u00fadanos a concienciar sobre los beneficios de la Terapia Asistida con Psicod\u00e9licos, a abordar la crisis de salud mental en Europa y a impulsar un movimiento ciudadano democr\u00e1tico.<\/p><p>Tu donativo puede ayudarnos principalmente de dos maneras: a imprimir recursos de comunicaci\u00f3n como folletos y otros materiales para aumentar la sensibilizaci\u00f3n sobre la iniciativa y a organizar actos y actividades de apoyo.  <\/p><p>Para nosotros, los donativos mediante adeudo directo SEPA o transferencia bancaria SEPA son los m\u00e1s beneficiosos porque evitan los procesadores de pagos comerciales y sus comisiones.<\/p>\t\t\t\t\t\t\t\t<\/div>\n\t\t\t\t<\/div>\n\t\t\t\t<\/div>\n\t\t\t\t\t<\/div>\n\t\t\t\t<\/div>\n\t\t<div class=\"elementor-element elementor-element-f253128 e-flex e-con-boxed e-con e-parent\" data-id=\"f253128\" data-element_type=\"container\">\n\t\t\t\t\t<div class=\"e-con-inner\">\n\t\t\t\t<div class=\"elementor-element elementor-element-5dffdfb elementor-widget elementor-widget-shortcode\" data-id=\"5dffdfb\" data-element_type=\"widget\" data-widget_type=\"shortcode.default\">\n\t\t\t\t<div class=\"elementor-widget-container\">\n\t\t\t\t\t\t\t<div class=\"elementor-shortcode\"><script type=\"text\/javascript\">\n            (function() {\n                var u=\"https:\/\/spenden.twingle.de\/embed\/genericorganisation\/genericproject\/tw66bb695836805\/widget\";\n                var id = '_' + Math.random().toString(36).substr(2, 9);\n                var d=document, g=d.createElement('script'), s=d.getElementsByTagName('script')[0], t=d.createElement('div');\n                t.id = 'twingle-public-embed-' + id;\n                document.currentScript.after(t);\n                g.type='text\/javascript'; g.async=true; g.defer=true; g.src=u+'\/'+id; s.parentNode.insertBefore(g,s);\n            })();\n        <\/script><\/div>\n\t\t\t\t\t\t<\/div>\n\t\t\t\t<\/div>\n\t\t\t\t\t<\/div>\n\t\t\t\t<\/div>\n\t\t<div class=\"elementor-element elementor-element-8bcf504 e-flex e-con-boxed e-con e-parent\" data-id=\"8bcf504\" data-element_type=\"container\">\n\t\t\t\t\t<div class=\"e-con-inner\">\n\t\t\t\t\t<\/div>\n\t\t\t\t<\/div>\n\t\t<div class=\"elementor-element elementor-element-2fe5d7f e-flex e-con-boxed e-con e-parent\" data-id=\"2fe5d7f\" data-element_type=\"container\">\n\t\t\t\t\t<div class=\"e-con-inner\">\n\t\t<div class=\"elementor-element elementor-element-8ca603a e-con-full e-flex e-con e-child\" data-id=\"8ca603a\" data-element_type=\"container\">\n\t\t\t\t<div class=\"elementor-element elementor-element-6414b63 elementor-widget elementor-widget-text-editor\" data-id=\"6414b63\" data-element_type=\"widget\" data-widget_type=\"text-editor.default\">\n\t\t\t\t<div class=\"elementor-widget-container\">\n\t\t\t\t\t\t\t\t\t<p>Tu donaci\u00f3n es gestionada por PsychedeliCare e.V., una asociaci\u00f3n sin \u00e1nimo de lucro registrada en Potsdam, Alemania. PsychedeliCare e.V. est\u00e1 reconocida por las autoridades fiscales como asociaci\u00f3n ben\u00e9fica. Por lo tanto, los donativos son deducibles de impuestos en Alemania. Que tambi\u00e9n sean desgravables en otros pa\u00edses de la UE depende de la normativa local, porque actualmente no existe una normativa unificada para toda la UE.   <\/p><p><strong>Si realmente te apasiona este tema, tambi\u00e9n puedes <a href=\"https:\/\/psychedelicare.eu\/es\/join-the-psychedelicare-association\/\">hacerte miembro de PsychedeliCare e.V.<\/a><\/strong><\/p>\t\t\t\t\t\t\t\t<\/div>\n\t\t\t\t<\/div>\n\t\t\t\t<\/div>\n\t\t\t\t\t<\/div>\n\t\t\t\t<\/div>\n\t\t\t\t<\/div>\n\t\t","protected":false},"excerpt":{"rendered":"<p>DONA A LA INICIATIVA \u00a1Tu apoyo importa! Apoya nuestra iniciativa mediante tu donaci\u00f3n ben\u00e9fica y ay\u00fadanos a concienciar sobre los beneficios de la Terapia Asistida con Psicod\u00e9licos, a abordar la crisis de salud mental en Europa y a impulsar un movimiento ciudadano democr\u00e1tico. Tu donativo puede ayudarnos principalmente de dos maneras: a imprimir recursos de [&hellip;]<\/p>\n","protected":false},"author":1,"featured_media":0,"parent":0,"menu_order":0,"comment_status":"closed","ping_status":"closed","template":"","meta":{"footnotes":""},"class_list":["post-11530","page","type-page","status-publish","hentry"],"_links":{"self":[{"href":"https:\/\/psychedelicare.eu\/es\/wp-json\/wp\/v2\/pages\/11530","targetHints":{"allow":["GET"]}}],"collection":[{"href":"https:\/\/psychedelicare.eu\/es\/wp-json\/wp\/v2\/pages"}],"about":[{"href":"https:\/\/psychedelicare.eu\/es\/wp-json\/wp\/v2\/types\/page"}],"author":[{"embeddable":true,"href":"https:\/\/psychedelicare.eu\/es\/wp-json\/wp\/v2\/users\/1"}],"replies":[{"embeddable":true,"href":"https:\/\/psychedelicare.eu\/es\/wp-json\/wp\/v2\/comments?post=11530"}],"version-history":[{"count":5,"href":"https:\/\/psychedelicare.eu\/es\/wp-json\/wp\/v2\/pages\/11530\/revisions"}],"predecessor-version":[{"id":13260,"href":"https:\/\/psychedelicare.eu\/es\/wp-json\/wp\/v2\/pages\/11530\/revisions\/13260"}],"wp:attachment":[{"href":"https:\/\/psychedelicare.eu\/es\/wp-json\/wp\/v2\/media?parent=11530"}],"curies":[{"name":"wp","href":"https:\/\/api.w.org\/{rel}","templated":true}]}}