{"id":12645,"date":"2025-09-30T10:29:59","date_gmt":"2025-09-30T11:29:59","guid":{"rendered":"https:\/\/www.psychedelicare.eu\/join-the-psychedelicare-association\/"},"modified":"2025-10-06T11:02:56","modified_gmt":"2025-10-06T12:02:56","slug":"join-the-psychedelicare-association","status":"publish","type":"page","link":"https:\/\/psychedelicare.eu\/es\/join-the-psychedelicare-association\/","title":{"rendered":"\u00danete a la asociaci\u00f3n PsychedeliCare"},"content":{"rendered":"\t\t<div data-elementor-type=\"wp-page\" data-elementor-id=\"12645\" class=\"elementor elementor-12645 elementor-12607\" data-elementor-post-type=\"page\">\n\t\t\t\t<div class=\"elementor-element elementor-element-af7ab68 e-flex e-con-boxed e-con e-parent\" data-id=\"af7ab68\" data-element_type=\"container\">\n\t\t\t\t\t<div class=\"e-con-inner\">\n\t\t\t\t<div class=\"elementor-element elementor-element-fe2ee81 elementor-widget elementor-widget-text-editor\" data-id=\"fe2ee81\" data-element_type=\"widget\" data-widget_type=\"text-editor.default\">\n\t\t\t\t<div class=\"elementor-widget-container\">\n\t\t\t\t\t\t\t\t\t<div class=\"crm-public-form-item crm-section intro_text-section\"><p>\u00a1\u00danete a <strong>PsychedeliCare e.V.<\/strong>, la organizaci\u00f3n sin \u00e1nimo de lucro que est\u00e1 detr\u00e1s de la <strong>Iniciativa Ciudadana Europea (ICE) PsychedeliCare.EU<\/strong>! Al hacerte miembro, apoyas activamente nuestra misi\u00f3n de promover <strong>la reforma de la pol\u00edtica de drogas basada en pruebas, la reducci\u00f3n de da\u00f1os y el acceso equitativo a las terapias psicod\u00e9licas<\/strong> en Europa.<\/p><h3><strong>\u00bfPor qu\u00e9 afiliarse?<\/strong><\/h3><ul><li><strong>Moldea el futuro<\/strong>: Ayuda a impulsar el cambio pol\u00edtico en la UE apoyando nuestra labor de defensa.<\/li><li><strong>Mantente informado<\/strong>: Recibe informaci\u00f3n actualizada sobre nuestras campa\u00f1as, eventos y avances cient\u00edficos.<\/li><li><strong>Con\u00e9ctate y colabora<\/strong>: Con\u00e9ctate con personas y organizaciones afines en el campo de la pol\u00edtica de drogas y la investigaci\u00f3n psicod\u00e9lica.<\/li><li><strong>Fortalecer nuestra voz<\/strong>: Cuantos m\u00e1s miembros tengamos, mayor ser\u00e1 nuestra influencia en la elaboraci\u00f3n de las pol\u00edticas de la UE.<\/li><\/ul><p><strong>Juntos, \u00a1podemos crear un enfoque m\u00e1s racional, compasivo y basado en la ciencia respecto a los psicod\u00e9licos en Europa!<\/strong><\/p><p><em>Rellena el siguiente formulario para unirte a nosotros hoy mismo.<\/em><\/p><p><strong>Para darte de baja, notif\u00edcalo por escrito a la junta directiva<a href=\"mailto:info@psychedelicare.eu?subject=Resignation%20from%20PsychedeliCare%20e.V.\" data-cke-saved-href=\"mailto:info@psychedelicare.eu?subject=Resignation%20from%20PsychedeliCare%20e.V.\">(info@psychedelicare.eu)<\/a> a m\u00e1s tardar un mes antes de que finalice el a\u00f1o fiscal. Para m\u00e1s informaci\u00f3n, consulta los <a href=\"https:\/\/psychedelicare.eu\/wp-content\/uploads\/2025\/06\/Statutes_PsychedeliCare.pdf\" data-cke-saved-href=\"https:\/\/psychedelicare.eu\/wp-content\/uploads\/2025\/06\/Statutes_PsychedeliCare.pdf\">estatutos<\/a> (secci\u00f3n \u00abBaja de afiliaci\u00f3n\u00bb). <\/strong><\/p><\/div>\t\t\t\t\t\t\t\t<\/div>\n\t\t\t\t<\/div>\n\t\t\t\t<div class=\"elementor-element elementor-element-7267b56 elementor-widget elementor-widget-shortcode\" data-id=\"7267b56\" data-element_type=\"widget\" data-widget_type=\"shortcode.default\">\n\t\t\t\t<div class=\"elementor-widget-container\">\n\t\t\t\t\t\t\t<div class=\"elementor-shortcode\">[civicrm component=\"contribution\" id=\"7\"]<\/div>\n\t\t\t\t\t\t<\/div>\n\t\t\t\t<\/div>\n\t\t\t\t\t<\/div>\n\t\t\t\t<\/div>\n\t\t\t\t<\/div>\n\t\t","protected":false},"excerpt":{"rendered":"<p>\u00a1\u00danete a PsychedeliCare e.V., la organizaci\u00f3n sin \u00e1nimo de lucro que est\u00e1 detr\u00e1s de la Iniciativa Ciudadana Europea (ICE) PsychedeliCare.EU! Al hacerte miembro, apoyas activamente nuestra misi\u00f3n de promover la reforma de la pol\u00edtica de drogas basada en pruebas, la reducci\u00f3n de da\u00f1os y el acceso equitativo a las terapias psicod\u00e9licas en Europa. \u00bfPor qu\u00e9 [&hellip;]<\/p>\n","protected":false},"author":1,"featured_media":0,"parent":0,"menu_order":0,"comment_status":"closed","ping_status":"closed","template":"","meta":{"footnotes":""},"class_list":["post-12645","page","type-page","status-publish","hentry"],"_links":{"self":[{"href":"https:\/\/psychedelicare.eu\/es\/wp-json\/wp\/v2\/pages\/12645","targetHints":{"allow":["GET"]}}],"collection":[{"href":"https:\/\/psychedelicare.eu\/es\/wp-json\/wp\/v2\/pages"}],"about":[{"href":"https:\/\/psychedelicare.eu\/es\/wp-json\/wp\/v2\/types\/page"}],"author":[{"embeddable":true,"href":"https:\/\/psychedelicare.eu\/es\/wp-json\/wp\/v2\/users\/1"}],"replies":[{"embeddable":true,"href":"https:\/\/psychedelicare.eu\/es\/wp-json\/wp\/v2\/comments?post=12645"}],"version-history":[{"count":4,"href":"https:\/\/psychedelicare.eu\/es\/wp-json\/wp\/v2\/pages\/12645\/revisions"}],"predecessor-version":[{"id":14282,"href":"https:\/\/psychedelicare.eu\/es\/wp-json\/wp\/v2\/pages\/12645\/revisions\/14282"}],"wp:attachment":[{"href":"https:\/\/psychedelicare.eu\/es\/wp-json\/wp\/v2\/media?parent=12645"}],"curies":[{"name":"wp","href":"https:\/\/api.w.org\/{rel}","templated":true}]}}