{"id":10198,"date":"2024-12-13T10:09:21","date_gmt":"2024-12-13T11:09:21","guid":{"rendered":"https:\/\/www.psychedelicare.eu\/raisons\/"},"modified":"2025-10-15T18:01:07","modified_gmt":"2025-10-15T19:01:07","slug":"raisons","status":"publish","type":"page","link":"https:\/\/psychedelicare.eu\/fr\/raisons\/","title":{"rendered":"Arguments"},"content":{"rendered":"\t\t<div data-elementor-type=\"wp-page\" data-elementor-id=\"10198\" class=\"elementor elementor-10198 elementor-5686\" data-elementor-post-type=\"page\">\n\t\t\t\t<div class=\"elementor-element elementor-element-3fede2b e-flex e-con-boxed e-con e-parent\" data-id=\"3fede2b\" data-element_type=\"container\">\n\t\t\t\t\t<div class=\"e-con-inner\">\n\t\t\t\t<div class=\"elementor-element elementor-element-56f7166 elementor-widget elementor-widget-heading\" data-id=\"56f7166\" data-element_type=\"widget\" data-widget_type=\"heading.default\">\n\t\t\t\t<div class=\"elementor-widget-container\">\n\t\t\t\t\t<h2 class=\"elementor-heading-title elementor-size-default\">ARGUMENTS<\/h2>\t\t\t\t<\/div>\n\t\t\t\t<\/div>\n\t\t\t\t\t<\/div>\n\t\t\t\t<\/div>\n\t\t<div class=\"elementor-element elementor-element-da37ce2 e-flex e-con-boxed e-con e-parent\" data-id=\"da37ce2\" data-element_type=\"container\">\n\t\t\t\t\t<div class=\"e-con-inner\">\n\t\t<div class=\"elementor-element elementor-element-279accc e-con-full e-flex e-con e-child\" data-id=\"279accc\" data-element_type=\"container\">\n\t\t\t\t<div class=\"elementor-element elementor-element-0b5c568 elementor-widget elementor-widget-heading\" data-id=\"0b5c568\" data-element_type=\"widget\" data-widget_type=\"heading.default\">\n\t\t\t\t<div class=\"elementor-widget-container\">\n\t\t\t\t\t<h3 class=\"elementor-heading-title elementor-size-default\">Une crise de la sant\u00e9 mentale est en cours. Regardons les choses en face. <\/h3>\t\t\t\t<\/div>\n\t\t\t\t<\/div>\n\t\t\t\t<div class=\"elementor-element elementor-element-0a1f078 elementor-widget elementor-widget-text-editor\" data-id=\"0a1f078\" data-element_type=\"widget\" data-widget_type=\"text-editor.default\">\n\t\t\t\t<div class=\"elementor-widget-container\">\n\t\t\t\t\t\t\t\t\t<p class=\"has-medium-font-size\" style=\"padding: 0px; border: 0px; font-variant-numeric: inherit; font-variant-east-asian: inherit; font-variant-alternates: inherit; font-variant-position: inherit; font-variant-emoji: inherit; font-stretch: inherit; line-height: 30px; font-optical-sizing: inherit; font-size-adjust: inherit; font-kerning: inherit; font-feature-settings: inherit; font-variation-settings: inherit; vertical-align: baseline; color: #212529; font-size: 20px !important; margin: 0px auto !important 1rem auto !important;\">Aujourd&rsquo;hui, dans l&rsquo;Union europ\u00e9enne, <span style=\"margin: 0px; padding: 0px; border: 0px; font-style: inherit; font-variant: inherit; font-weight: bolder; font-stretch: inherit; font-size: inherit; line-height: inherit; font-family: inherit; font-optical-sizing: inherit; font-size-adjust: inherit; font-kerning: inherit; font-feature-settings: inherit; font-variation-settings: inherit; vertical-align: baseline;\">plus d&rsquo;une personne sur six souffre de troubles mentaux<\/span>. Plus que jamais.<\/p><div class=\"wp-block-group is-layout-constrained wp-block-group-is-layout-constrained\" style=\"padding: 0px; border: 0px; font-variant-numeric: inherit; font-variant-east-asian: inherit; font-variant-alternates: inherit; font-variant-position: inherit; font-variant-emoji: inherit; font-stretch: inherit; font-size: 16px; line-height: inherit; font-optical-sizing: inherit; font-size-adjust: inherit; font-kerning: inherit; font-feature-settings: inherit; font-variation-settings: inherit; vertical-align: baseline; color: #212529; margin: 0px auto !important 0px auto !important;\"><p class=\"has-medium-font-size\" style=\"margin-top: 0px; margin-bottom: 1rem; padding: 0px; border: 0px; font-style: inherit; font-variant: inherit; font-weight: inherit; font-stretch: inherit; line-height: 30px; font-family: inherit; font-optical-sizing: inherit; font-size-adjust: inherit; font-kerning: inherit; font-feature-settings: inherit; font-variation-settings: inherit; vertical-align: baseline; font-size: 20px !important;\">D\u00e9pression, syndrome d&rsquo;\u00e9puisement professionnel, stress post-traumatique et insomnie ne sont que quelques-uns des probl\u00e8mes qui touchent des millions de personnes de tout \u00e2ge.<\/p><p class=\"has-medium-font-size\" style=\"margin-top: 0px; margin-bottom: 1rem; padding: 0px; border: 0px; font-style: inherit; font-variant: inherit; font-weight: inherit; font-stretch: inherit; line-height: 30px; font-family: inherit; font-optical-sizing: inherit; font-size-adjust: inherit; font-kerning: inherit; font-feature-settings: inherit; font-variation-settings: inherit; vertical-align: baseline; font-size: 20px !important;\">Les probl\u00e8mes de sant\u00e9 mentale sont source de souffrance pour les individus, les familles et les communaut\u00e9s et exercent une pression consid\u00e9rable sur les syst\u00e8mes de sant\u00e9, d&rsquo;\u00e9ducation, d&rsquo;\u00e9conomie, de travail et de protection sociale dans les \u00c9tats membres de l&rsquo;UE.<\/p><p class=\"has-medium-font-size\" style=\"margin-top: 0px; margin-bottom: 1rem; padding: 0px; border: 0px; font-style: inherit; font-variant: inherit; font-weight: inherit; font-stretch: inherit; line-height: 30px; font-family: inherit; font-optical-sizing: inherit; font-size-adjust: inherit; font-kerning: inherit; font-feature-settings: inherit; font-variation-settings: inherit; vertical-align: baseline; font-size: 20px !important;\">Le co\u00fbt est estim\u00e9 \u00e0 600 milliards d&rsquo;euros, soit plus de 4 % du PIB par an. Chacun d&rsquo;entre nous est concern\u00e9, directement ou indirectement. <\/p><\/div>\t\t\t\t\t\t\t\t<\/div>\n\t\t\t\t<\/div>\n\t\t\t\t<\/div>\n\t\t<div class=\"elementor-element elementor-element-b71bd23 e-con-full e-flex e-con e-child\" data-id=\"b71bd23\" data-element_type=\"container\">\n\t\t<div class=\"elementor-element elementor-element-b8c61cb e-con-full e-flex e-con e-child\" data-id=\"b8c61cb\" data-element_type=\"container\" data-settings=\"{&quot;background_background&quot;:&quot;classic&quot;}\">\n\t\t\t\t<div class=\"elementor-element elementor-element-30070e7 elementor-widget elementor-widget-text-editor\" data-id=\"30070e7\" data-element_type=\"widget\" data-widget_type=\"text-editor.default\">\n\t\t\t\t<div class=\"elementor-widget-container\">\n\t\t\t\t\t\t\t\t\t<p><strong>Un niveau d&rsquo;urgence jamais vu en mati\u00e8re de sant\u00e9 mentale est en train de balayer l&rsquo;Union europ\u00e9enne, telle une pand\u00e9mie silencieuse.<\/strong><\/p>\t\t\t\t\t\t\t\t<\/div>\n\t\t\t\t<\/div>\n\t\t\t\t<div class=\"elementor-element elementor-element-bdcf62a elementor-widget elementor-widget-text-editor\" data-id=\"bdcf62a\" data-element_type=\"widget\" data-widget_type=\"text-editor.default\">\n\t\t\t\t<div class=\"elementor-widget-container\">\n\t\t\t\t\t\t\t\t\t<p>Stella Kyriakides, commissaire europ\u00e9enne \u00e0 la sant\u00e9 et \u00e0 la s\u00e9curit\u00e9 alimentaire, 2021<\/p>\t\t\t\t\t\t\t\t<\/div>\n\t\t\t\t<\/div>\n\t\t\t\t<\/div>\n\t\t\t\t<\/div>\n\t\t\t\t\t<\/div>\n\t\t\t\t<\/div>\n\t\t<div class=\"elementor-element elementor-element-5a115a5 e-flex e-con-boxed e-con e-parent\" data-id=\"5a115a5\" data-element_type=\"container\">\n\t\t\t\t\t<div class=\"e-con-inner\">\n\t\t<div class=\"elementor-element elementor-element-253072e e-con-full e-flex e-con e-child\" data-id=\"253072e\" data-element_type=\"container\">\n\t\t\t\t<div class=\"elementor-element elementor-element-12aa70d elementor-widget elementor-widget-heading\" data-id=\"12aa70d\" data-element_type=\"widget\" data-widget_type=\"heading.default\">\n\t\t\t\t<div class=\"elementor-widget-container\">\n\t\t\t\t\t<h3 class=\"elementor-heading-title elementor-size-default\">La pharmacologie montre ses limites. Et ses probl\u00e8mes. <\/h3>\t\t\t\t<\/div>\n\t\t\t\t<\/div>\n\t\t\t\t<div class=\"elementor-element elementor-element-d3bc01c elementor-widget elementor-widget-text-editor\" data-id=\"d3bc01c\" data-element_type=\"widget\" data-widget_type=\"text-editor.default\">\n\t\t\t\t<div class=\"elementor-widget-container\">\n\t\t\t\t\t\t\t\t\t<p class=\"has-medium-font-size\">Depuis l&rsquo;av\u00e8nement des ISRS (antid\u00e9presseurs), au cours des trois derni\u00e8res d\u00e9cennies, <strong>il n&rsquo;y a pas<\/strong> eu d&rsquo;<strong>innovations substantielles dans le domaine de la psychopharmacologie<\/strong>.<\/p><div class=\"wp-block-group is-layout-constrained wp-block-group-is-layout-constrained\"><p class=\"has-medium-font-size\">Une proportion importante de patients ne r\u00e9pond pas aux traitements psychiatriques actuellement disponibles.  <\/p><p class=\"has-medium-font-size\">De nombreuses affections mentales sont encore difficiles \u00e0 traiter et les patients sont souvent confront\u00e9s \u00e0 des effets secondaires d\u00e9sagr\u00e9ables tels que la prise de poids, l&rsquo;insomnie, les maux de t\u00eate et l&rsquo;absence de libido.  <\/p><p class=\"has-medium-font-size\">Plus important encore, certains de ces traitements n\u00e9cessitent une utilisation \u00e0 long terme ou \u00e0 vie, traitant ainsi les sympt\u00f4mes plut\u00f4t que les racines \u00e0 l&rsquo;origine de l&rsquo;affection.<\/p><\/div>\t\t\t\t\t\t\t\t<\/div>\n\t\t\t\t<\/div>\n\t\t\t\t<\/div>\n\t\t<div class=\"elementor-element elementor-element-7f15857 e-con-full e-flex e-con e-child\" data-id=\"7f15857\" data-element_type=\"container\">\n\t\t<div class=\"elementor-element elementor-element-19d4516 e-con-full e-flex e-con e-child\" data-id=\"19d4516\" data-element_type=\"container\" data-settings=\"{&quot;background_background&quot;:&quot;gradient&quot;}\">\n\t\t\t\t<div class=\"elementor-element elementor-element-6590660 elementor-widget elementor-widget-text-editor\" data-id=\"6590660\" data-element_type=\"widget\" data-widget_type=\"text-editor.default\">\n\t\t\t\t<div class=\"elementor-widget-container\">\n\t\t\t\t\t\t\t\t\t<p><strong>Trop souvent, nous nous retrouvons avec les m\u00eames vieux traitements. Les traitements que mon p\u00e8re aurait pu recevoir il y a des dizaines d&rsquo;ann\u00e9es font encore partie des traitements les plus r\u00e9cents. Nous devons en apprendre davantage sur le cerveau et la science afin d&rsquo;acc\u00e9l\u00e9rer la d\u00e9couverte de meilleurs traitements.  <\/strong><\/p>\t\t\t\t\t\t\t\t<\/div>\n\t\t\t\t<\/div>\n\t\t\t\t<div class=\"elementor-element elementor-element-210652b elementor-widget elementor-widget-text-editor\" data-id=\"210652b\" data-element_type=\"widget\" data-widget_type=\"text-editor.default\">\n\t\t\t\t<div class=\"elementor-widget-container\">\n\t\t\t\t\t\t\t\t\t<p>Kan Duckworth, m\u00e9decin en chef, Alliance nationale britannique sur la maladie mentale<\/p>\t\t\t\t\t\t\t\t<\/div>\n\t\t\t\t<\/div>\n\t\t\t\t<\/div>\n\t\t\t\t<\/div>\n\t\t\t\t\t<\/div>\n\t\t\t\t<\/div>\n\t\t<div class=\"elementor-element elementor-element-b145f7a e-flex e-con-boxed e-con e-parent\" data-id=\"b145f7a\" data-element_type=\"container\">\n\t\t\t\t\t<div class=\"e-con-inner\">\n\t\t<div class=\"elementor-element elementor-element-3ead2ad e-con-full e-flex e-con e-child\" data-id=\"3ead2ad\" data-element_type=\"container\">\n\t\t\t\t<div class=\"elementor-element elementor-element-5f2a19a elementor-widget elementor-widget-heading\" data-id=\"5f2a19a\" data-element_type=\"widget\" data-widget_type=\"heading.default\">\n\t\t\t\t<div class=\"elementor-widget-container\">\n\t\t\t\t\t<h3 class=\"elementor-heading-title elementor-size-default\">La science montre que des solutions ancestrales peuvent \u00eatre tr\u00e8s efficaces.<\/h3>\t\t\t\t<\/div>\n\t\t\t\t<\/div>\n\t\t\t\t<div class=\"elementor-element elementor-element-04243cc elementor-widget elementor-widget-text-editor\" data-id=\"04243cc\" data-element_type=\"widget\" data-widget_type=\"text-editor.default\">\n\t\t\t\t<div class=\"elementor-widget-container\">\n\t\t\t\t\t\t\t\t\t<p class=\"has-medium-font-size\">Des recherches scientifiques men\u00e9es dans le monde entier mettent en \u00e9vidence <strong>le potentiel th\u00e9rapeutique des substances psych\u00e9d\u00e9liques<\/strong>, souvent utilis\u00e9es par de nombreuses cultures depuis des si\u00e8cles dans le cadre du processus de gu\u00e9rison traditionnel.<\/p><p class=\"has-medium-font-size\">Avec l&rsquo;aide d&rsquo;un professionnel et le bon set and setting, <strong>une ou quelques doses seulement peuvent produire des b\u00e9n\u00e9fices tr\u00e8s importants pour les patients<\/strong>, qui durent souvent longtemps.<\/p><div class=\"wp-block-group is-layout-constrained wp-block-group-is-layout-constrained\"><p class=\"has-medium-font-size\">De plus en plus de r\u00e9sultats m\u00e9dicaux indiquent l&rsquo;efficacit\u00e9 des substances psych\u00e9d\u00e9liques telles que la psilocybine, la DMT, le LSD et la MDMA en tant que m\u00e9dicaments, lorsqu&rsquo;elles sont administr\u00e9es dans un cadre clinique contr\u00f4l\u00e9.<\/p><p>Les th\u00e9rapies assist\u00e9es par les psych\u00e9d\u00e9liques (PAT) peuvent apporter des am\u00e9liorations cliniques s\u00fbres, rapides et solides, avec des effets durables, notamment dans le traitement de la d\u00e9pression, du syndrome de stress post-traumatique, des troubles obsessionnels compulsifs, de l&rsquo;anxi\u00e9t\u00e9 en fin de vie, des troubles li\u00e9s \u00e0 l&rsquo;utilisation de substances et des d\u00e9pendances.<\/p><p class=\"has-medium-font-size\">L&rsquo;Australie a d\u00e9j\u00e0 reconnu et officialis\u00e9 l&rsquo;utilisation des psych\u00e9d\u00e9liques naturels pour la sant\u00e9 mentale. En outre, les psych\u00e9d\u00e9liques b\u00e9n\u00e9ficient d&rsquo;un soutien croissant de la part des autorit\u00e9s publiques et des agences au Canada, aux \u00c9tats-Unis, au Royaume-Uni et en Suisse, entre autres.   <\/p><p class=\"has-medium-font-size\"><a href=\"https:\/\/citizens-initiative.europa.eu\/initiatives\/details\/2024\/000011_en\" target=\"_blank\" rel=\"noreferrer noopener\">En savoir plus sur notre initiative<\/a><\/p><\/div>\t\t\t\t\t\t\t\t<\/div>\n\t\t\t\t<\/div>\n\t\t\t\t<\/div>\n\t\t<div class=\"elementor-element elementor-element-5953480 e-con-full e-flex e-con e-child\" data-id=\"5953480\" data-element_type=\"container\">\n\t\t<div class=\"elementor-element elementor-element-6e0b946 e-con-full e-flex e-con e-child\" data-id=\"6e0b946\" data-element_type=\"container\" data-settings=\"{&quot;background_background&quot;:&quot;classic&quot;}\">\n\t\t\t\t<div class=\"elementor-element elementor-element-59e00ed elementor-widget elementor-widget-text-editor\" data-id=\"59e00ed\" data-element_type=\"widget\" data-widget_type=\"text-editor.default\">\n\t\t\t\t<div class=\"elementor-widget-container\">\n\t\t\t\t\t\t\t\t\t<p><strong>Des millions d&rsquo;Europ\u00e9ens ont besoin de meilleurs traitements. Nous devons nous assurer que les nouveaux traitements psych\u00e9d\u00e9liques sont pris en compte, car la science qui les sous-tend met en \u00e9vidence leur immense potentiel. <\/strong><\/p>\t\t\t\t\t\t\t\t<\/div>\n\t\t\t\t<\/div>\n\t\t\t\t<div class=\"elementor-element elementor-element-f627518 elementor-widget elementor-widget-text-editor\" data-id=\"f627518\" data-element_type=\"widget\" data-widget_type=\"text-editor.default\">\n\t\t\t\t<div class=\"elementor-widget-container\">\n\t\t\t\t\t\t\t\t\t<p>Mikulas Peksa, Membre du Parlement europ\u00e9en<\/p>\t\t\t\t\t\t\t\t<\/div>\n\t\t\t\t<\/div>\n\t\t\t\t<\/div>\n\t\t\t\t<\/div>\n\t\t\t\t\t<\/div>\n\t\t\t\t<\/div>\n\t\t\t\t<\/div>\n\t\t","protected":false},"excerpt":{"rendered":"<p>ARGUMENTS Une crise de la sant\u00e9 mentale est en cours. Regardons les choses en face. Aujourd&rsquo;hui, dans l&rsquo;Union europ\u00e9enne, plus d&rsquo;une personne sur six souffre de troubles mentaux. Plus que jamais. D\u00e9pression, syndrome d&rsquo;\u00e9puisement professionnel, stress post-traumatique et insomnie ne sont que quelques-uns des probl\u00e8mes qui touchent des millions de personnes de tout \u00e2ge. Les [&hellip;]<\/p>\n","protected":false},"author":8,"featured_media":0,"parent":0,"menu_order":0,"comment_status":"closed","ping_status":"closed","template":"","meta":{"footnotes":""},"class_list":["post-10198","page","type-page","status-publish","hentry"],"_links":{"self":[{"href":"https:\/\/psychedelicare.eu\/fr\/wp-json\/wp\/v2\/pages\/10198","targetHints":{"allow":["GET"]}}],"collection":[{"href":"https:\/\/psychedelicare.eu\/fr\/wp-json\/wp\/v2\/pages"}],"about":[{"href":"https:\/\/psychedelicare.eu\/fr\/wp-json\/wp\/v2\/types\/page"}],"author":[{"embeddable":true,"href":"https:\/\/psychedelicare.eu\/fr\/wp-json\/wp\/v2\/users\/8"}],"replies":[{"embeddable":true,"href":"https:\/\/psychedelicare.eu\/fr\/wp-json\/wp\/v2\/comments?post=10198"}],"version-history":[{"count":3,"href":"https:\/\/psychedelicare.eu\/fr\/wp-json\/wp\/v2\/pages\/10198\/revisions"}],"predecessor-version":[{"id":16118,"href":"https:\/\/psychedelicare.eu\/fr\/wp-json\/wp\/v2\/pages\/10198\/revisions\/16118"}],"wp:attachment":[{"href":"https:\/\/psychedelicare.eu\/fr\/wp-json\/wp\/v2\/media?parent=10198"}],"curies":[{"name":"wp","href":"https:\/\/api.w.org\/{rel}","templated":true}]}}