{"id":10244,"date":"2025-08-27T08:33:27","date_gmt":"2025-08-27T09:33:27","guid":{"rendered":"https:\/\/www.psychedelicare.eu\/juridique-et-historique\/"},"modified":"2025-09-19T19:29:19","modified_gmt":"2025-09-19T20:29:19","slug":"juridique-et-historique","status":"publish","type":"page","link":"https:\/\/psychedelicare.eu\/fr\/juridique-et-historique\/","title":{"rendered":"Juridique et historique"},"content":{"rendered":"\t\t<div data-elementor-type=\"wp-page\" data-elementor-id=\"10244\" class=\"elementor elementor-10244 elementor-9253\" data-elementor-post-type=\"page\">\n\t\t\t\t<div class=\"elementor-element elementor-element-1553548a e-flex e-con-boxed e-con e-parent\" data-id=\"1553548a\" data-element_type=\"container\">\n\t\t\t\t\t<div class=\"e-con-inner\">\n\t\t\t\t<div class=\"elementor-element elementor-element-4d4cbcf5 elementor-widget elementor-widget-heading\" data-id=\"4d4cbcf5\" data-element_type=\"widget\" data-widget_type=\"heading.default\">\n\t\t\t\t<div class=\"elementor-widget-container\">\n\t\t\t\t\t<h2 class=\"elementor-heading-title elementor-size-default\">JURIDIQUE ET HISTORIQUE<\/h2>\t\t\t\t<\/div>\n\t\t\t\t<\/div>\n\t\t\t\t\t<\/div>\n\t\t\t\t<\/div>\n\t\t<div class=\"elementor-element elementor-element-a018e89 e-flex e-con-boxed e-con e-parent\" data-id=\"a018e89\" data-element_type=\"container\" id=\"legal\" data-settings=\"{&quot;background_background&quot;:&quot;classic&quot;}\">\n\t\t\t\t\t<div class=\"e-con-inner\">\n\t\t<div class=\"elementor-element elementor-element-e69fb58 e-con-full e-flex e-con e-child\" data-id=\"e69fb58\" data-element_type=\"container\">\n\t\t\t\t<div class=\"elementor-element elementor-element-ae5ee47 elementor-widget elementor-widget-heading\" data-id=\"ae5ee47\" data-element_type=\"widget\" data-widget_type=\"heading.default\">\n\t\t\t\t<div class=\"elementor-widget-container\">\n\t\t\t\t\t<h3 class=\"elementor-heading-title elementor-size-default\">Statut juridique et substances psych\u00e9d\u00e9liques<\/h3>\t\t\t\t<\/div>\n\t\t\t\t<\/div>\n\t\t\t\t<div class=\"elementor-element elementor-element-c24cfc0 elementor-widget elementor-widget-text-editor\" data-id=\"c24cfc0\" data-element_type=\"widget\" data-widget_type=\"text-editor.default\">\n\t\t\t\t<div class=\"elementor-widget-container\">\n\t\t\t\t\t\t\t\t\t<p class=\"has-medium-font-size\">\u00c0 la suite de l&rsquo;interdiction des activit\u00e9s non homologu\u00e9es\/non autoris\u00e9es avec des substances psych\u00e9d\u00e9liques d\u00e9sign\u00e9es comme \u00ab\u00a0drogues contr\u00f4l\u00e9es\u00a0\u00bb dans les ann\u00e9es 1970-1980, la recherche sur les risques et les avantages per\u00e7us de l&rsquo;exp\u00e9rience de substances psych\u00e9d\u00e9liques telles que le LSD, la psilocybine et la MDMA (commun\u00e9ment appel\u00e9e \u00ab\u00a0ecstasy\u00a0\u00bb) s&rsquo;est av\u00e9r\u00e9e pour le moins ardue.<\/p><p class=\"has-medium-font-size\">Toutefois, ces derni\u00e8res d\u00e9cennies ont vu la renaissance de la recherche sur les applications th\u00e9rapeutiques de ces m\u00e9dicaments. Le processus a \u00e9t\u00e9 lent, mais r\u00e9sistant, ce qui a encourag\u00e9 une certaine lib\u00e9ralisation des lois sur les drogues dans certaines juridictions, conduisant \u00e0 la d\u00e9criminalisation de la possession de nombreuses drogues et, dans quelques cas, \u00e0 une l\u00e9galisation plus large de certaines activit\u00e9s qui \u00e9taient auparavant des d\u00e9lits. <\/p>\t\t\t\t\t\t\t\t<\/div>\n\t\t\t\t<\/div>\n\t\t\t\t<\/div>\n\t\t<div class=\"elementor-element elementor-element-8e49099 e-con-full e-flex e-con e-child\" data-id=\"8e49099\" data-element_type=\"container\">\n\t\t\t\t<div class=\"elementor-element elementor-element-81f674b elementor-widget elementor-widget-text-editor\" data-id=\"81f674b\" data-element_type=\"widget\" data-widget_type=\"text-editor.default\">\n\t\t\t\t<div class=\"elementor-widget-container\">\n\t\t\t\t\t\t\t\t\t<p>Cette \u00e9volution est appel\u00e9e \u00ab\u00a0Renaissance psych\u00e9d\u00e9lique\u00a0\u00bb. De nombreux travaux de recherche et essais cliniques ont apport\u00e9 des preuves \u00e0 l&rsquo;appui de l&rsquo;utilisation des psych\u00e9d\u00e9liques lorsqu&rsquo;ils sont administr\u00e9s en conjonction avec une psychoth\u00e9rapie. Par exemple, le Spravato ou Esketamine, qui est un d\u00e9riv\u00e9 de la k\u00e9tamine psych\u00e9d\u00e9lique\/anesth\u00e9sique, a \u00e9t\u00e9 approuv\u00e9 en 2019 par la FDA (\u00c9tats-Unis) pour le traitement de la d\u00e9pression, et il devrait \u00eatre administr\u00e9 en conjonction avec la psychoth\u00e9rapie, d&rsquo;autres antid\u00e9presseurs ou les deux. De nombreux chercheurs et cliniciens respect\u00e9s reconnaissent que les psych\u00e9d\u00e9liques sont des outils th\u00e9rapeutiques prometteurs pour les troubles mentaux, notamment la d\u00e9pression, le SSPT et les troubles li\u00e9s \u00e0 l&rsquo;utilisation de substances tels que l&rsquo;alcoolisme.   <\/p><p>Le chemin vers la l\u00e9galisation des th\u00e9rapies psych\u00e9d\u00e9liques assist\u00e9es est encore long et les obstacles ne manquent pas. Cependant, malgr\u00e9 les nombreux obstacles, la renaissance des psych\u00e9d\u00e9liques est en plein essor et, ce faisant, contribue \u00e0 soulager la douleur et la souffrance de personnes dans le monde entier.  Nous recommandons vivement d&rsquo;adopter un discours centr\u00e9 sur la personne lorsque l&rsquo;on discute de ces restrictions, car en utilisant un langage juridiquement coh\u00e9rent et centr\u00e9 sur l&rsquo;homme, nous pouvons ouvrir une porte vers un espace r\u00e9glementaire o\u00f9 la recherche et le traitement m\u00e9dical peuvent prosp\u00e9rer.<\/p>\t\t\t\t\t\t\t\t<\/div>\n\t\t\t\t<\/div>\n\t\t\t\t<div class=\"elementor-element elementor-element-75b61ff elementor-widget elementor-widget-eael-adv-accordion\" data-id=\"75b61ff\" data-element_type=\"widget\" data-widget_type=\"eael-adv-accordion.default\">\n\t\t\t\t<div class=\"elementor-widget-container\">\n\t\t\t\t\t        <div class=\"eael-adv-accordion\" id=\"eael-adv-accordion-75b61ff\" data-scroll-on-click=\"\" data-scroll-speed=\"300\" data-accordion-id=\"75b61ff\" data-accordion-type=\"toggle\" 300>\n    <div class=\"eael-accordion-list\">\n                <div id=\"lire-la-suite\" class=\"elementor-tab-title eael-accordion-header\" tabindex=\"0\" data-tab=\"1\" aria-controls=\"elementor-tab-content-1231\"><span class=\"eael-advanced-accordion-icon-closed\"><\/span><span class=\"eael-advanced-accordion-icon-opened\"><\/span><span class=\"eael-accordion-tab-title\">LIRE LA SUITE<\/span><svg aria-hidden=\"true\" class=\"fa-toggle e-font-icon-svg e-fas-plus\" viewBox=\"0 0 448 512\" xmlns=\"http:\/\/www.w3.org\/2000\/svg\"><path d=\"M416 208H272V64c0-17.67-14.33-32-32-32h-32c-17.67 0-32 14.33-32 32v144H32c-17.67 0-32 14.33-32 32v32c0 17.67 14.33 32 32 32h144v144c0 17.67 14.33 32 32 32h32c17.67 0 32-14.33 32-32V304h144c17.67 0 32-14.33 32-32v-32c0-17.67-14.33-32-32-32z\"><\/path><\/svg><\/div><div id=\"elementor-tab-content-1231\" class=\"eael-accordion-content clearfix\" data-tab=\"1\" aria-labelledby=\"lire-la-suite\"><h3 class=\"wp-block-heading\"><strong>Union europ\u00e9enne et Royaume-Uni<\/strong><\/h3>\n<p>Malgr\u00e9 les nombreuses institutions universitaires, entreprises et organisations qui prouvent l&rsquo;efficacit\u00e9 des th\u00e9rapies psych\u00e9d\u00e9liques pour le traitement des troubles mentaux, ces substances restent class\u00e9es dans la liste I, sans usage m\u00e9dical actuellement accept\u00e9 et avec un fort potentiel d&rsquo;abus. La l\u00e9gislation nationale comprend souvent des dispositions r\u00e9glementaires possibles, mais celles-ci ne sont g\u00e9n\u00e9ralement pas appliqu\u00e9es en raison de la volont\u00e9 de maintenir l&rsquo;id\u00e9e d&rsquo;une \u00ab\u00a0ill\u00e9galit\u00e9\u00a0\u00bb de la substance (plut\u00f4t qu&rsquo;un mod\u00e8le r\u00e9glementaire proportionn\u00e9 bas\u00e9 sur les r\u00e9sultats). <\/p>\n<p>Il existe toutefois quelques exceptions. Depuis juillet 2025, l&rsquo;Allemagne est le premier \u00c9tat membre de l&rsquo;UE \u00e0 autoriser l&rsquo;acc\u00e8s l\u00e9gal \u00e0 la psilocybine dans le cadre d&rsquo;un programme limit\u00e9 d&rsquo;usage compassionnel. Une d\u00e9cision r\u00e9cente du parlement tch\u00e8que va plus loin : \u00c0 partir de janvier 2026, lorsque la nouvelle l\u00e9gislation entrera en vigueur, la psilocybine sera trait\u00e9e de la m\u00eame mani\u00e8re que le cannabis m\u00e9dical. Aux Pays-Bas, la vente et la possession de truffes \u00e0 psilocybine (la partie souterraine d&rsquo;un champignon) sont l\u00e9gales. Bien que les truffes \u00e0 la psilocybine soient d\u00e9sormais disponibles l\u00e9galement, lorsqu&rsquo;elles sont utilis\u00e9es \u00e0 des fins th\u00e9rapeutiques ou dans le cadre d&rsquo;une retraite, les all\u00e9gations m\u00e9dicales concernant le traitement de probl\u00e8mes de sant\u00e9 restent ill\u00e9gales. En outre, les infractions mineures li\u00e9es aux drogues ont \u00e9t\u00e9 d\u00e9p\u00e9nalis\u00e9es en Espagne et au Portugal. L&rsquo;usage th\u00e9rapeutique de certains psych\u00e9d\u00e9liques a \u00e9galement \u00e9t\u00e9 d\u00e9p\u00e9nalis\u00e9 en Suisse, et l&rsquo;usage m\u00e9dical de certains psych\u00e9d\u00e9liques est autoris\u00e9 dans le cadre d&rsquo;une psychoth\u00e9rapie par un nombre limit\u00e9 de m\u00e9decins agr\u00e9\u00e9s.      <\/p>\n<h3 class=\"wp-block-heading\"><strong>\u00c9tats-Unis<\/strong><\/h3>\n<p>Les psych\u00e9d\u00e9liques restent class\u00e9s parmi les substances de l&rsquo;annexe I, \u00e0 l&rsquo;exception de quelques \u00c9tats, dont l&rsquo;Oregon, le Colorado et Washington DC, qui ont d\u00e9p\u00e9nalis\u00e9 la possession de psych\u00e9d\u00e9liques nomm\u00e9s, mais n&rsquo;ont pas l\u00e9galis\u00e9 toutes les activit\u00e9s li\u00e9es \u00e0 ces substances. La d\u00e9criminalisation (des activit\u00e9s li\u00e9es aux drogues), contrairement \u00e0 la l\u00e9galisation (des activit\u00e9s li\u00e9es aux drogues), n&rsquo;autorise que la possession et l&rsquo;usage personnel de petites quantit\u00e9s de la substance et impose un \u00e2ge minimum. Cependant, les essais cliniques utilisant la psychoth\u00e9rapie assist\u00e9e par la MDMA pour traiter le SSPT se sont r\u00e9v\u00e9l\u00e9s tr\u00e8s prometteurs, ce qui a conduit la FDA \u00e0 d\u00e9signer la psychoth\u00e9rapie assist\u00e9e par la MDMA comme une \u00ab\u00a0th\u00e9rapie r\u00e9volutionnaire\u00a0\u00bb en 2017. En d\u00e9cembre 2023, une nouvelle demande d&rsquo;autorisation de mise sur le march\u00e9 de la MDMA a \u00e9t\u00e9 soumise \u00e0 la FDA, mais elle a <a href=\"https:\/\/www.nature.com\/articles\/d41586-024-01622-3\" target=\"_blank\" rel=\"noreferrer noopener\">malheureusement \u00e9t\u00e9 rejet\u00e9e<\/a>.   <\/p>\n<h3 class=\"wp-block-heading\"><strong>Canada<\/strong><\/h3>\n<p>Bien que les psych\u00e9d\u00e9liques soient toujours class\u00e9s au niveau f\u00e9d\u00e9ral comme des \u00ab\u00a0drogues contr\u00f4l\u00e9es\u00a0\u00bb, un programme d&rsquo;acc\u00e8s sp\u00e9cial permet aux m\u00e9decins de les administrer dans certains cas d&rsquo;urgence, tandis que l&rsquo;utilisation personnelle et la possession de la substance psych\u00e9d\u00e9lique 5-MeO-DMT sont autoris\u00e9es. En 2023, la province canadienne de l&rsquo;Alberta a \u00e9t\u00e9 la premi\u00e8re \u00e0 r\u00e9glementer l&rsquo;acc\u00e8s \u00e0 la th\u00e9rapie psych\u00e9d\u00e9lique assist\u00e9e pour traiter les troubles mentaux, mais uniquement dans certaines institutions accr\u00e9dit\u00e9es. La Colombie-Britannique a \u00e9galement connu une lib\u00e9ralisation beaucoup plus large.  <\/p>\n<h3 class=\"wp-block-heading\"><strong>Australie<\/strong><\/h3>\n<p>Certains psych\u00e9d\u00e9liques peuvent \u00eatre utilis\u00e9s m\u00e9dicalement en compl\u00e9ment d&rsquo;une th\u00e9rapie sur prescription d&rsquo;un psychiatre agr\u00e9\u00e9, notamment la MDMA pour les personnes atteintes d&rsquo;un syndrome de stress post-traumatique (SSPT) et la psilocybine (contenue sous forme naturelle dans les \u00ab\u00a0champignons magiques\u00a0\u00bb) pour les personnes souffrant d&rsquo;une d\u00e9pression r\u00e9sistante au traitement. Dans le cas de troubles addictifs, les psychiatres peuvent prescrire de l&rsquo;iboga\u00efne, substance psychoactive contenue dans un arbuste d&rsquo;Afrique de l&rsquo;Ouest\u00a0\u00bb. <\/p>\n<\/div>\n                <\/div><\/div>\t\t\t\t<\/div>\n\t\t\t\t<\/div>\n\t\t\t\t<\/div>\n\t\t\t\t\t<\/div>\n\t\t\t\t<\/div>\n\t\t<div class=\"elementor-element elementor-element-45c49a8 e-flex e-con-boxed e-con e-parent\" data-id=\"45c49a8\" data-element_type=\"container\" id=\"history\" data-settings=\"{&quot;background_background&quot;:&quot;classic&quot;}\">\n\t\t\t\t\t<div class=\"e-con-inner\">\n\t\t<div class=\"elementor-element elementor-element-9da00e5 e-con-full e-flex e-con e-child\" data-id=\"9da00e5\" data-element_type=\"container\">\n\t\t\t\t<div class=\"elementor-element elementor-element-c3e18a3 elementor-widget elementor-widget-heading\" data-id=\"c3e18a3\" data-element_type=\"widget\" data-widget_type=\"heading.default\">\n\t\t\t\t<div class=\"elementor-widget-container\">\n\t\t\t\t\t<h3 class=\"elementor-heading-title elementor-size-default\">Histoire de l'utilisation des plantes psych\u00e9d\u00e9liques en Europe<\/h3>\t\t\t\t<\/div>\n\t\t\t\t<\/div>\n\t\t\t\t<div class=\"elementor-element elementor-element-417b723 elementor-widget-mobile__width-inherit elementor-widget elementor-widget-text-editor\" data-id=\"417b723\" data-element_type=\"widget\" data-widget_type=\"text-editor.default\">\n\t\t\t\t<div class=\"elementor-widget-container\">\n\t\t\t\t\t\t\t\t\t<p class=\"has-medium-font-size\">Plusieurs \u00e9tudes ethnobotaniques classiques portent sur l&rsquo;utilisation de champignons, de cactus et de plantes d&rsquo;Am\u00e9rique centrale et d&rsquo;Am\u00e9rique du Sud, et ont grandement contribu\u00e9 \u00e0 la compr\u00e9hension des rituels chamaniques et des techniques utilis\u00e9es pour amener le \u00ab\u00a0dieu\u00a0\u00bb ou l'\u00a0\u00bb\u00e2me\u00a0\u00bb \u00e0 se manifester. Si l&rsquo;utilisation des enth\u00e9og\u00e8nes en Am\u00e9rique du Nord, en Am\u00e9rique centrale et en Am\u00e9rique du Sud est largement document\u00e9e et \u00e9tudi\u00e9e, on en sait moins sur le continent europ\u00e9en. <\/p><p class=\"has-medium-font-size\">Nous savons que les Grecs anciens utilisaient du cannabis et des champignons psych\u00e9d\u00e9liques, mais nous savons tr\u00e8s peu de choses sur les compos\u00e9s utilis\u00e9s dans les rituels grecs anciens. Wasson et al. (1978), dans un rapport sur les \u00ab\u00a0Myst\u00e8res d&rsquo;\u00c9leusis\u00a0\u00bb, ont propos\u00e9 que ce ne soit pas un ingr\u00e9dient unique, mais plut\u00f4t un m\u00e9lange de compos\u00e9s psychoactifs qui soit la cl\u00e9 de la concoction enivrante, dont nous ne sommes pas s\u00fbrs de la composition (il s&rsquo;agissait probablement d&rsquo;un m\u00e9lange de cannabis, de r\u00e9sine de P. Somniferum, ou \u00ab\u00a0opium\u00a0\u00bb, et d&rsquo;une sorte d&rsquo;inhibiteur d&rsquo;enzyme comme l&rsquo;Harmaline extraite de Peganum Harmala). <\/p><p class=\"has-medium-font-size\">Le philosophe grec Platon est connu pour avoir particip\u00e9 aux myst\u00e8res d&rsquo;\u00c9leusis, qu&rsquo;il mentionne dans son c\u00e9l\u00e8bre dialogue sur l&rsquo;immortalit\u00e9 de l&rsquo;\u00e2me, le <em>Ph\u00e9don<\/em>. Il en va de m\u00eame pour de nombreux autres penseurs et philosophes de l&rsquo;Antiquit\u00e9. <\/p><p class=\"has-medium-font-size\"><a href=\"https:\/\/psychedelicmagazine.net\/insight\/history-of-psychedelic-use\/\">Lis plus d&rsquo;informations sur l&rsquo;histoire de l&rsquo;utilisation des psych\u00e9d\u00e9liques.<\/a><\/p>\t\t\t\t\t\t\t\t<\/div>\n\t\t\t\t<\/div>\n\t\t\t\t<\/div>\n\t\t<div class=\"elementor-element elementor-element-596d29b e-con-full e-flex e-con e-child\" data-id=\"596d29b\" data-element_type=\"container\">\n\t\t\t\t<div class=\"elementor-element elementor-element-86a2656 elementor-widget elementor-widget-image\" data-id=\"86a2656\" data-element_type=\"widget\" data-widget_type=\"image.default\">\n\t\t\t\t<div class=\"elementor-widget-container\">\n\t\t\t\t\t\t\t\t\t\t\t\t\t\t\t<img fetchpriority=\"high\" decoding=\"async\" width=\"2185\" height=\"2560\" src=\"https:\/\/psychedelicare.eu\/wp-content\/uploads\/2024\/09\/druido-ammaccato-con-manici-scaled.jpg\" class=\"attachment-full size-full wp-image-16467\" alt=\"\" srcset=\"https:\/\/psychedelicare.eu\/wp-content\/uploads\/2024\/09\/druido-ammaccato-con-manici-scaled.jpg 2185w, https:\/\/psychedelicare.eu\/wp-content\/uploads\/2024\/09\/druido-ammaccato-con-manici-256x300.jpg 256w, https:\/\/psychedelicare.eu\/wp-content\/uploads\/2024\/09\/druido-ammaccato-con-manici-874x1024.jpg 874w, https:\/\/psychedelicare.eu\/wp-content\/uploads\/2024\/09\/druido-ammaccato-con-manici-768x900.jpg 768w, https:\/\/psychedelicare.eu\/wp-content\/uploads\/2024\/09\/druido-ammaccato-con-manici-1311x1536.jpg 1311w, https:\/\/psychedelicare.eu\/wp-content\/uploads\/2024\/09\/druido-ammaccato-con-manici-1748x2048.jpg 1748w\" sizes=\"(max-width: 2185px) 100vw, 2185px\" \/>\t\t\t\t\t\t\t\t\t\t\t\t\t\t\t<\/div>\n\t\t\t\t<\/div>\n\t\t\t\t<\/div>\n\t\t\t\t\t<\/div>\n\t\t\t\t<\/div>\n\t\t<div class=\"elementor-element elementor-element-a14aed0 e-flex e-con-boxed e-con e-parent\" data-id=\"a14aed0\" data-element_type=\"container\" id=\"organisations\" data-settings=\"{&quot;background_background&quot;:&quot;classic&quot;}\">\n\t\t\t\t\t<div class=\"e-con-inner\">\n\t\t\t\t<div class=\"elementor-element elementor-element-ca3021e elementor-widget elementor-widget-heading\" data-id=\"ca3021e\" data-element_type=\"widget\" data-widget_type=\"heading.default\">\n\t\t\t\t<div class=\"elementor-widget-container\">\n\t\t\t\t\t<h2 class=\"elementor-heading-title elementor-size-default\">Organisations, communaut\u00e9s, initiatives<\/h2>\t\t\t\t<\/div>\n\t\t\t\t<\/div>\n\t\t\t\t<div class=\"elementor-element elementor-element-befb48c elementor-widget elementor-widget-text-editor\" data-id=\"befb48c\" data-element_type=\"widget\" data-widget_type=\"text-editor.default\">\n\t\t\t\t<div class=\"elementor-widget-container\">\n\t\t\t\t\t\t\t\t\t<p class=\"has-medium-font-size\">Voici une liste non exhaustive d&rsquo;organisations, d&rsquo;entreprises et de communaut\u00e9s du monde entier qui s&rsquo;efforcent de faire conna\u00eetre les substances psych\u00e9d\u00e9liques et d&rsquo;\u00e9duquer le public \u00e0 ce sujet. Consultez \u00e9galement nos <a href=\"https:\/\/psychedelicare.eu\/partners\/\">partenaires<\/a>! <\/p><div class=\"wp-block-uagb-advanced-heading uagb-block-f8122fca\"><h3 class=\"uagb-heading-text\">Universit\u00e9s et instituts de recherche sur les psych\u00e9d\u00e9liques<\/h3><\/div><p class=\"has-medium-font-size\"><a href=\"https:\/\/www.iceers.org\/research\/\" target=\"_blank\" rel=\"noreferrer noopener\">ICEERS<\/a><br><a href=\"https:\/\/www.heffter.org\/study-publications\/\" target=\"_blank\" rel=\"noreferrer noopener\">Institut de recherche Heffter<\/a><br><a href=\"https:\/\/hopkinspsychedelic.org\/\" target=\"_blank\" rel=\"noreferrer noopener\">Centre Johns Hopkins pour la recherche sur les psych\u00e9d\u00e9liques et la conscience<\/a><br><a href=\"https:\/\/www.usonainstitute.org\/\" target=\"_blank\" rel=\"noreferrer noopener\">Institut Usona<\/a><br><a href=\"https:\/\/www.imperial.ac.uk\/psychedelic-research-centre\/research\/publications\/\" target=\"_blank\" rel=\"noreferrer noopener\">Imperial College London, Centre de recherche psych\u00e9d\u00e9lique<\/a><br><a href=\"https:\/\/medicine.yale.edu\/psychiatry\/education\/residency\/interest\/psychedelic_science_group\/\" target=\"_blank\" rel=\"noreferrer noopener\">Groupe de sciences psych\u00e9d\u00e9liques de Yale<\/a><br><a href=\"https:\/\/psychedelics.berkeley.edu\/\" target=\"_blank\" rel=\"noreferrer noopener\">Centre pour la science des psych\u00e9d\u00e9liques de l&rsquo;Universit\u00e9 de Berkeley (UC Berkeley Center for the Science of Psychedelics)<\/a><br><a href=\"https:\/\/med.nyu.edu\/departments-institutes\/psychiatry\/research\/center-psychedelic-medicine\" target=\"_blank\" rel=\"noreferrer noopener\">NYU Langone Center for Psychedelic Medicine (Centre de m\u00e9decine psych\u00e9d\u00e9lique de l&rsquo;Universit\u00e9 de New York)<\/a><br><a href=\"https:\/\/www.columbiapsychiatry.org\/news\/topics\/mental-health\/psychedelics\" target=\"_blank\" rel=\"noreferrer noopener\">D\u00e9partement de psychiatrie de l&rsquo;Universit\u00e9 de Columbia<\/a><\/p><div class=\"wp-block-uagb-advanced-heading uagb-block-ae6585af\"><h3 class=\"uagb-heading-text\">Organisations de d\u00e9fense et d&rsquo;\u00e9ducation sur les substances<\/h3><\/div><p class=\"has-medium-font-size\"><a href=\"https:\/\/www.erowid.org\/splash.php\" target=\"_blank\" rel=\"noreferrer noopener\">Erowid<\/a><br><a href=\"https:\/\/open-foundation.org\/\" target=\"_blank\" rel=\"noreferrer noopener\">Open Foundation<\/a><br><a href=\"https:\/\/www.mind-foundation.org\/\" target=\"_blank\" rel=\"noreferrer noopener\">Mind Foundation<\/a><br><a href=\"https:\/\/www.psychedelicsociety.org.au\/\" target=\"_blank\" rel=\"noreferrer noopener\">Australian Psychedelic Society<\/a><br><a href=\"https:\/\/www.drugscience.org.uk\/\" target=\"_blank\" rel=\"noreferrer noopener\">Drug Science<\/a><br><a href=\"https:\/\/blossomanalysis.com\/\" target=\"_blank\" rel=\"noreferrer noopener\">Blossom Database on Psychedelic Research<\/a><br> Psychedelic<a href=\"https:\/\/parea.eu\/\" target=\"_blank\" rel=\"noreferrer noopener\">Access and Research European Alliance (PAREA)<\/a><\/p><div class=\"wp-block-uagb-advanced-heading uagb-block-edec5e3f\"><h3 class=\"uagb-heading-text\">Communaut\u00e9s et initiatives des psychonautes<\/h3><\/div><p class=\"has-medium-font-size\"><a href=\"https:\/\/www.heroicheartsuk.com\/testimonials\" target=\"_blank\" rel=\"noreferrer noopener\">C\u0153urs h\u00e9ro\u00efques<\/a><br><a href=\"https:\/\/m.psychonautwiki.org\/wiki\/Main_Page\" target=\"_blank\" rel=\"noreferrer noopener\">Psychonaut Wiki<\/a><br><a href=\"https:\/\/www.bluelight.org\/community\/forums\/\" target=\"_blank\" rel=\"noreferrer noopener\">Communaut\u00e9 Bluelight<\/a><br><a href=\"https:\/\/www.shroomery.org\/\" target=\"_blank\" rel=\"noreferrer noopener\">Shroomery<\/a><br><a href=\"https:\/\/doubleblindmag.com\/\" target=\"_blank\" rel=\"noreferrer noopener\">Magazine Double Blind<\/a><\/p>\t\t\t\t\t\t\t\t<\/div>\n\t\t\t\t<\/div>\n\t\t\t\t\t<\/div>\n\t\t\t\t<\/div>\n\t\t\t\t<\/div>\n\t\t","protected":false},"excerpt":{"rendered":"<p>JURIDIQUE ET HISTORIQUE Statut juridique et substances psych\u00e9d\u00e9liques \u00c0 la suite de l&rsquo;interdiction des activit\u00e9s non homologu\u00e9es\/non autoris\u00e9es avec des substances psych\u00e9d\u00e9liques d\u00e9sign\u00e9es comme \u00ab\u00a0drogues contr\u00f4l\u00e9es\u00a0\u00bb dans les ann\u00e9es 1970-1980, la recherche sur les risques et les avantages per\u00e7us de l&rsquo;exp\u00e9rience de substances psych\u00e9d\u00e9liques telles que le LSD, la psilocybine et la MDMA (commun\u00e9ment appel\u00e9e [&hellip;]<\/p>\n","protected":false},"author":8,"featured_media":0,"parent":0,"menu_order":0,"comment_status":"closed","ping_status":"closed","template":"","meta":{"footnotes":""},"class_list":["post-10244","page","type-page","status-publish","hentry"],"_links":{"self":[{"href":"https:\/\/psychedelicare.eu\/fr\/wp-json\/wp\/v2\/pages\/10244","targetHints":{"allow":["GET"]}}],"collection":[{"href":"https:\/\/psychedelicare.eu\/fr\/wp-json\/wp\/v2\/pages"}],"about":[{"href":"https:\/\/psychedelicare.eu\/fr\/wp-json\/wp\/v2\/types\/page"}],"author":[{"embeddable":true,"href":"https:\/\/psychedelicare.eu\/fr\/wp-json\/wp\/v2\/users\/8"}],"replies":[{"embeddable":true,"href":"https:\/\/psychedelicare.eu\/fr\/wp-json\/wp\/v2\/comments?post=10244"}],"version-history":[{"count":2,"href":"https:\/\/psychedelicare.eu\/fr\/wp-json\/wp\/v2\/pages\/10244\/revisions"}],"predecessor-version":[{"id":10250,"href":"https:\/\/psychedelicare.eu\/fr\/wp-json\/wp\/v2\/pages\/10244\/revisions\/10250"}],"wp:attachment":[{"href":"https:\/\/psychedelicare.eu\/fr\/wp-json\/wp\/v2\/media?parent=10244"}],"curies":[{"name":"wp","href":"https:\/\/api.w.org\/{rel}","templated":true}]}}