{"id":12659,"date":"2025-09-30T10:29:59","date_gmt":"2025-09-30T11:29:59","guid":{"rendered":"https:\/\/www.psychedelicare.eu\/join-the-psychedelicare-association\/"},"modified":"2025-10-16T13:46:31","modified_gmt":"2025-10-16T14:46:31","slug":"join-the-psychedelicare-association","status":"publish","type":"page","link":"https:\/\/psychedelicare.eu\/fr\/join-the-psychedelicare-association\/","title":{"rendered":"Rejoignez l&rsquo;association PsychedeliCare"},"content":{"rendered":"\t\t<div data-elementor-type=\"wp-page\" data-elementor-id=\"12659\" class=\"elementor elementor-12659 elementor-12607\" data-elementor-post-type=\"page\">\n\t\t\t\t<div class=\"elementor-element elementor-element-af7ab68 e-flex e-con-boxed e-con e-parent\" data-id=\"af7ab68\" data-element_type=\"container\">\n\t\t\t\t\t<div class=\"e-con-inner\">\n\t\t\t\t<div class=\"elementor-element elementor-element-fe2ee81 elementor-widget elementor-widget-text-editor\" data-id=\"fe2ee81\" data-element_type=\"widget\" data-widget_type=\"text-editor.default\">\n\t\t\t\t<div class=\"elementor-widget-container\">\n\t\t\t\t\t\t\t\t\t<div class=\"crm-public-form-item crm-section intro_text-section\"><p>Rejoignez <strong>PsychedeliCare e.V.<\/strong>, l&rsquo;organisation \u00e0 but non lucratif \u00e0 l&rsquo;origine de l&rsquo;<strong>initiative citoyenne europ\u00e9enne (ICE) PsychedeliCare.EU <\/strong>! En devenant membre, vous soutenez activement notre mission qui consiste \u00e0 promouvoir <strong>une r\u00e9forme de la politique des drogues bas\u00e9e sur des faits, la r\u00e9duction des risques et un acc\u00e8s \u00e9quitable aux th\u00e9rapies psych\u00e9d\u00e9liques<\/strong> en Europe.<\/p><h3><strong>Pourquoi devenir membre ?<\/strong><\/h3><ul><li><strong>Fa\u00e7onnez l&rsquo;avenir <\/strong>: Contribuez \u00e0 l&rsquo;\u00e9volution politique de l&rsquo;UE en soutenant nos activit\u00e9s de plaidoyer.<\/li><li><strong>Restez inform\u00e9 <\/strong>: Recevez les actualit\u00e9s de nos campagnes, de nos \u00e9v\u00e9nements et des progr\u00e8s scientifiques.<\/li><li><strong>R\u00e9seautez et collaborez <\/strong>: Entrez en contact avec des personnes et des organisations partageant les m\u00eames ambitions en politique des drogues et en recherche sur les psych\u00e9d\u00e9liques.<\/li><li><strong>Renforcez notre voix <\/strong>: Plus nous avons de membres, plus nous avons d&rsquo;influence sur l&rsquo;\u00e9laboration des politiques de l&rsquo;UE.<\/li><\/ul><p><strong>Ensemble, nous pouvons cr\u00e9er une approche plus rationnelle, compatissante et scientifique des psych\u00e9d\u00e9liques en Europe !<\/strong><\/p><p><em>Remplissez le formulaire ci-dessous pour nous rejoindre d\u00e8s aujourd&rsquo;hui.<\/em><\/p><p><strong>Pour mettre fin \u00e0 votre adh\u00e9sion, veuillez en informer le conseil d&rsquo;administration par \u00e9crit <a href=\"mailto:info@psychedelicare.eu?subject=Resignation%20from%20PsychedeliCare%20e.V.\" data-cke-saved-href=\"mailto:info@psychedelicare.eu?subject=Resignation%20from%20PsychedeliCare%20e.V.\">(info@psychedelicare.eu)<\/a> au plus tard un mois avant la fin de l&rsquo;exercice financier. Veuillez consulter les <a href=\"https:\/\/psychedelicare.eu\/wp-content\/uploads\/2025\/06\/Statutes_PsychedeliCare.pdf\" data-cke-saved-href=\"https:\/\/psychedelicare.eu\/wp-content\/uploads\/2025\/06\/Statutes_PsychedeliCare.pdf\">statuts<\/a> pour plus de d\u00e9tails (section \u00ab\u00a0r\u00e9siliation de l&rsquo;adh\u00e9sion\u00a0\u00bb). <\/strong><\/p><\/div>\t\t\t\t\t\t\t\t<\/div>\n\t\t\t\t<\/div>\n\t\t\t\t<div class=\"elementor-element elementor-element-7267b56 elementor-widget elementor-widget-shortcode\" data-id=\"7267b56\" data-element_type=\"widget\" data-widget_type=\"shortcode.default\">\n\t\t\t\t<div class=\"elementor-widget-container\">\n\t\t\t\t\t\t\t<div class=\"elementor-shortcode\">[civicrm component=\"contribution\" id=\"7\"]<\/div>\n\t\t\t\t\t\t<\/div>\n\t\t\t\t<\/div>\n\t\t\t\t\t<\/div>\n\t\t\t\t<\/div>\n\t\t\t\t<\/div>\n\t\t","protected":false},"excerpt":{"rendered":"<p>Rejoignez PsychedeliCare e.V., l&rsquo;organisation \u00e0 but non lucratif \u00e0 l&rsquo;origine de l&rsquo;initiative citoyenne europ\u00e9enne (ICE) PsychedeliCare.EU ! En devenant membre, vous soutenez activement notre mission qui consiste \u00e0 promouvoir une r\u00e9forme de la politique des drogues bas\u00e9e sur des faits, la r\u00e9duction des risques et un acc\u00e8s \u00e9quitable aux th\u00e9rapies psych\u00e9d\u00e9liques en Europe. Pourquoi devenir [&hellip;]<\/p>\n","protected":false},"author":1,"featured_media":0,"parent":0,"menu_order":0,"comment_status":"closed","ping_status":"closed","template":"","meta":{"footnotes":""},"class_list":["post-12659","page","type-page","status-publish","hentry"],"_links":{"self":[{"href":"https:\/\/psychedelicare.eu\/fr\/wp-json\/wp\/v2\/pages\/12659","targetHints":{"allow":["GET"]}}],"collection":[{"href":"https:\/\/psychedelicare.eu\/fr\/wp-json\/wp\/v2\/pages"}],"about":[{"href":"https:\/\/psychedelicare.eu\/fr\/wp-json\/wp\/v2\/types\/page"}],"author":[{"embeddable":true,"href":"https:\/\/psychedelicare.eu\/fr\/wp-json\/wp\/v2\/users\/1"}],"replies":[{"embeddable":true,"href":"https:\/\/psychedelicare.eu\/fr\/wp-json\/wp\/v2\/comments?post=12659"}],"version-history":[{"count":4,"href":"https:\/\/psychedelicare.eu\/fr\/wp-json\/wp\/v2\/pages\/12659\/revisions"}],"predecessor-version":[{"id":16120,"href":"https:\/\/psychedelicare.eu\/fr\/wp-json\/wp\/v2\/pages\/12659\/revisions\/16120"}],"wp:attachment":[{"href":"https:\/\/psychedelicare.eu\/fr\/wp-json\/wp\/v2\/media?parent=12659"}],"curies":[{"name":"wp","href":"https:\/\/api.w.org\/{rel}","templated":true}]}}