{"id":4533,"date":"2023-08-26T06:52:46","date_gmt":"2023-08-26T07:52:46","guid":{"rendered":"https:\/\/www.psychedelicare.eu\/politique-de-confidentialite\/"},"modified":"2025-10-15T17:34:18","modified_gmt":"2025-10-15T18:34:18","slug":"politique-de-confidentialite","status":"publish","type":"page","link":"https:\/\/psychedelicare.eu\/fr\/politique-de-confidentialite\/","title":{"rendered":"Politique de confidentialit\u00e9"},"content":{"rendered":"\t\t<div data-elementor-type=\"wp-page\" data-elementor-id=\"4533\" class=\"elementor elementor-4533 elementor-1413\" data-elementor-post-type=\"page\">\n\t\t\t\t<div class=\"elementor-element elementor-element-1da536a9 e-flex e-con-boxed e-con e-parent\" data-id=\"1da536a9\" data-element_type=\"container\">\n\t\t\t\t\t<div class=\"e-con-inner\">\n\t\t\t\t<div class=\"elementor-element elementor-element-4f5ad5a3 elementor-widget elementor-widget-heading\" data-id=\"4f5ad5a3\" data-element_type=\"widget\" data-widget_type=\"heading.default\">\n\t\t\t\t<div class=\"elementor-widget-container\">\n\t\t\t\t\t<h2 class=\"elementor-heading-title elementor-size-default\">POLITIQUE DE CONFIDENTIALIT\u00c9<\/h2>\t\t\t\t<\/div>\n\t\t\t\t<\/div>\n\t\t\t\t\t<\/div>\n\t\t\t\t<\/div>\n\t\t<div class=\"elementor-element elementor-element-052287f e-flex e-con-boxed e-con e-parent\" data-id=\"052287f\" data-element_type=\"container\">\n\t\t\t\t\t<div class=\"e-con-inner\">\n\t\t\t\t<div class=\"elementor-element elementor-element-fb64b53 elementor-widget elementor-widget-text-editor\" data-id=\"fb64b53\" data-element_type=\"widget\" data-widget_type=\"text-editor.default\">\n\t\t\t\t<div class=\"elementor-widget-container\">\n\t\t\t\t\t\t\t\t\t<div><div><h3>Introduction<\/h3><\/div><p>Cette politique de confidentialit\u00e9 explique comment psychedelicare.eu recueille, utilise et prot\u00e8ge les donn\u00e9es personnelles que vous nous fournissez par le biais de notre formulaire de contact. Nous nous engageons \u00e0 prot\u00e9ger votre vie priv\u00e9e et \u00e0 nous conformer aux lois applicables en mati\u00e8re de protection des donn\u00e9es, y compris le R\u00e8glement g\u00e9n\u00e9ral sur la protection des donn\u00e9es (RGPD). <\/p><\/div><div><div><h3>Comment nous utilisons vos donn\u00e9es personnelles<\/h3><\/div><p>Nous utilisons les donn\u00e9es personnelles que vous fournissez par le biais du formulaire de contact dans le but de vous contacter et de r\u00e9pondre \u00e0 votre demande ou question. Nous ne les utilisons pas \u00e0 des fins commerciales ou pour d&rsquo;autres activit\u00e9s de marketing sans votre consentement explicite. <\/p><h3>Consentement<\/h3><\/div><div><p>En utilisant notre formulaire de contact et en fournissant vos donn\u00e9es personnelles, vous consentez \u00e0 ce que nous les utilisions aux fins d\u00e9crites dans la pr\u00e9sente politique de confidentialit\u00e9.<\/p><\/div><div><div><h3>Partage des donn\u00e9es personnelles<\/h3><\/div><p>Nous ne partageons pas vos donn\u00e9es personnelles avec des tiers, sauf si cela est n\u00e9cessaire pour r\u00e9pondre \u00e0 votre demande ou si nous sommes l\u00e9galement oblig\u00e9s de le faire.<\/p><\/div><div><div><h3>S\u00e9curit\u00e9 des donn\u00e9es<\/h3><\/div><p>Nous prenons des mesures raisonnables pour prot\u00e9ger vos donn\u00e9es personnelles contre l&rsquo;utilisation, la perte, l&rsquo;acc\u00e8s, la divulgation, l&rsquo;alt\u00e9ration ou la destruction non autoris\u00e9s. Toutefois, sachez que la s\u00e9curit\u00e9 des informations transmises sur l&rsquo;internet ne peut \u00eatre garantie \u00e0 100 %. <\/p><\/div><div><div><h3>Vos droits<\/h3><\/div><p>Conform\u00e9ment au GDPR, vous disposez d&rsquo;un droit d&rsquo;acc\u00e8s, de rectification, de suppression ou d&rsquo;opposition au traitement de vos donn\u00e9es personnelles. Si vous souhaitez exercer l&rsquo;un de ces droits, veuillez nous contacter \u00e0 l&rsquo;adresse info@psychedelicare.eu. Nous r\u00e9pondrons \u00e0 votre demande dans les d\u00e9lais requis par la loi.  <\/p><\/div><div><div><h3>Modifications de la politique de confidentialit\u00e9<\/h3><\/div><p>Nous nous r\u00e9servons le droit de mettre \u00e0 jour la pr\u00e9sente politique de confidentialit\u00e9 \u00e0 tout moment. Les modifications seront publi\u00e9es sur cette page et la date de la derni\u00e8re mise \u00e0 jour sera indiqu\u00e9e en haut de cette page. <\/p><\/div><div><div><h3>Contactez nous<\/h3><\/div><p>Si vous avez des questions ou des pr\u00e9occupations concernant notre politique de protection de la vie priv\u00e9e, veuillez nous contacter \u00e0 l&rsquo;adresse \u00e9lectronique suivante : info@psychedelicare.eu<\/p><\/div>\t\t\t\t\t\t\t\t<\/div>\n\t\t\t\t<\/div>\n\t\t\t\t\t<\/div>\n\t\t\t\t<\/div>\n\t\t\t\t<\/div>\n\t\t","protected":false},"excerpt":{"rendered":"<p>POLITIQUE DE CONFIDENTIALIT\u00c9 Introduction Cette politique de confidentialit\u00e9 explique comment psychedelicare.eu recueille, utilise et prot\u00e8ge les donn\u00e9es personnelles que vous nous fournissez par le biais de notre formulaire de contact. Nous nous engageons \u00e0 prot\u00e9ger votre vie priv\u00e9e et \u00e0 nous conformer aux lois applicables en mati\u00e8re de protection des donn\u00e9es, y compris le R\u00e8glement [&hellip;]<\/p>\n","protected":false},"author":4,"featured_media":0,"parent":0,"menu_order":0,"comment_status":"closed","ping_status":"closed","template":"","meta":{"footnotes":""},"class_list":["post-4533","page","type-page","status-publish","hentry"],"_links":{"self":[{"href":"https:\/\/psychedelicare.eu\/fr\/wp-json\/wp\/v2\/pages\/4533","targetHints":{"allow":["GET"]}}],"collection":[{"href":"https:\/\/psychedelicare.eu\/fr\/wp-json\/wp\/v2\/pages"}],"about":[{"href":"https:\/\/psychedelicare.eu\/fr\/wp-json\/wp\/v2\/types\/page"}],"author":[{"embeddable":true,"href":"https:\/\/psychedelicare.eu\/fr\/wp-json\/wp\/v2\/users\/4"}],"replies":[{"embeddable":true,"href":"https:\/\/psychedelicare.eu\/fr\/wp-json\/wp\/v2\/comments?post=4533"}],"version-history":[{"count":4,"href":"https:\/\/psychedelicare.eu\/fr\/wp-json\/wp\/v2\/pages\/4533\/revisions"}],"predecessor-version":[{"id":16114,"href":"https:\/\/psychedelicare.eu\/fr\/wp-json\/wp\/v2\/pages\/4533\/revisions\/16114"}],"wp:attachment":[{"href":"https:\/\/psychedelicare.eu\/fr\/wp-json\/wp\/v2\/media?parent=4533"}],"curies":[{"name":"wp","href":"https:\/\/api.w.org\/{rel}","templated":true}]}}