{"id":5423,"date":"2024-05-07T15:24:25","date_gmt":"2024-05-07T16:24:25","guid":{"rendered":"https:\/\/www.psychedelicare.eu\/juridique\/"},"modified":"2025-10-24T09:19:47","modified_gmt":"2025-10-24T10:19:47","slug":"juridique","status":"publish","type":"page","link":"https:\/\/psychedelicare.eu\/fr\/juridique\/","title":{"rendered":"Mentions l\u00e9gales"},"content":{"rendered":"\t\t<div data-elementor-type=\"wp-page\" data-elementor-id=\"5423\" class=\"elementor elementor-5423 elementor-2530\" data-elementor-post-type=\"page\">\n\t\t\t\t<div class=\"elementor-element elementor-element-5b424d42 e-flex e-con-boxed e-con e-parent\" data-id=\"5b424d42\" data-element_type=\"container\">\n\t\t\t\t\t<div class=\"e-con-inner\">\n\t\t\t\t<div class=\"elementor-element elementor-element-4e6298e7 elementor-widget elementor-widget-heading\" data-id=\"4e6298e7\" data-element_type=\"widget\" data-widget_type=\"heading.default\">\n\t\t\t\t<div class=\"elementor-widget-container\">\n\t\t\t\t\t<h2 class=\"elementor-heading-title elementor-size-default\">MENTIONS L\u00c9GALES<\/h2>\t\t\t\t<\/div>\n\t\t\t\t<\/div>\n\t\t\t\t\t<\/div>\n\t\t\t\t<\/div>\n\t\t<div class=\"elementor-element elementor-element-6698f418 e-flex e-con-boxed e-con e-parent\" data-id=\"6698f418\" data-element_type=\"container\">\n\t\t\t\t\t<div class=\"e-con-inner\">\n\t\t\t\t<div class=\"elementor-element elementor-element-0ab67b8 elementor-widget elementor-widget-text-editor\" data-id=\"0ab67b8\" data-element_type=\"widget\" data-widget_type=\"text-editor.default\">\n\t\t\t\t<div class=\"elementor-widget-container\">\n\t\t\t\t\t\t\t\t\t<div><h3>Responsabilit\u00e9 du contenu<\/h3><\/div><p>conform\u00e9ment \u00e0 l&rsquo;article 5 du TMG<\/p><h2>PsychedeliCare e.V.<\/h2><p>Pr\u00e9sident du conseil d&rsquo;administration : Th\u00e9o Giubilei<br>Vice-pr\u00e9sident du conseil d&rsquo;administration : Johannes Rohr (d\u00e9missionnaire avec effet au 20 novembre 2025).<\/p><p>Tribunal d&rsquo;enregistrement : Tribunal d&rsquo;instance de Potsdam<br>Num\u00e9ro de registre : VR 9731<\/p><p>Adresse postale :<br>PsychedeliCare e.V.<br>Luisenstr. 17B<br>14542 Werder (Havel)<br>Allemagne <\/p><p>Courriel : <a href=\"mailto:info@psychedelicare.eu\">info@psychedelicare.eu<\/a><\/p><p class=\"ds-markdown-paragraph\"><strong>Conception et mise en \u0153uvre technique<\/strong><br>Ce site internet a \u00e9t\u00e9 d\u00e9velopp\u00e9 selon les sp\u00e9cifications du client, avec l&rsquo;aide strat\u00e9gique de Gerhard Peilst\u00f6cker.<\/p><p class=\"ds-markdown-paragraph\"><strong><a href=\"http:\/\/it-service-peilstoecker.de\" target=\"_blank\" rel=\"noopener noreferrer\">www.it-service-peilstoecker.de<\/a><\/strong><\/p>\t\t\t\t\t\t\t\t<\/div>\n\t\t\t\t<\/div>\n\t\t\t\t\t<\/div>\n\t\t\t\t<\/div>\n\t\t\t\t<\/div>\n\t\t","protected":false},"excerpt":{"rendered":"<p>MENTIONS L\u00c9GALES Responsabilit\u00e9 du contenu conform\u00e9ment \u00e0 l&rsquo;article 5 du TMG PsychedeliCare e.V. Pr\u00e9sident du conseil d&rsquo;administration : Th\u00e9o GiubileiVice-pr\u00e9sident du conseil d&rsquo;administration : Johannes Rohr (d\u00e9missionnaire avec effet au 20 novembre 2025). Tribunal d&rsquo;enregistrement : Tribunal d&rsquo;instance de PotsdamNum\u00e9ro de registre : VR 9731 Adresse postale :PsychedeliCare e.V.Luisenstr. 17B14542 Werder (Havel)Allemagne Courriel : info@psychedelicare.eu [&hellip;]<\/p>\n","protected":false},"author":8,"featured_media":0,"parent":0,"menu_order":0,"comment_status":"closed","ping_status":"closed","template":"","meta":{"footnotes":""},"class_list":["post-5423","page","type-page","status-publish","hentry"],"_links":{"self":[{"href":"https:\/\/psychedelicare.eu\/fr\/wp-json\/wp\/v2\/pages\/5423","targetHints":{"allow":["GET"]}}],"collection":[{"href":"https:\/\/psychedelicare.eu\/fr\/wp-json\/wp\/v2\/pages"}],"about":[{"href":"https:\/\/psychedelicare.eu\/fr\/wp-json\/wp\/v2\/types\/page"}],"author":[{"embeddable":true,"href":"https:\/\/psychedelicare.eu\/fr\/wp-json\/wp\/v2\/users\/8"}],"replies":[{"embeddable":true,"href":"https:\/\/psychedelicare.eu\/fr\/wp-json\/wp\/v2\/comments?post=5423"}],"version-history":[{"count":5,"href":"https:\/\/psychedelicare.eu\/fr\/wp-json\/wp\/v2\/pages\/5423\/revisions"}],"predecessor-version":[{"id":16876,"href":"https:\/\/psychedelicare.eu\/fr\/wp-json\/wp\/v2\/pages\/5423\/revisions\/16876"}],"wp:attachment":[{"href":"https:\/\/psychedelicare.eu\/fr\/wp-json\/wp\/v2\/media?parent=5423"}],"curies":[{"name":"wp","href":"https:\/\/api.w.org\/{rel}","templated":true}]}}