{"id":11161,"date":"2023-08-26T06:52:46","date_gmt":"2023-08-26T07:52:46","guid":{"rendered":"https:\/\/www.psychedelicare.eu\/pravila-o-privatnosti\/"},"modified":"2025-09-24T08:11:57","modified_gmt":"2025-09-24T09:11:57","slug":"pravila-o-privatnosti","status":"publish","type":"page","link":"https:\/\/psychedelicare.eu\/hr\/pravila-o-privatnosti\/","title":{"rendered":"Pravila o privatnosti"},"content":{"rendered":"\t\t<div data-elementor-type=\"wp-page\" data-elementor-id=\"11161\" class=\"elementor elementor-11161 elementor-1413\" data-elementor-post-type=\"page\">\n\t\t\t\t<div class=\"elementor-element elementor-element-1da536a9 e-flex e-con-boxed e-con e-parent\" data-id=\"1da536a9\" data-element_type=\"container\">\n\t\t\t\t\t<div class=\"e-con-inner\">\n\t\t\t\t<div class=\"elementor-element elementor-element-4f5ad5a3 elementor-widget elementor-widget-heading\" data-id=\"4f5ad5a3\" data-element_type=\"widget\" data-widget_type=\"heading.default\">\n\t\t\t\t<div class=\"elementor-widget-container\">\n\t\t\t\t\t<h2 class=\"elementor-heading-title elementor-size-default\">POLITIKA PRIVATNOSTI<\/h2>\t\t\t\t<\/div>\n\t\t\t\t<\/div>\n\t\t\t\t\t<\/div>\n\t\t\t\t<\/div>\n\t\t<div class=\"elementor-element elementor-element-052287f e-flex e-con-boxed e-con e-parent\" data-id=\"052287f\" data-element_type=\"container\">\n\t\t\t\t\t<div class=\"e-con-inner\">\n\t\t\t\t<div class=\"elementor-element elementor-element-fb64b53 elementor-widget elementor-widget-text-editor\" data-id=\"fb64b53\" data-element_type=\"widget\" data-widget_type=\"text-editor.default\">\n\t\t\t\t<div class=\"elementor-widget-container\">\n\t\t\t\t\t\t\t\t\t<div><div><h3>Uvod<\/h3><\/div><p>Ova Pravila o privatnosti obja\u0161njavaju kako psychedelicare.eu prikuplja, koristi i \u0161titi osobne podatke koje nam dajete putem na\u0161eg kontakt obrasca. Posve\u0107eni smo za\u0161titi va\u0161e privatnosti i po\u0161tivanju va\u017ee\u0107ih zakona o za\u0161titi podataka, uklju\u010duju\u0107i Op\u0107u uredbu o za\u0161titi podataka (GDPR). <\/p><\/div><div><div><h3>Kako koristimo va\u0161e osobne podatke<\/h3><\/div><p>Osobne podatke koje nam dostavite putem kontakt obrasca koristimo kako bismo vas kontaktirali i odgovorili na va\u0161 upit ili pitanje. Ne koristimo ih u komercijalne svrhe ili druge marketin\u0161ke aktivnosti bez va\u0161eg izri\u010ditog pristanka. <\/p><h3>Pristanak<\/h3><\/div><div><p>Kori\u0161tenjem na\u0161eg kontakt obrasca i davanjem svojih osobnih podataka, pristajete da ih koristimo u svrhe navedene u ovim Pravilima o privatnosti.<\/p><\/div><div><div><h3>Dijeljenje osobnih podataka<\/h3><\/div><p>Ne dijelimo va\u0161e osobne podatke s tre\u0107im stranama osim ako je to potrebno za odgovor na va\u0161 zahtjev ili ako smo zakonski obvezni to u\u010diniti.<\/p><\/div><div><div><h3>Sigurnost podataka<\/h3><\/div><p>Poduzimamo razumne mjere kako bismo za\u0161titili va\u0161e osobne podatke od neovla\u0161tene upotrebe, gubitka, pristupa, otkrivanja, izmjene ili uni\u0161tenja. Me\u0111utim, imajte na umu da sigurnost informacija prenesenih putem interneta ne mo\u017ee biti 100% zajam\u010dena. <\/p><\/div><div><div><h3>Va\u0161a prava<\/h3><\/div><p>U skladu s GDPR-om, imate pravo pristupiti, ispraviti, izbrisati ili ulo\u017eiti prigovor na obradu svojih osobnih podataka. Ako \u017eelite ostvariti bilo koje od ovih prava, kontaktirajte nas na info@psychedelicare.eu. Odgovorit \u0107emo na va\u0161 zahtjev u zakonski propisanim rokovima.  <\/p><\/div><div><div><h3>Promjene Pravila o privatnosti<\/h3><\/div><p>Pridr\u017eavamo pravo a\u017euriranja ove Politike privatnosti u bilo kojem trenutku. Promjene \u0107e biti objavljene na ovoj stranici, a datum posljednjeg a\u017euriranja bit \u0107e nazna\u010den na vrhu ove stranice. <\/p><\/div><div><div><h3>Kontaktirajte nas<\/h3><\/div><p>Ako imate bilo kakvih pitanja ili nedoumica u vezi s na\u0161im Pravilima o privatnosti, molimo kontaktirajte nas putem sljede\u0107e e-mail adrese: info@psychedelicare.eu<\/p><\/div>\t\t\t\t\t\t\t\t<\/div>\n\t\t\t\t<\/div>\n\t\t\t\t\t<\/div>\n\t\t\t\t<\/div>\n\t\t\t\t<\/div>\n\t\t","protected":false},"excerpt":{"rendered":"<p>POLITIKA PRIVATNOSTI Uvod Ova Pravila o privatnosti obja\u0161njavaju kako psychedelicare.eu prikuplja, koristi i \u0161titi osobne podatke koje nam dajete putem na\u0161eg kontakt obrasca. Posve\u0107eni smo za\u0161titi va\u0161e privatnosti i po\u0161tivanju va\u017ee\u0107ih zakona o za\u0161titi podataka, uklju\u010duju\u0107i Op\u0107u uredbu o za\u0161titi podataka (GDPR). Kako koristimo va\u0161e osobne podatke Osobne podatke koje nam dostavite putem kontakt obrasca [&hellip;]<\/p>\n","protected":false},"author":4,"featured_media":0,"parent":0,"menu_order":0,"comment_status":"closed","ping_status":"closed","template":"","meta":{"footnotes":""},"class_list":["post-11161","page","type-page","status-publish","hentry"],"_links":{"self":[{"href":"https:\/\/psychedelicare.eu\/hr\/wp-json\/wp\/v2\/pages\/11161","targetHints":{"allow":["GET"]}}],"collection":[{"href":"https:\/\/psychedelicare.eu\/hr\/wp-json\/wp\/v2\/pages"}],"about":[{"href":"https:\/\/psychedelicare.eu\/hr\/wp-json\/wp\/v2\/types\/page"}],"author":[{"embeddable":true,"href":"https:\/\/psychedelicare.eu\/hr\/wp-json\/wp\/v2\/users\/4"}],"replies":[{"embeddable":true,"href":"https:\/\/psychedelicare.eu\/hr\/wp-json\/wp\/v2\/comments?post=11161"}],"version-history":[{"count":1,"href":"https:\/\/psychedelicare.eu\/hr\/wp-json\/wp\/v2\/pages\/11161\/revisions"}],"predecessor-version":[{"id":11163,"href":"https:\/\/psychedelicare.eu\/hr\/wp-json\/wp\/v2\/pages\/11161\/revisions\/11163"}],"wp:attachment":[{"href":"https:\/\/psychedelicare.eu\/hr\/wp-json\/wp\/v2\/media?parent=11161"}],"curies":[{"name":"wp","href":"https:\/\/api.w.org\/{rel}","templated":true}]}}