{"id":11395,"date":"2025-05-15T17:14:40","date_gmt":"2025-05-15T18:14:40","guid":{"rendered":"https:\/\/www.psychedelicare.eu\/mediji\/"},"modified":"2025-10-03T18:22:49","modified_gmt":"2025-10-03T19:22:49","slug":"mediji","status":"publish","type":"page","link":"https:\/\/psychedelicare.eu\/hr\/mediji\/","title":{"rendered":"Mediji"},"content":{"rendered":"\t\t<div data-elementor-type=\"wp-page\" data-elementor-id=\"11395\" class=\"elementor elementor-11395 elementor-7070\" data-elementor-post-type=\"page\">\n\t\t\t\t<div class=\"elementor-element elementor-element-e59cf30 e-flex e-con-boxed e-con e-parent\" data-id=\"e59cf30\" data-element_type=\"container\">\n\t\t\t\t\t<div class=\"e-con-inner\">\n\t\t\t\t<div class=\"elementor-element elementor-element-43f59f6 elementor-widget elementor-widget-heading\" data-id=\"43f59f6\" data-element_type=\"widget\" data-widget_type=\"heading.default\">\n\t\t\t\t<div class=\"elementor-widget-container\">\n\t\t\t\t\t<h2 class=\"elementor-heading-title elementor-size-default\">MEDIJI<\/h2>\t\t\t\t<\/div>\n\t\t\t\t<\/div>\n\t\t\t\t\t<\/div>\n\t\t\t\t<\/div>\n\t\t<div class=\"elementor-element elementor-element-ed5fe67 e-flex e-con-boxed e-con e-parent\" data-id=\"ed5fe67\" data-element_type=\"container\">\n\t\t\t\t\t<div class=\"e-con-inner\">\n\t\t\t\t<div class=\"elementor-element elementor-element-2173d14 elementor-widget elementor-widget-text-editor\" data-id=\"2173d14\" data-element_type=\"widget\" data-widget_type=\"text-editor.default\">\n\t\t\t\t<div class=\"elementor-widget-container\">\n\t\t\t\t\t\t\t\t\t<div class=\"wp-block-uagb-container uagb-block-6a1ba7b0\"><div class=\"wp-block-uagb-advanced-heading uagb-block-e71bc163\"><h3 class=\"uagb-heading-text\">Kontakti<\/h3><\/div><p class=\"has-medium-font-size\"><strong>EUROPSKA I ZNANOST POVEZANA PITANJA<\/strong><br> <a href=\"mailto:press@psychedelicare.eu\">press@psychedelicare.eu<\/a><\/p><p class=\"has-medium-font-size\"><strong>NACIONALNE UPITE<\/strong><br> Molimo kontaktirajte odgovaraju\u0107i <a href=\"https:\/\/psychedelicare.eu\/hr\/about-us\/#national-teams\">nacionalni tim<\/a> .<\/p><\/div><div class=\"wp-block-uagb-container uagb-block-253d4f51\"><div class=\"wp-block-uagb-advanced-heading uagb-block-c0406deb\"><h3 class=\"uagb-heading-text\">Materijal za medije<\/h3><\/div><p class=\"has-medium-font-size\">Preuzmite <strong>\n  <a href=\"https:\/\/psychedelicare.eu\/wp-content\/uploads\/2025\/01\/Press-kit.zip\">na\u0161 press kit<\/a>\n<\/strong> koji sadr\u017ei:<\/p><p class=\"has-medium-font-size\">\u2013 Jedna stranica sa sa\u017eetkom na\u0161e inicijative;<\/p><p class=\"has-medium-font-size\">\u2013 Na\u0161 logotip i vizualne smjernice;<\/p><p class=\"has-medium-font-size\">\u2013 Slike i ilustracije.<\/p><\/div><div class=\"wp-block-uagb-container uagb-block-cd35ce69\"><div class=\"wp-block-uagb-advanced-heading uagb-block-ec224799\"><h3 class=\"uagb-heading-text\">Vi\u0161e informacija i novosti<\/h3><\/div><p class=\"has-medium-font-size\">Saznajte vi\u0161e <a href=\"https:\/\/citizens-initiative.europa.eu\/initiatives\/details\/2024\/000011_en\" target=\"_blank\" rel=\"noreferrer noopener\">o inicijativi, njezinoj svrsi i na\u0161im zahtjevima Europskoj komisiji<\/a> .<\/p><p class=\"has-medium-font-size\">Saznajte vi\u0161e o na\u0161im <a href=\"https:\/\/psychedelicare.eu\/hr\/news\/\">najnovijim vijestima<\/a> .<\/p><\/div><div class=\"wp-block-spacer\" style=\"height: 100px;\" aria-hidden=\"true\"> <\/div><p>  ponovno<\/p>\t\t\t\t\t\t\t\t<\/div>\n\t\t\t\t<\/div>\n\t\t\t\t\t<\/div>\n\t\t\t\t<\/div>\n\t\t\t\t<\/div>\n\t\t","protected":false},"excerpt":{"rendered":"<p>MEDIJI Kontakti EUROPSKA I ZNANOST POVEZANA PITANJA press@psychedelicare.eu NACIONALNE UPITE Molimo kontaktirajte odgovaraju\u0107i nacionalni tim . Materijal za medije Preuzmite na\u0161 press kit koji sadr\u017ei: \u2013 Jedna stranica sa sa\u017eetkom na\u0161e inicijative; \u2013 Na\u0161 logotip i vizualne smjernice; \u2013 Slike i ilustracije. Vi\u0161e informacija i novosti Saznajte vi\u0161e o inicijativi, njezinoj svrsi i na\u0161im zahtjevima [&hellip;]<\/p>\n","protected":false},"author":1,"featured_media":0,"parent":0,"menu_order":0,"comment_status":"closed","ping_status":"closed","template":"","meta":{"footnotes":""},"class_list":["post-11395","page","type-page","status-publish","hentry"],"_links":{"self":[{"href":"https:\/\/psychedelicare.eu\/hr\/wp-json\/wp\/v2\/pages\/11395","targetHints":{"allow":["GET"]}}],"collection":[{"href":"https:\/\/psychedelicare.eu\/hr\/wp-json\/wp\/v2\/pages"}],"about":[{"href":"https:\/\/psychedelicare.eu\/hr\/wp-json\/wp\/v2\/types\/page"}],"author":[{"embeddable":true,"href":"https:\/\/psychedelicare.eu\/hr\/wp-json\/wp\/v2\/users\/1"}],"replies":[{"embeddable":true,"href":"https:\/\/psychedelicare.eu\/hr\/wp-json\/wp\/v2\/comments?post=11395"}],"version-history":[{"count":7,"href":"https:\/\/psychedelicare.eu\/hr\/wp-json\/wp\/v2\/pages\/11395\/revisions"}],"predecessor-version":[{"id":14247,"href":"https:\/\/psychedelicare.eu\/hr\/wp-json\/wp\/v2\/pages\/11395\/revisions\/14247"}],"wp:attachment":[{"href":"https:\/\/psychedelicare.eu\/hr\/wp-json\/wp\/v2\/media?parent=11395"}],"curies":[{"name":"wp","href":"https:\/\/api.w.org\/{rel}","templated":true}]}}