{"id":11422,"date":"2024-05-07T15:24:25","date_gmt":"2024-05-07T16:24:25","guid":{"rendered":"https:\/\/www.psychedelicare.eu\/pravno\/"},"modified":"2025-10-24T09:19:41","modified_gmt":"2025-10-24T10:19:41","slug":"pravno","status":"publish","type":"page","link":"https:\/\/psychedelicare.eu\/hr\/pravno\/","title":{"rendered":"Pravni"},"content":{"rendered":"\t\t<div data-elementor-type=\"wp-page\" data-elementor-id=\"11422\" class=\"elementor elementor-11422 elementor-2530\" data-elementor-post-type=\"page\">\n\t\t\t\t<div class=\"elementor-element elementor-element-5b424d42 e-flex e-con-boxed e-con e-parent\" data-id=\"5b424d42\" data-element_type=\"container\">\n\t\t\t\t\t<div class=\"e-con-inner\">\n\t\t\t\t<div class=\"elementor-element elementor-element-4e6298e7 elementor-widget elementor-widget-heading\" data-id=\"4e6298e7\" data-element_type=\"widget\" data-widget_type=\"heading.default\">\n\t\t\t\t<div class=\"elementor-widget-container\">\n\t\t\t\t\t<h2 class=\"elementor-heading-title elementor-size-default\">PRAVNO<\/h2>\t\t\t\t<\/div>\n\t\t\t\t<\/div>\n\t\t\t\t\t<\/div>\n\t\t\t\t<\/div>\n\t\t<div class=\"elementor-element elementor-element-6698f418 e-flex e-con-boxed e-con e-parent\" data-id=\"6698f418\" data-element_type=\"container\">\n\t\t\t\t\t<div class=\"e-con-inner\">\n\t\t\t\t<div class=\"elementor-element elementor-element-0ab67b8 elementor-widget elementor-widget-text-editor\" data-id=\"0ab67b8\" data-element_type=\"widget\" data-widget_type=\"text-editor.default\">\n\t\t\t\t<div class=\"elementor-widget-container\">\n\t\t\t\t\t\t\t\t\t<div><h3>Odgovornost za sadr\u017eaj<\/h3><\/div><p>u skladu s \u00a7 5 TMG-a<\/p><h2>PsychedeliCare e.V.<\/h2><p>Predsjednik uprave: Th\u00e9o Giubilei<br> Zamjenik predsjednika Uprave: Johannes Rohr (ostavka stupa na snagu 20. studenog 2025.)<\/p><p>Registarski sud: Okru\u017eni sud u Potsdamu<br> Registarski broj: VR 9731<\/p><p>Po\u0161tanska adresa:<br> PsychedeliCare e.V.<br> Luisenstr. 17B<br> 14542 Werder (Havel)<br> Njema\u010dka <\/p><p>E-po\u0161ta: <a href=\"mailto:info@psychedelicare.eu\">info@psychedelicare.eu<\/a><\/p><p class=\"ds-markdown-paragraph\"><strong>Dizajn i tehni\u010dka implementacija<\/strong><br> Web stranica razvijena prema specifikacijama klijenta, uz strate\u0161ku konzultantsku podr\u0161ku Gerharda Peilst\u00f6ckera.<\/p><p class=\"ds-markdown-paragraph\"><strong><a href=\"http:\/\/it-service-peilstoecker.de\" target=\"_blank\" rel=\"noopener noreferrer\">www.it-service-peilstoecker.de<\/a><\/strong><\/p>\t\t\t\t\t\t\t\t<\/div>\n\t\t\t\t<\/div>\n\t\t\t\t\t<\/div>\n\t\t\t\t<\/div>\n\t\t\t\t<\/div>\n\t\t","protected":false},"excerpt":{"rendered":"<p>PRAVNO Odgovornost za sadr\u017eaj u skladu s \u00a7 5 TMG-a PsychedeliCare e.V. Predsjednik uprave: Th\u00e9o Giubilei Zamjenik predsjednika Uprave: Johannes Rohr (ostavka stupa na snagu 20. studenog 2025.) Registarski sud: Okru\u017eni sud u Potsdamu Registarski broj: VR 9731 Po\u0161tanska adresa: PsychedeliCare e.V. Luisenstr. 17B 14542 Werder (Havel) Njema\u010dka E-po\u0161ta: info@psychedelicare.eu Dizajn i tehni\u010dka implementacija Web [&hellip;]<\/p>\n","protected":false},"author":8,"featured_media":0,"parent":0,"menu_order":0,"comment_status":"closed","ping_status":"closed","template":"","meta":{"footnotes":""},"class_list":["post-11422","page","type-page","status-publish","hentry"],"_links":{"self":[{"href":"https:\/\/psychedelicare.eu\/hr\/wp-json\/wp\/v2\/pages\/11422","targetHints":{"allow":["GET"]}}],"collection":[{"href":"https:\/\/psychedelicare.eu\/hr\/wp-json\/wp\/v2\/pages"}],"about":[{"href":"https:\/\/psychedelicare.eu\/hr\/wp-json\/wp\/v2\/types\/page"}],"author":[{"embeddable":true,"href":"https:\/\/psychedelicare.eu\/hr\/wp-json\/wp\/v2\/users\/8"}],"replies":[{"embeddable":true,"href":"https:\/\/psychedelicare.eu\/hr\/wp-json\/wp\/v2\/comments?post=11422"}],"version-history":[{"count":4,"href":"https:\/\/psychedelicare.eu\/hr\/wp-json\/wp\/v2\/pages\/11422\/revisions"}],"predecessor-version":[{"id":16868,"href":"https:\/\/psychedelicare.eu\/hr\/wp-json\/wp\/v2\/pages\/11422\/revisions\/16868"}],"wp:attachment":[{"href":"https:\/\/psychedelicare.eu\/hr\/wp-json\/wp\/v2\/media?parent=11422"}],"curies":[{"name":"wp","href":"https:\/\/api.w.org\/{rel}","templated":true}]}}