{"id":12661,"date":"2025-09-30T10:29:59","date_gmt":"2025-09-30T11:29:59","guid":{"rendered":"https:\/\/www.psychedelicare.eu\/join-the-psychedelicare-association\/"},"modified":"2025-10-04T08:18:22","modified_gmt":"2025-10-04T09:18:22","slug":"join-the-psychedelicare-association","status":"publish","type":"page","link":"https:\/\/psychedelicare.eu\/hr\/join-the-psychedelicare-association\/","title":{"rendered":"Pridru\u017eite se udruzi PsychedeliCare"},"content":{"rendered":"\t\t<div data-elementor-type=\"wp-page\" data-elementor-id=\"12661\" class=\"elementor elementor-12661 elementor-12607\" data-elementor-post-type=\"page\">\n\t\t\t\t<div class=\"elementor-element elementor-element-af7ab68 e-flex e-con-boxed e-con e-parent\" data-id=\"af7ab68\" data-element_type=\"container\">\n\t\t\t\t\t<div class=\"e-con-inner\">\n\t\t\t\t<div class=\"elementor-element elementor-element-fe2ee81 elementor-widget elementor-widget-text-editor\" data-id=\"fe2ee81\" data-element_type=\"widget\" data-widget_type=\"text-editor.default\">\n\t\t\t\t<div class=\"elementor-widget-container\">\n\t\t\t\t\t\t\t\t\t<div class=\"crm-public-form-item crm-section intro_text-section\"><p>Pridru\u017eite se <strong>PsychedeliCare eV<\/strong> , neprofitnoj organizaciji koja stoji iza <strong>Europske gra\u0111anske inicijative (ECI) PsychedeliCare.EU<\/strong> ! Postajanjem \u010dlanom aktivno podr\u017eavate na\u0161u misiju promicanja <strong>reforme politike o drogama utemeljene na dokazima, smanjenja \u0161tete i jednakog pristupa psihodeli\u010dnim terapijama<\/strong> u Europi.<\/p><h3><strong>Za\u0161to postati \u010dlan?<\/strong><\/h3><ul><li><strong>Oblikujte budu\u0107nost<\/strong> : Pomozite u pokretanju politi\u010dkih promjena u EU podr\u017eavaju\u0107i na\u0161 zagovara\u010dki rad.<\/li><li><strong>Ostanite informirani<\/strong> : Primajte novosti o na\u0161im kampanjama, doga\u0111ajima i znanstvenim dostignu\u0107ima.<\/li><li><strong>Umre\u017eavanje i suradnja<\/strong> : Pove\u017eite se s istomi\u0161ljenicima i organizacijama u podru\u010dju politike droga i istra\u017eivanja psihodelika.<\/li><li><strong>Oja\u010dajmo na\u0161 glas<\/strong> : \u0160to vi\u0161e \u010dlanova imamo, to je ve\u0107i na\u0161 utjecaj na dono\u0161enje politika EU.<\/li><\/ul><p><strong>Zajedno mo\u017eemo stvoriti racionalniji, suosje\u0107ajniji i znanstveno utemeljen pristup psihodelicima u Europi!<\/strong><\/p><p><em>Ispunite donji obrazac kako biste nam se pridru\u017eili ve\u0107 danas.<\/em><\/p><p><strong>Za raskid \u010dlanstva, molimo vas da pismeno obavijestite upravni odbor ( <a href=\"mailto:info@psychedelicare.eu?subject=Otkaz%20od%20PsychedeliCare%20e.V.\" data-cke-saved-href=\"mailto:info@psychedelicare.eu?subject=Resignation%20from%20PsychedeliCare%20e.V.\">info@psychedelicare.eu<\/a> ) najkasnije mjesec dana prije kraja fiskalne godine. Za vi\u0161e informacija pogledajte <a href=\"https:\/\/psychedelicare.eu\/wp-content\/uploads\/2025\/06\/Statutes_PsychedeliCare.pdf\" data-cke-saved-href=\"https:\/\/psychedelicare.eu\/wp-content\/uploads\/2025\/06\/Statutes_PsychedeliCare.pdf\">statut<\/a> (odjeljak &#8220;raskid \u010dlanstva&#8221;). <\/strong><\/p><\/div>\t\t\t\t\t\t\t\t<\/div>\n\t\t\t\t<\/div>\n\t\t\t\t<div class=\"elementor-element elementor-element-7267b56 elementor-widget elementor-widget-shortcode\" data-id=\"7267b56\" data-element_type=\"widget\" data-widget_type=\"shortcode.default\">\n\t\t\t\t<div class=\"elementor-widget-container\">\n\t\t\t\t\t\t\t<div class=\"elementor-shortcode\">[civicrm component=\"contribution\" id=\"7\"]<\/div>\n\t\t\t\t\t\t<\/div>\n\t\t\t\t<\/div>\n\t\t\t\t\t<\/div>\n\t\t\t\t<\/div>\n\t\t\t\t<\/div>\n\t\t","protected":false},"excerpt":{"rendered":"<p>Pridru\u017eite se PsychedeliCare eV , neprofitnoj organizaciji koja stoji iza Europske gra\u0111anske inicijative (ECI) PsychedeliCare.EU ! Postajanjem \u010dlanom aktivno podr\u017eavate na\u0161u misiju promicanja reforme politike o drogama utemeljene na dokazima, smanjenja \u0161tete i jednakog pristupa psihodeli\u010dnim terapijama u Europi. Za\u0161to postati \u010dlan? Oblikujte budu\u0107nost : Pomozite u pokretanju politi\u010dkih promjena u EU podr\u017eavaju\u0107i na\u0161 zagovara\u010dki [&hellip;]<\/p>\n","protected":false},"author":1,"featured_media":0,"parent":0,"menu_order":0,"comment_status":"closed","ping_status":"closed","template":"","meta":{"footnotes":""},"class_list":["post-12661","page","type-page","status-publish","hentry"],"_links":{"self":[{"href":"https:\/\/psychedelicare.eu\/hr\/wp-json\/wp\/v2\/pages\/12661","targetHints":{"allow":["GET"]}}],"collection":[{"href":"https:\/\/psychedelicare.eu\/hr\/wp-json\/wp\/v2\/pages"}],"about":[{"href":"https:\/\/psychedelicare.eu\/hr\/wp-json\/wp\/v2\/types\/page"}],"author":[{"embeddable":true,"href":"https:\/\/psychedelicare.eu\/hr\/wp-json\/wp\/v2\/users\/1"}],"replies":[{"embeddable":true,"href":"https:\/\/psychedelicare.eu\/hr\/wp-json\/wp\/v2\/comments?post=12661"}],"version-history":[{"count":2,"href":"https:\/\/psychedelicare.eu\/hr\/wp-json\/wp\/v2\/pages\/12661\/revisions"}],"predecessor-version":[{"id":14272,"href":"https:\/\/psychedelicare.eu\/hr\/wp-json\/wp\/v2\/pages\/12661\/revisions\/14272"}],"wp:attachment":[{"href":"https:\/\/psychedelicare.eu\/hr\/wp-json\/wp\/v2\/media?parent=12661"}],"curies":[{"name":"wp","href":"https:\/\/api.w.org\/{rel}","templated":true}]}}