{"id":10055,"date":"2025-05-15T17:14:40","date_gmt":"2025-05-15T18:14:40","guid":{"rendered":"https:\/\/www.psychedelicare.eu\/media\/"},"modified":"2025-10-03T18:23:00","modified_gmt":"2025-10-03T19:23:00","slug":"media","status":"publish","type":"page","link":"https:\/\/psychedelicare.eu\/pl\/media\/","title":{"rendered":"Media"},"content":{"rendered":"\t\t<div data-elementor-type=\"wp-page\" data-elementor-id=\"10055\" class=\"elementor elementor-10055 elementor-7070\" data-elementor-post-type=\"page\">\n\t\t\t\t<div class=\"elementor-element elementor-element-e59cf30 e-flex e-con-boxed e-con e-parent\" data-id=\"e59cf30\" data-element_type=\"container\">\n\t\t\t\t\t<div class=\"e-con-inner\">\n\t\t\t\t<div class=\"elementor-element elementor-element-43f59f6 elementor-widget elementor-widget-heading\" data-id=\"43f59f6\" data-element_type=\"widget\" data-widget_type=\"heading.default\">\n\t\t\t\t<div class=\"elementor-widget-container\">\n\t\t\t\t\t<h2 class=\"elementor-heading-title elementor-size-default\">MEDIA<\/h2>\t\t\t\t<\/div>\n\t\t\t\t<\/div>\n\t\t\t\t\t<\/div>\n\t\t\t\t<\/div>\n\t\t<div class=\"elementor-element elementor-element-ed5fe67 e-flex e-con-boxed e-con e-parent\" data-id=\"ed5fe67\" data-element_type=\"container\">\n\t\t\t\t\t<div class=\"e-con-inner\">\n\t\t\t\t<div class=\"elementor-element elementor-element-2173d14 elementor-widget elementor-widget-text-editor\" data-id=\"2173d14\" data-element_type=\"widget\" data-widget_type=\"text-editor.default\">\n\t\t\t\t<div class=\"elementor-widget-container\">\n\t\t\t\t\t\t\t\t\t<div class=\"wp-block-uagb-container uagb-block-6a1ba7b0\"><div class=\"wp-block-uagb-advanced-heading uagb-block-e71bc163\"><h3 class=\"uagb-heading-text\">Kontakty<\/h3><\/div><p class=\"has-medium-font-size\"><strong>ZAPYTANIA EUROPEJSKIE I ZWI\u0104ZANE Z NAUK\u0104<\/strong><br><a href=\"mailto:press@psychedelicare.eu\">press@psychedelicare.eu<\/a><\/p><p class=\"has-medium-font-size\"><strong>ZAPYTANIA KRAJOWE<\/strong><br>Prosimy o kontakt z odpowiednim <a href=\"https:\/\/psychedelicare.eu\/pl\/about-us\/#national-teams\">zespo\u0142em krajowym<\/a>.<\/p><\/div><div class=\"wp-block-uagb-container uagb-block-253d4f51\"><div class=\"wp-block-uagb-advanced-heading uagb-block-c0406deb\"><h3 class=\"uagb-heading-text\">Zestaw prasowy<\/h3><\/div><p class=\"has-medium-font-size\">Pobierz <strong>\n  <a href=\"https:\/\/psychedelicare.eu\/wp-content\/uploads\/2025\/01\/Press-kit.zip\">nasz zestaw prasowy<\/a>\n<\/strong>zawieraj\u0105cy:<\/p><p class=\"has-medium-font-size\">- Jedna strona z podsumowaniem naszej inicjatywy;<\/p><p class=\"has-medium-font-size\">- Nasze logo i wytyczne wizualne;<\/p><p class=\"has-medium-font-size\">- Zdj\u0119cia i ilustracje.<\/p><\/div><div class=\"wp-block-uagb-container uagb-block-cd35ce69\"><div class=\"wp-block-uagb-advanced-heading uagb-block-ec224799\"><h3 class=\"uagb-heading-text\">Wi\u0119cej informacji i aktualno\u015bci<\/h3><\/div><p class=\"has-medium-font-size\">Dowiedz si\u0119 wi\u0119cej <a href=\"https:\/\/citizens-initiative.europa.eu\/initiatives\/details\/2024\/000011_en\" target=\"_blank\" rel=\"noreferrer noopener\">o inicjatywie, jej celu i naszych wnioskach do Komisji Europejskiej<\/a>.<\/p><p class=\"has-medium-font-size\">Dowiedz si\u0119 wi\u0119cej o naszych <a href=\"https:\/\/psychedelicare.eu\/pl\/news\/\">najnowszych wiadomo\u015bciach<\/a>.<\/p><\/div><div class=\"wp-block-spacer\" style=\"height: 100px;\" aria-hidden=\"true\"> <\/div><p>  re<\/p>\t\t\t\t\t\t\t\t<\/div>\n\t\t\t\t<\/div>\n\t\t\t\t\t<\/div>\n\t\t\t\t<\/div>\n\t\t\t\t<\/div>\n\t\t","protected":false},"excerpt":{"rendered":"<p>MEDIA Kontakty ZAPYTANIA EUROPEJSKIE I ZWI\u0104ZANE Z NAUK\u0104press@psychedelicare.eu ZAPYTANIA KRAJOWEProsimy o kontakt z odpowiednim zespo\u0142em krajowym. Zestaw prasowy Pobierz nasz zestaw prasowy zawieraj\u0105cy: - Jedna strona z podsumowaniem naszej inicjatywy; - Nasze logo i wytyczne wizualne; - Zdj\u0119cia i ilustracje. Wi\u0119cej informacji i aktualno\u015bci Dowiedz si\u0119 wi\u0119cej o inicjatywie, jej celu i naszych wnioskach do [&hellip;]<\/p>\n","protected":false},"author":1,"featured_media":0,"parent":0,"menu_order":0,"comment_status":"closed","ping_status":"closed","template":"","meta":{"footnotes":""},"class_list":["post-10055","page","type-page","status-publish","hentry"],"_links":{"self":[{"href":"https:\/\/psychedelicare.eu\/pl\/wp-json\/wp\/v2\/pages\/10055","targetHints":{"allow":["GET"]}}],"collection":[{"href":"https:\/\/psychedelicare.eu\/pl\/wp-json\/wp\/v2\/pages"}],"about":[{"href":"https:\/\/psychedelicare.eu\/pl\/wp-json\/wp\/v2\/types\/page"}],"author":[{"embeddable":true,"href":"https:\/\/psychedelicare.eu\/pl\/wp-json\/wp\/v2\/users\/1"}],"replies":[{"embeddable":true,"href":"https:\/\/psychedelicare.eu\/pl\/wp-json\/wp\/v2\/comments?post=10055"}],"version-history":[{"count":7,"href":"https:\/\/psychedelicare.eu\/pl\/wp-json\/wp\/v2\/pages\/10055\/revisions"}],"predecessor-version":[{"id":14256,"href":"https:\/\/psychedelicare.eu\/pl\/wp-json\/wp\/v2\/pages\/10055\/revisions\/14256"}],"wp:attachment":[{"href":"https:\/\/psychedelicare.eu\/pl\/wp-json\/wp\/v2\/media?parent=10055"}],"curies":[{"name":"wp","href":"https:\/\/api.w.org\/{rel}","templated":true}]}}