{"id":10246,"date":"2025-08-27T08:33:27","date_gmt":"2025-08-27T09:33:27","guid":{"rendered":"https:\/\/www.psychedelicare.eu\/prawo-i-historia\/"},"modified":"2025-10-12T15:25:29","modified_gmt":"2025-10-12T16:25:29","slug":"prawo-i-historia","status":"publish","type":"page","link":"https:\/\/psychedelicare.eu\/pl\/prawo-i-historia\/","title":{"rendered":"Prawo i historia"},"content":{"rendered":"\t\t<div data-elementor-type=\"wp-page\" data-elementor-id=\"10246\" class=\"elementor elementor-10246 elementor-9253\" data-elementor-post-type=\"page\">\n\t\t\t\t<div class=\"elementor-element elementor-element-1553548a e-flex e-con-boxed e-con e-parent\" data-id=\"1553548a\" data-element_type=\"container\">\n\t\t\t\t\t<div class=\"e-con-inner\">\n\t\t\t\t<div class=\"elementor-element elementor-element-4d4cbcf5 elementor-widget elementor-widget-heading\" data-id=\"4d4cbcf5\" data-element_type=\"widget\" data-widget_type=\"heading.default\">\n\t\t\t\t<div class=\"elementor-widget-container\">\n\t\t\t\t\t<h2 class=\"elementor-heading-title elementor-size-default\">PRAWO I HISTORIA<\/h2>\t\t\t\t<\/div>\n\t\t\t\t<\/div>\n\t\t\t\t\t<\/div>\n\t\t\t\t<\/div>\n\t\t<div class=\"elementor-element elementor-element-a018e89 e-flex e-con-boxed e-con e-parent\" data-id=\"a018e89\" data-element_type=\"container\" id=\"legal\" data-settings=\"{&quot;background_background&quot;:&quot;classic&quot;}\">\n\t\t\t\t\t<div class=\"e-con-inner\">\n\t\t<div class=\"elementor-element elementor-element-e69fb58 e-con-full e-flex e-con e-child\" data-id=\"e69fb58\" data-element_type=\"container\">\n\t\t\t\t<div class=\"elementor-element elementor-element-ae5ee47 elementor-widget elementor-widget-heading\" data-id=\"ae5ee47\" data-element_type=\"widget\" data-widget_type=\"heading.default\">\n\t\t\t\t<div class=\"elementor-widget-container\">\n\t\t\t\t\t<h3 class=\"elementor-heading-title elementor-size-default\">Status prawny substancji psychodelicznych<\/h3>\t\t\t\t<\/div>\n\t\t\t\t<\/div>\n\t\t\t\t<div class=\"elementor-element elementor-element-c24cfc0 elementor-widget elementor-widget-text-editor\" data-id=\"c24cfc0\" data-element_type=\"widget\" data-widget_type=\"text-editor.default\">\n\t\t\t\t<div class=\"elementor-widget-container\">\n\t\t\t\t\t\t\t\t\t<p class=\"has-medium-font-size\">Po wprowadzeniu w latach 70. i 80. XX wieku zakazu prowadzenia nielicencjonowanych lub nieautoryzowanych dzia\u0142a\u0144 z u\u017cyciem psychodelik\u00f3w, uznanych za tzw. \u201esubstancje kontrolowane\u201d, badania nad postrzeganym ryzykiem i potencjalnymi korzy\u015bciami wynikaj\u0105cymi ze stosowania takich substancji, jak LSD, psilocybina czy MDMA (powszechnie znane jako \u201eecstasy\u201d), sta\u0142y si\u0119 \u2013 m\u00f3wi\u0105c ogl\u0119dnie \u2013 niezwykle trudne.<\/p><p class=\"has-medium-font-size\">Jednak w ostatnich dekadach nast\u0105pi\u0142o odrodzenie zainteresowania terapeutycznym zastosowaniem tych substancji. Proces ten post\u0119powa\u0142 powoli, lecz konsekwentnie, przyczyniaj\u0105c si\u0119 do cz\u0119\u015bciowej liberalizacji przepis\u00f3w dotycz\u0105cych narkotyk\u00f3w w niekt\u00f3rych krajach. W efekcie wprowadzono tam dekryminalizacj\u0119 posiadania wielu substancji, a w kilku przypadkach r\u00f3wnie\u017c szersz\u0105 legalizacj\u0119 dzia\u0142a\u0144, kt\u00f3re wcze\u015bniej uznawano za przest\u0119pstwa. <\/p>\t\t\t\t\t\t\t\t<\/div>\n\t\t\t\t<\/div>\n\t\t\t\t<\/div>\n\t\t<div class=\"elementor-element elementor-element-8e49099 e-con-full e-flex e-con e-child\" data-id=\"8e49099\" data-element_type=\"container\">\n\t\t\t\t<div class=\"elementor-element elementor-element-81f674b elementor-widget elementor-widget-text-editor\" data-id=\"81f674b\" data-element_type=\"widget\" data-widget_type=\"text-editor.default\">\n\t\t\t\t<div class=\"elementor-widget-container\">\n\t\t\t\t\t\t\t\t\t<p>To zjawisko okre\u015bla si\u0119 mianem renesansu psychodelicznego. Liczne badania naukowe i pr\u00f3by kliniczne dostarczy\u0142y przekonuj\u0105cych dowod\u00f3w na skuteczno\u015b\u0107 stosowania psychodelik\u00f3w w po\u0142\u0105czeniu z psychoterapi\u0105. Przyk\u0142adem jest Spravato (esketamina) \u2013 pochodna ketaminy o w\u0142a\u015bciwo\u015bciach psychodelicznych i anestetycznych \u2013 zatwierdzona w 2019 roku przez ameryka\u0144sk\u0105 Agencj\u0119 ds. \u017bywno\u015bci i Lek\u00f3w (FDA) do leczenia depresji. Lek ten powinien by\u0107 stosowany \u0142\u0105cznie z psychoterapi\u0105, innymi lekami przeciwdepresyjnymi lub obiema tymi formami terapii. Wielu uznanych badaczy i klinicyst\u00f3w postrzega psychodeliki jako obiecuj\u0105ce narz\u0119dzia terapeutyczne w leczeniu zaburze\u0144 psychicznych, takich jak depresja, PTSD czy uzale\u017cnienia \u2013 w tym alkoholizm.   <\/p><p>Mimo licznych trudno\u015bci renesans psychodeliczny rozwija si\u0119 dynamicznie, nios\u0105c ulg\u0119 w b\u00f3lu i cierpieniu ludzi na ca\u0142ym \u015bwiecie. Droga do legalizacji terapii wspomaganej psychodelikami wci\u0105\u017c jednak jest d\u0142uga i pe\u0142na przeszk\u00f3d.  Warto m\u00f3wi\u0107 o tych ograniczeniach j\u0119zykiem skupionym na cz\u0142owieku, a nie wy\u0142\u0105cznie na przepisach. Tylko wtedy mo\u017cna tworzy\u0107 ramy \u0142\u0105cz\u0105ce sp\u00f3jno\u015b\u0107 prawn\u0105 z wra\u017cliwo\u015bci\u0105 humanistyczn\u0105, w kt\u00f3rych badania i leczenie b\u0119d\u0105 mog\u0142y si\u0119 naprawd\u0119 rozwija\u0107.<\/p>\t\t\t\t\t\t\t\t<\/div>\n\t\t\t\t<\/div>\n\t\t\t\t<div class=\"elementor-element elementor-element-75b61ff elementor-widget elementor-widget-eael-adv-accordion\" data-id=\"75b61ff\" data-element_type=\"widget\" data-widget_type=\"eael-adv-accordion.default\">\n\t\t\t\t<div class=\"elementor-widget-container\">\n\t\t\t\t\t        <div class=\"eael-adv-accordion\" id=\"eael-adv-accordion-75b61ff\" data-scroll-on-click=\"\" data-scroll-speed=\"300\" data-accordion-id=\"75b61ff\" data-accordion-type=\"toggle\" 300>\n    <div class=\"eael-accordion-list\">\n                <div id=\"czytaj-wicej\" class=\"elementor-tab-title eael-accordion-header\" tabindex=\"0\" data-tab=\"1\" aria-controls=\"elementor-tab-content-1231\"><span class=\"eael-advanced-accordion-icon-closed\"><\/span><span class=\"eael-advanced-accordion-icon-opened\"><\/span><span class=\"eael-accordion-tab-title\">CZYTAJ WI\u0118CEJ<\/span><svg aria-hidden=\"true\" class=\"fa-toggle e-font-icon-svg e-fas-plus\" viewBox=\"0 0 448 512\" xmlns=\"http:\/\/www.w3.org\/2000\/svg\"><path d=\"M416 208H272V64c0-17.67-14.33-32-32-32h-32c-17.67 0-32 14.33-32 32v144H32c-17.67 0-32 14.33-32 32v32c0 17.67 14.33 32 32 32h144v144c0 17.67 14.33 32 32 32h32c17.67 0 32-14.33 32-32V304h144c17.67 0 32-14.33 32-32v-32c0-17.67-14.33-32-32-32z\"><\/path><\/svg><\/div><div id=\"elementor-tab-content-1231\" class=\"eael-accordion-content clearfix\" data-tab=\"1\" aria-labelledby=\"czytaj-wicej\"><h3 class=\"wp-block-heading\"><strong>Unia Europejska i Wielka Brytania<\/strong><\/h3>\n<p>Pomimo licznych dowod\u00f3w przedstawianych przez instytucje naukowe, firmy i organizacje na skuteczno\u015b\u0107 terapii wspomaganych psychodelikami w leczeniu zaburze\u0144 psychicznych, \u015brodki te wci\u0105\u017c pozostaj\u0105 sklasyfikowane jako substancje z grupy I \u2014 uznawane za pozbawione warto\u015bci medycznej i obarczone wysokim potencja\u0142em nadu\u017cycia. Cho\u0107 krajowe przepisy cz\u0119sto przewiduj\u0105 mo\u017cliwo\u015b\u0107 wprowadzenia rozwi\u0105za\u0144 regulacyjnych, zwykle si\u0119 ich nie stosuje. Wynika to z ch\u0119ci utrzymania statusu \u201enielegalno\u015bci\u201d tych substancji, zamiast przyj\u0119cia bardziej proporcjonalnego modelu opartego na rzeczywistych efektach terapeutycznych. <\/p>\n<p>Istnieje jednak kilka wyj\u0105tk\u00f3w. Od lipca 2025 roku Niemcy sta\u0142y si\u0119 pierwszym pa\u0144stwem cz\u0142onkowskim Unii Europejskiej, kt\u00f3re zezwoli\u0142o na legalny dost\u0119p do psylocybiny w ramach ograniczonego programu &#8222;humanitarnego&#8221; (compassionate use). Niedawna decyzja czeskiego parlamentu idzie o krok dalej: od stycznia 2026 roku, kiedy nowe przepisy wejd\u0105 w \u017cycie, psylocybina b\u0119dzie traktowana podobnie jak marihuana medyczna. W Holandii trufle psylocybinowe (podziemna cz\u0119\u015b\u0107 grzyba) s\u0105 legalnie sprzedawane i posiadane - cho\u0107 w przypadku ich stosowania terapeutycznego lub podczas tzw. odosobnie\u0144 (retreats), nie wolno przypisywa\u0107 im dzia\u0142ania leczniczego, gdy\u017c takie o\u015bwiadczenia pozostaj\u0105 niezgodne z prawem.<br \/>Ponadto drobne przest\u0119pstwa narkotykowe zosta\u0142y zdekryminalizowane w Hiszpanii i Portugalii. W Szwajcarii dopuszczono r\u00f3wnie\u017c terapeutyczne u\u017cycie niekt\u00f3rych psychodelik\u00f3w: ich medyczne zastosowanie jest tam akceptowane w ramach psychoterapii przez ograniczon\u0105 liczb\u0119 certyfikowanych lekarzy.      <\/p>\n<h3 class=\"wp-block-heading\"><strong>Stany Zjednoczone<\/strong><\/h3>\n<p>Psychodeliki wci\u0105\u017c pozostaj\u0105 sklasyfikowane jako substancje z grupy I (Schedule I), z wyj\u0105tkiem kilku stan\u00f3w \u2013 takich jak Oregon, Kolorado i Dystrykt Kolumbii (Waszyngton DC) \u2013 kt\u00f3re zdekryminalizowa\u0142y ich posiadanie, cho\u0107 nie zalegalizowa\u0142y wszystkich form ich u\u017cycia. Dekryminalizacja, w odr\u00f3\u017cnieniu od legalizacji, oznacza dopuszczenie posiadania i osobistego u\u017cywania niewielkich ilo\u015bci substancji, zwykle z zastrze\u017ceniem minimalnego wieku osoby u\u017cywaj\u0105cej. Jednak badania kliniczne nad psychoterapi\u0105 wspomagan\u0105 MDMA w leczeniu PTSD przynios\u0142y bardzo obiecuj\u0105ce wyniki. W 2017 roku FDA nada\u0142a tej metodzie status \u201eterapii prze\u0142omowej\u201d (breakthrough therapy). W grudniu 2023 roku z\u0142o\u017cono do FDA wniosek o rejestracj\u0119 MDMA jako leku, <a href=\"https:\/\/www.nature.com\/articles\/d41586-024-01622-3\" target=\"_blank\" rel=\"noreferrer noopener\">zosta\u0142 on odrzucony<\/a>.<\/p>\n<h3 class=\"wp-block-heading\"><strong>Kanada<\/strong><\/h3>\n<p>Cho\u0107 psychodeliki nadal s\u0105 federalnie klasyfikowane jako \u201esubstancje kontrolowane\u201d, Program Specjalnego Dost\u0119pu pozwala lekarzom stosowa\u0107 je w wyj\u0105tkowych, nag\u0142ych przypadkach. Dozwolone jest tak\u017ce osobiste u\u017cywanie i posiadanie substancji psychodelicznej 5-MeO-DMT.<br \/>W 2023 roku prowincja Alberta jako pierwsza w Kanadzie uregulowa\u0142a dost\u0119p do terapii wspomaganych psychodelikami w leczeniu zaburze\u0144 psychicznych, ograniczaj\u0105c go jednak do wybranych, akredytowanych instytucji.  <\/p>\n<h3 class=\"wp-block-heading\"><strong>Australia<\/strong><\/h3>\n<p>W Australii niekt\u00f3re psychodeliki mog\u0105 by\u0107 stosowane medycznie w po\u0142\u0105czeniu z terapi\u0105, na recept\u0119 od uprawnionego psychiatry. Dotyczy to m.in. MDMA w leczeniu zespo\u0142u stresu pourazowego (PTSD) oraz psylocybiny (zawartej w tzw. \u201emagicznych grzybach\u201d) u os\u00f3b cierpi\u0105cych na depresj\u0119 oporn\u0105 na leczenie. W przypadku zaburze\u0144 uzale\u017cnieniowych psychiatrzy mog\u0105 r\u00f3wnie\u017c przepisa\u0107 ibogain\u0119 \u2013 substancj\u0119 psychoaktywn\u0105 wyst\u0119puj\u0105c\u0105 w zachodnioafryka\u0144skim krzewie  Tabernanthe iboga . <\/p>\n<\/div>\n                <\/div><\/div>\t\t\t\t<\/div>\n\t\t\t\t<\/div>\n\t\t\t\t<\/div>\n\t\t\t\t\t<\/div>\n\t\t\t\t<\/div>\n\t\t<div class=\"elementor-element elementor-element-45c49a8 e-flex e-con-boxed e-con e-parent\" data-id=\"45c49a8\" data-element_type=\"container\" id=\"history\" data-settings=\"{&quot;background_background&quot;:&quot;classic&quot;}\">\n\t\t\t\t\t<div class=\"e-con-inner\">\n\t\t<div class=\"elementor-element elementor-element-9da00e5 e-con-full e-flex e-con e-child\" data-id=\"9da00e5\" data-element_type=\"container\">\n\t\t\t\t<div class=\"elementor-element elementor-element-c3e18a3 elementor-widget elementor-widget-heading\" data-id=\"c3e18a3\" data-element_type=\"widget\" data-widget_type=\"heading.default\">\n\t\t\t\t<div class=\"elementor-widget-container\">\n\t\t\t\t\t<h3 class=\"elementor-heading-title elementor-size-default\">Historia stosowania ro\u015blin psychodelicznych w Europie<\/h3>\t\t\t\t<\/div>\n\t\t\t\t<\/div>\n\t\t\t\t<div class=\"elementor-element elementor-element-417b723 elementor-widget-mobile__width-inherit elementor-widget elementor-widget-text-editor\" data-id=\"417b723\" data-element_type=\"widget\" data-widget_type=\"text-editor.default\">\n\t\t\t\t<div class=\"elementor-widget-container\">\n\t\t\t\t\t\t\t\t\t<p class=\"has-medium-font-size\">Wiele klasycznych bada\u0144 etnobotanicznych analizuje wykorzystanie grzyb\u00f3w, kaktus\u00f3w i innych ro\u015blin wyst\u0119puj\u0105cych w Ameryce \u015arodkowej i Po\u0142udniowej, znacz\u0105co poszerzaj\u0105c wiedz\u0119 o rytua\u0142ach szama\u0144skich i technikach umo\u017cliwiaj\u0105cych kontakt z \u201ebogiem\u201d lub \u201edusz\u0105\u201d. Podczas gdy u\u017cycie enteogen\u00f3w we wspomnianych rejonach jest dobrze udokumentowane i szeroko badane, o tradycjach europejskich wiadomo znacznie mniej. <\/p><p class=\"has-medium-font-size\">Wiemy, \u017ce staro\u017cytni Grecy u\u017cywali konopi indyjskich oraz grzyb\u00f3w psychodelicznych, jednak niewiele wiadomo o dok\u0142adnych zwi\u0105zkach chemicznych stosowanych w ich rytua\u0142ach. Wasson i wsp\u00f3\u0142pracownicy (1978), pisz\u0105c o misteriach eleuzy\u0144skich, zasugerowali, \u017ce klucz do odurzaj\u0105cej mikstury stanowi\u0142a nie pojedyncza substancja, lecz mieszanka kilku zwi\u0105zk\u00f3w psychoaktywnych. Jej sk\u0142ad pozostaje niepewny \u2014 przypuszcza si\u0119, \u017ce mog\u0142a zawiera\u0107 konopie, \u017cywic\u0119 Papaver somniferum (czyli opium) oraz inhibitor enzym\u00f3w, np. harmalin\u0119 ekstrahowan\u0105 z Peganum harmala. <\/p><p class=\"has-medium-font-size\">Wiadomo, \u017ce Platon uczestniczy\u0142 w misteriach eleuzyjskich i wspomina\u0142 o nich w swoim s\u0142ynnym dialogu Fedon, po\u015bwi\u0119conym nie\u015bmiertelno\u015bci duszy. Podobne do\u015bwiadczenia przypisuje si\u0119 wielu innym my\u015blicielom i filozofom staro\u017cytno\u015bci. <\/p><p class=\"has-medium-font-size\"><a href=\"https:\/\/psychedelicmagazine.net\/insight\/history-of-psychedelic-use\/\">Przeczytaj wi\u0119cej o historii stosowania psychodelik\u00f3w.<\/a><\/p>\t\t\t\t\t\t\t\t<\/div>\n\t\t\t\t<\/div>\n\t\t\t\t<\/div>\n\t\t<div class=\"elementor-element elementor-element-596d29b e-con-full e-flex e-con e-child\" data-id=\"596d29b\" data-element_type=\"container\">\n\t\t\t\t<div class=\"elementor-element elementor-element-86a2656 elementor-widget elementor-widget-image\" data-id=\"86a2656\" data-element_type=\"widget\" data-widget_type=\"image.default\">\n\t\t\t\t<div class=\"elementor-widget-container\">\n\t\t\t\t\t\t\t\t\t\t\t\t\t\t\t<img fetchpriority=\"high\" decoding=\"async\" width=\"2185\" height=\"2560\" src=\"https:\/\/psychedelicare.eu\/wp-content\/uploads\/2024\/09\/druido-ammaccato-con-manici-scaled.jpg\" class=\"attachment-full size-full wp-image-16471\" alt=\"\" srcset=\"https:\/\/psychedelicare.eu\/wp-content\/uploads\/2024\/09\/druido-ammaccato-con-manici-scaled.jpg 2185w, https:\/\/psychedelicare.eu\/wp-content\/uploads\/2024\/09\/druido-ammaccato-con-manici-256x300.jpg 256w, https:\/\/psychedelicare.eu\/wp-content\/uploads\/2024\/09\/druido-ammaccato-con-manici-874x1024.jpg 874w, https:\/\/psychedelicare.eu\/wp-content\/uploads\/2024\/09\/druido-ammaccato-con-manici-768x900.jpg 768w, https:\/\/psychedelicare.eu\/wp-content\/uploads\/2024\/09\/druido-ammaccato-con-manici-1311x1536.jpg 1311w, https:\/\/psychedelicare.eu\/wp-content\/uploads\/2024\/09\/druido-ammaccato-con-manici-1748x2048.jpg 1748w\" sizes=\"(max-width: 2185px) 100vw, 2185px\" \/>\t\t\t\t\t\t\t\t\t\t\t\t\t\t\t<\/div>\n\t\t\t\t<\/div>\n\t\t\t\t<\/div>\n\t\t\t\t\t<\/div>\n\t\t\t\t<\/div>\n\t\t<div class=\"elementor-element elementor-element-a14aed0 e-flex e-con-boxed e-con e-parent\" data-id=\"a14aed0\" data-element_type=\"container\" id=\"organisations\" data-settings=\"{&quot;background_background&quot;:&quot;classic&quot;}\">\n\t\t\t\t\t<div class=\"e-con-inner\">\n\t\t\t\t<div class=\"elementor-element elementor-element-ca3021e elementor-widget elementor-widget-heading\" data-id=\"ca3021e\" data-element_type=\"widget\" data-widget_type=\"heading.default\">\n\t\t\t\t<div class=\"elementor-widget-container\">\n\t\t\t\t\t<h2 class=\"elementor-heading-title elementor-size-default\">Organizacje, spo\u0142eczno\u015bci, inicjatywy<\/h2>\t\t\t\t<\/div>\n\t\t\t\t<\/div>\n\t\t\t\t<div class=\"elementor-element elementor-element-befb48c elementor-widget elementor-widget-text-editor\" data-id=\"befb48c\" data-element_type=\"widget\" data-widget_type=\"text-editor.default\">\n\t\t\t\t<div class=\"elementor-widget-container\">\n\t\t\t\t\t\t\t\t\t<p class=\"has-medium-font-size\">Oto d\u0142uga lista organizacji, firm i spo\u0142eczno\u015bci z ca\u0142ego \u015bwiata buduj\u0105cych wiedz\u0119 i edukuj\u0105cych spo\u0142ecze\u0144stwo na temat substancji psychodelicznych. Sprawd\u017a r\u00f3wnie\u017c naszych <a href=\"https:\/\/psychedelicare.eu\/pl\/partners\/\">partner\u00f3w<\/a>! <\/p><div class=\"wp-block-uagb-advanced-heading uagb-block-f8122fca\"><h3 class=\"uagb-heading-text\">Uniwersytety i instytuty badaj\u0105ce psychodeliki<\/h3><\/div><p class=\"has-medium-font-size\"><a href=\"https:\/\/www.iceers.org\/research\/\" target=\"_blank\" rel=\"noreferrer noopener\">ICEERS<\/a><br><a href=\"https:\/\/www.heffter.org\/study-publications\/\" target=\"_blank\" rel=\"noreferrer noopener\">Instytut Badawczy Heffter<\/a><br><a href=\"https:\/\/hopkinspsychedelic.org\/\" target=\"_blank\" rel=\"noreferrer noopener\">Centrum Bada\u0144 nad Psychodelikami i \u015awiadomo\u015bci\u0105 Johnsa Hopkinsa<\/a><br><a href=\"https:\/\/www.usonainstitute.org\/\" target=\"_blank\" rel=\"noreferrer noopener\">Instytut Usona<\/a><br><a href=\"https:\/\/www.imperial.ac.uk\/psychedelic-research-centre\/research\/publications\/\" target=\"_blank\" rel=\"noreferrer noopener\">Imperial College London, Centrum Bada\u0144 Psychodelicznych<\/a><br><a href=\"https:\/\/medicine.yale.edu\/psychiatry\/education\/residency\/interest\/psychedelic_science_group\/\" target=\"_blank\" rel=\"noreferrer noopener\">Yale Psychedelic Science Group<\/a><br><a href=\"https:\/\/psychedelics.berkeley.edu\/\" target=\"_blank\" rel=\"noreferrer noopener\">Centrum Nauki o Psychodelikach UC Berkeley<\/a><br><a href=\"https:\/\/med.nyu.edu\/departments-institutes\/psychiatry\/research\/center-psychedelic-medicine\" target=\"_blank\" rel=\"noreferrer noopener\">Centrum Medycyny Psychodelicznej NYU Langone<\/a><br><a href=\"https:\/\/www.columbiapsychiatry.org\/news\/topics\/mental-health\/psychedelics\" target=\"_blank\" rel=\"noreferrer noopener\">Wydzia\u0142 Psychiatrii Uniwersytetu Columbia<\/a><\/p><div class=\"wp-block-uagb-advanced-heading uagb-block-ae6585af\"><h3 class=\"uagb-heading-text\">Organizacje promuj\u0105ce i edukuj\u0105ce w zakresie substancji<\/h3><\/div><p class=\"has-medium-font-size\"><a href=\"https:\/\/www.erowid.org\/splash.php\" target=\"_blank\" rel=\"noreferrer noopener\">Erowid<\/a><br>\n  <a href=\"https:\/\/open-foundation.org\/\" target=\"_blank\" rel=\"noreferrer noopener\">Open Foundation<\/a>\n  <br>\n    <a href=\"https:\/\/www.mind-foundation.org\/\" target=\"_blank\" rel=\"noreferrer noopener\">Mind Foundation<\/a>\n    <br>\n      <a href=\"https:\/\/www.psychedelicsociety.org.au\/\" target=\"_blank\" rel=\"noreferrer noopener\">Australian Psychedelic Society<\/a>\n      <br>\n        <a href=\"https:\/\/www.drugscience.org.uk\/\" target=\"_blank\" rel=\"noreferrer noopener\">Drug Science<\/a>\n        <br>\n          <a href=\"https:\/\/blossomanalysis.com\/\" target=\"_blank\" rel=\"noreferrer noopener\">Blossom Database on Psychedelic Research<\/a>\n          <br>\n            <a href=\"https:\/\/parea.eu\/\" target=\"_blank\" rel=\"noreferrer noopener\">Psychodelic Access and Research European Alliance (PAREA)<\/a>\n          \n        \n      \n    \n  \n<\/p><div class=\"wp-block-uagb-advanced-heading uagb-block-edec5e3f\"><h3 class=\"uagb-heading-text\">Spo\u0142eczno\u015bci i inicjatywy psychonaut\u00f3w<\/h3><\/div><p class=\"has-medium-font-size\"><a href=\"https:\/\/www.heroicheartsuk.com\/testimonials\" target=\"_blank\" rel=\"noreferrer noopener\">Bohaterskie serca<\/a><br>\n  <a href=\"https:\/\/m.psychonautwiki.org\/wiki\/Main_Page\" target=\"_blank\" rel=\"noreferrer noopener\">Psychonaut Wiki<\/a>\n  <br>\n    <a href=\"https:\/\/www.bluelight.org\/community\/forums\/\" target=\"_blank\" rel=\"noreferrer noopener\">Spo\u0142eczno\u015b\u0107 Bluelight<\/a>\n    <br>\n      <a href=\"https:\/\/www.shroomery.org\/\" target=\"_blank\" rel=\"noreferrer noopener\">Shroomery<\/a>\n      <br>\n        <a href=\"https:\/\/doubleblindmag.com\/\" target=\"_blank\" rel=\"noreferrer noopener\">Double Blind Magazine<\/a>\n      \n    \n  \n<\/p>\t\t\t\t\t\t\t\t<\/div>\n\t\t\t\t<\/div>\n\t\t\t\t\t<\/div>\n\t\t\t\t<\/div>\n\t\t\t\t<\/div>\n\t\t","protected":false},"excerpt":{"rendered":"<p>PRAWO I HISTORIA Status prawny substancji psychodelicznych Po wprowadzeniu w latach 70. i 80. XX wieku zakazu prowadzenia nielicencjonowanych lub nieautoryzowanych dzia\u0142a\u0144 z u\u017cyciem psychodelik\u00f3w, uznanych za tzw. \u201esubstancje kontrolowane\u201d, badania nad postrzeganym ryzykiem i potencjalnymi korzy\u015bciami wynikaj\u0105cymi ze stosowania takich substancji, jak LSD, psilocybina czy MDMA (powszechnie znane jako \u201eecstasy\u201d), sta\u0142y si\u0119 \u2013 m\u00f3wi\u0105c [&hellip;]<\/p>\n","protected":false},"author":8,"featured_media":0,"parent":0,"menu_order":0,"comment_status":"closed","ping_status":"closed","template":"","meta":{"footnotes":""},"class_list":["post-10246","page","type-page","status-publish","hentry"],"_links":{"self":[{"href":"https:\/\/psychedelicare.eu\/pl\/wp-json\/wp\/v2\/pages\/10246","targetHints":{"allow":["GET"]}}],"collection":[{"href":"https:\/\/psychedelicare.eu\/pl\/wp-json\/wp\/v2\/pages"}],"about":[{"href":"https:\/\/psychedelicare.eu\/pl\/wp-json\/wp\/v2\/types\/page"}],"author":[{"embeddable":true,"href":"https:\/\/psychedelicare.eu\/pl\/wp-json\/wp\/v2\/users\/8"}],"replies":[{"embeddable":true,"href":"https:\/\/psychedelicare.eu\/pl\/wp-json\/wp\/v2\/comments?post=10246"}],"version-history":[{"count":6,"href":"https:\/\/psychedelicare.eu\/pl\/wp-json\/wp\/v2\/pages\/10246\/revisions"}],"predecessor-version":[{"id":16102,"href":"https:\/\/psychedelicare.eu\/pl\/wp-json\/wp\/v2\/pages\/10246\/revisions\/16102"}],"wp:attachment":[{"href":"https:\/\/psychedelicare.eu\/pl\/wp-json\/wp\/v2\/media?parent=10246"}],"curies":[{"name":"wp","href":"https:\/\/api.w.org\/{rel}","templated":true}]}}