{"id":10438,"date":"2024-12-13T10:09:21","date_gmt":"2024-12-13T11:09:21","guid":{"rendered":"https:\/\/www.psychedelicare.eu\/motywy\/"},"modified":"2025-10-08T08:52:12","modified_gmt":"2025-10-08T09:52:12","slug":"motywy","status":"publish","type":"page","link":"https:\/\/psychedelicare.eu\/pl\/motywy\/","title":{"rendered":"Motywy"},"content":{"rendered":"\t\t<div data-elementor-type=\"wp-page\" data-elementor-id=\"10438\" class=\"elementor elementor-10438 elementor-5686\" data-elementor-post-type=\"page\">\n\t\t\t\t<div class=\"elementor-element elementor-element-3fede2b e-flex e-con-boxed e-con e-parent\" data-id=\"3fede2b\" data-element_type=\"container\">\n\t\t\t\t\t<div class=\"e-con-inner\">\n\t\t\t\t<div class=\"elementor-element elementor-element-56f7166 elementor-widget elementor-widget-heading\" data-id=\"56f7166\" data-element_type=\"widget\" data-widget_type=\"heading.default\">\n\t\t\t\t<div class=\"elementor-widget-container\">\n\t\t\t\t\t<h2 class=\"elementor-heading-title elementor-size-default\">Nasze Motywy<\/h2>\t\t\t\t<\/div>\n\t\t\t\t<\/div>\n\t\t\t\t\t<\/div>\n\t\t\t\t<\/div>\n\t\t<div class=\"elementor-element elementor-element-da37ce2 e-flex e-con-boxed e-con e-parent\" data-id=\"da37ce2\" data-element_type=\"container\">\n\t\t\t\t\t<div class=\"e-con-inner\">\n\t\t<div class=\"elementor-element elementor-element-279accc e-con-full e-flex e-con e-child\" data-id=\"279accc\" data-element_type=\"container\">\n\t\t\t\t<div class=\"elementor-element elementor-element-0b5c568 elementor-widget elementor-widget-heading\" data-id=\"0b5c568\" data-element_type=\"widget\" data-widget_type=\"heading.default\">\n\t\t\t\t<div class=\"elementor-widget-container\">\n\t\t\t\t\t<h3 class=\"elementor-heading-title elementor-size-default\">Trwa kryzys zdrowia psychicznego. Sp\u00f3jrzmy prawdzie w oczy. <\/h3>\t\t\t\t<\/div>\n\t\t\t\t<\/div>\n\t\t\t\t<div class=\"elementor-element elementor-element-0a1f078 elementor-widget elementor-widget-text-editor\" data-id=\"0a1f078\" data-element_type=\"widget\" data-widget_type=\"text-editor.default\">\n\t\t\t\t<div class=\"elementor-widget-container\">\n\t\t\t\t\t\t\t\t\t<p class=\"has-medium-font-size\" style=\"padding: 0px; border: 0px; font-variant-numeric: inherit; font-variant-east-asian: inherit; font-variant-alternates: inherit; font-variant-position: inherit; font-variant-emoji: inherit; font-stretch: inherit; line-height: 30px; font-optical-sizing: inherit; font-size-adjust: inherit; font-kerning: inherit; font-feature-settings: inherit; font-variation-settings: inherit; vertical-align: baseline; color: #212529; font-size: 20px !important; margin: 0px auto !important 1rem auto !important;\">Obecnie w Unii Europejskiej wi\u0119cej ni\u017c<span style=\"margin: 0px; padding: 0px; border: 0px; font-style: inherit; font-variant: inherit; font-weight: bolder; font-stretch: inherit; font-size: inherit; line-height: inherit; font-family: inherit; font-optical-sizing: inherit; font-size-adjust: inherit; font-kerning: inherit; font-feature-settings: inherit; font-variation-settings: inherit; vertical-align: baseline;\"> 1 na 6 os\u00f3b zmaga si\u0119 z zaburzeniami psychicznymi<\/span>. To wi\u0119cej ni\u017c kiedykolwiek wcze\u015bniej.<\/p><div class=\"wp-block-group is-layout-constrained wp-block-group-is-layout-constrained\" style=\"padding: 0px; border: 0px; font-variant-numeric: inherit; font-variant-east-asian: inherit; font-variant-alternates: inherit; font-variant-position: inherit; font-variant-emoji: inherit; font-stretch: inherit; font-size: 16px; line-height: inherit; font-optical-sizing: inherit; font-size-adjust: inherit; font-kerning: inherit; font-feature-settings: inherit; font-variation-settings: inherit; vertical-align: baseline; color: #212529; margin: 0px auto !important 0px auto !important;\"><p class=\"has-medium-font-size\" style=\"margin-top: 0px; margin-bottom: 1rem; padding: 0px; border: 0px; font-style: inherit; font-variant: inherit; font-weight: inherit; font-stretch: inherit; line-height: 30px; font-family: inherit; font-optical-sizing: inherit; font-size-adjust: inherit; font-kerning: inherit; font-feature-settings: inherit; font-variation-settings: inherit; vertical-align: baseline; font-size: 20px !important;\">Depresja, syndrom wypalenia zawodowego, PTSD, bezsenno\u015b\u0107, to tylko niekt\u00f3re z problem\u00f3w dotykaj\u0105cych miliony ludzi w ka\u017cdym wieku.<\/p><p class=\"has-medium-font-size\" style=\"margin-top: 0px; margin-bottom: 1rem; padding: 0px; border: 0px; font-style: inherit; font-variant: inherit; font-weight: inherit; font-stretch: inherit; line-height: 30px; font-family: inherit; font-optical-sizing: inherit; font-size-adjust: inherit; font-kerning: inherit; font-feature-settings: inherit; font-variation-settings: inherit; vertical-align: baseline; font-size: 20px !important;\">Zaburzenia zdrowia psychicznego powoduj\u0105 cierpienie jednostek, rodzin i ca\u0142ych spo\u0142eczno\u015bci, a tak\u017ce wywieraj\u0105 ogromn\u0105 presj\u0119 na systemy opieki zdrowotnej, edukacji, gospodarki, rynku pracy i zabezpieczenia spo\u0142ecznego we wszystkich pa\u0144stwach cz\u0142onkowskich UE.<\/p><p class=\"has-medium-font-size\" style=\"margin-top: 0px; margin-bottom: 1rem; padding: 0px; border: 0px; font-style: inherit; font-variant: inherit; font-weight: inherit; font-stretch: inherit; line-height: 30px; font-family: inherit; font-optical-sizing: inherit; font-size-adjust: inherit; font-kerning: inherit; font-feature-settings: inherit; font-variation-settings: inherit; vertical-align: baseline; font-size: 20px !important;\">Szacowany koszt to a\u017c 600 miliard\u00f3w euro rocznie, czyli ponad 4% PKB. To problem, kt\u00f3ry dotyczy nas wszystkich - bezpo\u015brednio lub po\u015brednio. <\/p><\/div>\t\t\t\t\t\t\t\t<\/div>\n\t\t\t\t<\/div>\n\t\t\t\t<\/div>\n\t\t<div class=\"elementor-element elementor-element-b71bd23 e-con-full e-flex e-con e-child\" data-id=\"b71bd23\" data-element_type=\"container\">\n\t\t<div class=\"elementor-element elementor-element-b8c61cb e-con-full e-flex e-con e-child\" data-id=\"b8c61cb\" data-element_type=\"container\" data-settings=\"{&quot;background_background&quot;:&quot;classic&quot;}\">\n\t\t\t\t<div class=\"elementor-element elementor-element-30070e7 elementor-widget elementor-widget-text-editor\" data-id=\"30070e7\" data-element_type=\"widget\" data-widget_type=\"text-editor.default\">\n\t\t\t\t<div class=\"elementor-widget-container\">\n\t\t\t\t\t\t\t\t\t<p><strong>Niewidoczny kryzys zdrowia psychicznego rozprzestrzenia si\u0119 na terenie Unii Europejskiej niczym cicha pandemia.<\/strong><\/p>\t\t\t\t\t\t\t\t<\/div>\n\t\t\t\t<\/div>\n\t\t\t\t<div class=\"elementor-element elementor-element-bdcf62a elementor-widget elementor-widget-text-editor\" data-id=\"bdcf62a\" data-element_type=\"widget\" data-widget_type=\"text-editor.default\">\n\t\t\t\t<div class=\"elementor-widget-container\">\n\t\t\t\t\t\t\t\t\t<p>Stella Kyriakides, Europejski Komisarz ds. Zdrowia i Bezpiecze\u0144stwa \u017cywno\u015bci, 2021<\/p>\t\t\t\t\t\t\t\t<\/div>\n\t\t\t\t<\/div>\n\t\t\t\t<\/div>\n\t\t\t\t<\/div>\n\t\t\t\t\t<\/div>\n\t\t\t\t<\/div>\n\t\t<div class=\"elementor-element elementor-element-5a115a5 e-flex e-con-boxed e-con e-parent\" data-id=\"5a115a5\" data-element_type=\"container\">\n\t\t\t\t\t<div class=\"e-con-inner\">\n\t\t<div class=\"elementor-element elementor-element-253072e e-con-full e-flex e-con e-child\" data-id=\"253072e\" data-element_type=\"container\">\n\t\t\t\t<div class=\"elementor-element elementor-element-12aa70d elementor-widget elementor-widget-heading\" data-id=\"12aa70d\" data-element_type=\"widget\" data-widget_type=\"heading.default\">\n\t\t\t\t<div class=\"elementor-widget-container\">\n\t\t\t\t\t<h3 class=\"elementor-heading-title elementor-size-default\">Farmakologia zaczyna ujawnia\u0107 swoje granice. I swoje problemy. <\/h3>\t\t\t\t<\/div>\n\t\t\t\t<\/div>\n\t\t\t\t<div class=\"elementor-element elementor-element-d3bc01c elementor-widget elementor-widget-text-editor\" data-id=\"d3bc01c\" data-element_type=\"widget\" data-widget_type=\"text-editor.default\">\n\t\t\t\t<div class=\"elementor-widget-container\">\n\t\t\t\t\t\t\t\t\t<p class=\"has-medium-font-size\">Od momentu wprowadzenia SSRI (lek\u00f3w przeciwdepresyjnych) czyli w ci\u0105gu ostatnich trzech dekad <strong>nie pojawi\u0142y si\u0119 \u017cadne prze\u0142omowe innowacje w dziedzinie psychofarmakologii<\/strong>.<\/p><div class=\"wp-block-group is-layout-constrained wp-block-group-is-layout-constrained\"><p class=\"has-medium-font-size\">Znaczna cz\u0119\u015b\u0107 pacjent\u00f3w nie reaguje na stosowane dzi\u015b metody leczenia psychiatrycznego. <\/p><p class=\"has-medium-font-size\">Wiele zaburze\u0144 psychicznych pozostaje opornych na dost\u0119pne terapie, a osoby nimi dotkni\u0119te cz\u0119sto musz\u0105 zmaga\u0107 si\u0119 z uci\u0105\u017cliwymi skutkami ubocznymi, takimi jak przyrost masy cia\u0142a, bezsenno\u015b\u0107, b\u00f3le g\u0142owy czy obni\u017cone libido. <\/p><p class=\"has-medium-font-size\">Co by\u0107 mo\u017ce najwa\u017cniejsze, niekt\u00f3re z tych terapii wymagaj\u0105 d\u0142ugotrwa\u0142ego a nawet do\u017cywotniego stosowania, skupiaj\u0105c si\u0119 raczej na \u0142agodzeniu objaw\u00f3w ni\u017c docieraniu do \u017ar\u00f3d\u0142a problemu.<\/p><\/div>\t\t\t\t\t\t\t\t<\/div>\n\t\t\t\t<\/div>\n\t\t\t\t<\/div>\n\t\t<div class=\"elementor-element elementor-element-7f15857 e-con-full e-flex e-con e-child\" data-id=\"7f15857\" data-element_type=\"container\">\n\t\t<div class=\"elementor-element elementor-element-19d4516 e-con-full e-flex e-con e-child\" data-id=\"19d4516\" data-element_type=\"container\" data-settings=\"{&quot;background_background&quot;:&quot;gradient&quot;}\">\n\t\t\t\t<div class=\"elementor-element elementor-element-6590660 elementor-widget elementor-widget-text-editor\" data-id=\"6590660\" data-element_type=\"widget\" data-widget_type=\"text-editor.default\">\n\t\t\t\t<div class=\"elementor-widget-container\">\n\t\t\t\t\t\t\t\t\t<p><strong>Zbyt cz\u0119sto jeste\u015bmy pozostawiani z tymi samymi, starymi metodami leczenia. Metody leczenia, kt\u00f3re mog\u0142y by\u0107 zastosowane dekady temu u mojego ojca, nadal uwa\u017cane s\u0105 za najnowsze. Potrzebujemy wiedzie\u0107 wi\u0119cej o m\u00f3zgu i nauce, by przy\u015bpieszy\u0107 odkrycie lepszych metod.  <\/strong><\/p>\t\t\t\t\t\t\t\t<\/div>\n\t\t\t\t<\/div>\n\t\t\t\t<div class=\"elementor-element elementor-element-210652b elementor-widget elementor-widget-text-editor\" data-id=\"210652b\" data-element_type=\"widget\" data-widget_type=\"text-editor.default\">\n\t\t\t\t<div class=\"elementor-widget-container\">\n\t\t\t\t\t\t\t\t\t<p>Kan Duckworth, Naczelny lekarz, UK National Alliance on Mental Illness<\/p>\t\t\t\t\t\t\t\t<\/div>\n\t\t\t\t<\/div>\n\t\t\t\t<\/div>\n\t\t\t\t<\/div>\n\t\t\t\t\t<\/div>\n\t\t\t\t<\/div>\n\t\t<div class=\"elementor-element elementor-element-b145f7a e-flex e-con-boxed e-con e-parent\" data-id=\"b145f7a\" data-element_type=\"container\">\n\t\t\t\t\t<div class=\"e-con-inner\">\n\t\t<div class=\"elementor-element elementor-element-3ead2ad e-con-full e-flex e-con e-child\" data-id=\"3ead2ad\" data-element_type=\"container\">\n\t\t\t\t<div class=\"elementor-element elementor-element-5f2a19a elementor-widget elementor-widget-heading\" data-id=\"5f2a19a\" data-element_type=\"widget\" data-widget_type=\"heading.default\">\n\t\t\t\t<div class=\"elementor-widget-container\">\n\t\t\t\t\t<h3 class=\"elementor-heading-title elementor-size-default\">Nauka przedstawia na nowo stare rozwi\u0105zania, kt\u00f3re mog\u0105 byc bardzo skuteczne.<\/h3>\t\t\t\t<\/div>\n\t\t\t\t<\/div>\n\t\t\t\t<div class=\"elementor-element elementor-element-04243cc elementor-widget elementor-widget-text-editor\" data-id=\"04243cc\" data-element_type=\"widget\" data-widget_type=\"text-editor.default\">\n\t\t\t\t<div class=\"elementor-widget-container\">\n\t\t\t\t\t\t\t\t\t<p class=\"has-medium-font-size\">Badania naukowe na ca\u0142ym \u015bwiecie podkre\u015blaj\u0105 <strong>terapeutyczny potencja\u0142 substancji psychodelicznych<\/strong>, cz\u0119sto wykorzystywanych przez wiele kultur od wiek\u00f3w w tradycyjnych procesach leczniczych.<\/p><p class=\"has-medium-font-size\">Z profesjonaln\u0105 pomoc\u0105 i odpowiednio zachowanym kontekstem, ju\u017c <strong>zaledwie jedna lub kilka dawek mo\u017ce przynie\u015b\u0107 bardzo istotne korzy\u015bci dla pacjent\u00f3w<\/strong>, cz\u0119sto utrzymuj\u0105ce si\u0119 przez d\u0142ugi czas.<\/p><div class=\"wp-block-group is-layout-constrained wp-block-group-is-layout-constrained\"><p class=\"has-medium-font-size\">Coraz wi\u0119ksza liczba bada\u0144 medycznych wskazuje na skuteczno\u015b\u0107 substancji psychodelicznych, takich jak psylocybina, DMT, LSD, MDMA jako lek\u00f3w, gdy s\u0105 podawane w kontrolowanych warunkach klinicznych.<\/p><p>Terapie wspomagane psychodelikami (Psychedelic-Assisted Therapies - PAT) mog\u0105 zapewni\u0107 bezpieczn\u0105, szybk\u0105 i trwa\u0142\u0105 popraw\u0119 kliniczn\u0105 w leczeniu m.in. depresji, zespo\u0142u stresu pourazowego, zaburze\u0144 obsesyjno-kompulsywnych, l\u0119ku u schy\u0142ku \u017cycia, zaburze\u0144 zwi\u0105zanych z u\u017cywaniem substancji i uzale\u017cnie\u0144.<\/p><p class=\"has-medium-font-size\">Australia ju\u017c uzna\u0142a i sformalizowa\u0142a stosowanie naturalnych psychodelik\u00f3w w obszarze zdrowia psychicznego. Ponadto psychodeliki otrzymuj\u0105 coraz wi\u0119ksze wsparcie ze strony w\u0142adz publicznych i agencji rz\u0105dowych m.in. w Kanadzie, Stanach Zjednoczonych, Wielkiej Brytanii i Szwajcarii.  <\/p><p class=\"has-medium-font-size\"><a href=\"https:\/\/citizens-initiative.europa.eu\/initiatives\/details\/2024\/000011_en\" target=\"_blank\" rel=\"noreferrer noopener\">Dowiedz si\u0119 wi\u0119cej o naszej inicjatywie<\/a><\/p><\/div>\t\t\t\t\t\t\t\t<\/div>\n\t\t\t\t<\/div>\n\t\t\t\t<\/div>\n\t\t<div class=\"elementor-element elementor-element-5953480 e-con-full e-flex e-con e-child\" data-id=\"5953480\" data-element_type=\"container\">\n\t\t<div class=\"elementor-element elementor-element-6e0b946 e-con-full e-flex e-con e-child\" data-id=\"6e0b946\" data-element_type=\"container\" data-settings=\"{&quot;background_background&quot;:&quot;classic&quot;}\">\n\t\t\t\t<div class=\"elementor-element elementor-element-59e00ed elementor-widget elementor-widget-text-editor\" data-id=\"59e00ed\" data-element_type=\"widget\" data-widget_type=\"text-editor.default\">\n\t\t\t\t<div class=\"elementor-widget-container\">\n\t\t\t\t\t\t\t\t\t<p><strong>Miliony Europejczyk\u00f3w potrzebuj\u0105 lepszego leczenia. Musimy upewni\u0107 si\u0119, \u017ce nowatorskie terapie psychodeliczne s\u0105 brane pod uwag\u0119, poniewa\u017c nauka stoj\u0105ca za nimi podkre\u015bla ich ogromny potencja\u0142. <\/strong><\/p>\t\t\t\t\t\t\t\t<\/div>\n\t\t\t\t<\/div>\n\t\t\t\t<div class=\"elementor-element elementor-element-f627518 elementor-widget elementor-widget-text-editor\" data-id=\"f627518\" data-element_type=\"widget\" data-widget_type=\"text-editor.default\">\n\t\t\t\t<div class=\"elementor-widget-container\">\n\t\t\t\t\t\t\t\t\t<p>Mikulas Peksa, pose\u0142 do Parlamentu Europejskiego<\/p>\t\t\t\t\t\t\t\t<\/div>\n\t\t\t\t<\/div>\n\t\t\t\t<\/div>\n\t\t\t\t<\/div>\n\t\t\t\t\t<\/div>\n\t\t\t\t<\/div>\n\t\t\t\t<\/div>\n\t\t","protected":false},"excerpt":{"rendered":"<p>Nasze Motywy Trwa kryzys zdrowia psychicznego. Sp\u00f3jrzmy prawdzie w oczy. Obecnie w Unii Europejskiej wi\u0119cej ni\u017c 1 na 6 os\u00f3b zmaga si\u0119 z zaburzeniami psychicznymi. To wi\u0119cej ni\u017c kiedykolwiek wcze\u015bniej. Depresja, syndrom wypalenia zawodowego, PTSD, bezsenno\u015b\u0107, to tylko niekt\u00f3re z problem\u00f3w dotykaj\u0105cych miliony ludzi w ka\u017cdym wieku. Zaburzenia zdrowia psychicznego powoduj\u0105 cierpienie jednostek, rodzin i [&hellip;]<\/p>\n","protected":false},"author":8,"featured_media":0,"parent":0,"menu_order":0,"comment_status":"closed","ping_status":"closed","template":"","meta":{"footnotes":""},"class_list":["post-10438","page","type-page","status-publish","hentry"],"_links":{"self":[{"href":"https:\/\/psychedelicare.eu\/pl\/wp-json\/wp\/v2\/pages\/10438","targetHints":{"allow":["GET"]}}],"collection":[{"href":"https:\/\/psychedelicare.eu\/pl\/wp-json\/wp\/v2\/pages"}],"about":[{"href":"https:\/\/psychedelicare.eu\/pl\/wp-json\/wp\/v2\/types\/page"}],"author":[{"embeddable":true,"href":"https:\/\/psychedelicare.eu\/pl\/wp-json\/wp\/v2\/users\/8"}],"replies":[{"embeddable":true,"href":"https:\/\/psychedelicare.eu\/pl\/wp-json\/wp\/v2\/comments?post=10438"}],"version-history":[{"count":3,"href":"https:\/\/psychedelicare.eu\/pl\/wp-json\/wp\/v2\/pages\/10438\/revisions"}],"predecessor-version":[{"id":15439,"href":"https:\/\/psychedelicare.eu\/pl\/wp-json\/wp\/v2\/pages\/10438\/revisions\/15439"}],"wp:attachment":[{"href":"https:\/\/psychedelicare.eu\/pl\/wp-json\/wp\/v2\/media?parent=10438"}],"curies":[{"name":"wp","href":"https:\/\/api.w.org\/{rel}","templated":true}]}}