{"id":11536,"date":"2025-09-24T15:00:22","date_gmt":"2025-09-24T16:00:22","guid":{"rendered":"https:\/\/www.psychedelicare.eu\/przekaz-darowizne\/"},"modified":"2025-10-08T13:27:49","modified_gmt":"2025-10-08T14:27:49","slug":"donate","status":"publish","type":"page","link":"https:\/\/psychedelicare.eu\/pl\/donate\/","title":{"rendered":"Wesprzyj nas"},"content":{"rendered":"\t\t<div data-elementor-type=\"wp-page\" data-elementor-id=\"11536\" class=\"elementor elementor-11536 elementor-11509\" data-elementor-post-type=\"page\">\n\t\t\t\t<div class=\"elementor-element elementor-element-ee3c2ee e-flex e-con-boxed e-con e-parent\" data-id=\"ee3c2ee\" data-element_type=\"container\">\n\t\t\t\t\t<div class=\"e-con-inner\">\n\t\t<div class=\"elementor-element elementor-element-a0ef854 e-con-full e-flex e-con e-child\" data-id=\"a0ef854\" data-element_type=\"container\">\n\t\t\t\t<div class=\"elementor-element elementor-element-573db51 elementor-widget-mobile__width-initial elementor-widget elementor-widget-heading\" data-id=\"573db51\" data-element_type=\"widget\" data-widget_type=\"heading.default\">\n\t\t\t\t<div class=\"elementor-widget-container\">\n\t\t\t\t\t<h2 class=\"elementor-heading-title elementor-size-default\">PRZEKA\u017b DAROWIZN\u0118 NA RZECZ PSYCHEDELICARE<\/h2>\t\t\t\t<\/div>\n\t\t\t\t<\/div>\n\t\t\t\t<div class=\"elementor-element elementor-element-5ad31b1 elementor-widget elementor-widget-heading\" data-id=\"5ad31b1\" data-element_type=\"widget\" data-widget_type=\"heading.default\">\n\t\t\t\t<div class=\"elementor-widget-container\">\n\t\t\t\t\t<h2 class=\"elementor-heading-title elementor-size-default\">Twoje wsparcie si\u0119 liczy!<\/h2>\t\t\t\t<\/div>\n\t\t\t\t<\/div>\n\t\t\t\t<div class=\"elementor-element elementor-element-3da318a elementor-widget elementor-widget-text-editor\" data-id=\"3da318a\" data-element_type=\"widget\" data-widget_type=\"text-editor.default\">\n\t\t\t\t<div class=\"elementor-widget-container\">\n\t\t\t\t\t\t\t\t\t<p>Wesprzyj nasz\u0105 inicjatyw\u0119 finansowo i pom\u00f3\u017c nam dzieli\u0107 si\u0119 informacjami o korzy\u015bciach p\u0142yn\u0105cych z terapii wspomaganej psychodelikami, rozwi\u0105zywa\u0107 kryzys zdrowia psychicznego w Europie i nap\u0119dza\u0107 demokratyczny ruch obywatelski.<\/p><p>Twoja darowizna mo\u017ce nam pom\u00f3c g\u0142\u00f3wnie na dwa sposoby: wydrukowa\u0107 materia\u0142y komunikacyjne, takie jak ulotki i inne materia\u0142y, aby zwi\u0119kszy\u0107 \u015bwiadomo\u015b\u0107 na temat inicjatywy oraz zorganizowa\u0107 wydarzenia i dzia\u0142ania wspieraj\u0105ce.  <\/p><p>Dla nas darowizny za po\u015brednictwem polecenia zap\u0142aty SEPA lub przelewu bankowego SEPA s\u0105 najbardziej korzystne, poniewa\u017c omijaj\u0105 komercyjne podmioty przetwarzaj\u0105ce p\u0142atno\u015bci i ich op\u0142aty.<\/p>\t\t\t\t\t\t\t\t<\/div>\n\t\t\t\t<\/div>\n\t\t\t\t<\/div>\n\t\t\t\t\t<\/div>\n\t\t\t\t<\/div>\n\t\t<div class=\"elementor-element elementor-element-f253128 e-flex e-con-boxed e-con e-parent\" data-id=\"f253128\" data-element_type=\"container\">\n\t\t\t\t\t<div class=\"e-con-inner\">\n\t\t\t\t<div class=\"elementor-element elementor-element-5dffdfb elementor-widget elementor-widget-shortcode\" data-id=\"5dffdfb\" data-element_type=\"widget\" data-widget_type=\"shortcode.default\">\n\t\t\t\t<div class=\"elementor-widget-container\">\n\t\t\t\t\t\t\t<div class=\"elementor-shortcode\"><script type=\"text\/javascript\">\n            (function() {\n                var u=\"https:\/\/spenden.twingle.de\/embed\/genericorganisation\/genericproject\/tw66bb695836805\/widget\";\n                var id = '_' + Math.random().toString(36).substr(2, 9);\n                var d=document, g=d.createElement('script'), s=d.getElementsByTagName('script')[0], t=d.createElement('div');\n                t.id = 'twingle-public-embed-' + id;\n                document.currentScript.after(t);\n                g.type='text\/javascript'; g.async=true; g.defer=true; g.src=u+'\/'+id; s.parentNode.insertBefore(g,s);\n            })();\n        <\/script><\/div>\n\t\t\t\t\t\t<\/div>\n\t\t\t\t<\/div>\n\t\t\t\t\t<\/div>\n\t\t\t\t<\/div>\n\t\t<div class=\"elementor-element elementor-element-8bcf504 e-flex e-con-boxed e-con e-parent\" data-id=\"8bcf504\" data-element_type=\"container\">\n\t\t\t\t\t<div class=\"e-con-inner\">\n\t\t\t\t\t<\/div>\n\t\t\t\t<\/div>\n\t\t<div class=\"elementor-element elementor-element-2fe5d7f e-flex e-con-boxed e-con e-parent\" data-id=\"2fe5d7f\" data-element_type=\"container\">\n\t\t\t\t\t<div class=\"e-con-inner\">\n\t\t<div class=\"elementor-element elementor-element-8ca603a e-con-full e-flex e-con e-child\" data-id=\"8ca603a\" data-element_type=\"container\">\n\t\t\t\t<div class=\"elementor-element elementor-element-6414b63 elementor-widget elementor-widget-text-editor\" data-id=\"6414b63\" data-element_type=\"widget\" data-widget_type=\"text-editor.default\">\n\t\t\t\t<div class=\"elementor-widget-container\">\n\t\t\t\t\t\t\t\t\t<p>Twoja darowizna zostanie przekazana PsychedeliCare e.V., stowarzyszeniu non-profit zarejestrowanemu w Poczdamie w Niemczech. PsychedeliCare e.V. jest uznawane przez organy podatkowe za stowarzyszenie charytatywne. W zwi\u0105zku z tym darowizny podlegaj\u0105 odliczeniu od podatku w Niemczech. To, czy mo\u017cna je r\u00f3wnie\u017c odliczy\u0107 od podatku w innych krajach UE, zale\u017cy od lokalnych przepis\u00f3w, poniewa\u017c obecnie nie ma ujednoliconych przepis\u00f3w obowi\u0105zuj\u0105cych w ca\u0142ej UE.   <\/p><p><strong>Je\u015bli naprawd\u0119 pasjonujesz si\u0119 t\u0105 kwesti\u0105, mo\u017cesz r\u00f3wnie\u017c <a href=\"https:\/\/psychedelicare.eu\/pl\/join-the-psychedelicare-association\/\">zosta\u0107 cz\u0142onkiem PsychedeliCare e.V.<\/a><\/strong><\/p>\t\t\t\t\t\t\t\t<\/div>\n\t\t\t\t<\/div>\n\t\t\t\t<\/div>\n\t\t\t\t\t<\/div>\n\t\t\t\t<\/div>\n\t\t\t\t<\/div>\n\t\t","protected":false},"excerpt":{"rendered":"<p>PRZEKA\u017b DAROWIZN\u0118 NA RZECZ PSYCHEDELICARE Twoje wsparcie si\u0119 liczy! Wesprzyj nasz\u0105 inicjatyw\u0119 finansowo i pom\u00f3\u017c nam dzieli\u0107 si\u0119 informacjami o korzy\u015bciach p\u0142yn\u0105cych z terapii wspomaganej psychodelikami, rozwi\u0105zywa\u0107 kryzys zdrowia psychicznego w Europie i nap\u0119dza\u0107 demokratyczny ruch obywatelski. Twoja darowizna mo\u017ce nam pom\u00f3c g\u0142\u00f3wnie na dwa sposoby: wydrukowa\u0107 materia\u0142y komunikacyjne, takie jak ulotki i inne materia\u0142y, [&hellip;]<\/p>\n","protected":false},"author":1,"featured_media":0,"parent":0,"menu_order":0,"comment_status":"closed","ping_status":"closed","template":"","meta":{"footnotes":""},"class_list":["post-11536","page","type-page","status-publish","hentry"],"_links":{"self":[{"href":"https:\/\/psychedelicare.eu\/pl\/wp-json\/wp\/v2\/pages\/11536","targetHints":{"allow":["GET"]}}],"collection":[{"href":"https:\/\/psychedelicare.eu\/pl\/wp-json\/wp\/v2\/pages"}],"about":[{"href":"https:\/\/psychedelicare.eu\/pl\/wp-json\/wp\/v2\/types\/page"}],"author":[{"embeddable":true,"href":"https:\/\/psychedelicare.eu\/pl\/wp-json\/wp\/v2\/users\/1"}],"replies":[{"embeddable":true,"href":"https:\/\/psychedelicare.eu\/pl\/wp-json\/wp\/v2\/comments?post=11536"}],"version-history":[{"count":14,"href":"https:\/\/psychedelicare.eu\/pl\/wp-json\/wp\/v2\/pages\/11536\/revisions"}],"predecessor-version":[{"id":15449,"href":"https:\/\/psychedelicare.eu\/pl\/wp-json\/wp\/v2\/pages\/11536\/revisions\/15449"}],"wp:attachment":[{"href":"https:\/\/psychedelicare.eu\/pl\/wp-json\/wp\/v2\/media?parent=11536"}],"curies":[{"name":"wp","href":"https:\/\/api.w.org\/{rel}","templated":true}]}}