{"id":12651,"date":"2025-09-30T10:29:59","date_gmt":"2025-09-30T11:29:59","guid":{"rendered":"https:\/\/www.psychedelicare.eu\/join-the-psychedelicare-association\/"},"modified":"2025-10-10T15:05:28","modified_gmt":"2025-10-10T16:05:28","slug":"join-the-psychedelicare-association","status":"publish","type":"page","link":"https:\/\/psychedelicare.eu\/pl\/join-the-psychedelicare-association\/","title":{"rendered":"Do\u0142\u0105cz do stowarzyszenia PsychedeliCare"},"content":{"rendered":"\t\t<div data-elementor-type=\"wp-page\" data-elementor-id=\"12651\" class=\"elementor elementor-12651 elementor-12607\" data-elementor-post-type=\"page\">\n\t\t\t\t<div class=\"elementor-element elementor-element-af7ab68 e-flex e-con-boxed e-con e-parent\" data-id=\"af7ab68\" data-element_type=\"container\">\n\t\t\t\t\t<div class=\"e-con-inner\">\n\t\t\t\t<div class=\"elementor-element elementor-element-fe2ee81 elementor-widget elementor-widget-text-editor\" data-id=\"fe2ee81\" data-element_type=\"widget\" data-widget_type=\"text-editor.default\">\n\t\t\t\t<div class=\"elementor-widget-container\">\n\t\t\t\t\t\t\t\t\t<div class=\"crm-public-form-item crm-section intro_text-section\"><p>Do\u0142\u0105cz do <strong>PsychedeliCare e.V.<\/strong>, organizacji non-profit stoj\u0105cej za <strong>Europejsk\u0105 Inicjatyw\u0105 Obywatelsk\u0105 (ECI) PsychedeliCare.EU<\/strong>! Staj\u0105c si\u0119 cz\u0142onkiem, aktywnie wspierasz nasz\u0105 misj\u0119 promowania <strong>opartej na dowodach reformy polityki narkotykowej, redukcji szk\u00f3d i sprawiedliwego dost\u0119pu do terapii psychedelicznych<\/strong> w Europie.<\/p><h3><strong>Dlaczego warto zosta\u0107 cz\u0142onkiem?<\/strong><\/h3><ul><li><strong>Kszta\u0142tuj przysz\u0142o\u015b\u0107<\/strong>: Przyczy\u0144 si\u0119 do zmian politycznych w UE, wspieraj\u0105c nasze dzia\u0142ania rzecznicze.<\/li><li><strong>B\u0105d\u017a na bie\u017c\u0105co<\/strong>: Otrzymuj aktualne informacje o naszych kampaniach, wydarzeniach i osi\u0105gni\u0119ciach naukowych.<\/li><li><strong>Sie\u0107 i wsp\u00f3\u0142praca<\/strong>: Nawi\u0105\u017c kontakt z podobnie my\u015bl\u0105cymi osobami i organizacjami w dziedzinie polityki narkotykowej i bada\u0144 nad psychodelikami.<\/li><li><strong>Wzmocnienie naszego g\u0142osu<\/strong>: Im wi\u0119cej mamy cz\u0142onk\u00f3w, tym wi\u0119kszy jest nasz wp\u0142yw na kszta\u0142towanie polityki UE.<\/li><\/ul><p><strong>Razem mo\u017cemy stworzy\u0107 bardziej racjonalne, wsp\u00f3\u0142czuj\u0105ce i oparte na nauce podej\u015bcie do psychodelik\u00f3w w Europie!<\/strong><\/p><p><em>Wype\u0142nij poni\u017cszy formularz, aby do\u0142\u0105czy\u0107 do nas ju\u017c dzi\u015b.<\/em><\/p><p><strong>Aby zrezygnowa\u0107 z cz\u0142onkostwa, nale\u017cy powiadomi\u0107 zarz\u0105d na pi\u015bmie<a href=\"mailto:info@psychedelicare.eu?subject=Resignation%20from%20PsychedeliCare%20e.V.\" data-cke-saved-href=\"mailto:info@psychedelicare.eu?subject=Resignation%20from%20PsychedeliCare%20e.V.\">(info@psychedelicare.eu<\/a>) najp\u00f3\u017aniej miesi\u0105c przed ko\u0144cem roku obrotowego. Szczeg\u00f3\u0142owe informacje mo\u017cna znale\u017a\u0107 w <a href=\"https:\/\/psychedelicare.eu\/wp-content\/uploads\/2025\/06\/Statutes_PsychedeliCare.pdf\" data-cke-saved-href=\"https:\/\/psychedelicare.eu\/wp-content\/uploads\/2025\/06\/Statutes_PsychedeliCare.pdf\">statucie<\/a> (sekcja &#8222;Wypowiedzenie cz\u0142onkostwa&#8221;). <\/strong><\/p><\/div>\t\t\t\t\t\t\t\t<\/div>\n\t\t\t\t<\/div>\n\t\t\t\t<div class=\"elementor-element elementor-element-7267b56 elementor-widget elementor-widget-shortcode\" data-id=\"7267b56\" data-element_type=\"widget\" data-widget_type=\"shortcode.default\">\n\t\t\t\t<div class=\"elementor-widget-container\">\n\t\t\t\t\t\t\t<div class=\"elementor-shortcode\">[civicrm component=\"contribution\" id=\"7\"]<\/div>\n\t\t\t\t\t\t<\/div>\n\t\t\t\t<\/div>\n\t\t\t\t\t<\/div>\n\t\t\t\t<\/div>\n\t\t\t\t<\/div>\n\t\t","protected":false},"excerpt":{"rendered":"<p>Do\u0142\u0105cz do PsychedeliCare e.V., organizacji non-profit stoj\u0105cej za Europejsk\u0105 Inicjatyw\u0105 Obywatelsk\u0105 (ECI) PsychedeliCare.EU! Staj\u0105c si\u0119 cz\u0142onkiem, aktywnie wspierasz nasz\u0105 misj\u0119 promowania opartej na dowodach reformy polityki narkotykowej, redukcji szk\u00f3d i sprawiedliwego dost\u0119pu do terapii psychedelicznych w Europie. Dlaczego warto zosta\u0107 cz\u0142onkiem? Kszta\u0142tuj przysz\u0142o\u015b\u0107: Przyczy\u0144 si\u0119 do zmian politycznych w UE, wspieraj\u0105c nasze dzia\u0142ania rzecznicze. B\u0105d\u017a [&hellip;]<\/p>\n","protected":false},"author":1,"featured_media":0,"parent":0,"menu_order":0,"comment_status":"closed","ping_status":"closed","template":"","meta":{"footnotes":""},"class_list":["post-12651","page","type-page","status-publish","hentry"],"_links":{"self":[{"href":"https:\/\/psychedelicare.eu\/pl\/wp-json\/wp\/v2\/pages\/12651","targetHints":{"allow":["GET"]}}],"collection":[{"href":"https:\/\/psychedelicare.eu\/pl\/wp-json\/wp\/v2\/pages"}],"about":[{"href":"https:\/\/psychedelicare.eu\/pl\/wp-json\/wp\/v2\/types\/page"}],"author":[{"embeddable":true,"href":"https:\/\/psychedelicare.eu\/pl\/wp-json\/wp\/v2\/users\/1"}],"replies":[{"embeddable":true,"href":"https:\/\/psychedelicare.eu\/pl\/wp-json\/wp\/v2\/comments?post=12651"}],"version-history":[{"count":4,"href":"https:\/\/psychedelicare.eu\/pl\/wp-json\/wp\/v2\/pages\/12651\/revisions"}],"predecessor-version":[{"id":15762,"href":"https:\/\/psychedelicare.eu\/pl\/wp-json\/wp\/v2\/pages\/12651\/revisions\/15762"}],"wp:attachment":[{"href":"https:\/\/psychedelicare.eu\/pl\/wp-json\/wp\/v2\/media?parent=12651"}],"curies":[{"name":"wp","href":"https:\/\/api.w.org\/{rel}","templated":true}]}}