{"id":5411,"date":"2024-05-07T15:24:25","date_gmt":"2024-05-07T16:24:25","guid":{"rendered":"https:\/\/www.psychedelicare.eu\/prawne\/"},"modified":"2025-10-24T08:28:47","modified_gmt":"2025-10-24T09:28:47","slug":"prawne","status":"publish","type":"page","link":"https:\/\/psychedelicare.eu\/pl\/prawne\/","title":{"rendered":"Prawny"},"content":{"rendered":"\t\t<div data-elementor-type=\"wp-page\" data-elementor-id=\"5411\" class=\"elementor elementor-5411 elementor-2530\" data-elementor-post-type=\"page\">\n\t\t\t\t<div class=\"elementor-element elementor-element-5b424d42 e-flex e-con-boxed e-con e-parent\" data-id=\"5b424d42\" data-element_type=\"container\">\n\t\t\t\t\t<div class=\"e-con-inner\">\n\t\t\t\t<div class=\"elementor-element elementor-element-4e6298e7 elementor-widget elementor-widget-heading\" data-id=\"4e6298e7\" data-element_type=\"widget\" data-widget_type=\"heading.default\">\n\t\t\t\t<div class=\"elementor-widget-container\">\n\t\t\t\t\t<h2 class=\"elementor-heading-title elementor-size-default\">PRAWNE<\/h2>\t\t\t\t<\/div>\n\t\t\t\t<\/div>\n\t\t\t\t\t<\/div>\n\t\t\t\t<\/div>\n\t\t<div class=\"elementor-element elementor-element-6698f418 e-flex e-con-boxed e-con e-parent\" data-id=\"6698f418\" data-element_type=\"container\">\n\t\t\t\t\t<div class=\"e-con-inner\">\n\t\t\t\t<div class=\"elementor-element elementor-element-0ab67b8 elementor-widget elementor-widget-text-editor\" data-id=\"0ab67b8\" data-element_type=\"widget\" data-widget_type=\"text-editor.default\">\n\t\t\t\t<div class=\"elementor-widget-container\">\n\t\t\t\t\t\t\t\t\t<div><h3>Odpowiedzialno\u015b\u0107 za zawarto\u015b\u0107<\/h3><\/div><p>zgodnie z \u00a7 5 TMG<\/p><h2>PsychedeliCare e.V.<\/h2><p>Prezes Zarz\u0105du: Th\u00e9o Giubilei<br>Zast\u0119pca Przewodnicz\u0105cego Rady: Johannes Rohr (zrezygnowa\u0142 z dniem 20 listopada 2025 r.)<\/p><p>S\u0105d rejestrowy: S\u0105d Rejonowy w Poczdamie<br>Numer rejestru: VR 9731<\/p><p>Adres pocztowy:<br>PsychedeliCare e.V.<br>Luisenstr. 17B<br>14542 Werder (Havel)<br>Niemcy <\/p><p>Email: <a href=\"mailto:info@psychedelicare.eu\">info@psychedelicare.eu<\/a><\/p><p class=\"ds-markdown-paragraph\"><strong>Projekt i wdro\u017cenie techniczne<\/strong><br>Strona internetowa opracowana zgodnie ze specyfikacj\u0105 klienta, przy strategicznym wsparciu konsultingowym Gerharda Peilst\u00f6ckera.<\/p><p class=\"ds-markdown-paragraph\"><strong><a href=\"http:\/\/it-service-peilstoecker.de\" target=\"_blank\" rel=\"noopener noreferrer\">www.it-service-peilstoecker.de<\/a><\/strong><\/p>\t\t\t\t\t\t\t\t<\/div>\n\t\t\t\t<\/div>\n\t\t\t\t\t<\/div>\n\t\t\t\t<\/div>\n\t\t\t\t<\/div>\n\t\t","protected":false},"excerpt":{"rendered":"<p>PRAWNE Odpowiedzialno\u015b\u0107 za zawarto\u015b\u0107 zgodnie z \u00a7 5 TMG PsychedeliCare e.V. Prezes Zarz\u0105du: Th\u00e9o GiubileiZast\u0119pca Przewodnicz\u0105cego Rady: Johannes Rohr (zrezygnowa\u0142 z dniem 20 listopada 2025 r.) S\u0105d rejestrowy: S\u0105d Rejonowy w PoczdamieNumer rejestru: VR 9731 Adres pocztowy:PsychedeliCare e.V.Luisenstr. 17B14542 Werder (Havel)Niemcy Email: info@psychedelicare.eu Projekt i wdro\u017cenie techniczneStrona internetowa opracowana zgodnie ze specyfikacj\u0105 klienta, przy strategicznym [&hellip;]<\/p>\n","protected":false},"author":8,"featured_media":0,"parent":0,"menu_order":0,"comment_status":"closed","ping_status":"closed","template":"","meta":{"footnotes":""},"class_list":["post-5411","page","type-page","status-publish","hentry"],"_links":{"self":[{"href":"https:\/\/psychedelicare.eu\/pl\/wp-json\/wp\/v2\/pages\/5411","targetHints":{"allow":["GET"]}}],"collection":[{"href":"https:\/\/psychedelicare.eu\/pl\/wp-json\/wp\/v2\/pages"}],"about":[{"href":"https:\/\/psychedelicare.eu\/pl\/wp-json\/wp\/v2\/types\/page"}],"author":[{"embeddable":true,"href":"https:\/\/psychedelicare.eu\/pl\/wp-json\/wp\/v2\/users\/8"}],"replies":[{"embeddable":true,"href":"https:\/\/psychedelicare.eu\/pl\/wp-json\/wp\/v2\/comments?post=5411"}],"version-history":[{"count":4,"href":"https:\/\/psychedelicare.eu\/pl\/wp-json\/wp\/v2\/pages\/5411\/revisions"}],"predecessor-version":[{"id":16866,"href":"https:\/\/psychedelicare.eu\/pl\/wp-json\/wp\/v2\/pages\/5411\/revisions\/16866"}],"wp:attachment":[{"href":"https:\/\/psychedelicare.eu\/pl\/wp-json\/wp\/v2\/media?parent=5411"}],"curies":[{"name":"wp","href":"https:\/\/api.w.org\/{rel}","templated":true}]}}