{"id":10342,"date":"2025-08-27T08:33:27","date_gmt":"2025-08-27T09:33:27","guid":{"rendered":"https:\/\/www.psychedelicare.eu\/juridico-e-historico\/"},"modified":"2025-09-19T19:30:25","modified_gmt":"2025-09-19T20:30:25","slug":"juridico-e-historico","status":"publish","type":"page","link":"https:\/\/psychedelicare.eu\/pt-pt\/juridico-e-historico\/","title":{"rendered":"Jur\u00eddico e hist\u00f3rico"},"content":{"rendered":"\t\t<div data-elementor-type=\"wp-page\" data-elementor-id=\"10342\" class=\"elementor elementor-10342 elementor-9253\" data-elementor-post-type=\"page\">\n\t\t\t\t<div class=\"elementor-element elementor-element-1553548a e-flex e-con-boxed e-con e-parent\" data-id=\"1553548a\" data-element_type=\"container\">\n\t\t\t\t\t<div class=\"e-con-inner\">\n\t\t\t\t<div class=\"elementor-element elementor-element-4d4cbcf5 elementor-widget elementor-widget-heading\" data-id=\"4d4cbcf5\" data-element_type=\"widget\" data-widget_type=\"heading.default\">\n\t\t\t\t<div class=\"elementor-widget-container\">\n\t\t\t\t\t<h2 class=\"elementor-heading-title elementor-size-default\">JUR\u00cdDICO E HIST\u00d3RICO<\/h2>\t\t\t\t<\/div>\n\t\t\t\t<\/div>\n\t\t\t\t\t<\/div>\n\t\t\t\t<\/div>\n\t\t<div class=\"elementor-element elementor-element-a018e89 e-flex e-con-boxed e-con e-parent\" data-id=\"a018e89\" data-element_type=\"container\" id=\"legal\" data-settings=\"{&quot;background_background&quot;:&quot;classic&quot;}\">\n\t\t\t\t\t<div class=\"e-con-inner\">\n\t\t<div class=\"elementor-element elementor-element-e69fb58 e-con-full e-flex e-con e-child\" data-id=\"e69fb58\" data-element_type=\"container\">\n\t\t\t\t<div class=\"elementor-element elementor-element-ae5ee47 elementor-widget elementor-widget-heading\" data-id=\"ae5ee47\" data-element_type=\"widget\" data-widget_type=\"heading.default\">\n\t\t\t\t<div class=\"elementor-widget-container\">\n\t\t\t\t\t<h3 class=\"elementor-heading-title elementor-size-default\">Estatuto legal e subst\u00e2ncias psicad\u00e9licas<\/h3>\t\t\t\t<\/div>\n\t\t\t\t<\/div>\n\t\t\t\t<div class=\"elementor-element elementor-element-c24cfc0 elementor-widget elementor-widget-text-editor\" data-id=\"c24cfc0\" data-element_type=\"widget\" data-widget_type=\"text-editor.default\">\n\t\t\t\t<div class=\"elementor-widget-container\">\n\t\t\t\t\t\t\t\t\t<p class=\"has-medium-font-size\">Na sequ\u00eancia da proibi\u00e7\u00e3o de actividades n\u00e3o licenciadas\/n\u00e3o autorizadas com subst\u00e2ncias psicad\u00e9licas designadas como &#8220;drogas controladas&#8221; nos anos 70-1980, a investiga\u00e7\u00e3o sobre os riscos e benef\u00edcios da experimenta\u00e7\u00e3o de subst\u00e2ncias psicad\u00e9licas como o LSD, a psilocibina e o MDMA (vulgarmente conhecido como &#8220;ecstasy&#8221;) tem sido, no m\u00ednimo, \u00e1rdua.<\/p><p class=\"has-medium-font-size\">No entanto, as \u00faltimas d\u00e9cadas deram origem ao renascimento da investiga\u00e7\u00e3o sobre a aplica\u00e7\u00e3o terap\u00eautica destes medicamentos. O processo tem sido lento, mas resiliente, o que tem incentivado alguma liberaliza\u00e7\u00e3o das leis sobre drogas em algumas jurisdi\u00e7\u00f5es, levando \u00e0 descriminaliza\u00e7\u00e3o da posse de muitas drogas e, em alguns casos, a uma legaliza\u00e7\u00e3o mais ampla de certas actividades que anteriormente eram delitos. <\/p>\t\t\t\t\t\t\t\t<\/div>\n\t\t\t\t<\/div>\n\t\t\t\t<\/div>\n\t\t<div class=\"elementor-element elementor-element-8e49099 e-con-full e-flex e-con e-child\" data-id=\"8e49099\" data-element_type=\"container\">\n\t\t\t\t<div class=\"elementor-element elementor-element-81f674b elementor-widget elementor-widget-text-editor\" data-id=\"81f674b\" data-element_type=\"widget\" data-widget_type=\"text-editor.default\">\n\t\t\t\t<div class=\"elementor-widget-container\">\n\t\t\t\t\t\t\t\t\t<p>Esta mudan\u00e7a est\u00e1 a ser referida como a Renascen\u00e7a Psicad\u00e9lica. Numerosos estudos de investiga\u00e7\u00e3o e ensaios cl\u00ednicos forneceram apoio evidence para a utiliza\u00e7\u00e3o de psicad\u00e9licos quando administrados em conjunto com a psicoterapia. Por exemplo, o Spravato ou Esketamine, que \u00e9 um derivado do psicad\u00e9lico\/anest\u00e9sico cetamina, foi aprovado em 2019 pela FDA (EUA) para o tratamento da depress\u00e3o, e deve ser administrado em conjunto com psicoterapia, outros antidepressivos ou ambos. Muitos investigadores e cl\u00ednicos conceituados reconhecem os psicad\u00e9licos como ferramentas terap\u00eauticas promissoras para as perturba\u00e7\u00f5es de sa\u00fade mental, incluindo a depress\u00e3o, a PSPT e as perturba\u00e7\u00f5es relacionadas com o consumo de subst\u00e2ncias, como o alcoolismo.   <\/p><p>O caminho para a legaliza\u00e7\u00e3o da terapia psicad\u00e9lica assistida continua a ser longo e com muitos obst\u00e1culos. No entanto, apesar dos in\u00fameros obst\u00e1culos, o renascimento psicad\u00e9lico est\u00e1 a florescer e, ao faz\u00ea-lo, est\u00e1 a ajudar a aliviar a dor e o sofrimento de pessoas em todo o mundo.  Recomendamos vivamente a ado\u00e7\u00e3o de um discurso centrado na pessoa quando se discutem essas restri\u00e7\u00f5es, uma vez que, ao utilizar uma linguagem juridicamente coerente e centrada no ser humano, podemos abrir uma porta para um espa\u00e7o regulamentar onde a investiga\u00e7\u00e3o e o tratamento m\u00e9dico podem prosperar.<\/p>\t\t\t\t\t\t\t\t<\/div>\n\t\t\t\t<\/div>\n\t\t\t\t<div class=\"elementor-element elementor-element-75b61ff elementor-widget elementor-widget-eael-adv-accordion\" data-id=\"75b61ff\" data-element_type=\"widget\" data-widget_type=\"eael-adv-accordion.default\">\n\t\t\t\t<div class=\"elementor-widget-container\">\n\t\t\t\t\t        <div class=\"eael-adv-accordion\" id=\"eael-adv-accordion-75b61ff\" data-scroll-on-click=\"\" data-scroll-speed=\"300\" data-accordion-id=\"75b61ff\" data-accordion-type=\"toggle\" 300>\n    <div class=\"eael-accordion-list\">\n                <div id=\"l-mais\" class=\"elementor-tab-title eael-accordion-header\" tabindex=\"0\" data-tab=\"1\" aria-controls=\"elementor-tab-content-1231\"><span class=\"eael-advanced-accordion-icon-closed\"><\/span><span class=\"eael-advanced-accordion-icon-opened\"><\/span><span class=\"eael-accordion-tab-title\">L\u00ca MAIS<\/span><svg aria-hidden=\"true\" class=\"fa-toggle e-font-icon-svg e-fas-plus\" viewBox=\"0 0 448 512\" xmlns=\"http:\/\/www.w3.org\/2000\/svg\"><path d=\"M416 208H272V64c0-17.67-14.33-32-32-32h-32c-17.67 0-32 14.33-32 32v144H32c-17.67 0-32 14.33-32 32v32c0 17.67 14.33 32 32 32h144v144c0 17.67 14.33 32 32 32h32c17.67 0 32-14.33 32-32V304h144c17.67 0 32-14.33 32-32v-32c0-17.67-14.33-32-32-32z\"><\/path><\/svg><\/div><div id=\"elementor-tab-content-1231\" class=\"eael-accordion-content clearfix\" data-tab=\"1\" aria-labelledby=\"l-mais\"><h3 class=\"wp-block-heading\"><strong>Uni\u00e3o Europeia e Reino Unido<\/strong><\/h3>\n<p>Apesar das numerosas institui\u00e7\u00f5es acad\u00e9micas, empresas e organiza\u00e7\u00f5es que fornecem evidence a efic\u00e1cia da terapia psicad\u00e9lica assistida para o tratamento de perturba\u00e7\u00f5es de sa\u00fade mental, estas continuam a ser classificadas como subst\u00e2ncias da lista I, sem uso m\u00e9dico atualmente aceite e com um elevado potencial de abuso. A legisla\u00e7\u00e3o nacional inclui frequentemente poss\u00edveis disposi\u00e7\u00f5es regulamentares, mas estas n\u00e3o s\u00e3o geralmente aplicadas devido \u00e0 determina\u00e7\u00e3o de manter uma ideia de &#8220;ilegalidade&#8221; da subst\u00e2ncia (em vez de um modelo regulamentar proporcional baseado nos resultados). <\/p>\n<p>No entanto, existem algumas excep\u00e7\u00f5es. A partir de julho de 2025, a Alemanha tornou-se o primeiro Estado-Membro da UE a permitir o acesso legal \u00e0 psilocibina ao abrigo de um programa limitado de uso compassivo. Uma decis\u00e3o recente do parlamento checo vai mais longe: A partir de janeiro de 2026, quando a nova legisla\u00e7\u00e3o entrar em vigor, a Psilocibina ser\u00e1 tratada de forma semelhante \u00e0 Cannabis medicinal. Nos Pa\u00edses Baixos, as trufas de psilocibina (a parte do subsolo de um cogumelo) s\u00e3o vendidas e possu\u00eddas legalmente. Embora as trufas de psilocibina estejam agora legalmente dispon\u00edveis, quando utilizadas para fins terap\u00eauticos ou no contexto de um retiro, as alega\u00e7\u00f5es m\u00e9dicas relativas ao tratamento de problemas de sa\u00fade continuam a ser ilegais. Al\u00e9m disso, em Espanha e Portugal, foram descriminalizados os delitos de baixo n\u00edvel relacionados com drogas. O uso terap\u00eautico de algumas subst\u00e2ncias psicad\u00e9licas tamb\u00e9m foi descriminalizado na Su\u00ed\u00e7a e o uso m\u00e9dico de certas subst\u00e2ncias psicad\u00e9licas \u00e9 aprovado no contexto da psicoterapia por um n\u00famero limitado de m\u00e9dicos certificados.      <\/p>\n<h3 class=\"wp-block-heading\"><strong>Estados Unidos<\/strong><\/h3>\n<p>As subst\u00e2ncias psicad\u00e9licas continuam a ser classificadas como subst\u00e2ncias da Lista I, exceto em alguns estados, incluindo o Oregon, o Colorado e Washington DC, que descriminalizaram a posse, mas n\u00e3o legalizaram todas as actividades com subst\u00e2ncias psicad\u00e9licas designadas. A descriminaliza\u00e7\u00e3o (de actividades com drogas), ao contr\u00e1rio da legaliza\u00e7\u00e3o (de actividades com drogas), apenas permite a posse e o uso pessoal de pequenas quantidades da subst\u00e2ncia e especifica um requisito de idade m\u00ednima. No entanto, os ensaios cl\u00ednicos que utilizam a psicoterapia assistida por MDMA para o tratamento da PSPT t\u00eam sido bastante promissores, levando a FDA a designar a psicoterapia assistida por MDMA como uma &#8220;terapia inovadora&#8221; em 2017. Em dezembro de 2023, foi apresentado \u00e0 FDA um novo pedido de autoriza\u00e7\u00e3o de introdu\u00e7\u00e3o no mercado de medicamentos para a MDMA, mas <a href=\"https:\/\/www.nature.com\/articles\/d41586-024-01622-3\" target=\"_blank\" rel=\"noreferrer noopener\">infelizmente foi rejeitado<\/a>.   <\/p>\n<h3 class=\"wp-block-heading\"><strong>Canad\u00e1<\/strong><\/h3>\n<p>Embora as subst\u00e2ncias psicad\u00e9licas continuem a ser classificadas a n\u00edvel federal como &#8220;drogas controladas&#8221;, um Programa de Acesso Especial permite que os m\u00e9dicos as administrem em determinados casos de emerg\u00eancia, sendo permitido o uso pessoal e a posse da subst\u00e2ncia psicad\u00e9lica 5-MeO-DMT. Em 2023, a prov\u00edncia canadiana de Alberta tornou-se a primeira a regulamentar o acesso \u00e0 terapia psicad\u00e9lica assistida para tratar problemas de sa\u00fade mental, mas apenas para determinadas institui\u00e7\u00f5es acreditadas. Tamb\u00e9m se registou uma liberaliza\u00e7\u00e3o muito mais ampla na Col\u00fambia Brit\u00e2nica.  <\/p>\n<h3 class=\"wp-block-heading\"><strong>Austr\u00e1lia<\/strong><\/h3>\n<p>Alguns psicad\u00e9licos podem ser utilizados clinicamente em conjunto com a terapia, mediante prescri\u00e7\u00e3o de psiquiatras autorizados, incluindo o MDMA para indiv\u00edduos afectados por perturba\u00e7\u00f5es de stress p\u00f3s-traum\u00e1tico (PTSD) e a psilocibina (contida numa forma natural nos &#8220;cogumelos m\u00e1gicos&#8221;) para indiv\u00edduos que sofrem de depress\u00e3o resistente ao tratamento. No caso de perturba\u00e7\u00f5es que causam depend\u00eancia, os psiquiatras podem prescrever iboga\u00edna, a subst\u00e2ncia psicoactiva que se encontra num arbusto da \u00c1frica Ocidental.&#8221; <\/p>\n<\/div>\n                <\/div><\/div>\t\t\t\t<\/div>\n\t\t\t\t<\/div>\n\t\t\t\t<\/div>\n\t\t\t\t\t<\/div>\n\t\t\t\t<\/div>\n\t\t<div class=\"elementor-element elementor-element-45c49a8 e-flex e-con-boxed e-con e-parent\" data-id=\"45c49a8\" data-element_type=\"container\" id=\"history\" data-settings=\"{&quot;background_background&quot;:&quot;classic&quot;}\">\n\t\t\t\t\t<div class=\"e-con-inner\">\n\t\t<div class=\"elementor-element elementor-element-9da00e5 e-con-full e-flex e-con e-child\" data-id=\"9da00e5\" data-element_type=\"container\">\n\t\t\t\t<div class=\"elementor-element elementor-element-c3e18a3 elementor-widget elementor-widget-heading\" data-id=\"c3e18a3\" data-element_type=\"widget\" data-widget_type=\"heading.default\">\n\t\t\t\t<div class=\"elementor-widget-container\">\n\t\t\t\t\t<h3 class=\"elementor-heading-title elementor-size-default\">Hist\u00f3ria da utiliza\u00e7\u00e3o de plantas psicad\u00e9licas na Europa<\/h3>\t\t\t\t<\/div>\n\t\t\t\t<\/div>\n\t\t\t\t<div class=\"elementor-element elementor-element-417b723 elementor-widget-mobile__width-inherit elementor-widget elementor-widget-text-editor\" data-id=\"417b723\" data-element_type=\"widget\" data-widget_type=\"text-editor.default\">\n\t\t\t\t<div class=\"elementor-widget-container\">\n\t\t\t\t\t\t\t\t\t<p class=\"has-medium-font-size\">V\u00e1rios estudos cl\u00e1ssicos de etnobot\u00e2nica investigam o uso de fungos, cactos e plantas encontrados na Am\u00e9rica Central e do Sul, e contribu\u00edram grandemente para a compreens\u00e3o dos rituais xam\u00e2nicos e das t\u00e9cnicas usadas para trazer o &#8220;deus&#8221; ou a &#8220;alma&#8221; a manifestar-se. Enquanto o uso de ente\u00f3genos na Am\u00e9rica do Norte, Central e do Sul est\u00e1 profundamente documentado e estudado, menos se sabe sobre o continente europeu. <\/p><p class=\"has-medium-font-size\">Sabemos que os gregos antigos usavam can\u00e1bis e cogumelos psicad\u00e9licos, mas sabe-se muito pouco sobre os compostos usados nos rituais gregos antigos. Wasson et al. (1978), num relat\u00f3rio sobre os &#8220;Mist\u00e9rios de Eleusina&#8221;, propuseram que a chave para a mistura intoxicante n\u00e3o era um \u00fanico ingrediente, mas sim uma mistura de compostos psicoactivos, cuja composi\u00e7\u00e3o n\u00e3o sabemos ao certo (era provavelmente uma mistura de can\u00e1bis, resina de P. Somniferum, ou &#8220;\u00f3pio&#8221;, e algum tipo de inibidor enzim\u00e1tico como a Harmalina extra\u00edda de Peganum Harmala). <\/p><p class=\"has-medium-font-size\">Sabe-se que o fil\u00f3sofo grego Plat\u00e3o participou nos Mist\u00e9rios Eleusinos, mencionando-os no seu famoso di\u00e1logo sobre a imortalidade da alma, o <em>F\u00e9don<\/em>. O mesmo aconteceu com muitos outros pensadores e fil\u00f3sofos do mundo antigo. <\/p><p class=\"has-medium-font-size\"><a href=\"https:\/\/psychedelicmagazine.net\/insight\/history-of-psychedelic-use\/\">L\u00ea mais sobre a hist\u00f3ria do consumo de subst\u00e2ncias psicad\u00e9licas.<\/a><\/p>\t\t\t\t\t\t\t\t<\/div>\n\t\t\t\t<\/div>\n\t\t\t\t<\/div>\n\t\t<div class=\"elementor-element elementor-element-596d29b e-con-full e-flex e-con e-child\" data-id=\"596d29b\" data-element_type=\"container\">\n\t\t\t\t<div class=\"elementor-element elementor-element-86a2656 elementor-widget elementor-widget-image\" data-id=\"86a2656\" data-element_type=\"widget\" data-widget_type=\"image.default\">\n\t\t\t\t<div class=\"elementor-widget-container\">\n\t\t\t\t\t\t\t\t\t\t\t\t\t\t\t<img fetchpriority=\"high\" decoding=\"async\" width=\"2185\" height=\"2560\" src=\"https:\/\/psychedelicare.eu\/wp-content\/uploads\/2024\/09\/druido-ammaccato-con-manici-scaled.jpg\" class=\"attachment-full size-full wp-image-16472\" alt=\"\" srcset=\"https:\/\/psychedelicare.eu\/wp-content\/uploads\/2024\/09\/druido-ammaccato-con-manici-scaled.jpg 2185w, https:\/\/psychedelicare.eu\/wp-content\/uploads\/2024\/09\/druido-ammaccato-con-manici-256x300.jpg 256w, https:\/\/psychedelicare.eu\/wp-content\/uploads\/2024\/09\/druido-ammaccato-con-manici-874x1024.jpg 874w, https:\/\/psychedelicare.eu\/wp-content\/uploads\/2024\/09\/druido-ammaccato-con-manici-768x900.jpg 768w, https:\/\/psychedelicare.eu\/wp-content\/uploads\/2024\/09\/druido-ammaccato-con-manici-1311x1536.jpg 1311w, https:\/\/psychedelicare.eu\/wp-content\/uploads\/2024\/09\/druido-ammaccato-con-manici-1748x2048.jpg 1748w\" sizes=\"(max-width: 2185px) 100vw, 2185px\" \/>\t\t\t\t\t\t\t\t\t\t\t\t\t\t\t<\/div>\n\t\t\t\t<\/div>\n\t\t\t\t<\/div>\n\t\t\t\t\t<\/div>\n\t\t\t\t<\/div>\n\t\t<div class=\"elementor-element elementor-element-a14aed0 e-flex e-con-boxed e-con e-parent\" data-id=\"a14aed0\" data-element_type=\"container\" id=\"organisations\" data-settings=\"{&quot;background_background&quot;:&quot;classic&quot;}\">\n\t\t\t\t\t<div class=\"e-con-inner\">\n\t\t\t\t<div class=\"elementor-element elementor-element-ca3021e elementor-widget elementor-widget-heading\" data-id=\"ca3021e\" data-element_type=\"widget\" data-widget_type=\"heading.default\">\n\t\t\t\t<div class=\"elementor-widget-container\">\n\t\t\t\t\t<h2 class=\"elementor-heading-title elementor-size-default\">Organiza\u00e7\u00f5es, Comunidades, Iniciativas<\/h2>\t\t\t\t<\/div>\n\t\t\t\t<\/div>\n\t\t\t\t<div class=\"elementor-element elementor-element-befb48c elementor-widget elementor-widget-text-editor\" data-id=\"befb48c\" data-element_type=\"widget\" data-widget_type=\"text-editor.default\">\n\t\t\t\t<div class=\"elementor-widget-container\">\n\t\t\t\t\t\t\t\t\t<p class=\"has-medium-font-size\">Aqui tens uma lista n\u00e3o exaustiva de organiza\u00e7\u00f5es, empresas e comunidades de todo o mundo que est\u00e3o a construir conhecimento e a educar o p\u00fablico sobre subst\u00e2ncias psicad\u00e9licas. V\u00ea tamb\u00e9m os nossos <a href=\"https:\/\/psychedelicare.eu\/partners\/\">parceiros<\/a>! <\/p><div class=\"wp-block-uagb-advanced-heading uagb-block-f8122fca\"><h3 class=\"uagb-heading-text\">Universidades e institutos que investigam subst\u00e2ncias psicad\u00e9licas<\/h3><\/div><p class=\"has-medium-font-size\"><a href=\"https:\/\/www.iceers.org\/research\/\" target=\"_blank\" rel=\"noreferrer noopener\">GELADEIRAS<\/a><br><a href=\"https:\/\/www.heffter.org\/study-publications\/\" target=\"_blank\" rel=\"noreferrer noopener\">Instituto de Investiga\u00e7\u00e3o Heffter<\/a><br><a href=\"https:\/\/hopkinspsychedelic.org\/\" target=\"_blank\" rel=\"noreferrer noopener\">Centro de Investiga\u00e7\u00e3o Psicad\u00e9lica e da Consci\u00eancia da Universidade Johns Hopkins<\/a><br><a href=\"https:\/\/www.usonainstitute.org\/\" target=\"_blank\" rel=\"noreferrer noopener\">Instituto Usona<\/a><br><a href=\"https:\/\/www.imperial.ac.uk\/psychedelic-research-centre\/research\/publications\/\" target=\"_blank\" rel=\"noreferrer noopener\">Imperial College London, Centro de Investiga\u00e7\u00e3o Psicad\u00e9lica<\/a><br><a href=\"https:\/\/medicine.yale.edu\/psychiatry\/education\/residency\/interest\/psychedelic_science_group\/\" target=\"_blank\" rel=\"noreferrer noopener\">Grupo de Ci\u00eancias Psicad\u00e9licas de Yale<\/a><br><a href=\"https:\/\/psychedelics.berkeley.edu\/\" target=\"_blank\" rel=\"noreferrer noopener\">Centro da UC Berkeley para a Ci\u00eancia dos Psicad\u00e9licos<\/a><br><a href=\"https:\/\/med.nyu.edu\/departments-institutes\/psychiatry\/research\/center-psychedelic-medicine\" target=\"_blank\" rel=\"noreferrer noopener\">Centro de Medicina Psicad\u00e9lica da NYU Langone<\/a><br><a href=\"https:\/\/www.columbiapsychiatry.org\/news\/topics\/mental-health\/psychedelics\" target=\"_blank\" rel=\"noreferrer noopener\">Departamento de Psiquiatria da Universidade de Columbia<\/a><\/p><div class=\"wp-block-uagb-advanced-heading uagb-block-ae6585af\"><h3 class=\"uagb-heading-text\">Organiza\u00e7\u00f5es que defendem e educam sobre subst\u00e2ncias<\/h3><\/div><p class=\"has-medium-font-size\"><a href=\"https:\/\/www.erowid.org\/splash.php\" target=\"_blank\" rel=\"noreferrer noopener\">Erowid<\/a><br><a href=\"https:\/\/open-foundation.org\/\" target=\"_blank\" rel=\"noreferrer noopener\">Open Foundation<\/a><br><a href=\"https:\/\/www.mind-foundation.org\/\" target=\"_blank\" rel=\"noreferrer noopener\">Mind Foundation<\/a><br><a href=\"https:\/\/www.psychedelicsociety.org.au\/\" target=\"_blank\" rel=\"noreferrer noopener\">Australian Psychedelic Society<\/a><br><a href=\"https:\/\/www.drugscience.org.uk\/\" target=\"_blank\" rel=\"noreferrer noopener\">Drug Science<\/a><br><a href=\"https:\/\/blossomanalysis.com\/\" target=\"_blank\" rel=\"noreferrer noopener\">Blossom Database on<\/a><a href=\"https:\/\/parea.eu\/\" target=\"_blank\" rel=\"noreferrer noopener\">PsychedelicResearch<br>Psychedelic Access and Research European Alliance (PAREA)<\/a><\/p><div class=\"wp-block-uagb-advanced-heading uagb-block-edec5e3f\"><h3 class=\"uagb-heading-text\">Comunidades e iniciativas psiconautas<\/h3><\/div><p class=\"has-medium-font-size\"><a href=\"https:\/\/www.heroicheartsuk.com\/testimonials\" target=\"_blank\" rel=\"noreferrer noopener\">Cora\u00e7\u00f5es Her\u00f3icos<\/a><br><a href=\"https:\/\/m.psychonautwiki.org\/wiki\/Main_Page\" target=\"_blank\" rel=\"noreferrer noopener\">Psychonaut Wiki<\/a><br><a href=\"https:\/\/www.bluelight.org\/community\/forums\/\" target=\"_blank\" rel=\"noreferrer noopener\">Comunidade Bluelight<\/a><br><a href=\"https:\/\/www.shroomery.org\/\" target=\"_blank\" rel=\"noreferrer noopener\">Shroomery<\/a><br><a href=\"https:\/\/doubleblindmag.com\/\" target=\"_blank\" rel=\"noreferrer noopener\">Revista Double Blind<\/a><\/p>\t\t\t\t\t\t\t\t<\/div>\n\t\t\t\t<\/div>\n\t\t\t\t\t<\/div>\n\t\t\t\t<\/div>\n\t\t\t\t<\/div>\n\t\t","protected":false},"excerpt":{"rendered":"<p>JUR\u00cdDICO E HIST\u00d3RICO Estatuto legal e subst\u00e2ncias psicad\u00e9licas Na sequ\u00eancia da proibi\u00e7\u00e3o de actividades n\u00e3o licenciadas\/n\u00e3o autorizadas com subst\u00e2ncias psicad\u00e9licas designadas como &#8220;drogas controladas&#8221; nos anos 70-1980, a investiga\u00e7\u00e3o sobre os riscos e benef\u00edcios da experimenta\u00e7\u00e3o de subst\u00e2ncias psicad\u00e9licas como o LSD, a psilocibina e o MDMA (vulgarmente conhecido como &#8220;ecstasy&#8221;) tem sido, no m\u00ednimo, [&hellip;]<\/p>\n","protected":false},"author":8,"featured_media":0,"parent":0,"menu_order":0,"comment_status":"closed","ping_status":"closed","template":"","meta":{"footnotes":""},"class_list":["post-10342","page","type-page","status-publish","hentry"],"_links":{"self":[{"href":"https:\/\/psychedelicare.eu\/pt-pt\/wp-json\/wp\/v2\/pages\/10342","targetHints":{"allow":["GET"]}}],"collection":[{"href":"https:\/\/psychedelicare.eu\/pt-pt\/wp-json\/wp\/v2\/pages"}],"about":[{"href":"https:\/\/psychedelicare.eu\/pt-pt\/wp-json\/wp\/v2\/types\/page"}],"author":[{"embeddable":true,"href":"https:\/\/psychedelicare.eu\/pt-pt\/wp-json\/wp\/v2\/users\/8"}],"replies":[{"embeddable":true,"href":"https:\/\/psychedelicare.eu\/pt-pt\/wp-json\/wp\/v2\/comments?post=10342"}],"version-history":[{"count":4,"href":"https:\/\/psychedelicare.eu\/pt-pt\/wp-json\/wp\/v2\/pages\/10342\/revisions"}],"predecessor-version":[{"id":10380,"href":"https:\/\/psychedelicare.eu\/pt-pt\/wp-json\/wp\/v2\/pages\/10342\/revisions\/10380"}],"wp:attachment":[{"href":"https:\/\/psychedelicare.eu\/pt-pt\/wp-json\/wp\/v2\/media?parent=10342"}],"curies":[{"name":"wp","href":"https:\/\/api.w.org\/{rel}","templated":true}]}}