{"id":11540,"date":"2025-09-24T15:00:22","date_gmt":"2025-09-24T16:00:22","guid":{"rendered":"https:\/\/www.psychedelicare.eu\/doa\/"},"modified":"2025-09-30T13:27:54","modified_gmt":"2025-09-30T14:27:54","slug":"donate","status":"publish","type":"page","link":"https:\/\/psychedelicare.eu\/pt-pt\/donate\/","title":{"rendered":"Doa"},"content":{"rendered":"\t\t<div data-elementor-type=\"wp-page\" data-elementor-id=\"11540\" class=\"elementor elementor-11540 elementor-11509\" data-elementor-post-type=\"page\">\n\t\t\t\t<div class=\"elementor-element elementor-element-ee3c2ee e-flex e-con-boxed e-con e-parent\" data-id=\"ee3c2ee\" data-element_type=\"container\">\n\t\t\t\t\t<div class=\"e-con-inner\">\n\t\t<div class=\"elementor-element elementor-element-a0ef854 e-con-full e-flex e-con e-child\" data-id=\"a0ef854\" data-element_type=\"container\">\n\t\t\t\t<div class=\"elementor-element elementor-element-573db51 elementor-widget-mobile__width-initial elementor-widget elementor-widget-heading\" data-id=\"573db51\" data-element_type=\"widget\" data-widget_type=\"heading.default\">\n\t\t\t\t<div class=\"elementor-widget-container\">\n\t\t\t\t\t<h2 class=\"elementor-heading-title elementor-size-default\">FAZ UM DONATIVO PARA A INICIATIVA<\/h2>\t\t\t\t<\/div>\n\t\t\t\t<\/div>\n\t\t\t\t<div class=\"elementor-element elementor-element-5ad31b1 elementor-widget elementor-widget-heading\" data-id=\"5ad31b1\" data-element_type=\"widget\" data-widget_type=\"heading.default\">\n\t\t\t\t<div class=\"elementor-widget-container\">\n\t\t\t\t\t<h2 class=\"elementor-heading-title elementor-size-default\">O teu apoio \u00e9 importante!<\/h2>\t\t\t\t<\/div>\n\t\t\t\t<\/div>\n\t\t\t\t<div class=\"elementor-element elementor-element-3da318a elementor-widget elementor-widget-text-editor\" data-id=\"3da318a\" data-element_type=\"widget\" data-widget_type=\"text-editor.default\">\n\t\t\t\t<div class=\"elementor-widget-container\">\n\t\t\t\t\t\t\t\t\t<p>Apoia a nossa iniciativa atrav\u00e9s do teu donativo de caridade e ajuda-nos a aumentar a sensibiliza\u00e7\u00e3o para os benef\u00edcios da Terapia Psicad\u00e9lica Assistida, a enfrentar a crise da sa\u00fade mental na Europa e a impulsionar um movimento democr\u00e1tico de cidad\u00e3os.<\/p><p>O teu donativo pode ajudar-nos principalmente de duas formas: a impress\u00e3o de material de comunica\u00e7\u00e3o, como folhetos e outros materiais, para aumentar a sensibiliza\u00e7\u00e3o para a iniciativa e a organiza\u00e7\u00e3o de eventos e actividades de apoio.  <\/p><p>Para n\u00f3s, os donativos atrav\u00e9s de d\u00e9bito direto SEPA ou transfer\u00eancia banc\u00e1ria SEPA s\u00e3o mais vantajosos porque evitam os processadores de pagamentos comerciais e as suas taxas.<\/p>\t\t\t\t\t\t\t\t<\/div>\n\t\t\t\t<\/div>\n\t\t\t\t<\/div>\n\t\t\t\t\t<\/div>\n\t\t\t\t<\/div>\n\t\t<div class=\"elementor-element elementor-element-f253128 e-flex e-con-boxed e-con e-parent\" data-id=\"f253128\" data-element_type=\"container\">\n\t\t\t\t\t<div class=\"e-con-inner\">\n\t\t\t\t<div class=\"elementor-element elementor-element-5dffdfb elementor-widget elementor-widget-shortcode\" data-id=\"5dffdfb\" data-element_type=\"widget\" data-widget_type=\"shortcode.default\">\n\t\t\t\t<div class=\"elementor-widget-container\">\n\t\t\t\t\t\t\t<div class=\"elementor-shortcode\"><script type=\"text\/javascript\">\n            (function() {\n                var u=\"https:\/\/spenden.twingle.de\/embed\/genericorganisation\/genericproject\/tw66bb695836805\/widget\";\n                var id = '_' + Math.random().toString(36).substr(2, 9);\n                var d=document, g=d.createElement('script'), s=d.getElementsByTagName('script')[0], t=d.createElement('div');\n                t.id = 'twingle-public-embed-' + id;\n                document.currentScript.after(t);\n                g.type='text\/javascript'; g.async=true; g.defer=true; g.src=u+'\/'+id; s.parentNode.insertBefore(g,s);\n            })();\n        <\/script><\/div>\n\t\t\t\t\t\t<\/div>\n\t\t\t\t<\/div>\n\t\t\t\t\t<\/div>\n\t\t\t\t<\/div>\n\t\t<div class=\"elementor-element elementor-element-8bcf504 e-flex e-con-boxed e-con e-parent\" data-id=\"8bcf504\" data-element_type=\"container\">\n\t\t\t\t\t<div class=\"e-con-inner\">\n\t\t\t\t\t<\/div>\n\t\t\t\t<\/div>\n\t\t<div class=\"elementor-element elementor-element-2fe5d7f e-flex e-con-boxed e-con e-parent\" data-id=\"2fe5d7f\" data-element_type=\"container\">\n\t\t\t\t\t<div class=\"e-con-inner\">\n\t\t<div class=\"elementor-element elementor-element-8ca603a e-con-full e-flex e-con e-child\" data-id=\"8ca603a\" data-element_type=\"container\">\n\t\t\t\t<div class=\"elementor-element elementor-element-6414b63 elementor-widget elementor-widget-text-editor\" data-id=\"6414b63\" data-element_type=\"widget\" data-widget_type=\"text-editor.default\">\n\t\t\t\t<div class=\"elementor-widget-container\">\n\t\t\t\t\t\t\t\t\t<p>O teu donativo \u00e9 tratado pela PsychedeliCare e.V., uma associa\u00e7\u00e3o sem fins lucrativos registada em Potsdam, Alemanha. A PsychedeliCare e.V. \u00e9 reconhecida pelas autoridades fiscais como uma associa\u00e7\u00e3o de caridade. Por isso, os donativos s\u00e3o dedut\u00edveis nos impostos na Alemanha. Se tamb\u00e9m s\u00e3o dedut\u00edveis nos outros pa\u00edses da UE depende dos regulamentos locais, porque atualmente n\u00e3o existe um regulamento unificado a n\u00edvel da UE.   <\/p><p><strong>Se \u00e9s realmente apaixonado por este assunto, podes tamb\u00e9m <a href=\"https:\/\/psychedelicare.eu\/pt-pt\/join-the-psychedelicare-association\/\">tornar-te membro da PsychedeliCare e.V.<\/a><\/strong><\/p>\t\t\t\t\t\t\t\t<\/div>\n\t\t\t\t<\/div>\n\t\t\t\t<\/div>\n\t\t\t\t\t<\/div>\n\t\t\t\t<\/div>\n\t\t\t\t<\/div>\n\t\t","protected":false},"excerpt":{"rendered":"<p>FAZ UM DONATIVO PARA A INICIATIVA O teu apoio \u00e9 importante! Apoia a nossa iniciativa atrav\u00e9s do teu donativo de caridade e ajuda-nos a aumentar a sensibiliza\u00e7\u00e3o para os benef\u00edcios da Terapia Psicad\u00e9lica Assistida, a enfrentar a crise da sa\u00fade mental na Europa e a impulsionar um movimento democr\u00e1tico de cidad\u00e3os. O teu donativo pode [&hellip;]<\/p>\n","protected":false},"author":1,"featured_media":0,"parent":0,"menu_order":0,"comment_status":"closed","ping_status":"closed","template":"","meta":{"footnotes":""},"class_list":["post-11540","page","type-page","status-publish","hentry"],"_links":{"self":[{"href":"https:\/\/psychedelicare.eu\/pt-pt\/wp-json\/wp\/v2\/pages\/11540","targetHints":{"allow":["GET"]}}],"collection":[{"href":"https:\/\/psychedelicare.eu\/pt-pt\/wp-json\/wp\/v2\/pages"}],"about":[{"href":"https:\/\/psychedelicare.eu\/pt-pt\/wp-json\/wp\/v2\/types\/page"}],"author":[{"embeddable":true,"href":"https:\/\/psychedelicare.eu\/pt-pt\/wp-json\/wp\/v2\/users\/1"}],"replies":[{"embeddable":true,"href":"https:\/\/psychedelicare.eu\/pt-pt\/wp-json\/wp\/v2\/comments?post=11540"}],"version-history":[{"count":5,"href":"https:\/\/psychedelicare.eu\/pt-pt\/wp-json\/wp\/v2\/pages\/11540\/revisions"}],"predecessor-version":[{"id":13262,"href":"https:\/\/psychedelicare.eu\/pt-pt\/wp-json\/wp\/v2\/pages\/11540\/revisions\/13262"}],"wp:attachment":[{"href":"https:\/\/psychedelicare.eu\/pt-pt\/wp-json\/wp\/v2\/media?parent=11540"}],"curies":[{"name":"wp","href":"https:\/\/api.w.org\/{rel}","templated":true}]}}