{"id":12649,"date":"2025-09-30T10:29:59","date_gmt":"2025-09-30T11:29:59","guid":{"rendered":"https:\/\/www.psychedelicare.eu\/join-the-psychedelicare-association\/"},"modified":"2025-10-06T11:03:27","modified_gmt":"2025-10-06T12:03:27","slug":"join-the-psychedelicare-association","status":"publish","type":"page","link":"https:\/\/psychedelicare.eu\/pt-pt\/join-the-psychedelicare-association\/","title":{"rendered":"Junta-te \u00e0 associa\u00e7\u00e3o PsychedeliCare"},"content":{"rendered":"\t\t<div data-elementor-type=\"wp-page\" data-elementor-id=\"12649\" class=\"elementor elementor-12649 elementor-12607\" data-elementor-post-type=\"page\">\n\t\t\t\t<div class=\"elementor-element elementor-element-af7ab68 e-flex e-con-boxed e-con e-parent\" data-id=\"af7ab68\" data-element_type=\"container\">\n\t\t\t\t\t<div class=\"e-con-inner\">\n\t\t\t\t<div class=\"elementor-element elementor-element-fe2ee81 elementor-widget elementor-widget-text-editor\" data-id=\"fe2ee81\" data-element_type=\"widget\" data-widget_type=\"text-editor.default\">\n\t\t\t\t<div class=\"elementor-widget-container\">\n\t\t\t\t\t\t\t\t\t<div class=\"crm-public-form-item crm-section intro_text-section\"><p>Junta-te \u00e0 <strong>PsychedeliCare e.V.<\/strong>, a organiza\u00e7\u00e3o sem fins lucrativos por detr\u00e1s da <strong>Iniciativa de Cidadania Europeia (ICE) PsychedeliCare.EU<\/strong>! Ao tornares-te membro, apoias ativamente a nossa miss\u00e3o de promover <strong>a reforma da pol\u00edtica de drogas baseada em provas, a redu\u00e7\u00e3o de danos e o acesso equitativo a terapias psicad\u00e9licas<\/strong> na Europa.<\/p><h3><strong>Porqu\u00ea ser membro?<\/strong><\/h3><ul><li><strong>Molda o futuro<\/strong>: Ajuda a promover a mudan\u00e7a pol\u00edtica na UE, apoiando o nosso trabalho de defesa.<\/li><li><strong>Mant\u00e9m-te informado<\/strong>: Recebe actualiza\u00e7\u00f5es sobre as nossas campanhas, eventos e desenvolvimentos cient\u00edficos.<\/li><li><strong>Trabalha em rede e colabora<\/strong>: Liga-te a indiv\u00edduos e organiza\u00e7\u00f5es com ideias semelhantes no campo da pol\u00edtica de drogas e da investiga\u00e7\u00e3o psicad\u00e9lica.<\/li><li><strong>Refor\u00e7a a nossa voz<\/strong>: Quanto mais membros tivermos, maior ser\u00e1 a nossa influ\u00eancia na elabora\u00e7\u00e3o das pol\u00edticas da UE.<\/li><\/ul><p><strong>Juntos, podemos criar uma abordagem mais racional, compassiva e baseada na ci\u00eancia para as subst\u00e2ncias psicad\u00e9licas na Europa!<\/strong><\/p><p><em>Preenche o formul\u00e1rio abaixo para te juntares a n\u00f3s hoje.<\/em><\/p><p><strong>Para rescindir a tua qualidade de membro, deves notificar a dire\u00e7\u00e3o por escrito<a href=\"mailto:info@psychedelicare.eu?subject=Resignation%20from%20PsychedeliCare%20e.V.\" data-cke-saved-href=\"mailto:info@psychedelicare.eu?subject=Resignation%20from%20PsychedeliCare%20e.V.\">(info@psychedelicare.eu)<\/a>, o mais tardar um m\u00eas antes do final do ano financeiro. Para mais informa\u00e7\u00f5es, consulta os <a href=\"https:\/\/psychedelicare.eu\/wp-content\/uploads\/2025\/06\/Statutes_PsychedeliCare.pdf\" data-cke-saved-href=\"https:\/\/psychedelicare.eu\/wp-content\/uploads\/2025\/06\/Statutes_PsychedeliCare.pdf\">estatutos<\/a> (sec\u00e7\u00e3o &#8220;cessa\u00e7\u00e3o da qualidade de membro&#8221;) <\/strong><\/p><\/div>\t\t\t\t\t\t\t\t<\/div>\n\t\t\t\t<\/div>\n\t\t\t\t<div class=\"elementor-element elementor-element-7267b56 elementor-widget elementor-widget-shortcode\" data-id=\"7267b56\" data-element_type=\"widget\" data-widget_type=\"shortcode.default\">\n\t\t\t\t<div class=\"elementor-widget-container\">\n\t\t\t\t\t\t\t<div class=\"elementor-shortcode\">[civicrm component=\"contribution\" id=\"7\"]<\/div>\n\t\t\t\t\t\t<\/div>\n\t\t\t\t<\/div>\n\t\t\t\t\t<\/div>\n\t\t\t\t<\/div>\n\t\t\t\t<\/div>\n\t\t","protected":false},"excerpt":{"rendered":"<p>Junta-te \u00e0 PsychedeliCare e.V., a organiza\u00e7\u00e3o sem fins lucrativos por detr\u00e1s da Iniciativa de Cidadania Europeia (ICE) PsychedeliCare.EU! Ao tornares-te membro, apoias ativamente a nossa miss\u00e3o de promover a reforma da pol\u00edtica de drogas baseada em provas, a redu\u00e7\u00e3o de danos e o acesso equitativo a terapias psicad\u00e9licas na Europa. Porqu\u00ea ser membro? Molda o [&hellip;]<\/p>\n","protected":false},"author":1,"featured_media":0,"parent":0,"menu_order":0,"comment_status":"closed","ping_status":"closed","template":"","meta":{"footnotes":""},"class_list":["post-12649","page","type-page","status-publish","hentry"],"_links":{"self":[{"href":"https:\/\/psychedelicare.eu\/pt-pt\/wp-json\/wp\/v2\/pages\/12649","targetHints":{"allow":["GET"]}}],"collection":[{"href":"https:\/\/psychedelicare.eu\/pt-pt\/wp-json\/wp\/v2\/pages"}],"about":[{"href":"https:\/\/psychedelicare.eu\/pt-pt\/wp-json\/wp\/v2\/types\/page"}],"author":[{"embeddable":true,"href":"https:\/\/psychedelicare.eu\/pt-pt\/wp-json\/wp\/v2\/users\/1"}],"replies":[{"embeddable":true,"href":"https:\/\/psychedelicare.eu\/pt-pt\/wp-json\/wp\/v2\/comments?post=12649"}],"version-history":[{"count":4,"href":"https:\/\/psychedelicare.eu\/pt-pt\/wp-json\/wp\/v2\/pages\/12649\/revisions"}],"predecessor-version":[{"id":14279,"href":"https:\/\/psychedelicare.eu\/pt-pt\/wp-json\/wp\/v2\/pages\/12649\/revisions\/14279"}],"wp:attachment":[{"href":"https:\/\/psychedelicare.eu\/pt-pt\/wp-json\/wp\/v2\/media?parent=12649"}],"curies":[{"name":"wp","href":"https:\/\/api.w.org\/{rel}","templated":true}]}}