{"id":4527,"date":"2023-08-26T06:52:46","date_gmt":"2023-08-26T07:52:46","guid":{"rendered":"https:\/\/www.psychedelicare.eu\/politica-de-privacidade\/"},"modified":"2025-09-19T19:18:34","modified_gmt":"2025-09-19T20:18:34","slug":"politica-de-privacidade","status":"publish","type":"page","link":"https:\/\/psychedelicare.eu\/pt-pt\/politica-de-privacidade\/","title":{"rendered":"Pol\u00edtica de Privacidade"},"content":{"rendered":"\t\t<div data-elementor-type=\"wp-page\" data-elementor-id=\"4527\" class=\"elementor elementor-4527 elementor-1413\" data-elementor-post-type=\"page\">\n\t\t\t\t<div class=\"elementor-element elementor-element-1da536a9 e-flex e-con-boxed e-con e-parent\" data-id=\"1da536a9\" data-element_type=\"container\">\n\t\t\t\t\t<div class=\"e-con-inner\">\n\t\t\t\t<div class=\"elementor-element elementor-element-4f5ad5a3 elementor-widget elementor-widget-heading\" data-id=\"4f5ad5a3\" data-element_type=\"widget\" data-widget_type=\"heading.default\">\n\t\t\t\t<div class=\"elementor-widget-container\">\n\t\t\t\t\t<h2 class=\"elementor-heading-title elementor-size-default\">POL\u00cdTICA DE PRIVACIDADE<\/h2>\t\t\t\t<\/div>\n\t\t\t\t<\/div>\n\t\t\t\t\t<\/div>\n\t\t\t\t<\/div>\n\t\t<div class=\"elementor-element elementor-element-052287f e-flex e-con-boxed e-con e-parent\" data-id=\"052287f\" data-element_type=\"container\">\n\t\t\t\t\t<div class=\"e-con-inner\">\n\t\t\t\t<div class=\"elementor-element elementor-element-fb64b53 elementor-widget elementor-widget-text-editor\" data-id=\"fb64b53\" data-element_type=\"widget\" data-widget_type=\"text-editor.default\">\n\t\t\t\t<div class=\"elementor-widget-container\">\n\t\t\t\t\t\t\t\t\t<div><div><h3>Introdu\u00e7\u00e3o<\/h3><\/div><p>Esta Pol\u00edtica de Privacidade explica como o psychedelicare.eu recolhe, usa e protege os dados pessoais que nos forneces atrav\u00e9s do nosso formul\u00e1rio de contacto. Estamos empenhados em salvaguardar a tua privacidade e em cumprir as leis de prote\u00e7\u00e3o de dados aplic\u00e1veis, incluindo o Regulamento Geral de Prote\u00e7\u00e3o de Dados (GDPR). <\/p><\/div><div><div><h3>Como utilizamos os seus dados pessoais<\/h3><\/div><p>Utilizamos os dados pessoais fornecidos atrav\u00e9s do formul\u00e1rio de contacto para entrar em contacto contigo e responder ao teu pedido ou pergunta. N\u00e3o os utilizamos para fins comerciais ou outras actividades de marketing sem o teu consentimento expl\u00edcito. <\/p><h3>Consentimento<\/h3><\/div><div><p>Ao utilizar o nosso formul\u00e1rio de contacto e fornecer os seus dados pessoais, consente que os utilizemos para os fins descritos na presente Pol\u00edtica de Privacidade.<\/p><\/div><div><div><h3>Partilhar dados pessoais<\/h3><\/div><p>N\u00e3o partilhamos os seus dados pessoais com terceiros, exceto se tal for necess\u00e1rio para responder ao seu pedido ou se formos legalmente obrigados a faz\u00ea-lo.<\/p><\/div><div><div><h3>Seguran\u00e7a dos dados<\/h3><\/div><p>Tomamos medidas razo\u00e1veis para proteger os teus dados pessoais contra a utiliza\u00e7\u00e3o n\u00e3o autorizada, perda, acesso, divulga\u00e7\u00e3o, altera\u00e7\u00e3o ou destrui\u00e7\u00e3o. No entanto, tem em aten\u00e7\u00e3o que a seguran\u00e7a das informa\u00e7\u00f5es transmitidas atrav\u00e9s da Internet n\u00e3o pode ser garantida a 100%. <\/p><\/div><div><div><h3>Os seus direitos<\/h3><\/div><p>De acordo com o RGPD, tens o direito de aceder, retificar, eliminar ou opor-te ao tratamento dos teus dados pessoais. Se pretenderes exercer qualquer um destes direitos, contacta-nos atrav\u00e9s do endere\u00e7o info@psychedelicare.eu. Responderemos ao teu pedido dentro dos prazos exigidos por lei.  <\/p><\/div><div><div><h3>Altera\u00e7\u00f5es \u00e0 Pol\u00edtica de Privacidade<\/h3><\/div><p>Reservamo-nos o direito de atualizar esta Pol\u00edtica de Privacidade em qualquer altura. As altera\u00e7\u00f5es ser\u00e3o publicadas nesta p\u00e1gina e a data da \u00faltima atualiza\u00e7\u00e3o ser\u00e1 indicada no topo desta p\u00e1gina. <\/p><\/div><div><div><h3>Contacte-nos<\/h3><\/div><p>Se tiver alguma quest\u00e3o ou d\u00favida sobre a nossa Pol\u00edtica de Privacidade, contacte-nos atrav\u00e9s do seguinte endere\u00e7o de correio eletr\u00f3nico: info@psychedelicare.eu<\/p><\/div>\t\t\t\t\t\t\t\t<\/div>\n\t\t\t\t<\/div>\n\t\t\t\t\t<\/div>\n\t\t\t\t<\/div>\n\t\t\t\t<\/div>\n\t\t","protected":false},"excerpt":{"rendered":"<p>POL\u00cdTICA DE PRIVACIDADE Introdu\u00e7\u00e3o Esta Pol\u00edtica de Privacidade explica como o psychedelicare.eu recolhe, usa e protege os dados pessoais que nos forneces atrav\u00e9s do nosso formul\u00e1rio de contacto. Estamos empenhados em salvaguardar a tua privacidade e em cumprir as leis de prote\u00e7\u00e3o de dados aplic\u00e1veis, incluindo o Regulamento Geral de Prote\u00e7\u00e3o de Dados (GDPR). Como [&hellip;]<\/p>\n","protected":false},"author":4,"featured_media":0,"parent":0,"menu_order":0,"comment_status":"closed","ping_status":"closed","template":"","meta":{"footnotes":""},"class_list":["post-4527","page","type-page","status-publish","hentry"],"_links":{"self":[{"href":"https:\/\/psychedelicare.eu\/pt-pt\/wp-json\/wp\/v2\/pages\/4527","targetHints":{"allow":["GET"]}}],"collection":[{"href":"https:\/\/psychedelicare.eu\/pt-pt\/wp-json\/wp\/v2\/pages"}],"about":[{"href":"https:\/\/psychedelicare.eu\/pt-pt\/wp-json\/wp\/v2\/types\/page"}],"author":[{"embeddable":true,"href":"https:\/\/psychedelicare.eu\/pt-pt\/wp-json\/wp\/v2\/users\/4"}],"replies":[{"embeddable":true,"href":"https:\/\/psychedelicare.eu\/pt-pt\/wp-json\/wp\/v2\/comments?post=4527"}],"version-history":[{"count":2,"href":"https:\/\/psychedelicare.eu\/pt-pt\/wp-json\/wp\/v2\/pages\/4527\/revisions"}],"predecessor-version":[{"id":9952,"href":"https:\/\/psychedelicare.eu\/pt-pt\/wp-json\/wp\/v2\/pages\/4527\/revisions\/9952"}],"wp:attachment":[{"href":"https:\/\/psychedelicare.eu\/pt-pt\/wp-json\/wp\/v2\/media?parent=4527"}],"curies":[{"name":"wp","href":"https:\/\/api.w.org\/{rel}","templated":true}]}}