{"id":10063,"date":"2025-05-15T17:14:40","date_gmt":"2025-05-15T18:14:40","guid":{"rendered":"https:\/\/www.psychedelicare.eu\/mediji\/"},"modified":"2025-10-03T18:23:03","modified_gmt":"2025-10-03T19:23:03","slug":"mediji","status":"publish","type":"page","link":"https:\/\/psychedelicare.eu\/sl\/mediji\/","title":{"rendered":"Mediji"},"content":{"rendered":"\t\t<div data-elementor-type=\"wp-page\" data-elementor-id=\"10063\" class=\"elementor elementor-10063 elementor-7070\" data-elementor-post-type=\"page\">\n\t\t\t\t<div class=\"elementor-element elementor-element-e59cf30 e-flex e-con-boxed e-con e-parent\" data-id=\"e59cf30\" data-element_type=\"container\">\n\t\t\t\t\t<div class=\"e-con-inner\">\n\t\t\t\t<div class=\"elementor-element elementor-element-43f59f6 elementor-widget elementor-widget-heading\" data-id=\"43f59f6\" data-element_type=\"widget\" data-widget_type=\"heading.default\">\n\t\t\t\t<div class=\"elementor-widget-container\">\n\t\t\t\t\t<h2 class=\"elementor-heading-title elementor-size-default\">MEDIJI<\/h2>\t\t\t\t<\/div>\n\t\t\t\t<\/div>\n\t\t\t\t\t<\/div>\n\t\t\t\t<\/div>\n\t\t<div class=\"elementor-element elementor-element-ed5fe67 e-flex e-con-boxed e-con e-parent\" data-id=\"ed5fe67\" data-element_type=\"container\">\n\t\t\t\t\t<div class=\"e-con-inner\">\n\t\t\t\t<div class=\"elementor-element elementor-element-2173d14 elementor-widget elementor-widget-text-editor\" data-id=\"2173d14\" data-element_type=\"widget\" data-widget_type=\"text-editor.default\">\n\t\t\t\t<div class=\"elementor-widget-container\">\n\t\t\t\t\t\t\t\t\t<div class=\"wp-block-uagb-container uagb-block-6a1ba7b0\"><div class=\"wp-block-uagb-advanced-heading uagb-block-e71bc163\"><h3 class=\"uagb-heading-text\">Kontakti<\/h3><\/div><p class=\"has-medium-font-size\"><strong>EVROPSKE IN ZNANSTVENE POIZVEDBE<\/strong><br><a href=\"mailto:press@psychedelicare.eu\">press@psychedelicare.eu<\/a><\/p><p class=\"has-medium-font-size\"><strong>NACIONALNA VPRA\u0160ANJA<\/strong><br><a href=\"https:\/\/psychedelicare.eu\/sl\/about-us\/#national-teams\">Obrnite se na ustrezno<\/a> nacionalno ekipo.<\/p><\/div><div class=\"wp-block-uagb-container uagb-block-253d4f51\"><div class=\"wp-block-uagb-advanced-heading uagb-block-c0406deb\"><h3 class=\"uagb-heading-text\">Zbirka za javnost<\/h3><\/div><p class=\"has-medium-font-size\">Prenesi <strong>\n  <a href=\"https:\/\/psychedelicare.eu\/wp-content\/uploads\/2025\/01\/Press-kit.zip\">na\u0161 nabor za javnost<\/a>\n<\/strong>, ki vsebuje:<\/p><p class=\"has-medium-font-size\">- En pager s povzetkom na\u0161e pobude;<\/p><p class=\"has-medium-font-size\">- Na\u0161 logotip in vizualne smernice;<\/p><p class=\"has-medium-font-size\">- Slike in ilustracije.<\/p><\/div><div class=\"wp-block-uagb-container uagb-block-cd35ce69\"><div class=\"wp-block-uagb-advanced-heading uagb-block-ec224799\"><h3 class=\"uagb-heading-text\">Ve\u010d informacij in novic<\/h3><\/div><p class=\"has-medium-font-size\">Preberite ve\u010d <a href=\"https:\/\/citizens-initiative.europa.eu\/initiatives\/details\/2024\/000011_en\" target=\"_blank\" rel=\"noreferrer noopener\">o pobudi, njenem namenu in na\u0161ih zahtevah Evropski komisiji.<\/a><\/p><p class=\"has-medium-font-size\">Preberite ve\u010d o na\u0161ih <a href=\"https:\/\/psychedelicare.eu\/sl\/news\/\">najnovej\u0161ih novicah.<\/a><\/p><\/div><div class=\"wp-block-spacer\" style=\"height: 100px;\" aria-hidden=\"true\"> <\/div><p>  za<\/p>\t\t\t\t\t\t\t\t<\/div>\n\t\t\t\t<\/div>\n\t\t\t\t\t<\/div>\n\t\t\t\t<\/div>\n\t\t\t\t<\/div>\n\t\t","protected":false},"excerpt":{"rendered":"<p>MEDIJI Kontakti EVROPSKE IN ZNANSTVENE POIZVEDBEpress@psychedelicare.eu NACIONALNA VPRA\u0160ANJAObrnite se na ustrezno nacionalno ekipo. Zbirka za javnost Prenesi na\u0161 nabor za javnost , ki vsebuje: - En pager s povzetkom na\u0161e pobude; - Na\u0161 logotip in vizualne smernice; - Slike in ilustracije. Ve\u010d informacij in novic Preberite ve\u010d o pobudi, njenem namenu in na\u0161ih zahtevah Evropski [&hellip;]<\/p>\n","protected":false},"author":1,"featured_media":0,"parent":0,"menu_order":0,"comment_status":"closed","ping_status":"closed","template":"","meta":{"footnotes":""},"class_list":["post-10063","page","type-page","status-publish","hentry"],"_links":{"self":[{"href":"https:\/\/psychedelicare.eu\/sl\/wp-json\/wp\/v2\/pages\/10063","targetHints":{"allow":["GET"]}}],"collection":[{"href":"https:\/\/psychedelicare.eu\/sl\/wp-json\/wp\/v2\/pages"}],"about":[{"href":"https:\/\/psychedelicare.eu\/sl\/wp-json\/wp\/v2\/types\/page"}],"author":[{"embeddable":true,"href":"https:\/\/psychedelicare.eu\/sl\/wp-json\/wp\/v2\/users\/1"}],"replies":[{"embeddable":true,"href":"https:\/\/psychedelicare.eu\/sl\/wp-json\/wp\/v2\/comments?post=10063"}],"version-history":[{"count":10,"href":"https:\/\/psychedelicare.eu\/sl\/wp-json\/wp\/v2\/pages\/10063\/revisions"}],"predecessor-version":[{"id":14259,"href":"https:\/\/psychedelicare.eu\/sl\/wp-json\/wp\/v2\/pages\/10063\/revisions\/14259"}],"wp:attachment":[{"href":"https:\/\/psychedelicare.eu\/sl\/wp-json\/wp\/v2\/media?parent=10063"}],"curies":[{"name":"wp","href":"https:\/\/api.w.org\/{rel}","templated":true}]}}