{"id":10359,"date":"2025-08-27T08:33:27","date_gmt":"2025-08-27T09:33:27","guid":{"rendered":"https:\/\/www.psychedelicare.eu\/pravni-in-zgodovinski-vidiki\/"},"modified":"2025-10-10T15:05:19","modified_gmt":"2025-10-10T16:05:19","slug":"pravni-in-zgodovinski-vidiki","status":"publish","type":"page","link":"https:\/\/psychedelicare.eu\/sl\/pravni-in-zgodovinski-vidiki\/","title":{"rendered":"Pravni in zgodovinski vidiki"},"content":{"rendered":"\t\t<div data-elementor-type=\"wp-page\" data-elementor-id=\"10359\" class=\"elementor elementor-10359 elementor-9253\" data-elementor-post-type=\"page\">\n\t\t\t\t<div class=\"elementor-element elementor-element-1553548a e-flex e-con-boxed e-con e-parent\" data-id=\"1553548a\" data-element_type=\"container\">\n\t\t\t\t\t<div class=\"e-con-inner\">\n\t\t\t\t<div class=\"elementor-element elementor-element-4d4cbcf5 elementor-widget elementor-widget-heading\" data-id=\"4d4cbcf5\" data-element_type=\"widget\" data-widget_type=\"heading.default\">\n\t\t\t\t<div class=\"elementor-widget-container\">\n\t\t\t\t\t<h2 class=\"elementor-heading-title elementor-size-default\">PRAVNO IN ZGODOVINSKO OZADJE<\/h2>\t\t\t\t<\/div>\n\t\t\t\t<\/div>\n\t\t\t\t\t<\/div>\n\t\t\t\t<\/div>\n\t\t<div class=\"elementor-element elementor-element-a018e89 e-flex e-con-boxed e-con e-parent\" data-id=\"a018e89\" data-element_type=\"container\" id=\"legal\" data-settings=\"{&quot;background_background&quot;:&quot;classic&quot;}\">\n\t\t\t\t\t<div class=\"e-con-inner\">\n\t\t<div class=\"elementor-element elementor-element-e69fb58 e-con-full e-flex e-con e-child\" data-id=\"e69fb58\" data-element_type=\"container\">\n\t\t\t\t<div class=\"elementor-element elementor-element-ae5ee47 elementor-widget elementor-widget-heading\" data-id=\"ae5ee47\" data-element_type=\"widget\" data-widget_type=\"heading.default\">\n\t\t\t\t<div class=\"elementor-widget-container\">\n\t\t\t\t\t<h3 class=\"elementor-heading-title elementor-size-default\">Pravni status in psihedeli\u010dne snovi<\/h3>\t\t\t\t<\/div>\n\t\t\t\t<\/div>\n\t\t\t\t<div class=\"elementor-element elementor-element-c24cfc0 elementor-widget elementor-widget-text-editor\" data-id=\"c24cfc0\" data-element_type=\"widget\" data-widget_type=\"text-editor.default\">\n\t\t\t\t<div class=\"elementor-widget-container\">\n\t\t\t\t\t\t\t\t\t<p class=\"has-medium-font-size\">Po prepovedi neregistriranih oziroma neavtoriziranih dejavnosti s psihedeliki, ki so bili v 70. in 80. letih 20. stoletja uvr\u0161\u010deni med \u00bbnadzorovane substance\u00ab, je bilo raziskovanje zaznanih tveganj in koristi izku\u0161enj s substancami, kot so LSD, psilocibin in MDMA, milo re\u010deno zelo ote\u017eeno.<\/p><p class=\"has-medium-font-size\">Vendar pa so zadnja desetletja prinesla ponoven razcvet raziskovanja terapevtske uporabe teh substanc. Proces je bil po\u010dasen, a vztrajen, in je spodbudil delno liberalizacijo zakonodaje o drogah v dolo\u010denih jurisdikcijah, kar je privedlo do dekriminalizacije posesti \u0161tevilnih drog in v nekaterih primerih tudi do \u0161ir\u0161e legalizacije dejavnosti, ki so bile prej kaznive. <\/p>\t\t\t\t\t\t\t\t<\/div>\n\t\t\t\t<\/div>\n\t\t\t\t<\/div>\n\t\t<div class=\"elementor-element elementor-element-8e49099 e-con-full e-flex e-con e-child\" data-id=\"8e49099\" data-element_type=\"container\">\n\t\t\t\t<div class=\"elementor-element elementor-element-81f674b elementor-widget elementor-widget-text-editor\" data-id=\"81f674b\" data-element_type=\"widget\" data-widget_type=\"text-editor.default\">\n\t\t\t\t<div class=\"elementor-widget-container\">\n\t\t\t\t\t\t\t\t\t<p>Ta premik se ozna\u010duje kot psihedeli\u010dna renesansa. \u0160tevilne raziskave in klini\u010dne \u0161tudije so prinesle podporne dokaze za uporabo psihedelikov, kadar so aplicirani v kombinaciji s psihoterapijo Na primer, zdravilo Spravato oziroma esketamin, derivat psihedeli\u010dnega\/anesteti\u010dnega ketamina, je bilo leta 2019 odobreno s strani ameri\u0161ke FDA za zdravljenje depresije, pri \u010demer se ga mora aplicirati skupaj s psihoterapijo, drugimi antidepresivi ali obojim. \u0160tevilni ugledni raziskovalci in kliniki prepoznavajo psihedelike kot obetavna terapevtska orodja pri zdravljenju du\u0161evnih motenj, vklju\u010dno z depresijo, posttravmatsko stresno motnjo in motnjami odvisnosti od substanc, kot je alkoholizem.   <\/p><p>Pot do legalizacije terapije, podprte s psihedeliki, je \u0161e vedno dolga in polna ovir. Kljub temu pa psihedeli\u010dna renesansa cveti in pri tem pomaga laj\u0161ati bole\u010dino ter trpljenje ljudi po vsem svetu.  Pot do legalizacije terapije, podprte s psihedeliki, je \u0161e vedno dolga in polna ovir. Kljub temu pa psihedeli\u010dna renesansa cveti in pri tem pomaga laj\u0161ati bole\u010dino ter trpljenje ljudi po vsem svetu. Priporo\u010damo, da pri razpravah o tak\u0161nih omejitvah uporabimo diskurz, osredoto\u010den na \u010dloveka, saj lahko z uporabo pravno skladnega in na \u010dloveka osredoto\u010denega jezika odpremo vrata v regulatorni prostor, kjer lahko raziskovanje in medicinsko zdravljenje resni\u010dno uspevata.<\/p>\t\t\t\t\t\t\t\t<\/div>\n\t\t\t\t<\/div>\n\t\t\t\t<div class=\"elementor-element elementor-element-75b61ff elementor-widget elementor-widget-eael-adv-accordion\" data-id=\"75b61ff\" data-element_type=\"widget\" data-widget_type=\"eael-adv-accordion.default\">\n\t\t\t\t<div class=\"elementor-widget-container\">\n\t\t\t\t\t        <div class=\"eael-adv-accordion\" id=\"eael-adv-accordion-75b61ff\" data-scroll-on-click=\"\" data-scroll-speed=\"300\" data-accordion-id=\"75b61ff\" data-accordion-type=\"toggle\" 300>\n    <div class=\"eael-accordion-list\">\n                <div id=\"preberite-ve\" class=\"elementor-tab-title eael-accordion-header\" tabindex=\"0\" data-tab=\"1\" aria-controls=\"elementor-tab-content-1231\"><span class=\"eael-advanced-accordion-icon-closed\"><\/span><span class=\"eael-advanced-accordion-icon-opened\"><\/span><span class=\"eael-accordion-tab-title\">PREBERITE VE\u010c<\/span><svg aria-hidden=\"true\" class=\"fa-toggle e-font-icon-svg e-fas-plus\" viewBox=\"0 0 448 512\" xmlns=\"http:\/\/www.w3.org\/2000\/svg\"><path d=\"M416 208H272V64c0-17.67-14.33-32-32-32h-32c-17.67 0-32 14.33-32 32v144H32c-17.67 0-32 14.33-32 32v32c0 17.67 14.33 32 32 32h144v144c0 17.67 14.33 32 32 32h32c17.67 0 32-14.33 32-32V304h144c17.67 0 32-14.33 32-32v-32c0-17.67-14.33-32-32-32z\"><\/path><\/svg><\/div><div id=\"elementor-tab-content-1231\" class=\"eael-accordion-content clearfix\" data-tab=\"1\" aria-labelledby=\"preberite-ve\"><h3 class=\"wp-block-heading\"><strong>Evropska unija in Zdru\u017eeno kraljestvo<\/strong><\/h3>\n<p>Kljub \u0161tevilnim akademskim institucijam, podjetjem in organizacijam, ki zagotavljajo dokaze o u\u010dinkovitosti terapije, podprte s psihedeliki, za zdravljenje du\u0161evnih motenj, te substance \u0161e vedno ostajajo uvr\u0161\u010dene v Skupino I prepovedanih substanc. To pomeni, da jih tretiramo kot medicinsko neuporabne in z visokim potencialom za zlorabo. Nacionalna zakonodaja pogosto vklju\u010duje mo\u017ene regulativne dolo\u010dbe, vendar se te na splo\u0161no ne uporabljajo zaradi odlo\u010ditve ohranjanja ideje o \u00bbnezakonitosti\u00ab substanc (namesto sorazmernega regulativnega modela, ki bi temeljil na izidih). <\/p>\n<p>Obstaja pa nekaj izjem. Od julija 2025 je Nem\u010dija postala prva dr\u017eava \u010dlanica EU, ki je dovolila pravni dostop do psilocibina v okviru omejenega programa so\u010dutne uporabe. Nedavna odlo\u010ditev \u010de\u0161kega parlamenta pa sega \u0161e dlje: od januarja 2026, ko bo nova zakonodaja za\u010dela veljati, bo psilocibin obravnavan podobno kot medicinska konoplja. Na Nizozemskem so psilocibinski gomolji zakonito v prodaji in v posesti. \u010ceprav so psilocibinski gomolji zdaj zakonito dostopni in se uporabljajo v namene umikov ali terapije, so zdravstvene navedbe o obravnavi du\u0161evnih stanj nezakonite. Poleg tega so v \u0160paniji in na Portugalskem majhni prekr\u0161ki s substancami dekriminalizirani. V \u0160vici je bila terapevtska uporaba nekaterih psihedelikov dekriminalizirana, medicinska uporaba dolo\u010denih psihedelikov pa je v kontekstu psihoterapije dovoljena omejenemu \u0161tevilu certificiranih zdravnikov.      <\/p>\n<h3 class=\"wp-block-heading\"><strong>Zdru\u017eene dr\u017eave Amerike<\/strong><\/h3>\n<p>Psihedeliki ostajajo uvr\u0161\u010deni v Skupino I prepovedanih substanc, z izjemo nekaterih zveznih dr\u017eav, kot so Oregon, Kolorado in Washington DC, ki so dekriminalizirale posest, niso pa legalizirale vseh dejavnosti, povezanih z navedenimi psihedeliki. Dekriminalizacija (dejavnosti z drogami), za razliko od legalizacije (dejavnosti z drogami), dovoljuje zgolj posest in osebno uporabo majhnih koli\u010din substance ter dolo\u010da minimalno starostno omejitev. Vendar pa so bile klini\u010dne raziskave psihoterapije, podprte z MDMA, pri zdravljenju PTSM zelo obetavne, kar je FDA leta 2017 spodbudilo k temu, da je psihoterapijo, podprto z MDMA, ozna\u010dila kot \u00bbprelomno metodo zdravljenja\u00ab (breakthrough therapy). Decembra 2023 je bila FDA predlo\u017eena nova vloga za registracijo MDMA, a je bila \u017eal <a href=\"https:\/\/www.nature.com\/articles\/d41586-024-01622-3\" target=\"_blank\" rel=\"noreferrer noopener\">zavrnjena<\/a>.   <\/p>\n<h3 class=\"wp-block-heading\"><strong>Kanada<\/strong><\/h3>\n<p>\u010ceprav so psihedeliki na zvezni ravni \u0161e vedno razvr\u0161\u010deni med \u00bbkontrolirane substance\u00ab, poseben program dostopa (Special Access Program) zdravnikom omogo\u010da njihovo uporabo v dolo\u010denih nujnih primerih. Osebna uporaba in posest psihedeli\u010dne substance 5-MeO-DMT je dovoljena. Leta 2023 je kanadska provinca Alberta kot prva uredila dostop do terapije, podprte s psihedeliki, za zdravljenje du\u0161evnih motenj, vendar zgolj v dolo\u010denih akreditiranih ustanovah. V Britanski Kolumbiji pa je pri\u0161lo do precej \u0161ir\u0161e liberalizacije.  <\/p>\n<h3 class=\"wp-block-heading\"><strong>Avstralija<\/strong><\/h3>\n<p>Dolo\u010deni psihedeliki se lahko uporabljajo v medicinske namene v kombinaciji s psihoterapijo, \u010de to predpi\u0161e poobla\u0161\u010den psihiater. Med njimi so MDMA za posameznike s posttravmatsko stresno motnjo in psilocibin za posameznike z depresijo, odporno na zdravljenje. V primeru motenj zasvojenosti lahko psihiatri predpi\u0161ejo ibogain, psihoaktivno substanco iz zahodnoafri\u0161kega grma. <\/p>\n<\/div>\n                <\/div><\/div>\t\t\t\t<\/div>\n\t\t\t\t<\/div>\n\t\t\t\t<\/div>\n\t\t\t\t\t<\/div>\n\t\t\t\t<\/div>\n\t\t<div class=\"elementor-element elementor-element-45c49a8 e-flex e-con-boxed e-con e-parent\" data-id=\"45c49a8\" data-element_type=\"container\" id=\"history\" data-settings=\"{&quot;background_background&quot;:&quot;classic&quot;}\">\n\t\t\t\t\t<div class=\"e-con-inner\">\n\t\t<div class=\"elementor-element elementor-element-9da00e5 e-con-full e-flex e-con e-child\" data-id=\"9da00e5\" data-element_type=\"container\">\n\t\t\t\t<div class=\"elementor-element elementor-element-c3e18a3 elementor-widget elementor-widget-heading\" data-id=\"c3e18a3\" data-element_type=\"widget\" data-widget_type=\"heading.default\">\n\t\t\t\t<div class=\"elementor-widget-container\">\n\t\t\t\t\t<h3 class=\"elementor-heading-title elementor-size-default\">Zgodovina uporabe psihedeli\u010dnih rastlin v Evropi<\/h3>\t\t\t\t<\/div>\n\t\t\t\t<\/div>\n\t\t\t\t<div class=\"elementor-element elementor-element-417b723 elementor-widget-mobile__width-inherit elementor-widget elementor-widget-text-editor\" data-id=\"417b723\" data-element_type=\"widget\" data-widget_type=\"text-editor.default\">\n\t\t\t\t<div class=\"elementor-widget-container\">\n\t\t\t\t\t\t\t\t\t<p class=\"has-medium-font-size\">Ve\u010d klasi\u010dnih etnobotani\u010dnih \u0161tudij je preu\u010devalo uporabo gob, kaktusov in rastlin (t.i. enteogenov), najdenih v Srednji in Ju\u017eni Ameriki, kar je pomembno prispevalo k razumevanju \u0161amanskih ritualov in tehnik, ki so bile uporabljene za priklic \u00bbboga\u00ab ali \u00bbdu\u0161e\u00ab. Medtem ko je uporaba enteogenov v Severni, Srednji in Ju\u017eni Ameriki dobro dokumentirana in raziskana, o evropski celini vemo precej manj. <\/p><p class=\"has-medium-font-size\">Vemo, da so Stari Grki uporabljali kanabis in psihedeli\u010dne gobe, a o spojinah, ki so jih uporabljali v starogr\u0161kih ritualih, vemo zelo malo. Wasson s sod. (1978) v svojem poro\u010dilu o \u00bbEluzinskih misterijih\u00ab predlagajo, da ni \u0161lo za eno samo sestavino, temve\u010d za me\u0161anico psihoaktivnih spojin, ki je bila klju\u010dna za omamni napitek, katerega natan\u010dne sestave ne poznamo (najverjetneje je \u0161lo za me\u0161anico kanabisa, smole P. somniferum oziroma \u00bbopija\u00ab ter nekak\u0161nega zaviralca encima, kot je harmalin, pridobljen iz rastline Peganum harmala). <\/p><p class=\"has-medium-font-size\">Znano je, da je gr\u0161ki filozof Platon sodeloval v Eleuzinskih misterijih, saj jih omenja v svojem slavnem dialogu o nesmrtnosti du\u0161e, <em>Fajdo<\/em>. Prav tako so se jih udele\u017eevali \u0161tevilni drugi misleci in filozofi anti\u010dnega sveta. <\/p><p class=\"has-medium-font-size\"><a href=\"https:\/\/psychedelicmagazine.net\/insight\/history-of-psychedelic-use\/\">Preberite ve\u010d o zgodovini uporabe psihedelikov.<\/a><\/p>\t\t\t\t\t\t\t\t<\/div>\n\t\t\t\t<\/div>\n\t\t\t\t<\/div>\n\t\t<div class=\"elementor-element elementor-element-596d29b e-con-full e-flex e-con e-child\" data-id=\"596d29b\" data-element_type=\"container\">\n\t\t\t\t<div class=\"elementor-element elementor-element-86a2656 elementor-widget elementor-widget-image\" data-id=\"86a2656\" data-element_type=\"widget\" data-widget_type=\"image.default\">\n\t\t\t\t<div class=\"elementor-widget-container\">\n\t\t\t\t\t\t\t\t\t\t\t\t\t\t\t<img fetchpriority=\"high\" decoding=\"async\" width=\"2185\" height=\"2560\" src=\"https:\/\/psychedelicare.eu\/wp-content\/uploads\/2024\/09\/druido-ammaccato-con-manici-scaled.jpg\" class=\"attachment-full size-full wp-image-11804\" alt=\"\" srcset=\"https:\/\/psychedelicare.eu\/wp-content\/uploads\/2024\/09\/druido-ammaccato-con-manici-scaled.jpg 2185w, https:\/\/psychedelicare.eu\/wp-content\/uploads\/2024\/09\/druido-ammaccato-con-manici-256x300.jpg 256w, https:\/\/psychedelicare.eu\/wp-content\/uploads\/2024\/09\/druido-ammaccato-con-manici-874x1024.jpg 874w, https:\/\/psychedelicare.eu\/wp-content\/uploads\/2024\/09\/druido-ammaccato-con-manici-768x900.jpg 768w, https:\/\/psychedelicare.eu\/wp-content\/uploads\/2024\/09\/druido-ammaccato-con-manici-1311x1536.jpg 1311w, https:\/\/psychedelicare.eu\/wp-content\/uploads\/2024\/09\/druido-ammaccato-con-manici-1748x2048.jpg 1748w\" sizes=\"(max-width: 2185px) 100vw, 2185px\" \/>\t\t\t\t\t\t\t\t\t\t\t\t\t\t\t<\/div>\n\t\t\t\t<\/div>\n\t\t\t\t<\/div>\n\t\t\t\t\t<\/div>\n\t\t\t\t<\/div>\n\t\t<div class=\"elementor-element elementor-element-a14aed0 e-flex e-con-boxed e-con e-parent\" data-id=\"a14aed0\" data-element_type=\"container\" id=\"organisations\" data-settings=\"{&quot;background_background&quot;:&quot;classic&quot;}\">\n\t\t\t\t\t<div class=\"e-con-inner\">\n\t\t\t\t<div class=\"elementor-element elementor-element-ca3021e elementor-widget elementor-widget-heading\" data-id=\"ca3021e\" data-element_type=\"widget\" data-widget_type=\"heading.default\">\n\t\t\t\t<div class=\"elementor-widget-container\">\n\t\t\t\t\t<h2 class=\"elementor-heading-title elementor-size-default\">Organizacije, skupnosti, pobude<\/h2>\t\t\t\t<\/div>\n\t\t\t\t<\/div>\n\t\t\t\t<div class=\"elementor-element elementor-element-befb48c elementor-widget elementor-widget-text-editor\" data-id=\"befb48c\" data-element_type=\"widget\" data-widget_type=\"text-editor.default\">\n\t\t\t\t<div class=\"elementor-widget-container\">\n\t\t\t\t\t\t\t\t\t<p class=\"has-medium-font-size\">Tukaj je neiz\u010drpen seznam organizacij, podjetij in skupnosti po vsem svetu, ki \u0161irijo znanje in izobra\u017eujejo javnost o psihedeli\u010dnih snoveh. Oglejte si tudi na\u0161e <a href=\"https:\/\/psychedelicare.eu\/sl\/partners\/\">partnerje<\/a>! <\/p><div class=\"wp-block-uagb-advanced-heading uagb-block-f8122fca\"><h3 class=\"uagb-heading-text\">Univerze in in\u0161tituti, ki raziskujejo psihedelike<\/h3><\/div><p class=\"has-medium-font-size\"><a href=\"https:\/\/www.iceers.org\/research\/\" target=\"_blank\" rel=\"noreferrer noopener\">ICEERS<\/a><br><a href=\"https:\/\/www.heffter.org\/study-publications\/\" target=\"_blank\" rel=\"noreferrer noopener\">Raziskovalni in\u0161titut Heffter<\/a><br><a href=\"https:\/\/hopkinspsychedelic.org\/\" target=\"_blank\" rel=\"noreferrer noopener\">Center Johns Hopkins za raziskovanje psihedelikov in zavesti<\/a><br><a href=\"https:\/\/www.usonainstitute.org\/\" target=\"_blank\" rel=\"noreferrer noopener\">In\u0161titut Usona<\/a><br><a href=\"https:\/\/www.imperial.ac.uk\/psychedelic-research-centre\/research\/publications\/\" target=\"_blank\" rel=\"noreferrer noopener\">Imperial College London, Center za psihedeli\u010dne raziskave<\/a><br><a href=\"https:\/\/medicine.yale.edu\/psychiatry\/education\/residency\/interest\/psychedelic_science_group\/\" target=\"_blank\" rel=\"noreferrer noopener\">Znanstvena skupina za psihedelike Yale<\/a><br><a href=\"https:\/\/psychedelics.berkeley.edu\/\" target=\"_blank\" rel=\"noreferrer noopener\">UC Berkeley Center za znanost o psihedelikih<\/a><br><a href=\"https:\/\/med.nyu.edu\/departments-institutes\/psychiatry\/research\/center-psychedelic-medicine\" target=\"_blank\" rel=\"noreferrer noopener\">Center NYU Langone za psihedeli\u010dno medicino<\/a><br><a href=\"https:\/\/www.columbiapsychiatry.org\/news\/topics\/mental-health\/psychedelics\" target=\"_blank\" rel=\"noreferrer noopener\">Oddelek za psihiatrijo Univerze Columbia<\/a><\/p><div class=\"wp-block-uagb-advanced-heading uagb-block-ae6585af\"><h3 class=\"uagb-heading-text\">Organizacije, ki zagovarjajo in izobra\u017eujejo o snoveh<\/h3><\/div><p class=\"has-medium-font-size\"><a href=\"https:\/\/www.erowid.org\/splash.php\" target=\"_blank\" rel=\"noreferrer noopener\">Erowid<\/a><br>\n  <a href=\"https:\/\/open-foundation.org\/\" target=\"_blank\" rel=\"noreferrer noopener\">Open Foundation<\/a>\n  <br>\n    <a href=\"https:\/\/www.mind-foundation.org\/\" target=\"_blank\" rel=\"noreferrer noopener\">Mind Foundation<\/a>\n    <br>\n      <a href=\"https:\/\/www.psychedelicsociety.org.au\/\" target=\"_blank\" rel=\"noreferrer noopener\">Australian Psychedelic Society<\/a>\n      <br>\n        <a href=\"https:\/\/www.drugscience.org.uk\/\" target=\"_blank\" rel=\"noreferrer noopener\">Drug Science<\/a>\n        <br> Blossom<a href=\"https:\/\/blossomanalysis.com\/\" target=\"_blank\" rel=\"noreferrer noopener\">Database on Psychedelic Research<\/a><br><a href=\"https:\/\/parea.eu\/\" target=\"_blank\" rel=\"noreferrer noopener\">Psychedelic Access and Research European Alliance (PAREA)<\/a>\n      \n    \n  \n<\/p><div class=\"wp-block-uagb-advanced-heading uagb-block-edec5e3f\"><h3 class=\"uagb-heading-text\">Skupnosti in pobude Psychonaut<\/h3><\/div><p class=\"has-medium-font-size\"><a href=\"https:\/\/www.heroicheartsuk.com\/testimonials\" target=\"_blank\" rel=\"noreferrer noopener\">Heroic Hearts<\/a><br>\n  <a href=\"https:\/\/m.psychonautwiki.org\/wiki\/Main_Page\" target=\"_blank\" rel=\"noreferrer noopener\">Psychonaut Wiki<\/a>\n  <br>\n    <a href=\"https:\/\/www.bluelight.org\/community\/forums\/\" target=\"_blank\" rel=\"noreferrer noopener\">Skupnost Bluelight<\/a>\n    <br>\n      <a href=\"https:\/\/www.shroomery.org\/\" target=\"_blank\" rel=\"noreferrer noopener\">Shroomery<\/a>\n      <br>\n        <a href=\"https:\/\/doubleblindmag.com\/\" target=\"_blank\" rel=\"noreferrer noopener\">Revija Double Blind<\/a>\n      \n    \n  \n<\/p>\t\t\t\t\t\t\t\t<\/div>\n\t\t\t\t<\/div>\n\t\t\t\t\t<\/div>\n\t\t\t\t<\/div>\n\t\t\t\t<\/div>\n\t\t","protected":false},"excerpt":{"rendered":"<p>PRAVNO IN ZGODOVINSKO OZADJE Pravni status in psihedeli\u010dne snovi Po prepovedi neregistriranih oziroma neavtoriziranih dejavnosti s psihedeliki, ki so bili v 70. in 80. letih 20. stoletja uvr\u0161\u010deni med \u00bbnadzorovane substance\u00ab, je bilo raziskovanje zaznanih tveganj in koristi izku\u0161enj s substancami, kot so LSD, psilocibin in MDMA, milo re\u010deno zelo ote\u017eeno. Vendar pa so zadnja [&hellip;]<\/p>\n","protected":false},"author":8,"featured_media":0,"parent":0,"menu_order":0,"comment_status":"closed","ping_status":"closed","template":"","meta":{"footnotes":""},"class_list":["post-10359","page","type-page","status-publish","hentry"],"_links":{"self":[{"href":"https:\/\/psychedelicare.eu\/sl\/wp-json\/wp\/v2\/pages\/10359","targetHints":{"allow":["GET"]}}],"collection":[{"href":"https:\/\/psychedelicare.eu\/sl\/wp-json\/wp\/v2\/pages"}],"about":[{"href":"https:\/\/psychedelicare.eu\/sl\/wp-json\/wp\/v2\/types\/page"}],"author":[{"embeddable":true,"href":"https:\/\/psychedelicare.eu\/sl\/wp-json\/wp\/v2\/users\/8"}],"replies":[{"embeddable":true,"href":"https:\/\/psychedelicare.eu\/sl\/wp-json\/wp\/v2\/comments?post=10359"}],"version-history":[{"count":6,"href":"https:\/\/psychedelicare.eu\/sl\/wp-json\/wp\/v2\/pages\/10359\/revisions"}],"predecessor-version":[{"id":15759,"href":"https:\/\/psychedelicare.eu\/sl\/wp-json\/wp\/v2\/pages\/10359\/revisions\/15759"}],"wp:attachment":[{"href":"https:\/\/psychedelicare.eu\/sl\/wp-json\/wp\/v2\/media?parent=10359"}],"curies":[{"name":"wp","href":"https:\/\/api.w.org\/{rel}","templated":true}]}}