{"id":10428,"date":"2024-05-07T15:24:25","date_gmt":"2024-05-07T16:24:25","guid":{"rendered":"https:\/\/www.psychedelicare.eu\/pravni-naslov\/"},"modified":"2025-10-24T09:19:47","modified_gmt":"2025-10-24T10:19:47","slug":"pravni-naslov","status":"publish","type":"page","link":"https:\/\/psychedelicare.eu\/sl\/pravni-naslov\/","title":{"rendered":"Pravni naslov"},"content":{"rendered":"\t\t<div data-elementor-type=\"wp-page\" data-elementor-id=\"10428\" class=\"elementor elementor-10428 elementor-2530\" data-elementor-post-type=\"page\">\n\t\t\t\t<div class=\"elementor-element elementor-element-5b424d42 e-flex e-con-boxed e-con e-parent\" data-id=\"5b424d42\" data-element_type=\"container\">\n\t\t\t\t\t<div class=\"e-con-inner\">\n\t\t\t\t<div class=\"elementor-element elementor-element-4e6298e7 elementor-widget elementor-widget-heading\" data-id=\"4e6298e7\" data-element_type=\"widget\" data-widget_type=\"heading.default\">\n\t\t\t\t<div class=\"elementor-widget-container\">\n\t\t\t\t\t<h2 class=\"elementor-heading-title elementor-size-default\">PRAVNI STAUTS<\/h2>\t\t\t\t<\/div>\n\t\t\t\t<\/div>\n\t\t\t\t\t<\/div>\n\t\t\t\t<\/div>\n\t\t<div class=\"elementor-element elementor-element-6698f418 e-flex e-con-boxed e-con e-parent\" data-id=\"6698f418\" data-element_type=\"container\">\n\t\t\t\t\t<div class=\"e-con-inner\">\n\t\t\t\t<div class=\"elementor-element elementor-element-0ab67b8 elementor-widget elementor-widget-text-editor\" data-id=\"0ab67b8\" data-element_type=\"widget\" data-widget_type=\"text-editor.default\">\n\t\t\t\t<div class=\"elementor-widget-container\">\n\t\t\t\t\t\t\t\t\t<div><h3>Odgovornost za vsebino<\/h3><\/div><p>v skladu s \u010dlenom 5 TMG<\/p><h2>PsychedeliCare e.V.<\/h2><p>Predsednik upravnega odbora: Th\u00e9o Giubilei<br>Namestnik predsednika upravnega odbora: Johannes Rohr (odstopil 20. novembra 2025)<\/p><p>Registrsko sodi\u0161\u010de: Okro\u017eno sodi\u0161\u010de v Potsdamu:<br>\u0160tevilka vpisnika: VR 9731<\/p><p>Po\u0161tni naslov:<br>PsychedeliCare e.V.<br>Luisenstr. 17B<br>14542 Werder (Havel)<br>Nem\u010dija <\/p><p>E-naslov: <a href=\"mailto:info@psychedelicare.eu\">info@psychedelicare<\/a>.eu<\/p><p class=\"ds-markdown-paragraph\"><strong>Oblikovanje in tehni\u010dna izvedba<\/strong><br>Spletna stran je bila razvita v skladu z naro\u010dnikovimi specifikacijami ob strate\u0161ki svetovalni podpori Gerharda Peilst\u00f6ckerja.<\/p><p class=\"ds-markdown-paragraph\"><strong><a href=\"http:\/\/it-service-peilstoecker.de\" target=\"_blank\" rel=\"noopener noreferrer\">www.it-service-peilstoecker.de<\/a><\/strong><\/p>\t\t\t\t\t\t\t\t<\/div>\n\t\t\t\t<\/div>\n\t\t\t\t\t<\/div>\n\t\t\t\t<\/div>\n\t\t\t\t<\/div>\n\t\t","protected":false},"excerpt":{"rendered":"<p>PRAVNI STAUTS Odgovornost za vsebino v skladu s \u010dlenom 5 TMG PsychedeliCare e.V. Predsednik upravnega odbora: Th\u00e9o GiubileiNamestnik predsednika upravnega odbora: Johannes Rohr (odstopil 20. novembra 2025) Registrsko sodi\u0161\u010de: Okro\u017eno sodi\u0161\u010de v Potsdamu:\u0160tevilka vpisnika: VR 9731 Po\u0161tni naslov:PsychedeliCare e.V.Luisenstr. 17B14542 Werder (Havel)Nem\u010dija E-naslov: info@psychedelicare.eu Oblikovanje in tehni\u010dna izvedbaSpletna stran je bila razvita v skladu z [&hellip;]<\/p>\n","protected":false},"author":8,"featured_media":0,"parent":0,"menu_order":0,"comment_status":"closed","ping_status":"closed","template":"","meta":{"footnotes":""},"class_list":["post-10428","page","type-page","status-publish","hentry"],"_links":{"self":[{"href":"https:\/\/psychedelicare.eu\/sl\/wp-json\/wp\/v2\/pages\/10428","targetHints":{"allow":["GET"]}}],"collection":[{"href":"https:\/\/psychedelicare.eu\/sl\/wp-json\/wp\/v2\/pages"}],"about":[{"href":"https:\/\/psychedelicare.eu\/sl\/wp-json\/wp\/v2\/types\/page"}],"author":[{"embeddable":true,"href":"https:\/\/psychedelicare.eu\/sl\/wp-json\/wp\/v2\/users\/8"}],"replies":[{"embeddable":true,"href":"https:\/\/psychedelicare.eu\/sl\/wp-json\/wp\/v2\/comments?post=10428"}],"version-history":[{"count":4,"href":"https:\/\/psychedelicare.eu\/sl\/wp-json\/wp\/v2\/pages\/10428\/revisions"}],"predecessor-version":[{"id":16872,"href":"https:\/\/psychedelicare.eu\/sl\/wp-json\/wp\/v2\/pages\/10428\/revisions\/16872"}],"wp:attachment":[{"href":"https:\/\/psychedelicare.eu\/sl\/wp-json\/wp\/v2\/media?parent=10428"}],"curies":[{"name":"wp","href":"https:\/\/api.w.org\/{rel}","templated":true}]}}