{"id":10442,"date":"2024-12-13T10:09:21","date_gmt":"2024-12-13T11:09:21","guid":{"rendered":"https:\/\/www.psychedelicare.eu\/razlogi\/"},"modified":"2025-09-28T17:49:43","modified_gmt":"2025-09-28T18:49:43","slug":"razlogi","status":"publish","type":"page","link":"https:\/\/psychedelicare.eu\/sl\/razlogi\/","title":{"rendered":"Razlogi"},"content":{"rendered":"\t\t<div data-elementor-type=\"wp-page\" data-elementor-id=\"10442\" class=\"elementor elementor-10442 elementor-5686\" data-elementor-post-type=\"page\">\n\t\t\t\t<div class=\"elementor-element elementor-element-3fede2b e-flex e-con-boxed e-con e-parent\" data-id=\"3fede2b\" data-element_type=\"container\">\n\t\t\t\t\t<div class=\"e-con-inner\">\n\t\t\t\t<div class=\"elementor-element elementor-element-56f7166 elementor-widget elementor-widget-heading\" data-id=\"56f7166\" data-element_type=\"widget\" data-widget_type=\"heading.default\">\n\t\t\t\t<div class=\"elementor-widget-container\">\n\t\t\t\t\t<h2 class=\"elementor-heading-title elementor-size-default\">RAZLOGI<\/h2>\t\t\t\t<\/div>\n\t\t\t\t<\/div>\n\t\t\t\t\t<\/div>\n\t\t\t\t<\/div>\n\t\t<div class=\"elementor-element elementor-element-da37ce2 e-flex e-con-boxed e-con e-parent\" data-id=\"da37ce2\" data-element_type=\"container\">\n\t\t\t\t\t<div class=\"e-con-inner\">\n\t\t<div class=\"elementor-element elementor-element-279accc e-con-full e-flex e-con e-child\" data-id=\"279accc\" data-element_type=\"container\">\n\t\t\t\t<div class=\"elementor-element elementor-element-0b5c568 elementor-widget elementor-widget-heading\" data-id=\"0b5c568\" data-element_type=\"widget\" data-widget_type=\"heading.default\">\n\t\t\t\t<div class=\"elementor-widget-container\">\n\t\t\t\t\t<h3 class=\"elementor-heading-title elementor-size-default\">\u017divimo sredi krize du\u0161evnega zdravja. \u010cas je, da si priznamo. <\/h3>\t\t\t\t<\/div>\n\t\t\t\t<\/div>\n\t\t\t\t<div class=\"elementor-element elementor-element-0a1f078 elementor-widget elementor-widget-text-editor\" data-id=\"0a1f078\" data-element_type=\"widget\" data-widget_type=\"text-editor.default\">\n\t\t\t\t<div class=\"elementor-widget-container\">\n\t\t\t\t\t\t\t\t\t<p class=\"has-medium-font-size\" style=\"padding: 0px; border: 0px; font-variant-numeric: inherit; font-variant-east-asian: inherit; font-variant-alternates: inherit; font-variant-position: inherit; font-variant-emoji: inherit; font-stretch: inherit; line-height: 30px; font-optical-sizing: inherit; font-size-adjust: inherit; font-kerning: inherit; font-feature-settings: inherit; font-variation-settings: inherit; vertical-align: baseline; color: #212529; font-size: 20px !important; margin: 0px auto !important 1rem auto !important;\">Danes v Evropski uniji <span style=\"margin: 0px; padding: 0px; border: 0px; font-style: inherit; font-variant: inherit; font-weight: bolder; font-stretch: inherit; font-size: inherit; line-height: inherit; font-family: inherit; font-optical-sizing: inherit; font-size-adjust: inherit; font-kerning: inherit; font-feature-settings: inherit; font-variation-settings: inherit; vertical-align: baseline;\">ve\u010d kot ena od \u0161estih oseb trpi za du\u0161evnimi motnjami,<\/span> kar je ve\u010d kot kadar koli prej.<\/p><div class=\"wp-block-group is-layout-constrained wp-block-group-is-layout-constrained\" style=\"padding: 0px; border: 0px; font-variant-numeric: inherit; font-variant-east-asian: inherit; font-variant-alternates: inherit; font-variant-position: inherit; font-variant-emoji: inherit; font-stretch: inherit; font-size: 16px; line-height: inherit; font-optical-sizing: inherit; font-size-adjust: inherit; font-kerning: inherit; font-feature-settings: inherit; font-variation-settings: inherit; vertical-align: baseline; color: #212529; margin: 0px auto !important 0px auto !important;\"><p class=\"has-medium-font-size\" style=\"margin-top: 0px; margin-bottom: 1rem; padding: 0px; border: 0px; font-style: inherit; font-variant: inherit; font-weight: inherit; font-stretch: inherit; line-height: 30px; font-family: inherit; font-optical-sizing: inherit; font-size-adjust: inherit; font-kerning: inherit; font-feature-settings: inherit; font-variation-settings: inherit; vertical-align: baseline; font-size: 20px !important;\">Depresija, sindromi izgorelosti, posttravmatska stresna motnja in nespe\u010dnost so le nekatere od te\u017eav, ki pestijo milijone ljudi vseh starosti.<\/p><p class=\"has-medium-font-size\" style=\"margin-top: 0px; margin-bottom: 1rem; padding: 0px; border: 0px; font-style: inherit; font-variant: inherit; font-weight: inherit; font-stretch: inherit; line-height: 30px; font-family: inherit; font-optical-sizing: inherit; font-size-adjust: inherit; font-kerning: inherit; font-feature-settings: inherit; font-variation-settings: inherit; vertical-align: baseline; font-size: 20px !important;\">Du\u0161evne te\u017eave povzro\u010dajo trpljenje posameznikom, dru\u017einam in skupnostim ter predstavljajo velik pritisk na zdravstvene, izobra\u017eevalne, gospodarske, delovne in socialne sisteme v dr\u017eavah \u010dlanicah EU.<\/p><p class=\"has-medium-font-size\" style=\"margin-top: 0px; margin-bottom: 1rem; padding: 0px; border: 0px; font-style: inherit; font-variant: inherit; font-weight: inherit; font-stretch: inherit; line-height: 30px; font-family: inherit; font-optical-sizing: inherit; font-size-adjust: inherit; font-kerning: inherit; font-feature-settings: inherit; font-variation-settings: inherit; vertical-align: baseline; font-size: 20px !important;\">Ocenjeni stro\u0161ki zna\u0161ajo 600 milijard evrov, kar je ve\u010d kot 4 % BDP na leto. To neposredno ali posredno zadeva vsakogar od nas. <\/p><\/div>\t\t\t\t\t\t\t\t<\/div>\n\t\t\t\t<\/div>\n\t\t\t\t<\/div>\n\t\t<div class=\"elementor-element elementor-element-b71bd23 e-con-full e-flex e-con e-child\" data-id=\"b71bd23\" data-element_type=\"container\">\n\t\t<div class=\"elementor-element elementor-element-b8c61cb e-con-full e-flex e-con e-child\" data-id=\"b8c61cb\" data-element_type=\"container\" data-settings=\"{&quot;background_background&quot;:&quot;classic&quot;}\">\n\t\t\t\t<div class=\"elementor-element elementor-element-30070e7 elementor-widget elementor-widget-text-editor\" data-id=\"30070e7\" data-element_type=\"widget\" data-widget_type=\"text-editor.default\">\n\t\t\t\t<div class=\"elementor-widget-container\">\n\t\t\t\t\t\t\t\t\t<p><strong>Nevidna kriza du\u0161evnega zdravja se \u0161iri po Evropski uniji kot tiha pandemija.<\/strong><\/p>\t\t\t\t\t\t\t\t<\/div>\n\t\t\t\t<\/div>\n\t\t\t\t<div class=\"elementor-element elementor-element-bdcf62a elementor-widget elementor-widget-text-editor\" data-id=\"bdcf62a\" data-element_type=\"widget\" data-widget_type=\"text-editor.default\">\n\t\t\t\t<div class=\"elementor-widget-container\">\n\t\t\t\t\t\t\t\t\t<p>Stella Kyriakides, evropska komisarka za zdravje in varnost hrane, 2021<\/p>\t\t\t\t\t\t\t\t<\/div>\n\t\t\t\t<\/div>\n\t\t\t\t<\/div>\n\t\t\t\t<\/div>\n\t\t\t\t\t<\/div>\n\t\t\t\t<\/div>\n\t\t<div class=\"elementor-element elementor-element-5a115a5 e-flex e-con-boxed e-con e-parent\" data-id=\"5a115a5\" data-element_type=\"container\">\n\t\t\t\t\t<div class=\"e-con-inner\">\n\t\t<div class=\"elementor-element elementor-element-253072e e-con-full e-flex e-con e-child\" data-id=\"253072e\" data-element_type=\"container\">\n\t\t\t\t<div class=\"elementor-element elementor-element-12aa70d elementor-widget elementor-widget-heading\" data-id=\"12aa70d\" data-element_type=\"widget\" data-widget_type=\"heading.default\">\n\t\t\t\t<div class=\"elementor-widget-container\">\n\t\t\t\t\t<h3 class=\"elementor-heading-title elementor-size-default\">Farmakologija ka\u017ee svoje meje... in te\u017eave. <\/h3>\t\t\t\t<\/div>\n\t\t\t\t<\/div>\n\t\t\t\t<div class=\"elementor-element elementor-element-d3bc01c elementor-widget elementor-widget-text-editor\" data-id=\"d3bc01c\" data-element_type=\"widget\" data-widget_type=\"text-editor.default\">\n\t\t\t\t<div class=\"elementor-widget-container\">\n\t\t\t\t\t\t\t\t\t<p class=\"has-medium-font-size\">Od pojava SSRI (antidepresivov) v zadnjih treh desetletjih <strong>na podro\u010dju psihofarmakologije ni bilo bistvenih novosti<\/strong>.<\/p><div class=\"wp-block-group is-layout-constrained wp-block-group-is-layout-constrained\"><p class=\"has-medium-font-size\">Precej\u0161en dele\u017e pacientov se ne odziva na trenutno razpolo\u017eljivo psihiatri\u010dno zdravljenje. <\/p><p class=\"has-medium-font-size\">\u0160tevilna du\u0161evna stanja je \u0161e vedno te\u017eko zdraviti, ljudje pa se pogosto soo\u010dajo z neprijetnimi stranskimi u\u010dinki, kot so pove\u010dana telesna te\u017ea, nespe\u010dnost, glavoboli in pomanjkanje libida.  <\/p><p class=\"has-medium-font-size\">Nekatera od teh zdravljenj zahtevajo dolgotrajno ali do\u017eivljenjsko uporabo, saj zdravijo simptome in ne vzrokov bolezni.<\/p><\/div>\t\t\t\t\t\t\t\t<\/div>\n\t\t\t\t<\/div>\n\t\t\t\t<\/div>\n\t\t<div class=\"elementor-element elementor-element-7f15857 e-con-full e-flex e-con e-child\" data-id=\"7f15857\" data-element_type=\"container\">\n\t\t<div class=\"elementor-element elementor-element-19d4516 e-con-full e-flex e-con e-child\" data-id=\"19d4516\" data-element_type=\"container\" data-settings=\"{&quot;background_background&quot;:&quot;gradient&quot;}\">\n\t\t\t\t<div class=\"elementor-element elementor-element-6590660 elementor-widget elementor-widget-text-editor\" data-id=\"6590660\" data-element_type=\"widget\" data-widget_type=\"text-editor.default\">\n\t\t\t\t<div class=\"elementor-widget-container\">\n\t\t\t\t\t\t\t\t\t<p><strong>Vse prepogosto se sre\u010dujemo z enakimi, starimi postopki zdravljenja. Zdravljenje, ki bi ga lahko \u017ee pred desetletji prejel moj o\u010de, je \u0161e vedno med najnovej\u0161imi na\u010dini zdravljenja. Odkriti moramo ve\u010d o mo\u017eganih in znanosti, da bi pospe\u0161ili odkritja za bolj\u0161a zdravljenja.  <\/strong><\/p>\t\t\t\t\t\t\t\t<\/div>\n\t\t\t\t<\/div>\n\t\t\t\t<div class=\"elementor-element elementor-element-210652b elementor-widget elementor-widget-text-editor\" data-id=\"210652b\" data-element_type=\"widget\" data-widget_type=\"text-editor.default\">\n\t\t\t\t<div class=\"elementor-widget-container\">\n\t\t\t\t\t\t\t\t\t<p>Kan Duckworth, glavni zdravnik Nacionalne zveze za du\u0161evne bolezni Zdru\u017eenega kraljestva<\/p>\t\t\t\t\t\t\t\t<\/div>\n\t\t\t\t<\/div>\n\t\t\t\t<\/div>\n\t\t\t\t<\/div>\n\t\t\t\t\t<\/div>\n\t\t\t\t<\/div>\n\t\t<div class=\"elementor-element elementor-element-b145f7a e-flex e-con-boxed e-con e-parent\" data-id=\"b145f7a\" data-element_type=\"container\">\n\t\t\t\t\t<div class=\"e-con-inner\">\n\t\t<div class=\"elementor-element elementor-element-3ead2ad e-con-full e-flex e-con e-child\" data-id=\"3ead2ad\" data-element_type=\"container\">\n\t\t\t\t<div class=\"elementor-element elementor-element-5f2a19a elementor-widget elementor-widget-heading\" data-id=\"5f2a19a\" data-element_type=\"widget\" data-widget_type=\"heading.default\">\n\t\t\t\t<div class=\"elementor-widget-container\">\n\t\t\t\t\t<h3 class=\"elementor-heading-title elementor-size-default\">Znanost ka\u017ee nove stare re\u0161itve, ki so lahko zelo u\u010dinkovite.<\/h3>\t\t\t\t<\/div>\n\t\t\t\t<\/div>\n\t\t\t\t<div class=\"elementor-element elementor-element-04243cc elementor-widget elementor-widget-text-editor\" data-id=\"04243cc\" data-element_type=\"widget\" data-widget_type=\"text-editor.default\">\n\t\t\t\t<div class=\"elementor-widget-container\">\n\t\t\t\t\t\t\t\t\t<p class=\"has-medium-font-size\">Znanstvene raziskave po vsem svetu nas opominjajo na <strong>terapevtski potencial psihedeli\u010dnih snovi<\/strong>, ki jih \u0161tevilne kulture \u017ee stoletja uporabljajo za tradicionalno zdravljenje.<\/p><p class=\"has-medium-font-size\">Ob strokovni pomo\u010di ter pravilni izvedbi (&#8220;set &amp; setting&#8221;) <strong>lahko \u017ee en ali nekaj odmerkov prinese zelo pomembne koristi za bolnike,<\/strong> ki pogosto trajajo dolgo \u010dasa.<\/p><div class=\"wp-block-group is-layout-constrained wp-block-group-is-layout-constrained\"><p class=\"has-medium-font-size\">Vse ve\u010d medicinskih izsledkov ka\u017ee na u\u010dinkovitost uporabe psihedeli\u010dnih snovi, kot so psilocibin, DMT, LSD, MDMA, kadar se uporabljajo v nadzorovanem klini\u010dnem okolju.<\/p><p>Terapije podprte s psihedeliki imajo potencial, da zagotovijo varne, hitro delujo\u010de in mo\u010dne klini\u010dne izbolj\u0161ave stanja s trajnimi u\u010dinki, med drugim pri zdravljenju depresije, posttravmatske stresne motnje, obsesivno-kompulzivne motnje, tesnobe pri terminalnih boleznih, odvisnosti in zasvojenosti od substanc.<\/p><p class=\"has-medium-font-size\">Avstralija je \u017ee priznala in formalizirala uporabo naravnih psihedelikov za du\u0161evno zdravje. Poleg tega psihedelike vse bolj podpirajo tudi javni organi in agencije v Kanadi, Zdru\u017eenih dr\u017eavah Amerike, Zdru\u017eenem kraljestvu, \u0160vici in drugod.  <\/p><p class=\"has-medium-font-size\"><a href=\"https:\/\/citizens-initiative.europa.eu\/initiatives\/details\/2024\/000011_en\" target=\"_blank\" rel=\"noreferrer noopener\">Preberite ve\u010d o na\u0161i pobudi<\/a><\/p><\/div>\t\t\t\t\t\t\t\t<\/div>\n\t\t\t\t<\/div>\n\t\t\t\t<\/div>\n\t\t<div class=\"elementor-element elementor-element-5953480 e-con-full e-flex e-con e-child\" data-id=\"5953480\" data-element_type=\"container\">\n\t\t<div class=\"elementor-element elementor-element-6e0b946 e-con-full e-flex e-con e-child\" data-id=\"6e0b946\" data-element_type=\"container\" data-settings=\"{&quot;background_background&quot;:&quot;classic&quot;}\">\n\t\t\t\t<div class=\"elementor-element elementor-element-59e00ed elementor-widget elementor-widget-text-editor\" data-id=\"59e00ed\" data-element_type=\"widget\" data-widget_type=\"text-editor.default\">\n\t\t\t\t<div class=\"elementor-widget-container\">\n\t\t\t\t\t\t\t\t\t<p><strong>Na milijone Evropejcev potrebuje bolj\u0161e zdravljenje. Zagotoviti moramo, da se za\u010dnejo upo\u0161tevati nove na\u010dine zdravljenja s psihedeliki, saj znanost, ki stoji za njimi, poudarja njihov izjemen potencial. <\/strong><\/p>\t\t\t\t\t\t\t\t<\/div>\n\t\t\t\t<\/div>\n\t\t\t\t<div class=\"elementor-element elementor-element-f627518 elementor-widget elementor-widget-text-editor\" data-id=\"f627518\" data-element_type=\"widget\" data-widget_type=\"text-editor.default\">\n\t\t\t\t<div class=\"elementor-widget-container\">\n\t\t\t\t\t\t\t\t\t<p>Mikulas Peksa, poslanec Evropskega parlamenta<\/p>\t\t\t\t\t\t\t\t<\/div>\n\t\t\t\t<\/div>\n\t\t\t\t<\/div>\n\t\t\t\t<\/div>\n\t\t\t\t\t<\/div>\n\t\t\t\t<\/div>\n\t\t\t\t<\/div>\n\t\t","protected":false},"excerpt":{"rendered":"<p>RAZLOGI \u017divimo sredi krize du\u0161evnega zdravja. \u010cas je, da si priznamo. Danes v Evropski uniji ve\u010d kot ena od \u0161estih oseb trpi za du\u0161evnimi motnjami, kar je ve\u010d kot kadar koli prej. Depresija, sindromi izgorelosti, posttravmatska stresna motnja in nespe\u010dnost so le nekatere od te\u017eav, ki pestijo milijone ljudi vseh starosti. Du\u0161evne te\u017eave povzro\u010dajo trpljenje [&hellip;]<\/p>\n","protected":false},"author":8,"featured_media":0,"parent":0,"menu_order":0,"comment_status":"closed","ping_status":"closed","template":"","meta":{"footnotes":""},"class_list":["post-10442","page","type-page","status-publish","hentry"],"_links":{"self":[{"href":"https:\/\/psychedelicare.eu\/sl\/wp-json\/wp\/v2\/pages\/10442","targetHints":{"allow":["GET"]}}],"collection":[{"href":"https:\/\/psychedelicare.eu\/sl\/wp-json\/wp\/v2\/pages"}],"about":[{"href":"https:\/\/psychedelicare.eu\/sl\/wp-json\/wp\/v2\/types\/page"}],"author":[{"embeddable":true,"href":"https:\/\/psychedelicare.eu\/sl\/wp-json\/wp\/v2\/users\/8"}],"replies":[{"embeddable":true,"href":"https:\/\/psychedelicare.eu\/sl\/wp-json\/wp\/v2\/comments?post=10442"}],"version-history":[{"count":3,"href":"https:\/\/psychedelicare.eu\/sl\/wp-json\/wp\/v2\/pages\/10442\/revisions"}],"predecessor-version":[{"id":11791,"href":"https:\/\/psychedelicare.eu\/sl\/wp-json\/wp\/v2\/pages\/10442\/revisions\/11791"}],"wp:attachment":[{"href":"https:\/\/psychedelicare.eu\/sl\/wp-json\/wp\/v2\/media?parent=10442"}],"curies":[{"name":"wp","href":"https:\/\/api.w.org\/{rel}","templated":true}]}}