{"id":11542,"date":"2025-09-24T15:00:22","date_gmt":"2025-09-24T16:00:22","guid":{"rendered":"https:\/\/www.psychedelicare.eu\/podarite\/"},"modified":"2025-10-02T05:21:37","modified_gmt":"2025-10-02T06:21:37","slug":"donate","status":"publish","type":"page","link":"https:\/\/psychedelicare.eu\/sl\/donate\/","title":{"rendered":"Doniratje"},"content":{"rendered":"\t\t<div data-elementor-type=\"wp-page\" data-elementor-id=\"11542\" class=\"elementor elementor-11542 elementor-11509\" data-elementor-post-type=\"page\">\n\t\t\t\t<div class=\"elementor-element elementor-element-ee3c2ee e-flex e-con-boxed e-con e-parent\" data-id=\"ee3c2ee\" data-element_type=\"container\">\n\t\t\t\t\t<div class=\"e-con-inner\">\n\t\t<div class=\"elementor-element elementor-element-a0ef854 e-con-full e-flex e-con e-child\" data-id=\"a0ef854\" data-element_type=\"container\">\n\t\t\t\t<div class=\"elementor-element elementor-element-573db51 elementor-widget-mobile__width-initial elementor-widget elementor-widget-heading\" data-id=\"573db51\" data-element_type=\"widget\" data-widget_type=\"heading.default\">\n\t\t\t\t<div class=\"elementor-widget-container\">\n\t\t\t\t\t<h2 class=\"elementor-heading-title elementor-size-default\">PODPRITE POBUDO Z DONACIJO<\/h2>\t\t\t\t<\/div>\n\t\t\t\t<\/div>\n\t\t\t\t<div class=\"elementor-element elementor-element-5ad31b1 elementor-widget elementor-widget-heading\" data-id=\"5ad31b1\" data-element_type=\"widget\" data-widget_type=\"heading.default\">\n\t\t\t\t<div class=\"elementor-widget-container\">\n\t\t\t\t\t<h2 class=\"elementor-heading-title elementor-size-default\">Va\u0161a podpora je pomembna!<\/h2>\t\t\t\t<\/div>\n\t\t\t\t<\/div>\n\t\t\t\t<div class=\"elementor-element elementor-element-3da318a elementor-widget elementor-widget-text-editor\" data-id=\"3da318a\" data-element_type=\"widget\" data-widget_type=\"text-editor.default\">\n\t\t\t\t<div class=\"elementor-widget-container\">\n\t\t\t\t\t\t\t\t\t<p>Podprite na\u0161o pobudo z dobrodelno donacijo in nam pomagajte ozave\u0161\u010dati o prednostih psihedeli\u010dne terapije, obravnavati krizo du\u0161evnega zdravja v Evropi in spodbujati demokrati\u010dno dr\u017eavljansko gibanje.<\/p><p>Va\u0161a donacija nam lahko pomaga predvsem na dva na\u010dina: pri tiskanju komunikacijskih sredstev, kot so letaki in drugo gradivo za ozave\u0161\u010danje o pobudi, ter pri organizaciji podpornih dogodkov in dejavnosti.  <\/p><p>Za nas so najugodnej\u0161e donacije z direktno obremenitvijo SEPA ali ban\u010dnim nakazilom SEPA, saj se tako izognemo komercialnim obdelovalcem pla\u010dil in njihovim pristojbinam.<\/p>\t\t\t\t\t\t\t\t<\/div>\n\t\t\t\t<\/div>\n\t\t\t\t<\/div>\n\t\t\t\t\t<\/div>\n\t\t\t\t<\/div>\n\t\t<div class=\"elementor-element elementor-element-f253128 e-flex e-con-boxed e-con e-parent\" data-id=\"f253128\" data-element_type=\"container\">\n\t\t\t\t\t<div class=\"e-con-inner\">\n\t\t\t\t<div class=\"elementor-element elementor-element-5dffdfb elementor-widget elementor-widget-shortcode\" data-id=\"5dffdfb\" data-element_type=\"widget\" data-widget_type=\"shortcode.default\">\n\t\t\t\t<div class=\"elementor-widget-container\">\n\t\t\t\t\t\t\t<div class=\"elementor-shortcode\"><script type=\"text\/javascript\">\n            (function() {\n                var u=\"https:\/\/spenden.twingle.de\/embed\/genericorganisation\/genericproject\/tw66bb695836805\/widget\";\n                var id = '_' + Math.random().toString(36).substr(2, 9);\n                var d=document, g=d.createElement('script'), s=d.getElementsByTagName('script')[0], t=d.createElement('div');\n                t.id = 'twingle-public-embed-' + id;\n                document.currentScript.after(t);\n                g.type='text\/javascript'; g.async=true; g.defer=true; g.src=u+'\/'+id; s.parentNode.insertBefore(g,s);\n            })();\n        <\/script><\/div>\n\t\t\t\t\t\t<\/div>\n\t\t\t\t<\/div>\n\t\t\t\t\t<\/div>\n\t\t\t\t<\/div>\n\t\t<div class=\"elementor-element elementor-element-8bcf504 e-flex e-con-boxed e-con e-parent\" data-id=\"8bcf504\" data-element_type=\"container\">\n\t\t\t\t\t<div class=\"e-con-inner\">\n\t\t\t\t\t<\/div>\n\t\t\t\t<\/div>\n\t\t<div class=\"elementor-element elementor-element-2fe5d7f e-flex e-con-boxed e-con e-parent\" data-id=\"2fe5d7f\" data-element_type=\"container\">\n\t\t\t\t\t<div class=\"e-con-inner\">\n\t\t<div class=\"elementor-element elementor-element-8ca603a e-con-full e-flex e-con e-child\" data-id=\"8ca603a\" data-element_type=\"container\">\n\t\t\t\t<div class=\"elementor-element elementor-element-6414b63 elementor-widget elementor-widget-text-editor\" data-id=\"6414b63\" data-element_type=\"widget\" data-widget_type=\"text-editor.default\">\n\t\t\t\t<div class=\"elementor-widget-container\">\n\t\t\t\t\t\t\t\t\t<p>Va\u0161o donacijo upravlja podjetje PsychedeliCare e.V., neprofitno zdru\u017eenje, registrirano v Potsdamu v Nem\u010diji. Dav\u010dni organi priznavajo zdru\u017eenje PsychedeliCare e.V. kot dobrodelno zdru\u017eenje. Zato donacije v Nem\u010diji niso obdav\u010dljive. Ali so dav\u010dno priznane tudi v drugih dr\u017eavah EU, je odvisno od lokalnih predpisov, saj trenutno ni enotnega predpisa na ravni EU.   <\/p><p><strong>\u010ce vam je pobuda resni\u010dno res pri srcu, lahko <a href=\"https:\/\/psychedelicare.eu\/sl\/join-the-psychedelicare-association\/\">postanete tudi \u010dlan organizacije PsychedeliCare e.V.<\/a><\/strong><\/p>\t\t\t\t\t\t\t\t<\/div>\n\t\t\t\t<\/div>\n\t\t\t\t<\/div>\n\t\t\t\t\t<\/div>\n\t\t\t\t<\/div>\n\t\t\t\t<\/div>\n\t\t","protected":false},"excerpt":{"rendered":"<p>PODPRITE POBUDO Z DONACIJO Va\u0161a podpora je pomembna! Podprite na\u0161o pobudo z dobrodelno donacijo in nam pomagajte ozave\u0161\u010dati o prednostih psihedeli\u010dne terapije, obravnavati krizo du\u0161evnega zdravja v Evropi in spodbujati demokrati\u010dno dr\u017eavljansko gibanje. Va\u0161a donacija nam lahko pomaga predvsem na dva na\u010dina: pri tiskanju komunikacijskih sredstev, kot so letaki in drugo gradivo za ozave\u0161\u010danje o [&hellip;]<\/p>\n","protected":false},"author":1,"featured_media":0,"parent":0,"menu_order":0,"comment_status":"closed","ping_status":"closed","template":"","meta":{"footnotes":""},"class_list":["post-11542","page","type-page","status-publish","hentry"],"_links":{"self":[{"href":"https:\/\/psychedelicare.eu\/sl\/wp-json\/wp\/v2\/pages\/11542","targetHints":{"allow":["GET"]}}],"collection":[{"href":"https:\/\/psychedelicare.eu\/sl\/wp-json\/wp\/v2\/pages"}],"about":[{"href":"https:\/\/psychedelicare.eu\/sl\/wp-json\/wp\/v2\/types\/page"}],"author":[{"embeddable":true,"href":"https:\/\/psychedelicare.eu\/sl\/wp-json\/wp\/v2\/users\/1"}],"replies":[{"embeddable":true,"href":"https:\/\/psychedelicare.eu\/sl\/wp-json\/wp\/v2\/comments?post=11542"}],"version-history":[{"count":12,"href":"https:\/\/psychedelicare.eu\/sl\/wp-json\/wp\/v2\/pages\/11542\/revisions"}],"predecessor-version":[{"id":13740,"href":"https:\/\/psychedelicare.eu\/sl\/wp-json\/wp\/v2\/pages\/11542\/revisions\/13740"}],"wp:attachment":[{"href":"https:\/\/psychedelicare.eu\/sl\/wp-json\/wp\/v2\/media?parent=11542"}],"curies":[{"name":"wp","href":"https:\/\/api.w.org\/{rel}","templated":true}]}}