{"id":12647,"date":"2025-09-30T10:29:59","date_gmt":"2025-09-30T11:29:59","guid":{"rendered":"https:\/\/www.psychedelicare.eu\/join-the-psychedelicare-association\/"},"modified":"2025-10-06T11:02:56","modified_gmt":"2025-10-06T12:02:56","slug":"join-the-psychedelicare-association","status":"publish","type":"page","link":"https:\/\/psychedelicare.eu\/sl\/join-the-psychedelicare-association\/","title":{"rendered":"Pridru\u017eite se zdru\u017eenju PsychedeliCare"},"content":{"rendered":"\t\t<div data-elementor-type=\"wp-page\" data-elementor-id=\"12647\" class=\"elementor elementor-12647 elementor-12607\" data-elementor-post-type=\"page\">\n\t\t\t\t<div class=\"elementor-element elementor-element-af7ab68 e-flex e-con-boxed e-con e-parent\" data-id=\"af7ab68\" data-element_type=\"container\">\n\t\t\t\t\t<div class=\"e-con-inner\">\n\t\t\t\t<div class=\"elementor-element elementor-element-fe2ee81 elementor-widget elementor-widget-text-editor\" data-id=\"fe2ee81\" data-element_type=\"widget\" data-widget_type=\"text-editor.default\">\n\t\t\t\t<div class=\"elementor-widget-container\">\n\t\t\t\t\t\t\t\t\t<div class=\"crm-public-form-item crm-section intro_text-section\"><p>Pridru\u017eite se <strong>organizaciji PsychedeliCare e.V., neprofitni organizaciji<\/strong>, ki stoji za evropsko <strong>dr\u017eavljansko pobudo (ECI) PsychedeliCare.EU!<\/strong> S \u010dlanstvom aktivno podprete na\u0161e poslanstvo spodbujanja <strong>z dokazi podprte reforme politike na podro\u010dju drog, zmanj\u0161evanja \u0161kode in pravi\u010dnega dostopa do psihedeli\u010dnih terapij v Evropi.<\/strong> <\/p><h3><strong>Zakaj postati \u010dlan?<\/strong><\/h3><ul><li><strong>Oblikujte prihodnost:<\/strong> Pomagajte pri politi\u010dnih spremembah v EU s podporo na\u0161emu zagovorni\u0161kemu delu.<\/li><li><strong>Bodite obve\u0161\u010deni:<\/strong> Prejemajte novice o na\u0161ih kampanjah, dogodkih in znanstvenem razvoju.<\/li><li><strong>Mre\u017eenje in sodelovanje:<\/strong> Vklju\u010dite se v sodelovanje in sodelovanje s podobno misle\u010dimi posamezniki in organizacijami na podro\u010dju politike na podro\u010dju drog in psihedeli\u010dnih raziskav.<\/li><li><strong>Krepitev na\u0161ega glasu:<\/strong> ve\u010d kot imamo \u010dlanov, ve\u010dji je na\u0161 vpliv pri oblikovanju politik EU.<\/li><\/ul><p><strong>Skupaj lahko v Evropi ustvarimo bolj racionalen, so\u010duten in znanstveno utemeljen pristop k psihedelikom!<\/strong><\/p><p><em>Izpolnite spodnji obrazec in se nam pridru\u017eite \u0161e danes.<\/em><\/p><p><strong>\u010ce \u017eelite prekiniti \u010dlanstvo, o tem pisno obvestite upravni odbor (<a href=\"mailto:info@psychedelicare.eu?subject=Resignation%20from%20PsychedeliCare%20e.V.\" data-cke-saved-href=\"mailto:info@psychedelicare.eu?subject=Resignation%20from%20PsychedeliCare%20e.V.\">info@psychedelicare.<\/a>eu) najpozneje en mesec pred koncem prora\u010dunskega leta. <a href=\"https:\/\/psychedelicare.eu\/wp-content\/uploads\/2025\/06\/Statutes_PsychedeliCare.pdf\" data-cke-saved-href=\"https:\/\/psychedelicare.eu\/wp-content\/uploads\/2025\/06\/Statutes_PsychedeliCare.pdf\">Za vse podrobnosti glejte statut<\/a> (poglavje &#8220;prenehanje \u010dlanstva&#8221;). <\/strong><\/p><\/div>\t\t\t\t\t\t\t\t<\/div>\n\t\t\t\t<\/div>\n\t\t\t\t<div class=\"elementor-element elementor-element-7267b56 elementor-widget elementor-widget-shortcode\" data-id=\"7267b56\" data-element_type=\"widget\" data-widget_type=\"shortcode.default\">\n\t\t\t\t<div class=\"elementor-widget-container\">\n\t\t\t\t\t\t\t<div class=\"elementor-shortcode\">[civicrm component=\"contribution\" id=\"7\"]<\/div>\n\t\t\t\t\t\t<\/div>\n\t\t\t\t<\/div>\n\t\t\t\t\t<\/div>\n\t\t\t\t<\/div>\n\t\t\t\t<\/div>\n\t\t","protected":false},"excerpt":{"rendered":"<p>Pridru\u017eite se organizaciji PsychedeliCare e.V., neprofitni organizaciji, ki stoji za evropsko dr\u017eavljansko pobudo (ECI) PsychedeliCare.EU! S \u010dlanstvom aktivno podprete na\u0161e poslanstvo spodbujanja z dokazi podprte reforme politike na podro\u010dju drog, zmanj\u0161evanja \u0161kode in pravi\u010dnega dostopa do psihedeli\u010dnih terapij v Evropi. Zakaj postati \u010dlan? Oblikujte prihodnost: Pomagajte pri politi\u010dnih spremembah v EU s podporo na\u0161emu zagovorni\u0161kemu [&hellip;]<\/p>\n","protected":false},"author":1,"featured_media":0,"parent":0,"menu_order":0,"comment_status":"closed","ping_status":"closed","template":"","meta":{"footnotes":""},"class_list":["post-12647","page","type-page","status-publish","hentry"],"_links":{"self":[{"href":"https:\/\/psychedelicare.eu\/sl\/wp-json\/wp\/v2\/pages\/12647","targetHints":{"allow":["GET"]}}],"collection":[{"href":"https:\/\/psychedelicare.eu\/sl\/wp-json\/wp\/v2\/pages"}],"about":[{"href":"https:\/\/psychedelicare.eu\/sl\/wp-json\/wp\/v2\/types\/page"}],"author":[{"embeddable":true,"href":"https:\/\/psychedelicare.eu\/sl\/wp-json\/wp\/v2\/users\/1"}],"replies":[{"embeddable":true,"href":"https:\/\/psychedelicare.eu\/sl\/wp-json\/wp\/v2\/comments?post=12647"}],"version-history":[{"count":2,"href":"https:\/\/psychedelicare.eu\/sl\/wp-json\/wp\/v2\/pages\/12647\/revisions"}],"predecessor-version":[{"id":14283,"href":"https:\/\/psychedelicare.eu\/sl\/wp-json\/wp\/v2\/pages\/12647\/revisions\/14283"}],"wp:attachment":[{"href":"https:\/\/psychedelicare.eu\/sl\/wp-json\/wp\/v2\/media?parent=12647"}],"curies":[{"name":"wp","href":"https:\/\/api.w.org\/{rel}","templated":true}]}}